{"id":7595,"date":"2024-04-26T15:16:11","date_gmt":"2024-04-26T13:16:11","guid":{"rendered":"https:\/\/www.bookingkirkenes.no\/?post_type=product&#038;p=7595"},"modified":"2026-05-12T14:38:21","modified_gmt":"2026-05-12T12:38:21","slug":"borderland-winter-private-tour","status":"publish","type":"product","link":"https:\/\/www.bookingkirkenes.no\/no\/produkt\/borderland-winter-private-tour\/","title":{"rendered":"Borderland Winter Private Tour (HPW01-pt)"},"content":{"rendered":"<p><strong>Nyt en personlig 2-timers tur med din egen lokale guide \u2013 ingen andre gjester, bare du og gruppen din. Oppdag <a href=\"https:\/\/www.youtube.com\/watch?v=2WAICJ8vm5E\" target=\"_blank\" rel=\"noopener\">Kirkenes<\/a>historie, kultur og fantastiske omgivelser i komfort.<\/strong><\/p>\n<p>\ud83d\udcc5 <strong>Tilgjengelig:<\/strong> 01 Dec &#8211; 30 April<br \/>\n\u23f0 <strong>Varighet:<\/strong> 2 timer<br \/>\n<strong data-start=\"128\" data-end=\"174\">Private Tour Price (up to 8 participants):<\/strong><br data-start=\"174\" data-end=\"177\" \/><strong>\u2022 5,940 NOK total for 1\u20134 guests<\/strong><br data-start=\"210\" data-end=\"213\" \/><strong>\u2022 From the 5th guest onwards: +1,485 NOK per additional guest<\/strong><br data-start=\"274\" data-end=\"277\" \/><strong>\u2022 Maximum of 8 participants per tour<\/strong><br \/>\n\ud83d\ude90 <strong>Henting:<\/strong> Kirkenes town, Kirkenes Airport, Hurtigruten\/Havila pier, or Snow Resort<\/p>\n<p><strong>\ud83e\udded<\/strong><strong> Turoversikt<\/strong><\/p>\n<p>Dette <strong>privat omvisning<\/strong> tilbyr et eksklusivt og dyptg\u00e5ende innblikk i Kirkenes&#039; fascinerende historie, dagligliv og det spesielle forholdet til naboene Finland og Russland. Din lokale guide vil dele historier om det unike klimaet og kulturen mens du utforsker byen og omr\u00e5dene rundt.<\/p>\n<p><strong>\ud83d\udd0d<\/strong><strong> Hva du vil oppleve<\/strong><\/p>\n<ul>\n<li><strong><a href=\"https:\/\/www.tripadvisor.com\/Attraction_Review-g227953-d3529784-Reviews-Booking_Kirkenes-Kirkenes_Sor_Varanger_Municipality_Finnmark_Northern_Norway.html\" target=\"_blank\" rel=\"noopener\">Guidet tur<\/a> av Kirkenes:<\/strong><br \/>\nUtforsk Kirkenes og omgivelsene i ditt eget tempo med din kunnskapsrike guide.<\/li>\n<li><strong>Bes\u00f8k naturskj\u00f8nne utsiktspunkter:<\/strong><br \/>\nStopp ved to vakre utsiktspunkter, inkludert det ber\u00f8mte <strong>Storfjell utsiktspunkt<\/strong>, med fantastisk utsikt over fjorden.<\/li>\n<li><strong>Grense- og gruveby:<\/strong><br \/>\nSe den norsk-russiske grensen og bes\u00f8k den historiske gruvebyen mens du l\u00e6rer om omr\u00e5dets forvandling over tid.<\/li>\n<li><strong>Fotomuligheter:<\/strong><br \/>\nFlere stopp for fotografering underveis lar deg forevige det fantastiske arktiske landskapet.<\/li>\n<li><strong>Komfortabel transport:<\/strong><br \/>\nReis i en romslig Mercedes minivan (maks 8 seter) med henting inkludert fra flere steder i Kirkenes.<\/li>\n<li><strong>Fleksibelt for b\u00e5tgjester:<\/strong><br \/>\nMorgenavgangene er tidsbestemt slik at de passer gjester som ankommer eller avreiser med Hurtigruten eller Havila.<\/li>\n<li><strong>Combine with Snow Resort Visit:<\/strong><br \/>\nThis tour can be easily combined with a visit to the Snow Resort, open year-round.<\/li>\n<\/ul>\n<p><strong>\u2705<\/strong><strong> Hva<\/strong><strong>&#039;<\/strong><strong>Inkludert<\/strong><\/p>\n<ul>\n<li>Privat lokal guide\/sj\u00e5f\u00f8r (engelsk, tysk, fransk eller norsktalende)<\/li>\n<li>Transport i en komfortabel minivan (Mercedes, maks 8 seter)<\/li>\n<li>Pickup from Kirkenes town, airport, Hurtigruten\/Havila pier, or Snow Resort<\/li>\n<\/ul>\n<p><strong>\ud83d\udccb<\/strong><strong> Bestilling og betaling<\/strong><\/p>\n<p>Det er enkelt \u00e5 bestille en privat tur:<\/p>\n<ol>\n<li>Velg din <strong>dato<\/strong>, <strong>hentetid<\/strong>, <strong>antall gjester<\/strong>, og <strong>hentested<\/strong><\/li>\n<li>Klikk <strong>\u00abBestill n\u00e5\u00bb<\/strong> for \u00e5 legge turen til i handlekurven<\/li>\n<li>G\u00e5 til kassen og oppgi faktureringsinformasjonen din<\/li>\n<li>Motta bestillingsbekreftelsen din p\u00e5 e-post<\/li>\n<\/ol>\n<p><strong>\u274c<\/strong><strong> Avbestillingsregler<\/strong><\/p>\n<p>Fullstendige vilk\u00e5r og betingelser her:<br \/>\n<a href=\"https:\/\/www.bookingkirkenes.no\/no\/about-us\/general-terms\/\">Generelle vilk\u00e5r og betingelser<\/a><\/p>\n<p><strong>\ud83d\udcde<\/strong><strong> Trenger du hjelp?<\/strong><\/p>\n<p>Hvis du har sp\u00f8rsm\u00e5l eller trenger hjelp med bestillingen din, kan du gjerne kontakte oss:<\/p>\n<p>\ud83d\udce7 E-post: info@bookingkirkenes.no<br \/>\n\ud83d\udcde Telefon: +47 78 99 50 80<\/p>\n<p>&nbsp;<\/p>","protected":false},"excerpt":{"rendered":"<p>2 timers privat tur, ingen andre gjester med fleksible avgangstider. Denne turen gjennom Kirkenes og grenselandet gir deg p\u00e5 bare 2 timer de mest interessante fakta om dette grenselandet p\u00e5 69 grader nord. Passer ogs\u00e5 for alle reisende med Hurtigruten\/Havila b\u00e5t. Henting p\u00e5 brygge inkludert. Turen tilbys hele \u00e5ret p\u00e5 engelsk og ved forh\u00e5ndsbestilling ogs\u00e5 p\u00e5 tysk, norsk og fransk. For sommerturen fra april til november takk <a href=\"https:\/\/www.bookingkirkenes.no\/no\/produkt\/kirkenes-sightseeing-private-tour-hps01\/\">Klikk her<\/a>.<\/p>","protected":false},"featured_media":5581,"comment_status":"closed","ping_status":"closed","template":"","meta":{"site-sidebar-layout":"default","site-content-layout":"default","ast-site-content-layout":"default","site-content-style":"default","site-sidebar-style":"default","ast-global-header-display":"","ast-banner-title-visibility":"","ast-main-header-display":"","ast-hfb-above-header-display":"","ast-hfb-below-header-display":"","ast-hfb-mobile-header-display":"","site-post-title":"","ast-breadcrumbs-content":"","ast-featured-img":"","footer-sml-layout":"","ast-disable-related-posts":"","theme-transparent-header-meta":"default","adv-header-id-meta":"","stick-header-meta":"","header-above-stick-meta":"","header-main-stick-meta":"","header-below-stick-meta":"","astra-migrate-meta-layouts":"set","ast-page-background-enabled":"default","ast-page-background-meta":{"desktop":{"background-color":"var(--ast-global-color-4)","background-image":"","background-repeat":"repeat","background-position":"center center","background-size":"auto","background-attachment":"scroll","background-type":"","background-media":"","overlay-type":"","overlay-color":"","overlay-opacity":"","overlay-gradient":""},"tablet":{"background-color":"","background-image":"","background-repeat":"repeat","background-position":"center center","background-size":"auto","background-attachment":"scroll","background-type":"","background-media":"","overlay-type":"","overlay-color":"","overlay-opacity":"","overlay-gradient":""},"mobile":{"background-color":"","background-image":"","background-repeat":"repeat","background-position":"center center","background-size":"auto","background-attachment":"scroll","background-type":"","background-media":"","overlay-type":"","overlay-color":"","overlay-opacity":"","overlay-gradient":""}},"ast-content-background-meta":{"desktop":{"background-color":"var(--ast-global-color-5)","background-image":"","background-repeat":"repeat","background-position":"center center","background-size":"auto","background-attachment":"scroll","background-type":"","background-media":"","overlay-type":"","overlay-color":"","overlay-opacity":"","overlay-gradient":""},"tablet":{"background-color":"var(--ast-global-color-5)","background-image":"","background-repeat":"repeat","background-position":"center center","background-size":"auto","background-attachment":"scroll","background-type":"","background-media":"","overlay-type":"","overlay-color":"","overlay-opacity":"","overlay-gradient":""},"mobile":{"background-color":"var(--ast-global-color-5)","background-image":"","background-repeat":"repeat","background-position":"center center","background-size":"auto","background-attachment":"scroll","background-type":"","background-media":"","overlay-type":"","overlay-color":"","overlay-opacity":"","overlay-gradient":""}}},"product_brand":[],"product_cat":[282,281,364,286,283],"product_tag":[342,363,332],"class_list":{"0":"post-7595","1":"product","2":"type-product","3":"status-publish","4":"has-post-thumbnail","6":"product_cat-kirkenes","7":"product_cat-local-guiding","8":"product_cat-private-tours","9":"product_cat-russian-border","10":"product_cat-sightseeing-by-bus","11":"product_tag-front-page","12":"product_tag-privatetour","13":"product_tag-winter","14":"pa_month-januar","15":"pa_month-februar","16":"pa_month-mars","17":"pa_month-april","18":"pa_month-desember","19":"desktop-align-left","20":"tablet-align-left","21":"mobile-align-left","23":"first","24":"instock","25":"virtual","26":"sold-individually","27":"taxable","28":"purchasable","29":"product-type-phive_booking"},"aioseo_notices":[],"_links":{"self":[{"href":"https:\/\/www.bookingkirkenes.no\/no\/wp-json\/wp\/v2\/product\/7595","targetHints":{"allow":["GET"]}}],"collection":[{"href":"https:\/\/www.bookingkirkenes.no\/no\/wp-json\/wp\/v2\/product"}],"about":[{"href":"https:\/\/www.bookingkirkenes.no\/no\/wp-json\/wp\/v2\/types\/product"}],"replies":[{"embeddable":true,"href":"https:\/\/www.bookingkirkenes.no\/no\/wp-json\/wp\/v2\/comments?post=7595"}],"version-history":[{"count":19,"href":"https:\/\/www.bookingkirkenes.no\/no\/wp-json\/wp\/v2\/product\/7595\/revisions"}],"predecessor-version":[{"id":8050,"href":"https:\/\/www.bookingkirkenes.no\/no\/wp-json\/wp\/v2\/product\/7595\/revisions\/8050"}],"wp:featuredmedia":[{"embeddable":true,"href":"https:\/\/www.bookingkirkenes.no\/no\/wp-json\/wp\/v2\/media\/5581"}],"wp:attachment":[{"href":"https:\/\/www.bookingkirkenes.no\/no\/wp-json\/wp\/v2\/media?parent=7595"}],"wp:term":[{"taxonomy":"product_brand","embeddable":true,"href":"https:\/\/www.bookingkirkenes.no\/no\/wp-json\/wp\/v2\/product_brand?post=7595"},{"taxonomy":"product_cat","embeddable":true,"href":"https:\/\/www.bookingkirkenes.no\/no\/wp-json\/wp\/v2\/product_cat?post=7595"},{"taxonomy":"product_tag","embeddable":true,"href":"https:\/\/www.bookingkirkenes.no\/no\/wp-json\/wp\/v2\/product_tag?post=7595"}],"curies":[{"name":"wp","href":"https:\/\/api.w.org\/{rel}","templated":true}]}}