{"id":7373,"date":"2024-04-03T14:29:10","date_gmt":"2024-04-03T12:29:10","guid":{"rendered":"https:\/\/www.bookingkirkenes.no\/?post_type=product&#038;p=7373"},"modified":"2025-12-03T13:12:58","modified_gmt":"2025-12-03T12:12:58","slug":"meet-sami-family-feed-reindeer","status":"publish","type":"product","link":"https:\/\/www.bookingkirkenes.no\/no\/produkt\/meet-sami-family-feed-reindeer\/","title":{"rendered":"Meet Sami Family &#038; Feed Reindeer (GR20 )"},"content":{"rendered":"<p><strong>Kirkenes to Finnish Lapland \u2013 Skolte Sami Reindeer Experience<\/strong><\/p>\n<p>Discover the <strong>rich culture of the Skolte Sami people<\/strong> and the peaceful beauty of Finnish Lapland on this immersive 4-hour adventure. Perfect for groups, this tour combines cultural insights, close encounters with reindeer, and the serene Arctic forest landscapes.<\/p>\n<p>\ud83d\udcc5 <strong>Tilgjengelig:<\/strong> December 1 \u2013 March 31<br \/>\n\u23f0 <strong>Varighet:<\/strong> 4 timer<br \/>\n\ud83d\udd58 <strong>Avgangstider:<\/strong> 10:00 \u2013 14:00<br \/>\n\ud83c\udf10 <strong>Spr\u00e5kalternativer:<\/strong> Engelsk, tysk, fransk eller norsk<\/p>\n<p><strong>Inkluderer:<\/strong> Local guide, transportation from\/to Kirkenes (hotels, airport, or pier), reindeer feeding experience<\/p>\n<p><strong>Valgfritt tillegg:<\/strong> Traditional reindeer soup served in a lavvu around an open fire<\/p>\n<p><strong>\ud83e\udded<\/strong><strong> Turoversikt<\/strong><\/p>\n<p>Start your journey in <a href=\"https:\/\/www.youtube.com\/watch?v=2WAICJ8vm5E\" target=\"_blank\" rel=\"noopener\"><strong>Kirkenes<\/strong><\/a> and drive along the scenic <strong>Munkefjorden<\/strong> toward Neiden, learning about the unique traditions of the Skolte Sami. Stop at the <strong>Skoltefossen<\/strong> for photos and enjoy the stunning Arctic landscape.<\/p>\n<p>Cross the border into <strong>Finland<\/strong> and enter the tranquil forests of Lapland. Visit a <strong>Skolte Sami family farm<\/strong>, where reindeer roam freely. Each guest receives a bowl of food to <strong>feed the reindeer<\/strong>, making this an interactive and memorable cultural experience.<\/p>\n<p>Connect with the quiet beauty of the Finnish forest while learning about Sami life, traditions, and their harmonious relationship with nature.<\/p>\n<p><strong>\ud83d\udd0d<\/strong><strong> Hva du vil oppleve<\/strong><\/p>\n<ul>\n<li><strong>Scenic Arctic Drive:<\/strong> Munkefjord and Neiden with cultural insights<\/li>\n<li><strong>Grenseovergang til Finland:<\/strong> From Norway to the serene Lapland forests<\/li>\n<li><strong>Close Reindeer Encounter:<\/strong> Pet and feed reindeer at a Skolte Sami farm<\/li>\n<li><strong>Sami Cultural Insights:<\/strong> Learn about traditions, lifestyle, and local history<\/li>\n<li><strong>Optional Reindeer Soup:<\/strong> Enjoy a warm traditional meal in a Lavvu by the fire<\/li>\n<\/ul>\n<p><strong>\u2705<\/strong><strong> Turdetaljer<\/strong><\/p>\n<ul>\n<li><strong>Tilgjengelighet:<\/strong> December 1 \u2013 March 31<\/li>\n<li><strong>Varighet:<\/strong> 4 timer<\/li>\n<li><strong>Avgangstider:<\/strong> 10:00 \u2013 14:00<\/li>\n<li><strong>Gruppest\u00f8rrelse:<\/strong> Ideal for small to medium groups<\/li>\n<li><strong>Inkludert:<\/strong> Guide, transportation, reindeer feeding experience<\/li>\n<li><strong>Valgfritt tillegg:<\/strong> Traditional reindeer soup<\/li>\n<\/ul>\n<p>For group prices or more information, please contact us directly.<\/p>\n<p><strong>\u274c<\/strong><strong> Avbestillingsregler<\/strong><\/p>\n<p>Read full terms here: <a href=\"https:\/\/www.bookingkirkenes.no\/no\/about-us\/general-terms\/\">Generelle vilk\u00e5r og betingelser<\/a><\/p>\n<p><strong>\ud83d\udcde<\/strong><strong> Trenger du hjelp?<\/strong><\/p>\n<p>\ud83d\udce7 E-post: info@bookingkirkenes.no<br \/>\n\ud83d\udcde Telefon: +47 78 99 50 80<\/p>\n<p>&nbsp;<\/p>","protected":false},"excerpt":{"rendered":"<p data-start=\"103\" data-end=\"410\">Kom tett p\u00e5 den milde <strong data-start=\"145\" data-end=\"157\">reinsdyr<\/strong> av <strong data-start=\"161\" data-end=\"180\">Finsk Lappland<\/strong> i denne uforglemmelige opplevelsen! Du vil v\u00e6re der n\u00e5r <strong data-start=\"240\" data-end=\"255\">Samiske eiere<\/strong> mate flokken deres, og du vil til og med f\u00e5 sjansen til \u00e5 <strong data-start=\"308\" data-end=\"338\">mate reinsdyret selv<\/strong>\u2013 et virkelig unikt og praktisk m\u00f8te med disse fantastiske skapningene.<\/p>\n<p data-start=\"412\" data-end=\"683\">Reisen tar deg gjennom <strong data-start=\"442\" data-end=\"468\">spektakul\u00e6re landskap<\/strong> langs fjorden, med fantastisk utsikt som legger grunnlaget for dette uforglemmelige eventyret. Den naturskj\u00f8nne kj\u00f8returen til <strong data-start=\"583\" data-end=\"594\">Finland<\/strong> tar omtrent en time, og underveis vil du f\u00f8le magien i Lapplands ville skj\u00f8nnhet.<\/p>\n<p data-start=\"685\" data-end=\"807\">Dette er en unik mulighet for livet til \u00e5 komme i kontakt med naturen og oppleve samenes tradisjoner p\u00e5 n\u00e6rt hold!<\/p>\n<p><span class=\"Y2IQFc\" lang=\"en\">\u00a0<\/span><\/p>","protected":false},"featured_media":13773,"comment_status":"closed","ping_status":"closed","template":"","meta":{"site-sidebar-layout":"default","site-content-layout":"default","ast-site-content-layout":"default","site-content-style":"default","site-sidebar-style":"default","ast-global-header-display":"","ast-banner-title-visibility":"","ast-main-header-display":"","ast-hfb-above-header-display":"","ast-hfb-below-header-display":"","ast-hfb-mobile-header-display":"","site-post-title":"","ast-breadcrumbs-content":"","ast-featured-img":"","footer-sml-layout":"","ast-disable-related-posts":"","theme-transparent-header-meta":"default","adv-header-id-meta":"","stick-header-meta":"","header-above-stick-meta":"","header-main-stick-meta":"","header-below-stick-meta":"","astra-migrate-meta-layouts":"set","ast-page-background-enabled":"default","ast-page-background-meta":{"desktop":{"background-color":"var(--ast-global-color-4)","background-image":"","background-repeat":"repeat","background-position":"center center","background-size":"auto","background-attachment":"scroll","background-type":"","background-media":"","overlay-type":"","overlay-color":"","overlay-opacity":"","overlay-gradient":""},"tablet":{"background-color":"","background-image":"","background-repeat":"repeat","background-position":"center center","background-size":"auto","background-attachment":"scroll","background-type":"","background-media":"","overlay-type":"","overlay-color":"","overlay-opacity":"","overlay-gradient":""},"mobile":{"background-color":"","background-image":"","background-repeat":"repeat","background-position":"center center","background-size":"auto","background-attachment":"scroll","background-type":"","background-media":"","overlay-type":"","overlay-color":"","overlay-opacity":"","overlay-gradient":""}},"ast-content-background-meta":{"desktop":{"background-color":"var(--ast-global-color-5)","background-image":"","background-repeat":"repeat","background-position":"center center","background-size":"auto","background-attachment":"scroll","background-type":"","background-media":"","overlay-type":"","overlay-color":"","overlay-opacity":"","overlay-gradient":""},"tablet":{"background-color":"var(--ast-global-color-5)","background-image":"","background-repeat":"repeat","background-position":"center center","background-size":"auto","background-attachment":"scroll","background-type":"","background-media":"","overlay-type":"","overlay-color":"","overlay-opacity":"","overlay-gradient":""},"mobile":{"background-color":"var(--ast-global-color-5)","background-image":"","background-repeat":"repeat","background-position":"center center","background-size":"auto","background-attachment":"scroll","background-type":"","background-media":"","overlay-type":"","overlay-color":"","overlay-opacity":"","overlay-gradient":""}}},"product_brand":[],"product_cat":[355],"product_tag":[],"class_list":{"0":"post-7373","1":"product","2":"type-product","3":"status-publish","4":"has-post-thumbnail","6":"product_cat-group-tours","7":"desktop-align-left","8":"tablet-align-left","9":"mobile-align-left","11":"first","12":"instock","13":"taxable","14":"shipping-taxable","15":"purchasable","16":"product-type-simple"},"aioseo_notices":[],"_links":{"self":[{"href":"https:\/\/www.bookingkirkenes.no\/no\/wp-json\/wp\/v2\/product\/7373","targetHints":{"allow":["GET"]}}],"collection":[{"href":"https:\/\/www.bookingkirkenes.no\/no\/wp-json\/wp\/v2\/product"}],"about":[{"href":"https:\/\/www.bookingkirkenes.no\/no\/wp-json\/wp\/v2\/types\/product"}],"replies":[{"embeddable":true,"href":"https:\/\/www.bookingkirkenes.no\/no\/wp-json\/wp\/v2\/comments?post=7373"}],"version-history":[{"count":11,"href":"https:\/\/www.bookingkirkenes.no\/no\/wp-json\/wp\/v2\/product\/7373\/revisions"}],"predecessor-version":[{"id":13336,"href":"https:\/\/www.bookingkirkenes.no\/no\/wp-json\/wp\/v2\/product\/7373\/revisions\/13336"}],"wp:featuredmedia":[{"embeddable":true,"href":"https:\/\/www.bookingkirkenes.no\/no\/wp-json\/wp\/v2\/media\/13773"}],"wp:attachment":[{"href":"https:\/\/www.bookingkirkenes.no\/no\/wp-json\/wp\/v2\/media?parent=7373"}],"wp:term":[{"taxonomy":"product_brand","embeddable":true,"href":"https:\/\/www.bookingkirkenes.no\/no\/wp-json\/wp\/v2\/product_brand?post=7373"},{"taxonomy":"product_cat","embeddable":true,"href":"https:\/\/www.bookingkirkenes.no\/no\/wp-json\/wp\/v2\/product_cat?post=7373"},{"taxonomy":"product_tag","embeddable":true,"href":"https:\/\/www.bookingkirkenes.no\/no\/wp-json\/wp\/v2\/product_tag?post=7373"}],"curies":[{"name":"wp","href":"https:\/\/api.w.org\/{rel}","templated":true}]}}