{"id":5500,"date":"2023-09-07T13:49:23","date_gmt":"2023-09-07T11:49:23","guid":{"rendered":"https:\/\/www.bookingkirkenes.no\/?post_type=product&#038;p=5500"},"modified":"2026-05-06T11:55:35","modified_gmt":"2026-05-06T09:55:35","slug":"kirkenes-borderland-tour-summer","status":"publish","type":"product","link":"https:\/\/www.bookingkirkenes.no\/no\/produkt\/kirkenes-borderland-tour-summer\/","title":{"rendered":"Kirkenes Sightseeing &#038; Russian Border Tour (HS01-pt)"},"content":{"rendered":"<p>Oppdage <a href=\"https:\/\/www.youtube.com\/watch?v=VrUXtaNZFAk\" target=\"_blank\" rel=\"noopener\">Kirkenes<\/a>\u2019 history, culture, and stunning scenery in just 2 hours with this engaging <a href=\"https:\/\/www.tripadvisor.com\/Attraction_Review-g227953-d3529784-Reviews-Booking_Kirkenes-Kirkenes_Sor_Varanger_Municipality_Finnmark_Northern_Norway.html\" target=\"_blank\" rel=\"noopener\">guidet tur<\/a>.<\/p>\n<p>\ud83d\udcc5 <strong>Tilgjengelig:<\/strong> 01.05 \u2013 30.11<br \/>\n\u23f0 <strong>Varighet:<\/strong> 2 timer<br \/>\n\ud83d\udd58 <strong>Avgangstider:<\/strong><br \/>\n\u2022 Morning: 09:45 \u2013 11:45<br \/>\n\u2022 Afternoon: 14:00 \u2013 16:00<\/p>\n<p>\ud83d\udcb0 <strong>Pris:<\/strong><br \/>\n\u2022 900 NOK per adult (minimum 2 guests) on week days \/ 1450 NOK per adult on weekends ( Saturday-Sunday &amp; Holiday)<br \/>\n\u2022 450 NOK per child (ages 4-11)<\/p>\n<p>\ud83d\ude90 <strong>Henting:<\/strong> Hotels, Hurtigruten\/Havila pier, or Snow Resort<\/p>\n<p>\ud83e\udded <strong>Turoversikt<\/strong><\/p>\n<p>In just 2 hours, you\u2019ll receive an in-depth overview of <strong>Kirkenes\u2019 history, daily life, the region\u2019s relationship with Finland and Russia, its unique climate, and much more<\/strong>. This guided tour takes you through the heart of Kirkenes and its surroundings, offering both a cultural and scenic experience.<\/p>\n<p>\ud83d\udd0d <strong>Hva du vil oppleve<\/strong><\/p>\n<p><strong>Guided Tour Through Kirkenes:<\/strong><br \/>\nExplore the town and its key landmarks, with an informative guide who will share the history and unique aspects of this fascinating area.<\/p>\n<p><strong>Scenic Viewpoints:<\/strong><br \/>\nVisit two stunning viewpoints, including the <strong>Storfjell utsiktspunkt<\/strong>, hvor du kan nyte panoramautsikt over fjorden.<\/p>\n<p><strong>Border and Mining Town:<\/strong><br \/>\nStopp ved <strong>Norsk-russisk grense<\/strong> and visit the historic mining town, learning about its transformation over the years.<\/p>\n<p><strong>Photo Stops:<\/strong><br \/>\nSeveral stops will be made along the way to capture the beauty of the region\u2014perfect for photography enthusiasts!<\/p>\n<p><strong>Komfortabel transport:<\/strong><br \/>\nThe tour is conducted in a <strong>komfortabel minivan<\/strong> with a maximum of 8 seats, ensuring an intimate and personalized experience.<\/p>\n<p>\u2705 <strong>Turdetaljer<\/strong><\/p>\n<ul>\n<li><strong>Tilgjengelig:<\/strong> 01.05 \u2013 30.11<br \/>\n\u2022 <strong>Varighet:<\/strong> 2 timer<br \/>\n\u2022 <strong>Avgangstider:<\/strong> 09:45 (morning) &amp; 14:00 (afternoon)<br \/>\n\u2022 <strong>Pris:<\/strong> \u2022 900 NOK per adult (minimum 2 guests) on week days \/ 1450 NOK per adult on weekends ( Saturday-Sunday &amp; Holiday) \/\u00a0450 NOK per child (ages 4-11)<br \/>\n\u2022 <strong>Gruppest\u00f8rrelse:<\/strong> Minimum 2 guests<br \/>\n\u2022 <strong>Spr\u00e5k:<\/strong> English (other languages available on private tours)<br \/>\n\u2022 <strong>Transport:<\/strong> Minivan with hotel, pier, or Snow Resort pickup included<\/li>\n<\/ul>\n<p>\ud83d\udc65 <strong>Privat turalternativ<\/strong><\/p>\n<p>Hvis du foretrekker en privat opplevelse (ingen andre gjester), vennligst bestill <a href=\"https:\/\/www.bookingkirkenes.no\/no\/produkt\/kirkenes-sightseeing-private-tour-hps01\/\" target=\"_blank\" rel=\"noopener\"><strong>private Tour (HPS01)<\/strong><\/a>.<\/p>\n<p>\ud83c\udf10 <strong>Language Options<\/strong><\/p>\n<p>The standard tour is offered in <strong>Engelsk<\/strong>. For German, French, or Norwegian, please book the <a href=\"https:\/\/www.bookingkirkenes.no\/no\/produkt\/kirkenes-sightseeing-private-tour-hps01\/\" target=\"_blank\" rel=\"noopener\"><strong>privat omvisning<\/strong><\/a>.<\/p>\n<p>\ud83d\uded2 <strong>Bestilling og betaling<\/strong><\/p>\n<ol>\n<li>Choose your date, pickup time, number of guests, and pickup place<\/li>\n<li>Klikk <strong>\u00abBestill n\u00e5\u00bb<\/strong> for \u00e5 legge turen til i handlekurven<\/li>\n<li>Go to your basket and proceed to checkout<\/li>\n<li>Enter your billing details to confirm your booking<\/li>\n<\/ol>\n<p>\u274c <strong>Avbestillingsregler<\/strong><\/p>\n<p>Please read full cancellation terms here: <a href=\"https:\/\/www.bookingkirkenes.no\/no\/about-us\/general-terms\/\">Generelle vilk\u00e5r og betingelser<\/a><\/p>\n<p>\ud83d\udcde <strong>Trenger du hjelp?<\/strong><\/p>\n<p>\ud83d\udce7 E-post: info@bookingkirkenes.no<br \/>\n\ud83d\udcde Telefon: +47 78 99 50 80<\/p>","protected":false},"excerpt":{"rendered":"<p data-start=\"0\" data-end=\"35\"><strong data-start=\"0\" data-end=\"33\">Utforsk Kirkenes som en lokal<\/strong><\/p>\n<p data-start=\"37\" data-end=\"323\">Bli med oss p\u00e5 en guidet tur gjennom Kirkenes, ledet av en lokal ekspert som vil dele innsikt i byens historie, kultur og dens forbindelser med Finland og Russland. Du vil bes\u00f8ke noen av de beste utsiktspunktene, oppdage skjulte steder og ha tid til \u00e5 ta flotte bilder underveis.<\/p>\n<p data-start=\"325\" data-end=\"563\"><strong data-start=\"325\" data-end=\"358\">Perfekt for cruisepassasjerer<\/strong><br data-start=\"358\" data-end=\"361\" \/>Morgenturen v\u00e5r (09:45\u201311:45) er utformet for reisende med Hurtigruten og Havila, noe som gj\u00f8r det enkelt \u00e5 bli med rett etter avstigning. Henting fra bryggen er inkludert for en s\u00f8ml\u00f8s start p\u00e5 turen.<\/p>\n<p data-start=\"565\" data-end=\"804\"><strong data-start=\"565\" data-end=\"589\">Tilgjengelig \u00e5ret rundt<\/strong><br data-start=\"589\" data-end=\"592\" \/>This tour is offered in English throughout the year, and for a more tailored experience, we also offer private tours in German, French, or Norwegian. For details on the winter tour (December\u2013April), <a href=\"https:\/\/www.bookingkirkenes.no\/no\/produkt\/hw01pt\/\" target=\"_blank\" rel=\"noopener\">Klikk her<\/a>.<\/p>\n<p data-start=\"806\" data-end=\"842\" data-is-last-node=\"\" data-is-only-node=\"\">En flott m\u00e5te \u00e5 bli kjent med Kirkenes p\u00e5<\/p>","protected":false},"featured_media":2567,"comment_status":"closed","ping_status":"closed","template":"","meta":{"site-sidebar-layout":"default","site-content-layout":"default","ast-site-content-layout":"default","site-content-style":"default","site-sidebar-style":"default","ast-global-header-display":"","ast-banner-title-visibility":"","ast-main-header-display":"","ast-hfb-above-header-display":"","ast-hfb-below-header-display":"","ast-hfb-mobile-header-display":"","site-post-title":"","ast-breadcrumbs-content":"","ast-featured-img":"","footer-sml-layout":"","ast-disable-related-posts":"","theme-transparent-header-meta":"default","adv-header-id-meta":"","stick-header-meta":"","header-above-stick-meta":"","header-main-stick-meta":"","header-below-stick-meta":"","astra-migrate-meta-layouts":"set","ast-page-background-enabled":"default","ast-page-background-meta":{"desktop":{"background-color":"var(--ast-global-color-4)","background-image":"","background-repeat":"repeat","background-position":"center center","background-size":"auto","background-attachment":"scroll","background-type":"","background-media":"","overlay-type":"","overlay-color":"","overlay-opacity":"","overlay-gradient":""},"tablet":{"background-color":"","background-image":"","background-repeat":"repeat","background-position":"center center","background-size":"auto","background-attachment":"scroll","background-type":"","background-media":"","overlay-type":"","overlay-color":"","overlay-opacity":"","overlay-gradient":""},"mobile":{"background-color":"","background-image":"","background-repeat":"repeat","background-position":"center center","background-size":"auto","background-attachment":"scroll","background-type":"","background-media":"","overlay-type":"","overlay-color":"","overlay-opacity":"","overlay-gradient":""}},"ast-content-background-meta":{"desktop":{"background-color":"var(--ast-global-color-5)","background-image":"","background-repeat":"repeat","background-position":"center center","background-size":"auto","background-attachment":"scroll","background-type":"","background-media":"","overlay-type":"","overlay-color":"","overlay-opacity":"","overlay-gradient":""},"tablet":{"background-color":"var(--ast-global-color-5)","background-image":"","background-repeat":"repeat","background-position":"center center","background-size":"auto","background-attachment":"scroll","background-type":"","background-media":"","overlay-type":"","overlay-color":"","overlay-opacity":"","overlay-gradient":""},"mobile":{"background-color":"var(--ast-global-color-5)","background-image":"","background-repeat":"repeat","background-position":"center center","background-size":"auto","background-attachment":"scroll","background-type":"","background-media":"","overlay-type":"","overlay-color":"","overlay-opacity":"","overlay-gradient":""}}},"product_brand":[],"product_cat":[282,281,286,283,374],"product_tag":[342,341],"class_list":{"0":"post-5500","1":"product","2":"type-product","3":"status-publish","4":"has-post-thumbnail","6":"product_cat-kirkenes","7":"product_cat-local-guiding","8":"product_cat-russian-border","9":"product_cat-sightseeing-by-bus","10":"product_cat-summer-autumn-tours","11":"product_tag-front-page","12":"product_tag-summer","13":"pa_month-mai","14":"pa_month-juni","15":"pa_month-juli","16":"pa_month-august","17":"pa_month-september","18":"pa_month-oktober","19":"pa_month-november","20":"desktop-align-left","21":"tablet-align-left","22":"mobile-align-left","24":"first","25":"instock","26":"sold-individually","27":"taxable","28":"shipping-taxable","29":"purchasable","30":"product-type-phive_booking"},"aioseo_notices":[],"_links":{"self":[{"href":"https:\/\/www.bookingkirkenes.no\/no\/wp-json\/wp\/v2\/product\/5500","targetHints":{"allow":["GET"]}}],"collection":[{"href":"https:\/\/www.bookingkirkenes.no\/no\/wp-json\/wp\/v2\/product"}],"about":[{"href":"https:\/\/www.bookingkirkenes.no\/no\/wp-json\/wp\/v2\/types\/product"}],"replies":[{"embeddable":true,"href":"https:\/\/www.bookingkirkenes.no\/no\/wp-json\/wp\/v2\/comments?post=5500"}],"version-history":[{"count":49,"href":"https:\/\/www.bookingkirkenes.no\/no\/wp-json\/wp\/v2\/product\/5500\/revisions"}],"predecessor-version":[{"id":15569,"href":"https:\/\/www.bookingkirkenes.no\/no\/wp-json\/wp\/v2\/product\/5500\/revisions\/15569"}],"wp:featuredmedia":[{"embeddable":true,"href":"https:\/\/www.bookingkirkenes.no\/no\/wp-json\/wp\/v2\/media\/2567"}],"wp:attachment":[{"href":"https:\/\/www.bookingkirkenes.no\/no\/wp-json\/wp\/v2\/media?parent=5500"}],"wp:term":[{"taxonomy":"product_brand","embeddable":true,"href":"https:\/\/www.bookingkirkenes.no\/no\/wp-json\/wp\/v2\/product_brand?post=5500"},{"taxonomy":"product_cat","embeddable":true,"href":"https:\/\/www.bookingkirkenes.no\/no\/wp-json\/wp\/v2\/product_cat?post=5500"},{"taxonomy":"product_tag","embeddable":true,"href":"https:\/\/www.bookingkirkenes.no\/no\/wp-json\/wp\/v2\/product_tag?post=5500"}],"curies":[{"name":"wp","href":"https:\/\/api.w.org\/{rel}","templated":true}]}}