{"id":5165,"date":"2023-06-06T13:12:41","date_gmt":"2023-06-06T11:12:41","guid":{"rendered":"https:\/\/www.bookingkirkenes.no\/?post_type=product&#038;p=5165"},"modified":"2025-11-05T14:09:58","modified_gmt":"2025-11-05T13:09:58","slug":"skoltesami-culture-at-finish-border","status":"publish","type":"product","link":"https:\/\/www.bookingkirkenes.no\/no\/produkt\/skoltesami-culture-at-finish-border\/","title":{"rendered":"Skoltesami culture at Finish border (GR7)"},"content":{"rendered":"<p>\ud83c\udf3f <strong>Neiden Village &amp; Border Tour \u2013 Cultural Experience<\/strong><\/p>\n<p>\ud83d\udcc5 <strong>Tilgjengelig:<\/strong> Hele \u00e5ret<br \/>\n\u23f0 <strong>Varighet:<\/strong> 4 timer<br \/>\n\ud83d\udccd <strong>Henting:<\/strong> Hotels in Kirkenes<\/p>\n<p><strong>Turoversikt<\/strong><\/p>\n<p>Discover the charming village of Neiden, located west of <a href=\"https:\/\/www.youtube.com\/watch?v=kn_GmZSr7Fw\" target=\"_blank\" rel=\"noopener\">Kirkenes<\/a>, on this <a href=\"https:\/\/www.tripadvisor.com\/Attraction_Review-g227953-d3529784-Reviews-Booking_Kirkenes-Kirkenes_Sor_Varanger_Municipality_Finnmark_Northern_Norway.html\" target=\"_blank\" rel=\"noopener\">guided bus tour<\/a>. Explore the region\u2019s rich cultural heritage, including historic churches, the Skolt Sami Museum, and scenic fjord landscapes. Learn about the Skolt Sami culture, language, and history while enjoying a relaxing and informative journey through the Arctic borderlands.<\/p>\n<p><strong>Hva du vil oppleve<\/strong><\/p>\n<p><strong>Scenic Drive &amp; Fjord Views:<\/strong><\/p>\n<ul>\n<li>Travel 40 km from Kirkenes along the picturesque Munkefjord<\/li>\n<li>Enjoy the beautiful fjord landscape and spot lively birdlife along the shore<\/li>\n<\/ul>\n<p><strong>Historic &amp; Cultural Sites:<\/strong><\/p>\n<ul>\n<li>Bes\u00f8k <strong>orthodox St. George\u2019s Chapel<\/strong> (1565)<\/li>\n<li>Stop for photos at <strong>Skoltefossen Waterfall<\/strong><\/li>\n<li>Omvisning <strong>Neiden Church<\/strong> (if open)<\/li>\n<li>45-minute visit at the <strong>Skoltsamisk museum<\/strong>, learning about Sami culture, identity, and heritage<\/li>\n<\/ul>\n<p><strong>Border Exploration:<\/strong><\/p>\n<ul>\n<li>Short visit to the <strong>Norwegian-Finnish border<\/strong> before returning to Kirkenes<\/li>\n<\/ul>\n<p><strong>Optional Lunch:<\/strong><\/p>\n<ul>\n<li>We recommend booking a meal at <strong>Neiden Fjellstue<\/strong> to enjoy local dishes<\/li>\n<\/ul>\n<p><strong>Inkludert<\/strong><\/p>\n<p>\u2705 Lokal guide (engelsk, tysk, fransk eller norsk)<br \/>\n\u2705 Transportation from\/to hotel<br \/>\n\u2705 Entrance fee to the Skolt Sami Museum<\/p>\n<p><strong>Pricing<\/strong><\/p>\n<p>For group prices and inquiries, please contact us directly<\/p>\n<p><strong>Bestilling og betaling<\/strong><\/p>\n<ol>\n<li>Choose your date, pickup time, number of guests, and pickup location<\/li>\n<li>Klikk <strong>\u00abBestill n\u00e5\u00bb<\/strong> \u2013 turen vil vises i handlekurven din<\/li>\n<li>Go to the basket and proceed to checkout<\/li>\n<li>Enter your billing details<\/li>\n<\/ol>\n<p>\u2757 <strong>Avbestillingsregler:<\/strong><br \/>\n\ud83d\udd17 <a href=\"https:\/\/www.bookingkirkenes.no\/no\/about-us\/general-terms\/\">Generelle vilk\u00e5r og betingelser<\/a><\/p>\n<p>\ud83d\udcde <strong>Trenger du hjelp?<\/strong><br \/>\n\ud83d\udce7 info@bookingkirkenes.no<br \/>\n\ud83d\udcde +47 78 99 50 80<\/p>\n<p>&nbsp;<\/p>","protected":false},"excerpt":{"rendered":"<p>Neiden er sentrum for samisk kultur og vi bes\u00f8ker det skoltesamiske museet. Vi skal bes\u00f8ke fossen og det samiske museet. Turen inkluderer ogs\u00e5 en tur til den finske grensen.<\/p>","protected":false},"featured_media":5168,"comment_status":"closed","ping_status":"closed","template":"","meta":{"site-sidebar-layout":"default","site-content-layout":"default","ast-site-content-layout":"default","site-content-style":"default","site-sidebar-style":"default","ast-global-header-display":"","ast-banner-title-visibility":"","ast-main-header-display":"","ast-hfb-above-header-display":"","ast-hfb-below-header-display":"","ast-hfb-mobile-header-display":"","site-post-title":"","ast-breadcrumbs-content":"","ast-featured-img":"","footer-sml-layout":"","ast-disable-related-posts":"","theme-transparent-header-meta":"default","adv-header-id-meta":"","stick-header-meta":"","header-above-stick-meta":"","header-main-stick-meta":"","header-below-stick-meta":"","astra-migrate-meta-layouts":"set","ast-page-background-enabled":"default","ast-page-background-meta":{"desktop":{"background-color":"var(--ast-global-color-4)","background-image":"","background-repeat":"repeat","background-position":"center center","background-size":"auto","background-attachment":"scroll","background-type":"","background-media":"","overlay-type":"","overlay-color":"","overlay-opacity":"","overlay-gradient":""},"tablet":{"background-color":"","background-image":"","background-repeat":"repeat","background-position":"center center","background-size":"auto","background-attachment":"scroll","background-type":"","background-media":"","overlay-type":"","overlay-color":"","overlay-opacity":"","overlay-gradient":""},"mobile":{"background-color":"","background-image":"","background-repeat":"repeat","background-position":"center center","background-size":"auto","background-attachment":"scroll","background-type":"","background-media":"","overlay-type":"","overlay-color":"","overlay-opacity":"","overlay-gradient":""}},"ast-content-background-meta":{"desktop":{"background-color":"var(--ast-global-color-5)","background-image":"","background-repeat":"repeat","background-position":"center center","background-size":"auto","background-attachment":"scroll","background-type":"","background-media":"","overlay-type":"","overlay-color":"","overlay-opacity":"","overlay-gradient":""},"tablet":{"background-color":"var(--ast-global-color-5)","background-image":"","background-repeat":"repeat","background-position":"center center","background-size":"auto","background-attachment":"scroll","background-type":"","background-media":"","overlay-type":"","overlay-color":"","overlay-opacity":"","overlay-gradient":""},"mobile":{"background-color":"var(--ast-global-color-5)","background-image":"","background-repeat":"repeat","background-position":"center center","background-size":"auto","background-attachment":"scroll","background-type":"","background-media":"","overlay-type":"","overlay-color":"","overlay-opacity":"","overlay-gradient":""}}},"product_brand":[],"product_cat":[355],"product_tag":[],"class_list":{"0":"post-5165","1":"product","2":"type-product","3":"status-publish","4":"has-post-thumbnail","6":"product_cat-group-tours","7":"desktop-align-left","8":"tablet-align-left","9":"mobile-align-left","11":"first","12":"instock","13":"taxable","14":"shipping-taxable","15":"purchasable","16":"product-type-simple"},"aioseo_notices":[],"_links":{"self":[{"href":"https:\/\/www.bookingkirkenes.no\/no\/wp-json\/wp\/v2\/product\/5165","targetHints":{"allow":["GET"]}}],"collection":[{"href":"https:\/\/www.bookingkirkenes.no\/no\/wp-json\/wp\/v2\/product"}],"about":[{"href":"https:\/\/www.bookingkirkenes.no\/no\/wp-json\/wp\/v2\/types\/product"}],"replies":[{"embeddable":true,"href":"https:\/\/www.bookingkirkenes.no\/no\/wp-json\/wp\/v2\/comments?post=5165"}],"version-history":[{"count":10,"href":"https:\/\/www.bookingkirkenes.no\/no\/wp-json\/wp\/v2\/product\/5165\/revisions"}],"predecessor-version":[{"id":13427,"href":"https:\/\/www.bookingkirkenes.no\/no\/wp-json\/wp\/v2\/product\/5165\/revisions\/13427"}],"wp:featuredmedia":[{"embeddable":true,"href":"https:\/\/www.bookingkirkenes.no\/no\/wp-json\/wp\/v2\/media\/5168"}],"wp:attachment":[{"href":"https:\/\/www.bookingkirkenes.no\/no\/wp-json\/wp\/v2\/media?parent=5165"}],"wp:term":[{"taxonomy":"product_brand","embeddable":true,"href":"https:\/\/www.bookingkirkenes.no\/no\/wp-json\/wp\/v2\/product_brand?post=5165"},{"taxonomy":"product_cat","embeddable":true,"href":"https:\/\/www.bookingkirkenes.no\/no\/wp-json\/wp\/v2\/product_cat?post=5165"},{"taxonomy":"product_tag","embeddable":true,"href":"https:\/\/www.bookingkirkenes.no\/no\/wp-json\/wp\/v2\/product_tag?post=5165"}],"curies":[{"name":"wp","href":"https:\/\/api.w.org\/{rel}","templated":true}]}}