{"id":5064,"date":"2023-05-24T13:59:58","date_gmt":"2023-05-24T11:59:58","guid":{"rendered":"https:\/\/www.bookingkirkenes.no\/?post_type=product&#038;p=5064"},"modified":"2025-11-05T14:18:05","modified_gmt":"2025-11-05T13:18:05","slug":"walking-tour-in-kirkenes-centrum-with-local-guide","status":"publish","type":"product","link":"https:\/\/www.bookingkirkenes.no\/no\/produkt\/walking-tour-in-kirkenes-centrum-with-local-guide\/","title":{"rendered":"Walking Tour Kirkenes (GR5)"},"content":{"rendered":"<p>\ud83d\udeb6 <strong data-start=\"72\" data-end=\"131\">Kirkenes Highlights Walking Tour \u2013 History &amp; Local Life<\/strong><\/p>\n<p data-start=\"135\" data-end=\"352\">Get to know <a href=\"https:\/\/www.youtube.com\/watch?v=VrUXtaNZFAk\" target=\"_blank\" rel=\"noopener\">Kirkenes<\/a> quickly on this engaging 1-hour walking tour. Explore key monuments, hear fascinating stories about WWII, and learn about daily life and the town\u2019s connections to neighboring Russia and Finland.<\/p>\n<p data-start=\"354\" data-end=\"500\">\ud83d\udcc5 <strong data-start=\"357\" data-end=\"371\">Tilgjengelig:<\/strong> Hele \u00e5ret<br data-start=\"386\" data-end=\"389\" \/>\u23f0 <strong data-start=\"391\" data-end=\"404\">Varighet:<\/strong> 1 time<br data-start=\"411\" data-end=\"414\" \/>\ud83d\udc65 <strong data-start=\"417\" data-end=\"432\">Gruppest\u00f8rrelse:<\/strong> Contact for group pricing<br data-start=\"458\" data-end=\"461\" \/>\ud83d\udeb6 <strong data-start=\"464\" data-end=\"485\">Walking Distance:<\/strong> Approx. 1 km<\/p>\n<p data-start=\"502\" data-end=\"543\">\ud83d\udcb0 <strong data-start=\"505\" data-end=\"515\">Pris:<\/strong> Contact for group pricing<\/p>\n<p data-start=\"545\" data-end=\"567\">\ud83e\udded <strong data-start=\"548\" data-end=\"565\">Turoversikt<\/strong><\/p>\n<p data-start=\"569\" data-end=\"769\">Take a short but insightful walk through Kirkenes with a <a href=\"https:\/\/www.tripadvisor.com\/Attraction_Review-g227953-d3529784-Reviews-Booking_Kirkenes-Kirkenes_Sor_Varanger_Municipality_Finnmark_Northern_Norway.html\" target=\"_blank\" rel=\"noopener\">knowledgeable local guide<\/a>. This tour is perfect for visitors who want a compact introduction to the town\u2019s history, culture, and environment.<\/p>\n<p data-start=\"771\" data-end=\"1118\">\ud83d\udd0d <strong data-start=\"774\" data-end=\"800\">Hva du vil oppleve<\/strong><br data-start=\"800\" data-end=\"803\" \/>\u2022 Guided walking tour from Thon or Scandic Hotel<br data-start=\"851\" data-end=\"854\" \/>\u2022 Visit key monuments and the Andersgrotta bomb shelter (outside)<br data-start=\"919\" data-end=\"922\" \/>\u2022 Walk along the shore and enjoy scenic views<br data-start=\"967\" data-end=\"970\" \/>\u2022 Learn about Kirkenes\u2019 history, WWII, daily life, climate, and relationship with Russia and Finland<br data-start=\"1070\" data-end=\"1073\" \/>\u2022 Get insider stories and cultural insights<\/p>\n<p data-start=\"1120\" data-end=\"1199\">\u2705 <strong data-start=\"1122\" data-end=\"1141\">Hva er inkludert<\/strong><br data-start=\"1141\" data-end=\"1144\" \/>\u2022 Local guide (English, German, French, or Norwegian)<\/p>\n<p data-start=\"1201\" data-end=\"1227\">\ud83d\uded2 <strong data-start=\"1204\" data-end=\"1225\">Bestilling og betaling<\/strong><\/p>\n<ol>\n<li data-start=\"1231\" data-end=\"1270\">Choose your date and number of guests<\/li>\n<li data-start=\"1274\" data-end=\"1326\">Click \u201cBook Now\u201d \u2013 tour will appear in your basket<\/li>\n<li data-start=\"1330\" data-end=\"1392\">Go to basket, proceed to checkout, and enter billing details<\/li>\n<\/ol>\n<p data-start=\"1394\" data-end=\"1533\">\u274c <strong data-start=\"1396\" data-end=\"1419\">Avbestillingsregler<\/strong><br data-start=\"1419\" data-end=\"1422\" \/>\ud83d\udcc4 Read full terms here: <a href=\"https:\/\/www.bookingkirkenes.no\/no\/about-us\/general-terms\/\" data-start=\"1447\" data-end=\"1531\">Generelle vilk\u00e5r og betingelser<\/a><\/p>\n<p data-start=\"1535\" data-end=\"1624\">\ud83d\udcde <strong data-start=\"1538\" data-end=\"1558\">Trenger du hjelp?<\/strong><br data-start=\"1558\" data-end=\"1561\" \/>\ud83d\udce7 E-post: info@bookingkirkenes.no<br data-start=\"1594\" data-end=\"1597\" \/>\ud83d\udcf1 Phone: +47 78 99 50 80<\/p>\n<p>&nbsp;<\/p>","protected":false},"excerpt":{"rendered":"<p>G\u00e5tur Kirkenes med historiefortelling. Start p\u00e5 hotellet ditt eller v\u00e5rt kontor i den st\u00f8rste handlegaten. P\u00e5 bare 1 time f\u00e5r du interessante fakta om Kirkenes historie og dagliglivet. Vi passerer &quot;Mother in War-monumentet&quot; p\u00e5 markedsplassen, bombeskjulet &quot;Andersgrotta&quot; og det russiske soldatmonumentet. Den raskeste m\u00e5ten \u00e5 bli bedre kjent med Kirkenes.<\/p>","protected":false},"featured_media":2563,"comment_status":"closed","ping_status":"closed","template":"","meta":{"site-sidebar-layout":"default","site-content-layout":"default","ast-site-content-layout":"default","site-content-style":"default","site-sidebar-style":"default","ast-global-header-display":"","ast-banner-title-visibility":"","ast-main-header-display":"","ast-hfb-above-header-display":"","ast-hfb-below-header-display":"","ast-hfb-mobile-header-display":"","site-post-title":"","ast-breadcrumbs-content":"","ast-featured-img":"","footer-sml-layout":"","ast-disable-related-posts":"","theme-transparent-header-meta":"default","adv-header-id-meta":"","stick-header-meta":"","header-above-stick-meta":"","header-main-stick-meta":"","header-below-stick-meta":"","astra-migrate-meta-layouts":"set","ast-page-background-enabled":"default","ast-page-background-meta":{"desktop":{"background-color":"var(--ast-global-color-4)","background-image":"","background-repeat":"repeat","background-position":"center center","background-size":"auto","background-attachment":"scroll","background-type":"","background-media":"","overlay-type":"","overlay-color":"","overlay-opacity":"","overlay-gradient":""},"tablet":{"background-color":"","background-image":"","background-repeat":"repeat","background-position":"center center","background-size":"auto","background-attachment":"scroll","background-type":"","background-media":"","overlay-type":"","overlay-color":"","overlay-opacity":"","overlay-gradient":""},"mobile":{"background-color":"","background-image":"","background-repeat":"repeat","background-position":"center center","background-size":"auto","background-attachment":"scroll","background-type":"","background-media":"","overlay-type":"","overlay-color":"","overlay-opacity":"","overlay-gradient":""}},"ast-content-background-meta":{"desktop":{"background-color":"var(--ast-global-color-5)","background-image":"","background-repeat":"repeat","background-position":"center center","background-size":"auto","background-attachment":"scroll","background-type":"","background-media":"","overlay-type":"","overlay-color":"","overlay-opacity":"","overlay-gradient":""},"tablet":{"background-color":"var(--ast-global-color-5)","background-image":"","background-repeat":"repeat","background-position":"center center","background-size":"auto","background-attachment":"scroll","background-type":"","background-media":"","overlay-type":"","overlay-color":"","overlay-opacity":"","overlay-gradient":""},"mobile":{"background-color":"var(--ast-global-color-5)","background-image":"","background-repeat":"repeat","background-position":"center center","background-size":"auto","background-attachment":"scroll","background-type":"","background-media":"","overlay-type":"","overlay-color":"","overlay-opacity":"","overlay-gradient":""}}},"product_brand":[],"product_cat":[355],"product_tag":[],"class_list":{"0":"post-5064","1":"product","2":"type-product","3":"status-publish","4":"has-post-thumbnail","6":"product_cat-group-tours","7":"desktop-align-left","8":"tablet-align-left","9":"mobile-align-left","11":"first","12":"instock","13":"taxable","14":"shipping-taxable","15":"purchasable","16":"product-type-simple"},"aioseo_notices":[],"_links":{"self":[{"href":"https:\/\/www.bookingkirkenes.no\/no\/wp-json\/wp\/v2\/product\/5064","targetHints":{"allow":["GET"]}}],"collection":[{"href":"https:\/\/www.bookingkirkenes.no\/no\/wp-json\/wp\/v2\/product"}],"about":[{"href":"https:\/\/www.bookingkirkenes.no\/no\/wp-json\/wp\/v2\/types\/product"}],"replies":[{"embeddable":true,"href":"https:\/\/www.bookingkirkenes.no\/no\/wp-json\/wp\/v2\/comments?post=5064"}],"version-history":[{"count":15,"href":"https:\/\/www.bookingkirkenes.no\/no\/wp-json\/wp\/v2\/product\/5064\/revisions"}],"predecessor-version":[{"id":13431,"href":"https:\/\/www.bookingkirkenes.no\/no\/wp-json\/wp\/v2\/product\/5064\/revisions\/13431"}],"wp:featuredmedia":[{"embeddable":true,"href":"https:\/\/www.bookingkirkenes.no\/no\/wp-json\/wp\/v2\/media\/2563"}],"wp:attachment":[{"href":"https:\/\/www.bookingkirkenes.no\/no\/wp-json\/wp\/v2\/media?parent=5064"}],"wp:term":[{"taxonomy":"product_brand","embeddable":true,"href":"https:\/\/www.bookingkirkenes.no\/no\/wp-json\/wp\/v2\/product_brand?post=5064"},{"taxonomy":"product_cat","embeddable":true,"href":"https:\/\/www.bookingkirkenes.no\/no\/wp-json\/wp\/v2\/product_cat?post=5064"},{"taxonomy":"product_tag","embeddable":true,"href":"https:\/\/www.bookingkirkenes.no\/no\/wp-json\/wp\/v2\/product_tag?post=5064"}],"curies":[{"name":"wp","href":"https:\/\/api.w.org\/{rel}","templated":true}]}}