{"id":4857,"date":"2023-04-17T11:37:45","date_gmt":"2023-04-17T09:37:45","guid":{"rendered":"https:\/\/www.bookingkirkenes.no\/?post_type=product&#038;p=4857"},"modified":"2026-04-15T10:37:43","modified_gmt":"2026-04-15T08:37:43","slug":"snowhotel-summer-visit-ks18","status":"publish","type":"product","link":"https:\/\/www.bookingkirkenes.no\/no\/produkt\/snowhotel-summer-visit-ks18\/","title":{"rendered":"Snow Resort summer visit (KS18-sh)"},"content":{"rendered":"<p>Welcome to Snow ResortKirkenes &#8211; the most special hotel in <a href=\"https:\/\/www.youtube.com\/watch?v=kn_GmZSr7Fw\" target=\"_blank\" rel=\"noopener\">Kirkenes<\/a>, located 10 km outside town. As the first hotel completely made of snow and ice in Norway, we proudly present that we are open 365 days! Enter a real life winter wonderland, all seasons of the year. Entrance to whole park, incl Snow Resort, Reindeer, Husky and puppy farm.<\/p>\n<p>Tilgjengelig 01.05 \u2013 30.11<br \/>\nVarighet 2 timer<br \/>\n13.00 &#8211; 15.00<\/p>\n<p><strong>Pris:<\/strong> 1185 NOK per person, 592 NOK per child under 12 years<br \/>\ninkludert transport fra\/til hotell, guide, inngangsbillett<\/p>\n<p><strong>Informasjon om bestilling og betaling:<\/strong><\/p>\n<ul>\n<li><em>velg dato, hentetid, antall gjester og hentested<\/em><\/li>\n<li><em>bestill n\u00e5: turen vil vises i kurven<\/em><\/li>\n<li><em>klikk p\u00e5 handlekurven og g\u00e5 til kassen<\/em><\/li>\n<li><em>p\u00e5 neste side m\u00e5 du gi oss faktureringsinformasjon<\/em><\/li>\n<li><em>vi belaster ikke kredittkortet ditt f\u00f8r 4 uker f\u00f8r reisedatoen (med mindre annet er avtalt med kunden)<\/em><\/li>\n<li><em>Vennligst les detaljene om kanselleringsvilk\u00e5r her: <a href=\"https:\/\/www.bookingkirkenes.no\/no\/about-us\/general-terms\/\" target=\"_blank\" rel=\"noopener\">https:\/\/www.bookingkirkenes.no\/about-us\/general-terms\/<\/a><\/em><\/li>\n<li><em>Trenger du hjelp med din bestilling: send oss en epost info@bookingkirkenes.no eller ring +47 78 99 50 80<\/em><\/li>\n<\/ul>","protected":false},"excerpt":{"rendered":"<p>G\u00e5 inn i et ekte vinterlandskap, alle \u00e5rstider. Inngang til hele parken, inkl sn\u00f8hotell, reinsdyr, husky og valpefarm. Overf\u00f8ring inkludert.<br \/>\nThe snowhotel can be visited all year round. For tours in winter (Dec &#8211; April) please click here: <a href=\"https:\/\/www.bookingkirkenes.no\/no\/produkt\/ki18-snowhotel-visit\/\">Sn\u00f8hotell vinterbes\u00f8k<\/a><\/p>","protected":false},"featured_media":4859,"comment_status":"closed","ping_status":"closed","template":"","meta":{"site-sidebar-layout":"default","site-content-layout":"default","ast-site-content-layout":"default","site-content-style":"default","site-sidebar-style":"default","ast-global-header-display":"","ast-banner-title-visibility":"","ast-main-header-display":"","ast-hfb-above-header-display":"","ast-hfb-below-header-display":"","ast-hfb-mobile-header-display":"","site-post-title":"","ast-breadcrumbs-content":"","ast-featured-img":"","footer-sml-layout":"","ast-disable-related-posts":"","theme-transparent-header-meta":"default","adv-header-id-meta":"","stick-header-meta":"","header-above-stick-meta":"","header-main-stick-meta":"","header-below-stick-meta":"","astra-migrate-meta-layouts":"set","ast-page-background-enabled":"default","ast-page-background-meta":{"desktop":{"background-color":"var(--ast-global-color-4)","background-image":"","background-repeat":"repeat","background-position":"center center","background-size":"auto","background-attachment":"scroll","background-type":"","background-media":"","overlay-type":"","overlay-color":"","overlay-opacity":"","overlay-gradient":""},"tablet":{"background-color":"","background-image":"","background-repeat":"repeat","background-position":"center center","background-size":"auto","background-attachment":"scroll","background-type":"","background-media":"","overlay-type":"","overlay-color":"","overlay-opacity":"","overlay-gradient":""},"mobile":{"background-color":"","background-image":"","background-repeat":"repeat","background-position":"center center","background-size":"auto","background-attachment":"scroll","background-type":"","background-media":"","overlay-type":"","overlay-color":"","overlay-opacity":"","overlay-gradient":""}},"ast-content-background-meta":{"desktop":{"background-color":"var(--ast-global-color-5)","background-image":"","background-repeat":"repeat","background-position":"center center","background-size":"auto","background-attachment":"scroll","background-type":"","background-media":"","overlay-type":"","overlay-color":"","overlay-opacity":"","overlay-gradient":""},"tablet":{"background-color":"var(--ast-global-color-5)","background-image":"","background-repeat":"repeat","background-position":"center center","background-size":"auto","background-attachment":"scroll","background-type":"","background-media":"","overlay-type":"","overlay-color":"","overlay-opacity":"","overlay-gradient":""},"mobile":{"background-color":"var(--ast-global-color-5)","background-image":"","background-repeat":"repeat","background-position":"center center","background-size":"auto","background-attachment":"scroll","background-type":"","background-media":"","overlay-type":"","overlay-color":"","overlay-opacity":"","overlay-gradient":""}}},"product_brand":[],"product_cat":[285,374],"product_tag":[],"class_list":{"0":"post-4857","1":"product","2":"type-product","3":"status-publish","4":"has-post-thumbnail","6":"product_cat-snowhotel","7":"product_cat-summer-autumn-tours","8":"pa_month-mai","9":"pa_month-juni","10":"pa_month-juli","11":"pa_month-august","12":"pa_month-september","13":"pa_month-oktober","14":"pa_month-november","15":"desktop-align-left","16":"tablet-align-left","17":"mobile-align-left","19":"first","20":"instock","21":"sold-individually","22":"taxable","23":"shipping-taxable","24":"purchasable","25":"product-type-phive_booking"},"aioseo_notices":[],"_links":{"self":[{"href":"https:\/\/www.bookingkirkenes.no\/no\/wp-json\/wp\/v2\/product\/4857","targetHints":{"allow":["GET"]}}],"collection":[{"href":"https:\/\/www.bookingkirkenes.no\/no\/wp-json\/wp\/v2\/product"}],"about":[{"href":"https:\/\/www.bookingkirkenes.no\/no\/wp-json\/wp\/v2\/types\/product"}],"replies":[{"embeddable":true,"href":"https:\/\/www.bookingkirkenes.no\/no\/wp-json\/wp\/v2\/comments?post=4857"}],"version-history":[{"count":12,"href":"https:\/\/www.bookingkirkenes.no\/no\/wp-json\/wp\/v2\/product\/4857\/revisions"}],"predecessor-version":[{"id":15442,"href":"https:\/\/www.bookingkirkenes.no\/no\/wp-json\/wp\/v2\/product\/4857\/revisions\/15442"}],"wp:featuredmedia":[{"embeddable":true,"href":"https:\/\/www.bookingkirkenes.no\/no\/wp-json\/wp\/v2\/media\/4859"}],"wp:attachment":[{"href":"https:\/\/www.bookingkirkenes.no\/no\/wp-json\/wp\/v2\/media?parent=4857"}],"wp:term":[{"taxonomy":"product_brand","embeddable":true,"href":"https:\/\/www.bookingkirkenes.no\/no\/wp-json\/wp\/v2\/product_brand?post=4857"},{"taxonomy":"product_cat","embeddable":true,"href":"https:\/\/www.bookingkirkenes.no\/no\/wp-json\/wp\/v2\/product_cat?post=4857"},{"taxonomy":"product_tag","embeddable":true,"href":"https:\/\/www.bookingkirkenes.no\/no\/wp-json\/wp\/v2\/product_tag?post=4857"}],"curies":[{"name":"wp","href":"https:\/\/api.w.org\/{rel}","templated":true}]}}