{"id":4533,"date":"2023-02-03T15:33:03","date_gmt":"2023-02-03T14:33:03","guid":{"rendered":"https:\/\/www.bookingkirkenes.no\/?post_type=product&#038;p=4533"},"modified":"2026-03-26T13:46:52","modified_gmt":"2026-03-26T12:46:52","slug":"transfer-airport-hotel-pier","status":"publish","type":"product","link":"https:\/\/www.bookingkirkenes.no\/no\/produkt\/transfer-airport-hotel-pier\/","title":{"rendered":"Flyplasstransport: fra Kirkenes flyplass til Kirkenes (hotell\/brygge)"},"content":{"rendered":"<p><strong>Mer informasjon<\/strong><\/p>\n<p>Vi tilbyr transport fra flyplassen til hotellet ditt i <a href=\"https:\/\/www.youtube.com\/watch?v=kn_GmZSr7Fw\" target=\"_blank\" rel=\"noopener\">Kirkenes<\/a> eller til brygga for Hurtigruten\/Havila-avgangen. V\u00e5re sj\u00e5f\u00f8rer m\u00f8ter deg i ankomsthallen med et velkomstskilt og kj\u00f8rer deg i minibuss, minivan eller i taxibiler.<br \/>\nDenne overf\u00f8ringen kan bestilles for 1 til 15 personer, for st\u00f8rre grupper vennligst send oss en e-post.<\/p>\n<p>Priser:<br \/>\n1500 kr for sedan, 1-3 personer<br \/>\n2300 NOK for a minivan, 1 \u2013 6 persons<br \/>\n3100 NOK for minibuss, 1 \u2013 15 personer<br \/>\n*prisen inkluderer transport og flyplassavgift<\/p>\n<p><strong>Informasjon om bestilling og betaling:<\/strong><\/p>\n<ul>\n<li><em>velg dato, hentetid, antall gjester og hentested<\/em><\/li>\n<li><em>bestill n\u00e5: turen vil vises i kurven<\/em><\/li>\n<li><em>klikk p\u00e5 handlekurven og g\u00e5 til kassen<\/em><\/li>\n<li><em>p\u00e5 neste side m\u00e5 du gi oss faktureringsinformasjon<\/em><\/li>\n<li><em>Vennligst les detaljene om kanselleringsvilk\u00e5r her: <a href=\"https:\/\/www.bookingkirkenes.no\/no\/about-us\/general-terms\/\" target=\"_blank\" rel=\"noopener\">https:\/\/www.bookingkirkenes.no\/about-us\/general-terms\/<\/a><\/em><\/li>\n<li><em>Trenger du hjelp med din bestilling: send oss en epost info@bookingkirkenes.no eller ring +47 78 99 50 80<\/em><\/li>\n<\/ul>\n<p>&nbsp;<\/p>","protected":false},"excerpt":{"rendered":"<p>Vi tilbyr transport fra flyplassen til hotellet ditt i <a href=\"https:\/\/www.youtube.com\/watch?v=kn_GmZSr7Fw\" target=\"_blank\" rel=\"noopener\">Kirkenes<\/a> eller til brygga for Hurtigruten\/Havila-avgangen. <a href=\"https:\/\/www.tripadvisor.com\/Attraction_Review-g227953-d3529784-Reviews-Booking_Kirkenes-Kirkenes_Sor_Varanger_Municipality_Finnmark_Northern_Norway.html\" target=\"_blank\" rel=\"noopener\">V\u00e5re sj\u00e5f\u00f8rer<\/a> will meet you in the arrival hall with a welcome sign and drive you in a minibus, minivan or in taxi cars, depending on group size.<br \/>\nDenne overf\u00f8ringen kan bestilles for 1 til 15 personer, for st\u00f8rre grupper vennligst send oss en e-post.<\/p>","protected":false},"featured_media":2281,"comment_status":"open","ping_status":"closed","template":"","meta":{"site-sidebar-layout":"default","site-content-layout":"default","ast-site-content-layout":"default","site-content-style":"default","site-sidebar-style":"default","ast-global-header-display":"","ast-banner-title-visibility":"","ast-main-header-display":"","ast-hfb-above-header-display":"","ast-hfb-below-header-display":"","ast-hfb-mobile-header-display":"","site-post-title":"","ast-breadcrumbs-content":"","ast-featured-img":"","footer-sml-layout":"","ast-disable-related-posts":"","theme-transparent-header-meta":"default","adv-header-id-meta":"","stick-header-meta":"","header-above-stick-meta":"","header-main-stick-meta":"","header-below-stick-meta":"","astra-migrate-meta-layouts":"set","ast-page-background-enabled":"default","ast-page-background-meta":{"desktop":{"background-color":"var(--ast-global-color-4)","background-image":"","background-repeat":"repeat","background-position":"center center","background-size":"auto","background-attachment":"scroll","background-type":"","background-media":"","overlay-type":"","overlay-color":"","overlay-opacity":"","overlay-gradient":""},"tablet":{"background-color":"","background-image":"","background-repeat":"repeat","background-position":"center center","background-size":"auto","background-attachment":"scroll","background-type":"","background-media":"","overlay-type":"","overlay-color":"","overlay-opacity":"","overlay-gradient":""},"mobile":{"background-color":"","background-image":"","background-repeat":"repeat","background-position":"center center","background-size":"auto","background-attachment":"scroll","background-type":"","background-media":"","overlay-type":"","overlay-color":"","overlay-opacity":"","overlay-gradient":""}},"ast-content-background-meta":{"desktop":{"background-color":"var(--ast-global-color-5)","background-image":"","background-repeat":"repeat","background-position":"center center","background-size":"auto","background-attachment":"scroll","background-type":"","background-media":"","overlay-type":"","overlay-color":"","overlay-opacity":"","overlay-gradient":""},"tablet":{"background-color":"var(--ast-global-color-5)","background-image":"","background-repeat":"repeat","background-position":"center center","background-size":"auto","background-attachment":"scroll","background-type":"","background-media":"","overlay-type":"","overlay-color":"","overlay-opacity":"","overlay-gradient":""},"mobile":{"background-color":"var(--ast-global-color-5)","background-image":"","background-repeat":"repeat","background-position":"center center","background-size":"auto","background-attachment":"scroll","background-type":"","background-media":"","overlay-type":"","overlay-color":"","overlay-opacity":"","overlay-gradient":""}}},"product_brand":[],"product_cat":[16,354],"product_tag":[],"class_list":{"0":"post-4533","1":"product","2":"type-product","3":"status-publish","4":"has-post-thumbnail","6":"product_cat-ukategorisert","7":"product_cat-transfers","8":"desktop-align-left","9":"tablet-align-left","10":"mobile-align-left","12":"first","13":"instock","14":"virtual","15":"sold-individually","16":"taxable","17":"purchasable","18":"product-type-phive_booking"},"aioseo_notices":[],"_links":{"self":[{"href":"https:\/\/www.bookingkirkenes.no\/no\/wp-json\/wp\/v2\/product\/4533","targetHints":{"allow":["GET"]}}],"collection":[{"href":"https:\/\/www.bookingkirkenes.no\/no\/wp-json\/wp\/v2\/product"}],"about":[{"href":"https:\/\/www.bookingkirkenes.no\/no\/wp-json\/wp\/v2\/types\/product"}],"replies":[{"embeddable":true,"href":"https:\/\/www.bookingkirkenes.no\/no\/wp-json\/wp\/v2\/comments?post=4533"}],"version-history":[{"count":15,"href":"https:\/\/www.bookingkirkenes.no\/no\/wp-json\/wp\/v2\/product\/4533\/revisions"}],"predecessor-version":[{"id":15289,"href":"https:\/\/www.bookingkirkenes.no\/no\/wp-json\/wp\/v2\/product\/4533\/revisions\/15289"}],"wp:featuredmedia":[{"embeddable":true,"href":"https:\/\/www.bookingkirkenes.no\/no\/wp-json\/wp\/v2\/media\/2281"}],"wp:attachment":[{"href":"https:\/\/www.bookingkirkenes.no\/no\/wp-json\/wp\/v2\/media?parent=4533"}],"wp:term":[{"taxonomy":"product_brand","embeddable":true,"href":"https:\/\/www.bookingkirkenes.no\/no\/wp-json\/wp\/v2\/product_brand?post=4533"},{"taxonomy":"product_cat","embeddable":true,"href":"https:\/\/www.bookingkirkenes.no\/no\/wp-json\/wp\/v2\/product_cat?post=4533"},{"taxonomy":"product_tag","embeddable":true,"href":"https:\/\/www.bookingkirkenes.no\/no\/wp-json\/wp\/v2\/product_tag?post=4533"}],"curies":[{"name":"wp","href":"https:\/\/api.w.org\/{rel}","templated":true}]}}