{"id":421,"date":"2021-10-25T11:05:17","date_gmt":"2021-10-25T09:05:17","guid":{"rendered":"https:\/\/www.bookingkirkenes.no\/?post_type=product&#038;p=421"},"modified":"2026-04-22T09:51:01","modified_gmt":"2026-04-22T07:51:01","slug":"visit-to-the-snow-resort","status":"publish","type":"product","link":"https:\/\/www.bookingkirkenes.no\/no\/produkt\/visit-to-the-snow-resort\/","title":{"rendered":"Visit to the Snow Resort (KI18-sh)"},"content":{"rendered":"<p>Bes\u00f8k det kuleste hotellet med sin avslappede bar p\u00e5 <a href=\"https:\/\/www.youtube.com\/watch?v=_1Y9jZ33gqI\" target=\"_blank\" rel=\"noopener\">Kirkenes Snow Resort<\/a>En imponerende arkitektur, bygget kun av sn\u00f8 og is. Reinsdyr streifer rundt p\u00e5 hotellet i sitt naturlige milj\u00f8. V\u00e5re huskyer i kennelene er klare for en l\u00f8petur. Nyt en kopp te eller kaffe rundt peisen i v\u00e5r lavvu-restaurant.<\/p>\n<p>Tilgjengelig 01.12 \u2013 30.04<br \/>\nV\u00e6r oppmerksom p\u00e5 at denne turen er tilgjengelig hele \u00e5ret. For bestilling i perioden mai \u2013 nov, bestill sommerturen med bestillingskode <a href=\"https:\/\/www.bookingkirkenes.no\/no\/produkt\/snowhotel-summer-visit-ks18\/\">KS18<\/a><br \/>\nVarighet 2 timer<br \/>\n13.00 &#8211; 15.00<\/p>\n<p><strong>Pris:<\/strong> Adult 1250 NOK per person, Children 625 NOK per child ( 4-11 years )<\/p>\n<p>inkludert transport fra\/til hotell, guide, inngangsbillett<\/p>\n<p><strong>Informasjon om bestilling og betaling:<\/strong><\/p>\n<ul>\n<li><em>velg dato, hentetid, antall gjester og hentested<\/em><\/li>\n<li><em>bestill n\u00e5: turen vil vises i kurven<\/em><\/li>\n<li><em>klikk p\u00e5 handlekurven og g\u00e5 til kassen<\/em><\/li>\n<li><em>p\u00e5 neste side m\u00e5 du gi oss faktureringsinformasjon<\/em><\/li>\n<li><em>betaling kan gj\u00f8res med kort (Visa\/Master) og PayPal<\/em><\/li>\n<li><em>Vennligst les detaljene om kanselleringsvilk\u00e5r her: <a href=\"https:\/\/www.bookingkirkenes.no\/no\/about-us\/general-terms\/\" target=\"_blank\" rel=\"noopener\">https:\/\/www.bookingkirkenes.no\/about-us\/general-terms\/<\/a><\/em><\/li>\n<li><em>Trenger du hjelp med din bestilling: send oss en epost info@bookingkirkenes.no eller ring +47 78 99 50 80<\/em><\/li>\n<\/ul>","protected":false},"excerpt":{"rendered":"<p>Bes\u00f8k det kuleste hotellet med sine vakre dekorerte rom og isskulpturer. Reinsdyr streifer rundt p\u00e5 hotellet og du kan kose med v\u00e5re koselige hunder (huskyer). Sn\u00f8hotellet kan bes\u00f8kes hele \u00e5ret. For turer om sommeren (mai \u2013 nov), vennligst klikk her: <a href=\"https:\/\/www.bookingkirkenes.no\/no\/produkt\/snowhotel-summer-visit-ks18\/\">Sn\u00f8hotell sommerbes\u00f8k<\/a><\/p>","protected":false},"featured_media":1205,"comment_status":"closed","ping_status":"closed","template":"","meta":{"site-sidebar-layout":"default","site-content-layout":"default","ast-site-content-layout":"default","site-content-style":"default","site-sidebar-style":"default","ast-global-header-display":"","ast-banner-title-visibility":"","ast-main-header-display":"","ast-hfb-above-header-display":"","ast-hfb-below-header-display":"","ast-hfb-mobile-header-display":"","site-post-title":"","ast-breadcrumbs-content":"","ast-featured-img":"","footer-sml-layout":"","ast-disable-related-posts":"","theme-transparent-header-meta":"default","adv-header-id-meta":"","stick-header-meta":"","header-above-stick-meta":"","header-main-stick-meta":"","header-below-stick-meta":"","astra-migrate-meta-layouts":"set","ast-page-background-enabled":"default","ast-page-background-meta":{"desktop":{"background-color":"var(--ast-global-color-4)","background-image":"","background-repeat":"repeat","background-position":"center center","background-size":"auto","background-attachment":"scroll","background-type":"","background-media":"","overlay-type":"","overlay-color":"","overlay-opacity":"","overlay-gradient":""},"tablet":{"background-color":"","background-image":"","background-repeat":"repeat","background-position":"center center","background-size":"auto","background-attachment":"scroll","background-type":"","background-media":"","overlay-type":"","overlay-color":"","overlay-opacity":"","overlay-gradient":""},"mobile":{"background-color":"","background-image":"","background-repeat":"repeat","background-position":"center center","background-size":"auto","background-attachment":"scroll","background-type":"","background-media":"","overlay-type":"","overlay-color":"","overlay-opacity":"","overlay-gradient":""}},"ast-content-background-meta":{"desktop":{"background-color":"var(--ast-global-color-5)","background-image":"","background-repeat":"repeat","background-position":"center center","background-size":"auto","background-attachment":"scroll","background-type":"","background-media":"","overlay-type":"","overlay-color":"","overlay-opacity":"","overlay-gradient":""},"tablet":{"background-color":"var(--ast-global-color-5)","background-image":"","background-repeat":"repeat","background-position":"center center","background-size":"auto","background-attachment":"scroll","background-type":"","background-media":"","overlay-type":"","overlay-color":"","overlay-opacity":"","overlay-gradient":""},"mobile":{"background-color":"var(--ast-global-color-5)","background-image":"","background-repeat":"repeat","background-position":"center center","background-size":"auto","background-attachment":"scroll","background-type":"","background-media":"","overlay-type":"","overlay-color":"","overlay-opacity":"","overlay-gradient":""}}},"product_brand":[],"product_cat":[285,375],"product_tag":[],"class_list":{"0":"post-421","1":"product","2":"type-product","3":"status-publish","4":"has-post-thumbnail","6":"product_cat-snowhotel","7":"product_cat-winter-tours","8":"pa_month-januar","9":"pa_month-februar","10":"pa_month-mars","11":"pa_month-april","12":"pa_month-desember","13":"desktop-align-left","14":"tablet-align-left","15":"mobile-align-left","17":"first","18":"instock","19":"sold-individually","20":"taxable","21":"shipping-taxable","22":"purchasable","23":"product-type-phive_booking"},"aioseo_notices":[],"_links":{"self":[{"href":"https:\/\/www.bookingkirkenes.no\/no\/wp-json\/wp\/v2\/product\/421","targetHints":{"allow":["GET"]}}],"collection":[{"href":"https:\/\/www.bookingkirkenes.no\/no\/wp-json\/wp\/v2\/product"}],"about":[{"href":"https:\/\/www.bookingkirkenes.no\/no\/wp-json\/wp\/v2\/types\/product"}],"replies":[{"embeddable":true,"href":"https:\/\/www.bookingkirkenes.no\/no\/wp-json\/wp\/v2\/comments?post=421"}],"version-history":[{"count":19,"href":"https:\/\/www.bookingkirkenes.no\/no\/wp-json\/wp\/v2\/product\/421\/revisions"}],"predecessor-version":[{"id":15511,"href":"https:\/\/www.bookingkirkenes.no\/no\/wp-json\/wp\/v2\/product\/421\/revisions\/15511"}],"wp:featuredmedia":[{"embeddable":true,"href":"https:\/\/www.bookingkirkenes.no\/no\/wp-json\/wp\/v2\/media\/1205"}],"wp:attachment":[{"href":"https:\/\/www.bookingkirkenes.no\/no\/wp-json\/wp\/v2\/media?parent=421"}],"wp:term":[{"taxonomy":"product_brand","embeddable":true,"href":"https:\/\/www.bookingkirkenes.no\/no\/wp-json\/wp\/v2\/product_brand?post=421"},{"taxonomy":"product_cat","embeddable":true,"href":"https:\/\/www.bookingkirkenes.no\/no\/wp-json\/wp\/v2\/product_cat?post=421"},{"taxonomy":"product_tag","embeddable":true,"href":"https:\/\/www.bookingkirkenes.no\/no\/wp-json\/wp\/v2\/product_tag?post=421"}],"curies":[{"name":"wp","href":"https:\/\/api.w.org\/{rel}","templated":true}]}}