{"id":351,"date":"2021-10-25T11:04:50","date_gmt":"2021-10-25T09:04:50","guid":{"rendered":"https:\/\/www.bookingkirkenes.no\/?post_type=product&#038;p=351"},"modified":"2026-05-13T09:57:22","modified_gmt":"2026-05-13T07:57:22","slug":"hs02-pt","status":"publish","type":"product","link":"https:\/\/www.bookingkirkenes.no\/no\/produkt\/hs02-pt\/","title":{"rendered":"Russian Border Tour &#038; Snow Resort Visit (HS02-pt)"},"content":{"rendered":"<p><strong>\ud83c\udf3f<\/strong><strong> Guided Tour: Kirkenes, Russian Border &amp; Snow Resort Visit (Summer)<\/strong><\/p>\n<p>Oppdag h\u00f8ydepunktene av <a href=\"https:\/\/www.youtube.com\/watch?v=kn_GmZSr7Fw\" target=\"_blank\" rel=\"noopener\">Kirkenes<\/a> and the border region in just 2.5 hours with a friendly, <a href=\"https:\/\/www.tripadvisor.com\/Attraction_Review-g227953-d3529784-Reviews-Booking_Kirkenes-Kirkenes_Sor_Varanger_Municipality_Finnmark_Northern_Norway.html\" target=\"_blank\" rel=\"noopener\">knowledgeable local guide<\/a>. This minivan tour gives you fascinating insight into life at the edge of Norway, close to both Russia and Finland.<\/p>\n<p>Perfect for guests arriving or departing with Hurtigruten or Havila, with convenient <strong>pick-up and drop-off<\/strong> at your hotel, pier, or airport.<\/p>\n<p>\ud83d\udcc5 <strong>Tilgjengelig:<\/strong> 1. mai \u2013 30. november<br \/>\n\u23f0 <strong>Varighet:<\/strong> 2,5 timer<br \/>\n\ud83d\udd58 <strong>Avgangstider:<\/strong><br \/>\n\u2022 09:30 \u2013 12:00<br \/>\n\u2022 13:30 \u2013 16:00<br \/>\n<em>(Andre tider tilgjengelig p\u00e5 foresp\u00f8rsel)<\/em><\/p>\n<p>\ud83d\udcb0 <strong>Pris:<\/strong><br \/>\n\u2022 1,300 NOK per adult (minimum 2 guests) on weekdays<br \/>\n\u2022 1,950 NOK per adult on weekends (Saturday\u2013Sunday)<br \/>\n\u2022 Children (4\u201311 years): 650 NOK per child on weekdays\u00a0 \u00a0 \u00a0 \u00a0 \u00a0 \u00a0 \u2022 Children (4\u201311 years): 1300 NOK per child on weekends (Saturday\u2013Sunday)<\/p>\n<p>\ud83d\ude90 <strong>Henting:<\/strong> Hotels in Kirkenes, Hurtigruten\/Havila pier.<\/p>\n<p><strong>\ud83e\udded<\/strong><strong> Turoversikt<\/strong><\/p>\n<p>In just 2.5 hours, explore Kirkenes, its surroundings, and the unique border region with a knowledgeable local guide. Learn about the town\u2019s history, Arctic lifestyle, and strategic location near <strong>Russia and Finland<\/strong>.<\/p>\n<p>The tour includes a visit to the <strong>Storskog russisk grensekontroll<\/strong> and a visit of the <strong>Snow Resort Kirkenes<\/strong>, where you can experience ice art, meet huskies and reindeer, and enjoy a hot beverage \u2014 even in summer!<\/p>\n<p><strong>\ud83d\udd0d<\/strong><strong> Hva du vil oppleve<\/strong><\/p>\n<p><strong>\ud83c\udfd9<\/strong><strong>\ufe0f Kirkenes Sightseeing:<\/strong><br \/>\nGuided drive through the town, including a scenic viewpoint. Learn about local history, Arctic life, climate, and Kirkenes\u2019 ties with Russia and Finland.<\/p>\n<p><strong>\ud83c\udf0d<\/strong><strong> Storskog \u2013 Russian Border:<\/strong><br \/>\nStand at the official Norway-Russia border and hear stories about Cold War history, cross-border trade, and the region\u2019s geopolitical importance.<\/p>\n<p><strong>\u2744\ufe0f<\/strong><strong> Snow Resort Kirkenes Visit :<\/strong><br \/>\nStep inside the icy rooms and admire beautiful ice art. Take photos,\u00a0visit the dog yard to meet friendly huskies, and see the reindeer roaming freely \ud83d\udc3e.<\/p>\n<p><strong>Komfortabel transport:<\/strong><br \/>\nTravel in a cozy minivan with a semi-private group for a relaxed and informative experience.<\/p>\n<p><strong>\u2705<\/strong><strong> Turdetaljer<\/strong><\/p>\n<ul>\n<li><strong>\u00c5rstid:<\/strong> 1. mai \u2013 30. november<br \/>\n\u2022 <strong>Varighet:<\/strong> 2,5 timer<br \/>\n\u2022 <strong>Avgangstider:<\/strong> 09:30 &amp; 13:30<br \/>\n\u2022 <strong>Gruppetype:<\/strong> minivan (shared tour)<br \/>\n\u2022 <strong>Spr\u00e5k:<\/strong> Engelsk (kun tysk, fransk eller norsk p\u00e5 private turer)<br \/>\n\u2022 <strong>Transport:<\/strong> Minivan with hotels or Hurtigruten \/ Havila pier pickup included<\/li>\n<\/ul>\n<p><strong>\ud83d\udc65<\/strong><strong> Privat turalternativ<\/strong><\/p>\n<p>Prefer a fully private version of this tour? Book the private option for a personalized experience. <a href=\"https:\/\/www.bookingkirkenes.no\/no\/produkt\/kirkenes-and-borderland-sightseeing-visit-snowhotel-private-tour-hps02-pt\/\" target=\"_blank\" rel=\"noopener\">Click here !<\/a><\/p>\n<p><strong>\ud83d\uded2<\/strong><strong> Bestilling og betaling<\/strong><\/p>\n<ol>\n<li>Select your date, departure time, number of guests, and pickup location<\/li>\n<li>Klikk <strong>\u00abBestill n\u00e5\u00bb<\/strong> \u2013 the tour will be added to your basket<\/li>\n<li>Go to your basket and proceed to checkout<\/li>\n<li>Provide your billing information<\/li>\n<li>Pay securely using Visa, MasterCard<\/li>\n<li>Receive instant email confirmation \ud83d\udce7<\/li>\n<\/ol>\n<p><strong>\u274c<\/strong><strong> Avbestillingsregler<\/strong><\/p>\n<p>\ud83d\udcc4 See full cancellation terms: <a href=\"https:\/\/www.bookingkirkenes.no\/no\/about-us\/general-terms\/\">Generelle vilk\u00e5r og betingelser<\/a><\/p>\n<p><strong>\ud83d\udcde<\/strong><strong> Trenger du hjelp?<\/strong><\/p>\n<p>\ud83d\udce7 <strong>E-post:<\/strong> info@bookingkirkenes.no<br \/>\n\ud83d\udcde <strong>Telefon:<\/strong> +47 78 99 50 80<\/p>\n<p>&nbsp;<\/p>\n<p>&nbsp;<\/p>","protected":false},"excerpt":{"rendered":"<p data-start=\"195\" data-end=\"523\"><strong data-start=\"195\" data-end=\"265\">Sightseeing in Kirkenes \u2013 Summer Edition (May to November)<\/strong><br data-start=\"265\" data-end=\"268\" \/>Discover Kirkenes and its scenic surroundings on a\u00a0 tour with a local guide in a comfortable minibus. This all-year experience includes a visit to the world-famous <a class=\"decorated-link cursor-pointer\" href=\"https:\/\/www.youtube.com\/watch?v=wqutJWC5Wrs&amp;t=86s\" target=\"_blank\" rel=\"noopener\" data-start=\"439\" data-end=\"453\">Sn\u00f8hotell<\/a> og et stopp ved <a class=\"decorated-link cursor-pointer\" href=\"https:\/\/www.youtube.com\/watch?v=cLyalgI6hTM\" target=\"_blank\" rel=\"noopener\" data-start=\"472\" data-end=\"487\">huskyg\u00e5rd<\/a>, hjem til over 150 vennlige huskyer.<\/p>\n<p data-start=\"525\" data-end=\"644\">Nyt den arktiske sommerens skj\u00f8nnhet \u2013 med gr\u00f8nne landskap, frisk luft og lange, lyse dager under midnattssolen.<\/p>\n<p data-start=\"646\" data-end=\"824\">\ud83d\udd39 Omvisninger tilgjengelig p\u00e5 engelsk, tysk, fransk eller norsk (p\u00e5 foresp\u00f8rsel og med forh\u00e5ndsbestilling).<br data-start=\"740\" data-end=\"743\" \/>\ud83d\udd39 Denne turen tilbys hele \u00e5ret \u2013 for vinterinformasjon, <a class=\"decorated-link cursor-pointer\" href=\"https:\/\/www.bookingkirkenes.no\/no\/produkt\/kirkenes-and-borderland-sightseeing-visit-snowhotel-may-nov-hw02-pt\/\" target=\"_blank\" rel=\"noopener\" data-start=\"808\" data-end=\"823\">Klikk her<\/a>.<\/p>\n<p data-start=\"826\" data-end=\"927\">","protected":false},"featured_media":4859,"comment_status":"closed","ping_status":"closed","template":"","meta":{"site-sidebar-layout":"default","site-content-layout":"default","ast-site-content-layout":"default","site-content-style":"default","site-sidebar-style":"default","ast-global-header-display":"","ast-banner-title-visibility":"","ast-main-header-display":"","ast-hfb-above-header-display":"","ast-hfb-below-header-display":"","ast-hfb-mobile-header-display":"","site-post-title":"","ast-breadcrumbs-content":"","ast-featured-img":"","footer-sml-layout":"","ast-disable-related-posts":"","theme-transparent-header-meta":"default","adv-header-id-meta":"","stick-header-meta":"","header-above-stick-meta":"","header-main-stick-meta":"","header-below-stick-meta":"","astra-migrate-meta-layouts":"set","ast-page-background-enabled":"default","ast-page-background-meta":{"desktop":{"background-color":"var(--ast-global-color-4)","background-image":"","background-repeat":"repeat","background-position":"center center","background-size":"auto","background-attachment":"scroll","background-type":"","background-media":"","overlay-type":"","overlay-color":"","overlay-opacity":"","overlay-gradient":""},"tablet":{"background-color":"","background-image":"","background-repeat":"repeat","background-position":"center center","background-size":"auto","background-attachment":"scroll","background-type":"","background-media":"","overlay-type":"","overlay-color":"","overlay-opacity":"","overlay-gradient":""},"mobile":{"background-color":"","background-image":"","background-repeat":"repeat","background-position":"center center","background-size":"auto","background-attachment":"scroll","background-type":"","background-media":"","overlay-type":"","overlay-color":"","overlay-opacity":"","overlay-gradient":""}},"ast-content-background-meta":{"desktop":{"background-color":"var(--ast-global-color-5)","background-image":"","background-repeat":"repeat","background-position":"center center","background-size":"auto","background-attachment":"scroll","background-type":"","background-media":"","overlay-type":"","overlay-color":"","overlay-opacity":"","overlay-gradient":""},"tablet":{"background-color":"var(--ast-global-color-5)","background-image":"","background-repeat":"repeat","background-position":"center center","background-size":"auto","background-attachment":"scroll","background-type":"","background-media":"","overlay-type":"","overlay-color":"","overlay-opacity":"","overlay-gradient":""},"mobile":{"background-color":"var(--ast-global-color-5)","background-image":"","background-repeat":"repeat","background-position":"center center","background-size":"auto","background-attachment":"scroll","background-type":"","background-media":"","overlay-type":"","overlay-color":"","overlay-opacity":"","overlay-gradient":""}}},"product_brand":[],"product_cat":[282,281,286,283,285,374],"product_tag":[341],"class_list":{"0":"post-351","1":"product","2":"type-product","3":"status-publish","4":"has-post-thumbnail","6":"product_cat-kirkenes","7":"product_cat-local-guiding","8":"product_cat-russian-border","9":"product_cat-sightseeing-by-bus","10":"product_cat-snowhotel","11":"product_cat-summer-autumn-tours","12":"product_tag-summer","13":"pa_month-mai","14":"pa_month-juni","15":"pa_month-juli","16":"pa_month-august","17":"pa_month-september","18":"pa_month-oktober","19":"pa_month-november","20":"desktop-align-left","21":"tablet-align-left","22":"mobile-align-left","24":"first","25":"instock","26":"sold-individually","27":"taxable","28":"shipping-taxable","29":"purchasable","30":"product-type-phive_booking"},"aioseo_notices":[],"_links":{"self":[{"href":"https:\/\/www.bookingkirkenes.no\/no\/wp-json\/wp\/v2\/product\/351","targetHints":{"allow":["GET"]}}],"collection":[{"href":"https:\/\/www.bookingkirkenes.no\/no\/wp-json\/wp\/v2\/product"}],"about":[{"href":"https:\/\/www.bookingkirkenes.no\/no\/wp-json\/wp\/v2\/types\/product"}],"replies":[{"embeddable":true,"href":"https:\/\/www.bookingkirkenes.no\/no\/wp-json\/wp\/v2\/comments?post=351"}],"version-history":[{"count":48,"href":"https:\/\/www.bookingkirkenes.no\/no\/wp-json\/wp\/v2\/product\/351\/revisions"}],"predecessor-version":[{"id":15435,"href":"https:\/\/www.bookingkirkenes.no\/no\/wp-json\/wp\/v2\/product\/351\/revisions\/15435"}],"wp:featuredmedia":[{"embeddable":true,"href":"https:\/\/www.bookingkirkenes.no\/no\/wp-json\/wp\/v2\/media\/4859"}],"wp:attachment":[{"href":"https:\/\/www.bookingkirkenes.no\/no\/wp-json\/wp\/v2\/media?parent=351"}],"wp:term":[{"taxonomy":"product_brand","embeddable":true,"href":"https:\/\/www.bookingkirkenes.no\/no\/wp-json\/wp\/v2\/product_brand?post=351"},{"taxonomy":"product_cat","embeddable":true,"href":"https:\/\/www.bookingkirkenes.no\/no\/wp-json\/wp\/v2\/product_cat?post=351"},{"taxonomy":"product_tag","embeddable":true,"href":"https:\/\/www.bookingkirkenes.no\/no\/wp-json\/wp\/v2\/product_tag?post=351"}],"curies":[{"name":"wp","href":"https:\/\/api.w.org\/{rel}","templated":true}]}}