{"id":11409,"date":"2025-04-14T13:04:30","date_gmt":"2025-04-14T11:04:30","guid":{"rendered":"https:\/\/www.bookingkirkenes.no\/?post_type=product&#038;p=11409"},"modified":"2026-04-22T11:14:39","modified_gmt":"2026-04-22T09:14:39","slug":"visit-neiden-and-finnish-border","status":"publish","type":"product","link":"https:\/\/www.bookingkirkenes.no\/no\/produkt\/visit-neiden-and-finnish-border\/","title":{"rendered":"Visit Neiden and Finnish Border (HW04-pt)"},"content":{"rendered":"<p><strong>\ud83c\udf32<\/strong><strong> Private Neiden Village &amp; Border Tour \u2013 Culture &amp; Nature Experience<\/strong><\/p>\n<p>Explore the charming <strong>border village of Neiden<\/strong>, west of <a href=\"https:\/\/www.youtube.com\/watch?v=VrUXtaNZFAk\" target=\"_blank\" rel=\"noopener\">Kirkenes<\/a>, on this <strong>4-hour private tour<\/strong>. Discover the region\u2019s <strong>rich cultural heritage<\/strong> with stops at the <strong>Skoltefossen<\/strong> and the historic <strong>Neiden Church<\/strong>, and enjoy the spectacular <strong>fjord landscape<\/strong> along the way.<\/p>\n<p>Travel comfortably in a <strong>private minivan<\/strong> <a href=\"https:\/\/www.tripadvisor.com\/Attraction_Review-g227953-d3529784-Reviews-Booking_Kirkenes-Kirkenes_Sor_Varanger_Municipality_Finnmark_Northern_Norway.html\" target=\"_blank\" rel=\"noopener\">with your own local guide<\/a> \u2014 no other guests join \u2014 for a fully personal and immersive experience.<\/p>\n<p>\ud83d\udcc5 <strong>Tilgjengelig:<\/strong> Weekdays, December 1 \u2013 April 30<br \/>\n\u23f0 <strong>Varighet:<\/strong> 4 timer<br \/>\n\ud83d\udd58 <strong>Avgangstider:<\/strong> 11:00 \u2013 15:00<br \/>\n<em>(Other departures available on request)<\/em><\/p>\n<p>\ud83d\udcb0 <strong>Pris:<\/strong><br \/>\n\u2022 8,800 NOK for 1\u20134 persons<br \/>\n\u2022 From the 5th person: +2,200 NOK per additional guest<\/p>\n<p>\ud83d\ude90 <strong>Henting:<\/strong> Hotels, <strong>Hurtigruten\/Havila brygge<\/strong>, <strong>Snow Resort<\/strong>, eller <strong>Kirkenes lufthavn<\/strong><\/p>\n<p><strong>\ud83e\udded<\/strong><strong> Turoversikt<\/strong><\/p>\n<p>Journey from <strong>Kirkenes to Neiden (40 km)<\/strong> along the scenic <strong>Munkefjorden<\/strong>, surrounded by fjords and lively birdlife. Visit the <strong>orthodox St. George\u2019s chapel<\/strong>, established in 1565, and make photo stops at the <strong>Skoltefossen<\/strong> og <strong>Neiden Church<\/strong>.<\/p>\n<p>Continue to the <strong>Norwegian-Finnish border<\/strong> and stop briefly in the Finnish village <strong>N\u00e4\u00e4t\u00e4m\u00f6<\/strong>, learning about local history and cross-border culture along the way.<\/p>\n<p><strong>\ud83d\udd0d<\/strong><strong> Hva du vil oppleve<\/strong><\/p>\n<p><strong>Scenic Drive &amp; Fjord Landscape:<\/strong><br \/>\nEnjoy the stunning <strong>fjord views<\/strong> and abundant Arctic birdlife along the journey from Kirkenes to Neiden.<\/p>\n<p><strong>Historic &amp; Cultural Sites:<\/strong><br \/>\nBes\u00f8k <strong>St. George\u2019s chapel<\/strong>, take photos at the <strong>Skoltefossen<\/strong>, and admire the architecture of <strong>Neiden Church<\/strong>.<\/p>\n<p><strong>Border Exploration:<\/strong><br \/>\nStopp ved <strong>Norwegian-Finnish border<\/strong> and the Finnish village <strong>N\u00e4\u00e4t\u00e4m\u00f6<\/strong>, capturing unique cross-border sights and experiences.<\/p>\n<p><strong>Komfortabel transport:<\/strong><br \/>\nTravel in a private <strong>minivan<\/strong> with your guide, ensuring a relaxed and personalized tour.<\/p>\n<p><strong>\u2705<\/strong><strong> Turdetaljer<\/strong><\/p>\n<p><strong>Spr\u00e5k:<\/strong> English, German, French, or Norwegian (on request)<br \/>\n<strong>Transport:<\/strong> Private minivan with pickup included from your hotel, pier, Snow Resort, or airport<\/p>\n<p><strong>\ud83d\uded2<\/strong><strong> Bestilling og betaling<\/strong><\/p>\n<p>Booking is simple:<\/p>\n<ol>\n<li>Velg din <strong>dato<\/strong>, <strong>hentetid<\/strong>, <strong>antall gjester<\/strong>, og <strong>hentested<\/strong><\/li>\n<li>Klikk <strong>\u00abBestill n\u00e5\u00bb<\/strong> \u2013 turen din vil vises i handlekurven<\/li>\n<li>Fortsett til <strong>kassen<\/strong> and enter your billing details<\/li>\n<\/ol>\n<p>\ud83d\udcc4 <strong>Cancellation Terms:<\/strong> Please read the full details here: <strong><a href=\"https:\/\/www.bookingkirkenes.no\/no\/about-us\/general-terms\/\">Generelle vilk\u00e5r og betingelser<\/a><\/strong><\/p>\n<p><strong>\ud83d\udcde<\/strong><strong> Trenger du hjelp?<\/strong><\/p>\n<p>\ud83d\udce7 <strong>E-post:<\/strong> info@bookingkirkenes.no<br \/>\n\ud83d\udcde <strong>Telefon:<\/strong> +47 78 99 50 80<\/p>\n<p>&nbsp;<\/p>","protected":false},"excerpt":{"rendered":"<p>Tur til den finske grensen og den vakre landsbyen Neiden ved Neidenelven. \u00a0<a href=\"https:\/\/www.tripadvisor.com\/Attraction_Review-g227953-d3529784-Reviews-or10-Booking_Kirkenes-Kirkenes_Sor_Varanger_Municipality_Finnmark_Northern_Norway.html\" target=\"_blank\" rel=\"noopener\">Privat tur<\/a>, ingen andre gjester. Denne turen g\u00e5r ogs\u00e5 fra mai til november, <a href=\"https:\/\/www.bookingkirkenes.no\/no\/produkt\/sightseeing-to-the-finnish-border-and-the-border-village-of-neiden-hs04-pt\/\">Klikk her<\/a>.<\/p>","protected":false},"featured_media":11411,"comment_status":"closed","ping_status":"closed","template":"","meta":{"site-sidebar-layout":"default","site-content-layout":"default","ast-site-content-layout":"default","site-content-style":"default","site-sidebar-style":"default","ast-global-header-display":"","ast-banner-title-visibility":"","ast-main-header-display":"","ast-hfb-above-header-display":"","ast-hfb-below-header-display":"","ast-hfb-mobile-header-display":"","site-post-title":"","ast-breadcrumbs-content":"","ast-featured-img":"","footer-sml-layout":"","ast-disable-related-posts":"","theme-transparent-header-meta":"default","adv-header-id-meta":"","stick-header-meta":"","header-above-stick-meta":"","header-main-stick-meta":"","header-below-stick-meta":"","astra-migrate-meta-layouts":"set","ast-page-background-enabled":"default","ast-page-background-meta":{"desktop":{"background-color":"var(--ast-global-color-4)","background-image":"","background-repeat":"repeat","background-position":"center center","background-size":"auto","background-attachment":"scroll","background-type":"","background-media":"","overlay-type":"","overlay-color":"","overlay-opacity":"","overlay-gradient":""},"tablet":{"background-color":"","background-image":"","background-repeat":"repeat","background-position":"center center","background-size":"auto","background-attachment":"scroll","background-type":"","background-media":"","overlay-type":"","overlay-color":"","overlay-opacity":"","overlay-gradient":""},"mobile":{"background-color":"","background-image":"","background-repeat":"repeat","background-position":"center center","background-size":"auto","background-attachment":"scroll","background-type":"","background-media":"","overlay-type":"","overlay-color":"","overlay-opacity":"","overlay-gradient":""}},"ast-content-background-meta":{"desktop":{"background-color":"var(--ast-global-color-5)","background-image":"","background-repeat":"repeat","background-position":"center center","background-size":"auto","background-attachment":"scroll","background-type":"","background-media":"","overlay-type":"","overlay-color":"","overlay-opacity":"","overlay-gradient":""},"tablet":{"background-color":"var(--ast-global-color-5)","background-image":"","background-repeat":"repeat","background-position":"center center","background-size":"auto","background-attachment":"scroll","background-type":"","background-media":"","overlay-type":"","overlay-color":"","overlay-opacity":"","overlay-gradient":""},"mobile":{"background-color":"var(--ast-global-color-5)","background-image":"","background-repeat":"repeat","background-position":"center center","background-size":"auto","background-attachment":"scroll","background-type":"","background-media":"","overlay-type":"","overlay-color":"","overlay-opacity":"","overlay-gradient":""}}},"product_brand":[],"product_cat":[281,364,283],"product_tag":[363,341],"class_list":{"0":"post-11409","1":"product","2":"type-product","3":"status-publish","4":"has-post-thumbnail","6":"product_cat-local-guiding","7":"product_cat-private-tours","8":"product_cat-sightseeing-by-bus","9":"product_tag-privatetour","10":"product_tag-summer","11":"pa_month-januar","12":"pa_month-februar","13":"pa_month-mars","14":"pa_month-april","15":"pa_month-desember","16":"desktop-align-left","17":"tablet-align-left","18":"mobile-align-left","20":"first","21":"instock","22":"virtual","23":"sold-individually","24":"taxable","25":"purchasable","26":"product-type-phive_booking"},"aioseo_notices":[],"_links":{"self":[{"href":"https:\/\/www.bookingkirkenes.no\/no\/wp-json\/wp\/v2\/product\/11409","targetHints":{"allow":["GET"]}}],"collection":[{"href":"https:\/\/www.bookingkirkenes.no\/no\/wp-json\/wp\/v2\/product"}],"about":[{"href":"https:\/\/www.bookingkirkenes.no\/no\/wp-json\/wp\/v2\/types\/product"}],"replies":[{"embeddable":true,"href":"https:\/\/www.bookingkirkenes.no\/no\/wp-json\/wp\/v2\/comments?post=11409"}],"version-history":[{"count":10,"href":"https:\/\/www.bookingkirkenes.no\/no\/wp-json\/wp\/v2\/product\/11409\/revisions"}],"predecessor-version":[{"id":15447,"href":"https:\/\/www.bookingkirkenes.no\/no\/wp-json\/wp\/v2\/product\/11409\/revisions\/15447"}],"wp:featuredmedia":[{"embeddable":true,"href":"https:\/\/www.bookingkirkenes.no\/no\/wp-json\/wp\/v2\/media\/11411"}],"wp:attachment":[{"href":"https:\/\/www.bookingkirkenes.no\/no\/wp-json\/wp\/v2\/media?parent=11409"}],"wp:term":[{"taxonomy":"product_brand","embeddable":true,"href":"https:\/\/www.bookingkirkenes.no\/no\/wp-json\/wp\/v2\/product_brand?post=11409"},{"taxonomy":"product_cat","embeddable":true,"href":"https:\/\/www.bookingkirkenes.no\/no\/wp-json\/wp\/v2\/product_cat?post=11409"},{"taxonomy":"product_tag","embeddable":true,"href":"https:\/\/www.bookingkirkenes.no\/no\/wp-json\/wp\/v2\/product_tag?post=11409"}],"curies":[{"name":"wp","href":"https:\/\/api.w.org\/{rel}","templated":true}]}}