{"id":7916,"date":"2024-06-05T12:24:46","date_gmt":"2024-06-05T10:24:46","guid":{"rendered":"https:\/\/www.bookingkirkenes.no\/?page_id=7916"},"modified":"2025-07-16T15:22:58","modified_gmt":"2025-07-16T13:22:58","slug":"tourist-information","status":"publish","type":"page","link":"https:\/\/www.bookingkirkenes.no\/no\/about-us\/tourist-information\/","title":{"rendered":"Turistinformasjon"},"content":{"rendered":"<div data-elementor-type=\"wp-page\" data-elementor-id=\"7916\" class=\"elementor elementor-7916\" data-elementor-post-type=\"page\">\n\t\t\t\t\t\t<section data-particle_enable=\"false\" data-particle-mobile-disabled=\"false\" class=\"elementor-section elementor-top-section elementor-element elementor-element-b88187c elementor-section-height-min-height elementor-section-boxed elementor-section-height-default elementor-section-items-middle\" data-id=\"b88187c\" data-element_type=\"section\" data-e-type=\"section\" data-settings=\"{&quot;background_background&quot;:&quot;classic&quot;}\">\n\t\t\t\t\t\t<div class=\"elementor-container elementor-column-gap-default\">\n\t\t\t\t\t<div class=\"elementor-column elementor-col-100 elementor-top-column elementor-element elementor-element-d4665c3\" data-id=\"d4665c3\" data-element_type=\"column\" data-e-type=\"column\">\n\t\t\t<div class=\"elementor-widget-wrap\">\n\t\t\t\t\t\t\t<\/div>\n\t\t<\/div>\n\t\t\t\t\t<\/div>\n\t\t<\/section>\n\t\t\t\t<section data-particle_enable=\"false\" data-particle-mobile-disabled=\"false\" class=\"elementor-section elementor-top-section elementor-element elementor-element-7afa8a3 elementor-section-boxed elementor-section-height-default elementor-section-height-default\" data-id=\"7afa8a3\" data-element_type=\"section\" data-e-type=\"section\">\n\t\t\t\t\t\t<div class=\"elementor-container elementor-column-gap-default\">\n\t\t\t\t\t<div class=\"elementor-column elementor-col-100 elementor-top-column elementor-element elementor-element-4543939\" data-id=\"4543939\" data-element_type=\"column\" data-e-type=\"column\">\n\t\t\t<div class=\"elementor-widget-wrap elementor-element-populated\">\n\t\t\t\t\t\t<div class=\"elementor-element elementor-element-c477a23 elementor-widget elementor-widget-heading\" data-id=\"c477a23\" data-element_type=\"widget\" data-e-type=\"widget\" data-widget_type=\"heading.default\">\n\t\t\t\t<div class=\"elementor-widget-container\">\n\t\t\t\t\t<h2 class=\"elementor-heading-title elementor-size-default\">Turistinformasjon<\/h2>\t\t\t\t<\/div>\n\t\t\t\t<\/div>\n\t\t\t\t<div class=\"elementor-element elementor-element-0bf24b9 elementor-widget elementor-widget-text-editor\" data-id=\"0bf24b9\" data-element_type=\"widget\" data-e-type=\"widget\" data-widget_type=\"text-editor.default\">\n\t\t\t\t<div class=\"elementor-widget-container\">\n\t\t\t\t\t\t\t\t\t<p>\u00a0Vi kan hjelpe deg med oppholdet ditt og tilbyr ogs\u00e5 gratis kart (Kirkenes har ingen offisiell turistinformasjon for \u00f8yeblikket)<\/p><p>V\u00e5re \u00e5pningstider er mandag til fredag 09.30\u201316.30 og l\u00f8rdag 10.00\u201314.00.<\/p><p>Telefontiden er mandag til fredag fra 12.00 \u2013 16.00 p\u00e5 +47 78995080<\/p><p>For mer info sjekk: <a href=\"https:\/\/www.visitkirkenes.info\/en\/home\/\" target=\"_blank\" rel=\"noopener\">www.visitkirkenes.info<\/a><\/p>\t\t\t\t\t\t\t\t<\/div>\n\t\t\t\t<\/div>\n\t\t\t\t<div class=\"elementor-element elementor-element-cb961fc elementor-widget elementor-widget-text-editor\" data-id=\"cb961fc\" data-element_type=\"widget\" data-e-type=\"widget\" data-widget_type=\"text-editor.default\">\n\t\t\t\t<div class=\"elementor-widget-container\">\n\t\t\t\t\t\t\t\t\t<p><strong>Hva skal man gj\u00f8re i Kirkenes?<\/strong> Vi tilbyr et bredt utvalg av utflukter i Kirkenes og omegn. Utfluktene er kvalitetstestet av oss og gjennomf\u00f8res enten av Booking Kirkenes selv eller av v\u00e5re samarbeidspartnere. Fra hundespann til sn\u00f8scooter eller kongekrabbesafari, elveb\u00e5tturer, lokal sightseeing med buss og nordlysturer, her finner du det meste.\u00a0<\/p><p><strong>Vennligst sjekk her: <a href=\"https:\/\/www.bookingkirkenes.no\/no\/shop\/\">Butikk \u2013 Booking Kirkenes<\/a><br \/><\/strong><\/p><p>Vi tilbyr ogs\u00e5 pakker over flere dager og med diverse utflukter inkludert. Hotellhenting i Kirkenes er inkludert p\u00e5 de fleste turer. P\u00e5 uteturer f\u00e5r du ogs\u00e5 varme kl\u00e6r f\u00f8r du starter. Vi vil ikke at noen skal fryse!<\/p><p>Vi tilbyr ogs\u00e5 private turer, spesielle gruppeturer og mer.<\/p>\t\t\t\t\t\t\t\t<\/div>\n\t\t\t\t<\/div>\n\t\t\t\t\t<\/div>\n\t\t<\/div>\n\t\t\t\t\t<\/div>\n\t\t<\/section>\n\t\t\t\t<\/div>","protected":false},"excerpt":{"rendered":"<p>Tekst<\/p>","protected":false},"author":1,"featured_media":0,"parent":23,"menu_order":0,"comment_status":"closed","ping_status":"closed","template":"","meta":{"site-sidebar-layout":"no-sidebar","site-content-layout":"page-builder","ast-site-content-layout":"full-width-container","site-content-style":"default","site-sidebar-style":"default","ast-global-header-display":"","ast-banner-title-visibility":"","ast-main-header-display":"","ast-hfb-above-header-display":"","ast-hfb-below-header-display":"","ast-hfb-mobile-header-display":"","site-post-title":"disabled","ast-breadcrumbs-content":"","ast-featured-img":"disabled","footer-sml-layout":"","ast-disable-related-posts":"","theme-transparent-header-meta":"","adv-header-id-meta":"","stick-header-meta":"","header-above-stick-meta":"","header-main-stick-meta":"","header-below-stick-meta":"","astra-migrate-meta-layouts":"set","ast-page-background-enabled":"default","ast-page-background-meta":{"desktop":{"background-color":"var(--ast-global-color-4)","background-image":"","background-repeat":"repeat","background-position":"center center","background-size":"auto","background-attachment":"scroll","background-type":"","background-media":"","overlay-type":"","overlay-color":"","overlay-opacity":"","overlay-gradient":""},"tablet":{"background-color":"","background-image":"","background-repeat":"repeat","background-position":"center center","background-size":"auto","background-attachment":"scroll","background-type":"","background-media":"","overlay-type":"","overlay-color":"","overlay-opacity":"","overlay-gradient":""},"mobile":{"background-color":"","background-image":"","background-repeat":"repeat","background-position":"center center","background-size":"auto","background-attachment":"scroll","background-type":"","background-media":"","overlay-type":"","overlay-color":"","overlay-opacity":"","overlay-gradient":""}},"ast-content-background-meta":{"desktop":{"background-color":"var(--ast-global-color-5)","background-image":"","background-repeat":"repeat","background-position":"center center","background-size":"auto","background-attachment":"scroll","background-type":"","background-media":"","overlay-type":"","overlay-color":"","overlay-opacity":"","overlay-gradient":""},"tablet":{"background-color":"var(--ast-global-color-5)","background-image":"","background-repeat":"repeat","background-position":"center center","background-size":"auto","background-attachment":"scroll","background-type":"","background-media":"","overlay-type":"","overlay-color":"","overlay-opacity":"","overlay-gradient":""},"mobile":{"background-color":"var(--ast-global-color-5)","background-image":"","background-repeat":"repeat","background-position":"center center","background-size":"auto","background-attachment":"scroll","background-type":"","background-media":"","overlay-type":"","overlay-color":"","overlay-opacity":"","overlay-gradient":""}},"footnotes":""},"class_list":["post-7916","page","type-page","status-publish","hentry"],"aioseo_notices":[],"_links":{"self":[{"href":"https:\/\/www.bookingkirkenes.no\/no\/wp-json\/wp\/v2\/pages\/7916","targetHints":{"allow":["GET"]}}],"collection":[{"href":"https:\/\/www.bookingkirkenes.no\/no\/wp-json\/wp\/v2\/pages"}],"about":[{"href":"https:\/\/www.bookingkirkenes.no\/no\/wp-json\/wp\/v2\/types\/page"}],"author":[{"embeddable":true,"href":"https:\/\/www.bookingkirkenes.no\/no\/wp-json\/wp\/v2\/users\/1"}],"replies":[{"embeddable":true,"href":"https:\/\/www.bookingkirkenes.no\/no\/wp-json\/wp\/v2\/comments?post=7916"}],"version-history":[{"count":33,"href":"https:\/\/www.bookingkirkenes.no\/no\/wp-json\/wp\/v2\/pages\/7916\/revisions"}],"predecessor-version":[{"id":12182,"href":"https:\/\/www.bookingkirkenes.no\/no\/wp-json\/wp\/v2\/pages\/7916\/revisions\/12182"}],"up":[{"embeddable":true,"href":"https:\/\/www.bookingkirkenes.no\/no\/wp-json\/wp\/v2\/pages\/23"}],"wp:attachment":[{"href":"https:\/\/www.bookingkirkenes.no\/no\/wp-json\/wp\/v2\/media?parent=7916"}],"curies":[{"name":"wp","href":"https:\/\/api.w.org\/{rel}","templated":true}]}}