{"id":3982,"date":"2022-10-28T10:06:39","date_gmt":"2022-10-28T08:06:39","guid":{"rendered":"https:\/\/www.bookingkirkenes.no\/?page_id=3982"},"modified":"2024-03-06T14:59:18","modified_gmt":"2024-03-06T13:59:18","slug":"eco-lighthouse","status":"publish","type":"page","link":"https:\/\/www.bookingkirkenes.no\/no\/eco-lighthouse\/","title":{"rendered":"\u00d8kofyrt\u00e5rn"},"content":{"rendered":"<div data-elementor-type=\"wp-page\" data-elementor-id=\"3982\" class=\"elementor elementor-3982\" data-elementor-post-type=\"page\">\n\t\t\t\t\t\t<section data-particle_enable=\"false\" data-particle-mobile-disabled=\"false\" class=\"elementor-section elementor-top-section elementor-element elementor-element-0fbaa13 elementor-section-boxed elementor-section-height-default elementor-section-height-default\" data-id=\"0fbaa13\" data-element_type=\"section\" data-e-type=\"section\" data-settings=\"{&quot;background_background&quot;:&quot;classic&quot;}\">\n\t\t\t\t\t\t<div class=\"elementor-container elementor-column-gap-default\">\n\t\t\t\t\t<div class=\"elementor-column elementor-col-100 elementor-top-column elementor-element elementor-element-5b1dd0c\" data-id=\"5b1dd0c\" data-element_type=\"column\" data-e-type=\"column\">\n\t\t\t<div class=\"elementor-widget-wrap\">\n\t\t\t\t\t\t\t<\/div>\n\t\t<\/div>\n\t\t\t\t\t<\/div>\n\t\t<\/section>\n\t\t\t\t<section data-particle_enable=\"false\" data-particle-mobile-disabled=\"false\" class=\"elementor-section elementor-top-section elementor-element elementor-element-9640a49 elementor-section-boxed elementor-section-height-default elementor-section-height-default\" data-id=\"9640a49\" data-element_type=\"section\" data-e-type=\"section\">\n\t\t\t\t\t\t<div class=\"elementor-container elementor-column-gap-default\">\n\t\t\t\t\t<div class=\"elementor-column elementor-col-100 elementor-top-column elementor-element elementor-element-029fe8c\" data-id=\"029fe8c\" data-element_type=\"column\" data-e-type=\"column\">\n\t\t\t<div class=\"elementor-widget-wrap elementor-element-populated\">\n\t\t\t\t\t\t<section data-particle_enable=\"false\" data-particle-mobile-disabled=\"false\" class=\"elementor-section elementor-inner-section elementor-element elementor-element-bb2cf4e elementor-section-boxed elementor-section-height-default elementor-section-height-default\" data-id=\"bb2cf4e\" data-element_type=\"section\" data-e-type=\"section\">\n\t\t\t\t\t\t<div class=\"elementor-container elementor-column-gap-default\">\n\t\t\t\t\t<div class=\"elementor-column elementor-col-50 elementor-inner-column elementor-element elementor-element-6ff72b0\" data-id=\"6ff72b0\" data-element_type=\"column\" data-e-type=\"column\">\n\t\t\t<div class=\"elementor-widget-wrap elementor-element-populated\">\n\t\t\t\t\t\t<div class=\"elementor-element elementor-element-cfc9aa6 elementor-widget elementor-widget-heading\" data-id=\"cfc9aa6\" data-element_type=\"widget\" data-e-type=\"widget\" data-widget_type=\"heading.default\">\n\t\t\t\t<div class=\"elementor-widget-container\">\n\t\t\t\t\t<h2 class=\"elementor-heading-title elementor-size-default\">Booking Kirkenes er milj\u00f8fyrt\u00e5rnsertifisert!<\/h2>\t\t\t\t<\/div>\n\t\t\t\t<\/div>\n\t\t\t\t<div class=\"elementor-element elementor-element-ed32082 elementor-widget-divider--view-line elementor-widget elementor-widget-divider\" data-id=\"ed32082\" data-element_type=\"widget\" data-e-type=\"widget\" data-widget_type=\"divider.default\">\n\t\t\t\t<div class=\"elementor-widget-container\">\n\t\t\t\t\t\t\t<div class=\"elementor-divider\">\n\t\t\t<span class=\"elementor-divider-separator\">\n\t\t\t\t\t\t<\/span>\n\t\t<\/div>\n\t\t\t\t\t\t<\/div>\n\t\t\t\t<\/div>\n\t\t\t\t<div class=\"elementor-element elementor-element-9fd69b7 elementor-widget elementor-widget-text-editor\" data-id=\"9fd69b7\" data-element_type=\"widget\" data-e-type=\"widget\" data-widget_type=\"text-editor.default\">\n\t\t\t\t<div class=\"elementor-widget-container\">\n\t\t\t\t\t\t\t\t\t<p>Vi er utrolig stolte. N\u00e5 har vi et synlig bevis p\u00e5 at vi tar ansvar, og et konkret verkt\u00f8y for \u00e5 jobbe kontinuerlig med milj\u00f8forbedringer og gr\u00f8nn omstilling.<\/p><p>V\u00e5r overordnede milj\u00f8politikk:<br \/>PASVIKTURIST AS har som m\u00e5l \u00e5 sikre den mest milj\u00f8vennlige leveransen av alle sine tjenester.<\/p><p>Dette gj\u00f8res gjennom:<\/p><ul><li>\u00e5 tenke p\u00e5 milj\u00f8 som en naturlig og integrert del av virksomheten<\/li><li>for \u00e5 tilfredsstille milj\u00f8krav og forskrifter fra offentlige myndigheter.<\/li><li>\u00e5 identifisere og redusere mulige forurensningskilder.<\/li><li>\u00e5 tilstrebe effektiv bruk av energi og minimal bruk av forbruksmaterialer<\/li><\/ul><p>Vi skal kontinuerlig opprettholde og forbedre v\u00e5rt milj\u00f8arbeid i selskapet<\/p><p>Booking Kirkenes jobber etter f\u00f8lgende 10 b\u00e6rekraftsprinsipper og v\u00e5rt m\u00e5l er \u00e5 skape en b\u00e6rekraftig reiselivsn\u00e6ring i S\u00f8r-Varanger kommune.<\/p>\t\t\t\t\t\t\t\t<\/div>\n\t\t\t\t<\/div>\n\t\t\t\t<div class=\"elementor-element elementor-element-552bf4a elementor-widget elementor-widget-heading\" data-id=\"552bf4a\" data-element_type=\"widget\" data-e-type=\"widget\" data-widget_type=\"heading.default\">\n\t\t\t\t<div class=\"elementor-widget-container\">\n\t\t\t\t\t<h2 class=\"elementor-heading-title elementor-size-default\">Bevaring av natur, kultur og milj\u00f8<\/h2>\t\t\t\t<\/div>\n\t\t\t\t<\/div>\n\t\t\t\t\t<\/div>\n\t\t<\/div>\n\t\t\t\t<div class=\"elementor-column elementor-col-50 elementor-inner-column elementor-element elementor-element-be90638\" data-id=\"be90638\" data-element_type=\"column\" data-e-type=\"column\">\n\t\t\t<div class=\"elementor-widget-wrap elementor-element-populated\">\n\t\t\t\t\t\t<div class=\"elementor-element elementor-element-d804e8a elementor-widget elementor-widget-image\" data-id=\"d804e8a\" data-element_type=\"widget\" data-e-type=\"widget\" data-widget_type=\"image.default\">\n\t\t\t\t<div class=\"elementor-widget-container\">\n\t\t\t\t\t\t\t\t\t\t\t\t\t\t\t<img fetchpriority=\"high\" decoding=\"async\" width=\"1024\" height=\"576\" src=\"https:\/\/www.bookingkirkenes.no\/wp-content\/uploads\/2021\/10\/Kongekrabbesommer14-1024x576.jpg\" class=\"attachment-large size-large wp-image-2253\" alt=\"\" srcset=\"https:\/\/www.bookingkirkenes.no\/wp-content\/uploads\/2021\/10\/Kongekrabbesommer14-1024x576.jpg 1024w, https:\/\/www.bookingkirkenes.no\/wp-content\/uploads\/2021\/10\/Kongekrabbesommer14-300x169.jpg 300w, https:\/\/www.bookingkirkenes.no\/wp-content\/uploads\/2021\/10\/Kongekrabbesommer14-768x432.jpg 768w, https:\/\/www.bookingkirkenes.no\/wp-content\/uploads\/2021\/10\/Kongekrabbesommer14-1536x864.jpg 1536w, https:\/\/www.bookingkirkenes.no\/wp-content\/uploads\/2021\/10\/Kongekrabbesommer14-18x10.jpg 18w, https:\/\/www.bookingkirkenes.no\/wp-content\/uploads\/2021\/10\/Kongekrabbesommer14-600x338.jpg 600w, https:\/\/www.bookingkirkenes.no\/wp-content\/uploads\/2021\/10\/Kongekrabbesommer14.jpg 2016w\" sizes=\"(max-width: 1024px) 100vw, 1024px\" \/>\t\t\t\t\t\t\t\t\t\t\t\t\t\t\t<\/div>\n\t\t\t\t<\/div>\n\t\t\t\t\t<\/div>\n\t\t<\/div>\n\t\t\t\t\t<\/div>\n\t\t<\/section>\n\t\t\t\t<div class=\"elementor-element elementor-element-8dcb895 elementor-widget elementor-widget-text-editor\" data-id=\"8dcb895\" data-element_type=\"widget\" data-e-type=\"widget\" data-widget_type=\"text-editor.default\">\n\t\t\t\t<div class=\"elementor-widget-container\">\n\t\t\t\t\t\t\t\t\t13.1. Kulturell rikdom<br>\n\n\u00c5 respektere, videreutvikle og synliggj\u00f8re lokalsamfunnets historiske kulturarv, autentiske kultur, tradisjoner og s\u00e6rpreg.\t\t\t\t\t\t\t\t<\/div>\n\t\t\t\t<\/div>\n\t\t\t\t<div class=\"elementor-element elementor-element-789bcfe elementor-widget elementor-widget-text-editor\" data-id=\"789bcfe\" data-element_type=\"widget\" data-e-type=\"widget\" data-widget_type=\"text-editor.default\">\n\t\t\t\t<div class=\"elementor-widget-container\">\n\t\t\t\t\t\t\t\t\t13.2. Den fysiske og visuelle integriteten til landskapet<br>\n\n\u00c5 bevare og videreutvikle landskapskvalitet, b\u00e5de for by- og landomr\u00e5der, slik at landskapets fysiske og visuelle integritet ikke forringes.\t\t\t\t\t\t\t\t<\/div>\n\t\t\t\t<\/div>\n\t\t\t\t<div class=\"elementor-element elementor-element-bdcc96f elementor-widget elementor-widget-text-editor\" data-id=\"bdcc96f\" data-element_type=\"widget\" data-e-type=\"widget\" data-widget_type=\"text-editor.default\">\n\t\t\t\t<div class=\"elementor-widget-container\">\n\t\t\t\t\t\t\t\t\t13.3. Biologisk mangfold<br>\n\n\u00c5 st\u00f8tte bevaring av naturomr\u00e5der, dyreliv og habitater, og minimere deres \u00f8deleggelse.\t\t\t\t\t\t\t\t<\/div>\n\t\t\t\t<\/div>\n\t\t\t\t<div class=\"elementor-element elementor-element-751b554 elementor-widget elementor-widget-text-editor\" data-id=\"751b554\" data-element_type=\"widget\" data-e-type=\"widget\" data-widget_type=\"text-editor.default\">\n\t\t\t\t<div class=\"elementor-widget-container\">\n\t\t\t\t\t\t\t\t\t13.4. Rent milj\u00f8 og ressurseffektivitet<br>\n\n\u00c5 minimere forurensning av luft, vann og land fra reiselivsbedrifter og turister (inkludert st\u00f8y), samt \u00e5 minimere generering av deres avfall og forbruk av knappe og ikke-fornybare ressurser.\t\t\t\t\t\t\t\t<\/div>\n\t\t\t\t<\/div>\n\t\t\t\t<div class=\"elementor-element elementor-element-8988c1f elementor-widget elementor-widget-heading\" data-id=\"8988c1f\" data-element_type=\"widget\" data-e-type=\"widget\" data-widget_type=\"heading.default\">\n\t\t\t\t<div class=\"elementor-widget-container\">\n\t\t\t\t\t<h2 class=\"elementor-heading-title elementor-size-default\">Styrking av sosiale verdier<\/h2>\t\t\t\t<\/div>\n\t\t\t\t<\/div>\n\t\t\t\t<div class=\"elementor-element elementor-element-8cbc6b2 elementor-widget elementor-widget-text-editor\" data-id=\"8cbc6b2\" data-element_type=\"widget\" data-e-type=\"widget\" data-widget_type=\"text-editor.default\">\n\t\t\t\t<div class=\"elementor-widget-container\">\n\t\t\t\t\t\t\t\t\t13.5. Lokal livskvalitet og sosiale verdier<br>\n\n\u00c5 bevare og styrke livskvaliteten i lokalsamfunnet, inkludert sosiale strukturer, tilgang til ressurser, fasiliteter og fellesgoder for alle, samt unng\u00e5 enhver form for sosial forringelse og utnyttelse. 13.6. Lokal kontroll og engasjement<br>\n\u00c5 engasjere og styrke lokalsamfunnet og lokale interessenter n\u00e5r det gjelder planlegging, beslutningstaking og utvikling av lokal turisme. 13.7. Jobbkvalitet for reiselivsansatte \u00c5 styrke kvaliteten p\u00e5 reiselivsjobber (direkte og indirekte), inkludert l\u00f8nnsniv\u00e5 og arbeidsvilk\u00e5r uten diskriminering p\u00e5 grunn av kj\u00f8nn, rase, funksjonshemming eller andre faktorer.\t\t\t\t\t\t\t\t<\/div>\n\t\t\t\t<\/div>\n\t\t\t\t<div class=\"elementor-element elementor-element-dbd2d1e elementor-widget elementor-widget-text-editor\" data-id=\"dbd2d1e\" data-element_type=\"widget\" data-e-type=\"widget\" data-widget_type=\"text-editor.default\">\n\t\t\t\t<div class=\"elementor-widget-container\">\n\t\t\t\t\t\t\t\t\t13.8. Gjestetilfredshet, trygghet og kvalitet p\u00e5 opplevelsen<br>\n\n\u00c5 sikre trygge, tilfredsstillende og berikende opplevelser for alle turister uavhengig av kj\u00f8nn, rase, funksjonshemming eller andre faktorer.\t\t\t\t\t\t\t\t<\/div>\n\t\t\t\t<\/div>\n\t\t\t\t<div class=\"elementor-element elementor-element-40de278 elementor-widget elementor-widget-heading\" data-id=\"40de278\" data-element_type=\"widget\" data-e-type=\"widget\" data-widget_type=\"heading.default\">\n\t\t\t\t<div class=\"elementor-widget-container\">\n\t\t\t\t\t<h2 class=\"elementor-heading-title elementor-size-default\">\u00d8konomisk levedyktighet<\/h2>\t\t\t\t<\/div>\n\t\t\t\t<\/div>\n\t\t\t\t<div class=\"elementor-element elementor-element-154e59e elementor-widget elementor-widget-text-editor\" data-id=\"154e59e\" data-element_type=\"widget\" data-e-type=\"widget\" data-widget_type=\"text-editor.default\">\n\t\t\t\t<div class=\"elementor-widget-container\">\n\t\t\t\t\t\t\t\t\t13.9. \u00d8konomisk levedyktige og konkurransedyktige reisem\u00e5l gjennom lokal verdiskaping<br>\n\n\u00c5 sikre levedyktigheten og konkurranseevnen til reiselivsdestinasjoner i et langsiktig perspektiv, ved \u00e5 maksimere verdiskapingen av turisme i lokalsamfunnet, inkludert hva turister legger igjen av verdier lokalt. 13.10. \u00d8konomisk levedyktige og konkurransedyktige reiselivsbedrifter<br><br>\n\u00c5 sikre levedyktighet og konkurranseevne til reiselivsbedrifter i et langsiktig perspektiv.<br>\n\nForlat stedet v\u00e5rt i sin vakre tilstand slik at fremtidige generasjoner ogs\u00e5 kan nyte oppholdet\t\t\t\t\t\t\t\t<\/div>\n\t\t\t\t<\/div>\n\t\t\t\t<div class=\"elementor-element elementor-element-bed2841 elementor-widget elementor-widget-heading\" data-id=\"bed2841\" data-element_type=\"widget\" data-e-type=\"widget\" data-widget_type=\"heading.default\">\n\t\t\t\t<div class=\"elementor-widget-container\">\n\t\t\t\t\t<h2 class=\"elementor-heading-title elementor-size-default\">En rettesnor for v\u00e5re gjester<\/h2>\t\t\t\t<\/div>\n\t\t\t\t<\/div>\n\t\t\t\t<div class=\"elementor-element elementor-element-fd80a0e elementor-widget elementor-widget-text-editor\" data-id=\"fd80a0e\" data-element_type=\"widget\" data-e-type=\"widget\" data-widget_type=\"text-editor.default\">\n\t\t\t\t<div class=\"elementor-widget-container\">\n\t\t\t\t\t\t\t\t\tV\u00e5r st\u00f8rste og viktigste skatt er naturen. Her kan du puste inn ren luft, drikke verdens beste kildevann enten rett fra vannkranen eller fra en krystallklar elv. Vi m\u00e5 ta vare p\u00e5 denne skatten og hovedgrunnen til at du bes\u00f8ker oss!\t\t\t\t\t\t\t\t<\/div>\n\t\t\t\t<\/div>\n\t\t\t\t<div class=\"elementor-element elementor-element-79598f3 elementor-widget elementor-widget-text-editor\" data-id=\"79598f3\" data-element_type=\"widget\" data-e-type=\"widget\" data-widget_type=\"text-editor.default\">\n\t\t\t\t<div class=\"elementor-widget-container\">\n\t\t\t\t\t\t\t\t\t<ul class=\"blue-link\"><li>Vi anbefaler p\u00e5 det sterkeste \u00e5 bestille en guidet tur. Du vil bli guidet gjennom naturen p\u00e5 en sk\u00e5nsom og profesjonell m\u00e5te<\/li><li>F\u00f8lg veiledningens instruksjoner<\/li><li>\u00a0Ikke legg igjen noe i naturen: ta bort s\u00f8ppelet ditt og bruk toalettfasiliteter<\/li><li>Ikke sett spor i naturen: bruk alltid merkede stier, bruk eksisterende b\u00e5lplasser (husk at det ikke er tillatt \u00e5 tenne b\u00e5l i naturomr\u00e5der fra 15. april til 15. september)<\/li><li>Respekter dyreliv og planteliv<\/li><li>Bruk lokalt: det du kan kj\u00f8pe p\u00e5 stedet, kj\u00f8p det p\u00e5 stedet. Bruk lokale guider n\u00e5r du reiser<\/li><li>\u00a0Vis respekt for lokalbefolkningen og andre turg\u00e5ere. Det er ganske vanlig \u00e5 hilse p\u00e5 hverandre i naturen.<\/li><li>Husk at stillhet er en del av opplevelsen.<\/li><li>\u00a0\u00a0Hvis du tar bilder av folk rundt, sp\u00f8r dem om det er ok<\/li><li>Det er spesielle regler i Pasvikdalen og i \u00d8vre Pasvik nasjonalpark. Det er for eksempel ikke lov \u00e5 fyre opp med nedfallen ved. Mer informasjon:\u00a0<a href=\"https:\/\/www.norgesnasjonalparker.no\/nasjonalparker\/ovre-pasvik\/\">https:\/\/www.norgesnasjonalparker.no\/nasjonalparker\/ovre-pasvik\/<\/a><\/li><\/ul>\t\t\t\t\t\t\t\t<\/div>\n\t\t\t\t<\/div>\n\t\t\t\t<div class=\"elementor-element elementor-element-4eccc34 elementor-widget elementor-widget-text-editor\" data-id=\"4eccc34\" data-element_type=\"widget\" data-e-type=\"widget\" data-widget_type=\"text-editor.default\">\n\t\t\t\t<div class=\"elementor-widget-container\">\n\t\t\t\t\t\t\t\t\tVi bryr oss og h\u00e5per du bryr deg ogs\u00e5.<br>\n\nDel gjerne dine erfaringer. Du finner oss b\u00e5de p\u00e5 Facebook og Instagram.<br>\n\nHa det fint i Kirkenes!\t\t\t\t\t\t\t\t<\/div>\n\t\t\t\t<\/div>\n\t\t\t\t\t<\/div>\n\t\t<\/div>\n\t\t\t\t\t<\/div>\n\t\t<\/section>\n\t\t\t\t<\/div>","protected":false},"excerpt":{"rendered":"<p>Booking Kirkenes is Eco-Lighthouse certified! We are incredibly proud. Now we have a visible proof that we take responsibility, and a concrete tool for working continuously with environmental improvements and green change. Our overall environmental policy:PASVIKTURIST AS aims to ensure the most environmentally friendly delivery of all its services. This is done through: thinking about [&hellip;]<\/p>\n","protected":false},"author":4,"featured_media":0,"parent":0,"menu_order":0,"comment_status":"closed","ping_status":"closed","template":"","meta":{"site-sidebar-layout":"no-sidebar","site-content-layout":"page-builder","ast-site-content-layout":"default","site-content-style":"default","site-sidebar-style":"default","ast-global-header-display":"","ast-banner-title-visibility":"","ast-main-header-display":"","ast-hfb-above-header-display":"","ast-hfb-below-header-display":"","ast-hfb-mobile-header-display":"","site-post-title":"disabled","ast-breadcrumbs-content":"","ast-featured-img":"disabled","footer-sml-layout":"","ast-disable-related-posts":"","theme-transparent-header-meta":"","adv-header-id-meta":"","stick-header-meta":"","header-above-stick-meta":"","header-main-stick-meta":"","header-below-stick-meta":"","astra-migrate-meta-layouts":"default","ast-page-background-enabled":"default","ast-page-background-meta":{"desktop":{"background-color":"var(--ast-global-color-4)","background-image":"","background-repeat":"repeat","background-position":"center center","background-size":"auto","background-attachment":"scroll","background-type":"","background-media":"","overlay-type":"","overlay-color":"","overlay-opacity":"","overlay-gradient":""},"tablet":{"background-color":"","background-image":"","background-repeat":"repeat","background-position":"center center","background-size":"auto","background-attachment":"scroll","background-type":"","background-media":"","overlay-type":"","overlay-color":"","overlay-opacity":"","overlay-gradient":""},"mobile":{"background-color":"","background-image":"","background-repeat":"repeat","background-position":"center center","background-size":"auto","background-attachment":"scroll","background-type":"","background-media":"","overlay-type":"","overlay-color":"","overlay-opacity":"","overlay-gradient":""}},"ast-content-background-meta":{"desktop":{"background-color":"var(--ast-global-color-5)","background-image":"","background-repeat":"repeat","background-position":"center center","background-size":"auto","background-attachment":"scroll","background-type":"","background-media":"","overlay-type":"","overlay-color":"","overlay-opacity":"","overlay-gradient":""},"tablet":{"background-color":"var(--ast-global-color-5)","background-image":"","background-repeat":"repeat","background-position":"center center","background-size":"auto","background-attachment":"scroll","background-type":"","background-media":"","overlay-type":"","overlay-color":"","overlay-opacity":"","overlay-gradient":""},"mobile":{"background-color":"var(--ast-global-color-5)","background-image":"","background-repeat":"repeat","background-position":"center center","background-size":"auto","background-attachment":"scroll","background-type":"","background-media":"","overlay-type":"","overlay-color":"","overlay-opacity":"","overlay-gradient":""}},"footnotes":""},"class_list":["post-3982","page","type-page","status-publish","hentry"],"aioseo_notices":[],"_links":{"self":[{"href":"https:\/\/www.bookingkirkenes.no\/no\/wp-json\/wp\/v2\/pages\/3982","targetHints":{"allow":["GET"]}}],"collection":[{"href":"https:\/\/www.bookingkirkenes.no\/no\/wp-json\/wp\/v2\/pages"}],"about":[{"href":"https:\/\/www.bookingkirkenes.no\/no\/wp-json\/wp\/v2\/types\/page"}],"author":[{"embeddable":true,"href":"https:\/\/www.bookingkirkenes.no\/no\/wp-json\/wp\/v2\/users\/4"}],"replies":[{"embeddable":true,"href":"https:\/\/www.bookingkirkenes.no\/no\/wp-json\/wp\/v2\/comments?post=3982"}],"version-history":[{"count":37,"href":"https:\/\/www.bookingkirkenes.no\/no\/wp-json\/wp\/v2\/pages\/3982\/revisions"}],"predecessor-version":[{"id":7146,"href":"https:\/\/www.bookingkirkenes.no\/no\/wp-json\/wp\/v2\/pages\/3982\/revisions\/7146"}],"wp:attachment":[{"href":"https:\/\/www.bookingkirkenes.no\/no\/wp-json\/wp\/v2\/media?parent=3982"}],"curies":[{"name":"wp","href":"https:\/\/api.w.org\/{rel}","templated":true}]}}