{"id":3966,"date":"2022-10-28T09:53:25","date_gmt":"2022-10-28T07:53:25","guid":{"rendered":"https:\/\/www.bookingkirkenes.no\/?page_id=3966"},"modified":"2025-07-16T15:21:29","modified_gmt":"2025-07-16T13:21:29","slug":"gift-shop","status":"publish","type":"page","link":"https:\/\/www.bookingkirkenes.no\/no\/gift-shop\/","title":{"rendered":"Gave butikk"},"content":{"rendered":"<div data-elementor-type=\"wp-page\" data-elementor-id=\"3966\" class=\"elementor elementor-3966\" data-elementor-post-type=\"page\">\n\t\t\t\t\t\t<section data-particle_enable=\"false\" data-particle-mobile-disabled=\"false\" class=\"elementor-section elementor-top-section elementor-element elementor-element-c523ac0 elementor-section-boxed elementor-section-height-default elementor-section-height-default\" data-id=\"c523ac0\" data-element_type=\"section\" data-e-type=\"section\" data-settings=\"{&quot;background_background&quot;:&quot;classic&quot;}\">\n\t\t\t\t\t\t<div class=\"elementor-container elementor-column-gap-default\">\n\t\t\t\t\t<div class=\"elementor-column elementor-col-100 elementor-top-column elementor-element elementor-element-0fd30ef\" data-id=\"0fd30ef\" data-element_type=\"column\" data-e-type=\"column\">\n\t\t\t<div class=\"elementor-widget-wrap\">\n\t\t\t\t\t\t\t<\/div>\n\t\t<\/div>\n\t\t\t\t\t<\/div>\n\t\t<\/section>\n\t\t\t\t<section data-particle_enable=\"false\" data-particle-mobile-disabled=\"false\" class=\"elementor-section elementor-top-section elementor-element elementor-element-fafc1ed elementor-section-boxed elementor-section-height-default elementor-section-height-default\" data-id=\"fafc1ed\" data-element_type=\"section\" data-e-type=\"section\" data-settings=\"{&quot;background_background&quot;:&quot;classic&quot;}\">\n\t\t\t\t\t\t<div class=\"elementor-container elementor-column-gap-default\">\n\t\t\t\t\t<div class=\"elementor-column elementor-col-100 elementor-top-column elementor-element elementor-element-7ffa478\" data-id=\"7ffa478\" data-element_type=\"column\" data-e-type=\"column\">\n\t\t\t<div class=\"elementor-widget-wrap elementor-element-populated\">\n\t\t\t\t\t\t<div class=\"elementor-element elementor-element-fb8e4bd elementor-widget elementor-widget-heading\" data-id=\"fb8e4bd\" data-element_type=\"widget\" data-e-type=\"widget\" data-widget_type=\"heading.default\">\n\t\t\t\t<div class=\"elementor-widget-container\">\n\t\t\t\t\t<h2 class=\"elementor-heading-title elementor-size-default\">V\u00e5r gavebutikk<\/h2>\t\t\t\t<\/div>\n\t\t\t\t<\/div>\n\t\t\t\t<div class=\"elementor-element elementor-element-688b0eb elementor-widget elementor-widget-text-editor\" data-id=\"688b0eb\" data-element_type=\"widget\" data-e-type=\"widget\" data-widget_type=\"text-editor.default\">\n\t\t\t\t<div class=\"elementor-widget-container\">\n\t\t\t\t\t\t\t\t\t<h4>I v\u00e5r lille butikk finner du et utvalg av autentiske norske gaveartikler. Alt fra varme sokker, glasspynt, smykker og mer. Kom og bes\u00f8k oss!<\/h4>\t\t\t\t\t\t\t\t<\/div>\n\t\t\t\t<\/div>\n\t\t\t\t\t<\/div>\n\t\t<\/div>\n\t\t\t\t\t<\/div>\n\t\t<\/section>\n\t\t\t\t<section data-particle_enable=\"false\" data-particle-mobile-disabled=\"false\" class=\"elementor-section elementor-top-section elementor-element elementor-element-d77e3a9 elementor-section-boxed elementor-section-height-default elementor-section-height-default\" data-id=\"d77e3a9\" data-element_type=\"section\" data-e-type=\"section\" data-settings=\"{&quot;background_background&quot;:&quot;classic&quot;}\">\n\t\t\t\t\t\t<div class=\"elementor-container elementor-column-gap-default\">\n\t\t\t\t\t<div class=\"elementor-column elementor-col-50 elementor-top-column elementor-element elementor-element-a670c0a\" data-id=\"a670c0a\" data-element_type=\"column\" data-e-type=\"column\">\n\t\t\t<div class=\"elementor-widget-wrap elementor-element-populated\">\n\t\t\t\t\t\t<div class=\"elementor-element elementor-element-9597ebc elementor-widget elementor-widget-image\" data-id=\"9597ebc\" data-element_type=\"widget\" data-e-type=\"widget\" data-widget_type=\"image.default\">\n\t\t\t\t<div class=\"elementor-widget-container\">\n\t\t\t\t\t\t\t\t\t\t\t\t\t\t\t<img fetchpriority=\"high\" decoding=\"async\" width=\"1024\" height=\"576\" src=\"https:\/\/www.bookingkirkenes.no\/wp-content\/uploads\/2022\/04\/Smykker2-1024x576.jpg\" class=\"attachment-large size-large wp-image-2056\" alt=\"\" srcset=\"https:\/\/www.bookingkirkenes.no\/wp-content\/uploads\/2022\/04\/Smykker2-1024x576.jpg 1024w, https:\/\/www.bookingkirkenes.no\/wp-content\/uploads\/2022\/04\/Smykker2-300x169.jpg 300w, https:\/\/www.bookingkirkenes.no\/wp-content\/uploads\/2022\/04\/Smykker2-768x432.jpg 768w, https:\/\/www.bookingkirkenes.no\/wp-content\/uploads\/2022\/04\/Smykker2-1536x864.jpg 1536w, https:\/\/www.bookingkirkenes.no\/wp-content\/uploads\/2022\/04\/Smykker2-18x10.jpg 18w, https:\/\/www.bookingkirkenes.no\/wp-content\/uploads\/2022\/04\/Smykker2-600x338.jpg 600w, https:\/\/www.bookingkirkenes.no\/wp-content\/uploads\/2022\/04\/Smykker2.jpg 2016w\" sizes=\"(max-width: 1024px) 100vw, 1024px\" \/>\t\t\t\t\t\t\t\t\t\t\t\t\t\t\t<\/div>\n\t\t\t\t<\/div>\n\t\t\t\t\t<\/div>\n\t\t<\/div>\n\t\t\t\t<div class=\"elementor-column elementor-col-50 elementor-top-column elementor-element elementor-element-7144288\" data-id=\"7144288\" data-element_type=\"column\" data-e-type=\"column\">\n\t\t\t<div class=\"elementor-widget-wrap elementor-element-populated\">\n\t\t\t\t\t\t<div class=\"elementor-element elementor-element-7e96093 elementor-widget elementor-widget-heading\" data-id=\"7e96093\" data-element_type=\"widget\" data-e-type=\"widget\" data-widget_type=\"heading.default\">\n\t\t\t\t<div class=\"elementor-widget-container\">\n\t\t\t\t\t<h2 class=\"elementor-heading-title elementor-size-default\">Produktene v\u00e5re kommer fra regionen, eller i det minste fra skandinaviske land. Leverand\u00f8rene v\u00e5re er for eksempel: - Tana Silver - Arctic Glass Studio Berlev\u00e5g - Frozen Summer Honningsv\u00e5g - Tinntr\u00e5dfruen fra Alta - Arctic Teahouse fra Gratangen - Molte AS fra Rolvs\u00f8y - Alveland AS med flere<\/h2>\t\t\t\t<\/div>\n\t\t\t\t<\/div>\n\t\t\t\t\t<\/div>\n\t\t<\/div>\n\t\t\t\t\t<\/div>\n\t\t<\/section>\n\t\t\t\t<\/div>","protected":false},"excerpt":{"rendered":"<p>Our gift shop In our small shop you will find a selection of authentic Norwegian gift items. Everything from warm socks, glass ornaments, jewelry and more. Come and visit us! Our products come from the region or at least from Scandinavian countries. Our suppliers are, for example: &#8211; Tana Silver &#8211; Arctic Glass Studio Berlev\u00e5g [&hellip;]<\/p>\n","protected":false},"author":4,"featured_media":0,"parent":0,"menu_order":0,"comment_status":"closed","ping_status":"closed","template":"elementor_header_footer","meta":{"site-sidebar-layout":"no-sidebar","site-content-layout":"page-builder","ast-site-content-layout":"default","site-content-style":"default","site-sidebar-style":"default","ast-global-header-display":"","ast-banner-title-visibility":"","ast-main-header-display":"","ast-hfb-above-header-display":"","ast-hfb-below-header-display":"","ast-hfb-mobile-header-display":"","site-post-title":"disabled","ast-breadcrumbs-content":"","ast-featured-img":"disabled","footer-sml-layout":"","ast-disable-related-posts":"","theme-transparent-header-meta":"","adv-header-id-meta":"","stick-header-meta":"","header-above-stick-meta":"","header-main-stick-meta":"","header-below-stick-meta":"","astra-migrate-meta-layouts":"default","ast-page-background-enabled":"default","ast-page-background-meta":{"desktop":{"background-color":"var(--ast-global-color-4)","background-image":"","background-repeat":"repeat","background-position":"center center","background-size":"auto","background-attachment":"scroll","background-type":"","background-media":"","overlay-type":"","overlay-color":"","overlay-opacity":"","overlay-gradient":""},"tablet":{"background-color":"","background-image":"","background-repeat":"repeat","background-position":"center center","background-size":"auto","background-attachment":"scroll","background-type":"","background-media":"","overlay-type":"","overlay-color":"","overlay-opacity":"","overlay-gradient":""},"mobile":{"background-color":"","background-image":"","background-repeat":"repeat","background-position":"center center","background-size":"auto","background-attachment":"scroll","background-type":"","background-media":"","overlay-type":"","overlay-color":"","overlay-opacity":"","overlay-gradient":""}},"ast-content-background-meta":{"desktop":{"background-color":"var(--ast-global-color-5)","background-image":"","background-repeat":"repeat","background-position":"center center","background-size":"auto","background-attachment":"scroll","background-type":"","background-media":"","overlay-type":"","overlay-color":"","overlay-opacity":"","overlay-gradient":""},"tablet":{"background-color":"var(--ast-global-color-5)","background-image":"","background-repeat":"repeat","background-position":"center center","background-size":"auto","background-attachment":"scroll","background-type":"","background-media":"","overlay-type":"","overlay-color":"","overlay-opacity":"","overlay-gradient":""},"mobile":{"background-color":"var(--ast-global-color-5)","background-image":"","background-repeat":"repeat","background-position":"center center","background-size":"auto","background-attachment":"scroll","background-type":"","background-media":"","overlay-type":"","overlay-color":"","overlay-opacity":"","overlay-gradient":""}},"footnotes":""},"class_list":["post-3966","page","type-page","status-publish","hentry"],"aioseo_notices":[],"_links":{"self":[{"href":"https:\/\/www.bookingkirkenes.no\/no\/wp-json\/wp\/v2\/pages\/3966","targetHints":{"allow":["GET"]}}],"collection":[{"href":"https:\/\/www.bookingkirkenes.no\/no\/wp-json\/wp\/v2\/pages"}],"about":[{"href":"https:\/\/www.bookingkirkenes.no\/no\/wp-json\/wp\/v2\/types\/page"}],"author":[{"embeddable":true,"href":"https:\/\/www.bookingkirkenes.no\/no\/wp-json\/wp\/v2\/users\/4"}],"replies":[{"embeddable":true,"href":"https:\/\/www.bookingkirkenes.no\/no\/wp-json\/wp\/v2\/comments?post=3966"}],"version-history":[{"count":28,"href":"https:\/\/www.bookingkirkenes.no\/no\/wp-json\/wp\/v2\/pages\/3966\/revisions"}],"predecessor-version":[{"id":12179,"href":"https:\/\/www.bookingkirkenes.no\/no\/wp-json\/wp\/v2\/pages\/3966\/revisions\/12179"}],"wp:attachment":[{"href":"https:\/\/www.bookingkirkenes.no\/no\/wp-json\/wp\/v2\/media?parent=3966"}],"curies":[{"name":"wp","href":"https:\/\/api.w.org\/{rel}","templated":true}]}}