{"id":3765,"date":"2022-10-27T07:38:13","date_gmt":"2022-10-27T05:38:13","guid":{"rendered":"https:\/\/www.bookingkirkenes.no\/?page_id=3765"},"modified":"2025-09-22T14:35:52","modified_gmt":"2025-09-22T12:35:52","slug":"transportation","status":"publish","type":"page","link":"https:\/\/www.bookingkirkenes.no\/no\/transportation\/","title":{"rendered":"Transport"},"content":{"rendered":"<div data-elementor-type=\"wp-page\" data-elementor-id=\"3765\" class=\"elementor elementor-3765\" data-elementor-post-type=\"page\">\n\t\t\t\t\t\t<section data-particle_enable=\"false\" data-particle-mobile-disabled=\"false\" class=\"elementor-section elementor-top-section elementor-element elementor-element-1a48533 elementor-section-boxed elementor-section-height-default elementor-section-height-default\" data-id=\"1a48533\" data-element_type=\"section\" data-e-type=\"section\" data-settings=\"{&quot;background_background&quot;:&quot;classic&quot;}\">\n\t\t\t\t\t\t<div class=\"elementor-container elementor-column-gap-default\">\n\t\t\t\t\t<div class=\"elementor-column elementor-col-50 elementor-top-column elementor-element elementor-element-d898d72\" data-id=\"d898d72\" data-element_type=\"column\" data-e-type=\"column\">\n\t\t\t<div class=\"elementor-widget-wrap elementor-element-populated\">\n\t\t\t\t\t\t<div class=\"elementor-element elementor-element-6fed556 elementor-widget elementor-widget-image\" data-id=\"6fed556\" data-element_type=\"widget\" data-e-type=\"widget\" data-widget_type=\"image.default\">\n\t\t\t\t<div class=\"elementor-widget-container\">\n\t\t\t\t\t\t\t\t\t\t\t\t\t\t\t<img fetchpriority=\"high\" decoding=\"async\" width=\"1000\" height=\"750\" src=\"https:\/\/www.bookingkirkenes.no\/wp-content\/uploads\/2025\/04\/Mercedes-and-Toyota-1.jpg\" class=\"attachment-large size-large wp-image-11265\" alt=\"\" srcset=\"https:\/\/www.bookingkirkenes.no\/wp-content\/uploads\/2025\/04\/Mercedes-and-Toyota-1.jpg 1000w, https:\/\/www.bookingkirkenes.no\/wp-content\/uploads\/2025\/04\/Mercedes-and-Toyota-1-300x225.jpg 300w, https:\/\/www.bookingkirkenes.no\/wp-content\/uploads\/2025\/04\/Mercedes-and-Toyota-1-768x576.jpg 768w, https:\/\/www.bookingkirkenes.no\/wp-content\/uploads\/2025\/04\/Mercedes-and-Toyota-1-16x12.jpg 16w, https:\/\/www.bookingkirkenes.no\/wp-content\/uploads\/2025\/04\/Mercedes-and-Toyota-1-600x450.jpg 600w, https:\/\/www.bookingkirkenes.no\/wp-content\/uploads\/2025\/04\/Mercedes-and-Toyota-1-64x48.jpg 64w\" sizes=\"(max-width: 1000px) 100vw, 1000px\" \/>\t\t\t\t\t\t\t\t\t\t\t\t\t\t\t<\/div>\n\t\t\t\t<\/div>\n\t\t\t\t\t<\/div>\n\t\t<\/div>\n\t\t\t\t<div class=\"elementor-column elementor-col-50 elementor-top-column elementor-element elementor-element-0e829cc\" data-id=\"0e829cc\" data-element_type=\"column\" data-e-type=\"column\">\n\t\t\t<div class=\"elementor-widget-wrap elementor-element-populated\">\n\t\t\t\t\t\t<div class=\"elementor-element elementor-element-42e39c2 elementor-widget elementor-widget-heading\" data-id=\"42e39c2\" data-element_type=\"widget\" data-e-type=\"widget\" data-widget_type=\"heading.default\">\n\t\t\t\t<div class=\"elementor-widget-container\">\n\t\t\t\t\t<h1 class=\"elementor-heading-title elementor-size-default\"><a href=\"https:\/\/www.bookingkirkenes.no\/no\/shop\/swoof\/product_cat-transfers\/\">Booking Kirkenes tilbyr et bredt utvalg av komfortable og p\u00e5litelige transportalternativer for individuelle gjester og grupper. Reis med stil med v\u00e5r moderne Mercedes Sprinter minivan (8 seter) eller nyt en milj\u00f8vennlig tur i v\u00e5r helelektriske minivan (6 seter). For st\u00f8rre grupper samarbeider vi med p\u00e5litelige lokale buss- og taxiselskaper for \u00e5 sikre smidig og praktisk transport skreddersydd til dine behov. \n\n<\/a><\/h1>\t\t\t\t<\/div>\n\t\t\t\t<\/div>\n\t\t\t\t<div class=\"elementor-element elementor-element-38ea833 elementor-icon-list--layout-traditional elementor-list-item-link-full_width elementor-widget elementor-widget-icon-list\" data-id=\"38ea833\" data-element_type=\"widget\" data-e-type=\"widget\" data-widget_type=\"icon-list.default\">\n\t\t\t\t<div class=\"elementor-widget-container\">\n\t\t\t\t\t\t\t<ul class=\"elementor-icon-list-items\">\n\t\t\t\t\t\t\t<li class=\"elementor-icon-list-item\">\n\t\t\t\t\t\t\t\t\t\t\t<span class=\"elementor-icon-list-icon\">\n\t\t\t\t\t\t\t<i aria-hidden=\"true\" class=\"fas fa-check\"><\/i>\t\t\t\t\t\t<\/span>\n\t\t\t\t\t\t\t\t\t\t<span class=\"elementor-icon-list-text\">lokal transport i Kirkenes, flyplasstransport, transport fra\/til brygge (Hurtigruten\/Havila)<\/span>\n\t\t\t\t\t\t\t\t\t<\/li>\n\t\t\t\t\t\t\t\t<li class=\"elementor-icon-list-item\">\n\t\t\t\t\t\t\t\t\t\t\t<span class=\"elementor-icon-list-icon\">\n\t\t\t\t\t\t\t<i aria-hidden=\"true\" class=\"fas fa-check\"><\/i>\t\t\t\t\t\t<\/span>\n\t\t\t\t\t\t\t\t\t\t<span class=\"elementor-icon-list-text\">Rundturer i Kirkenes og omegn (med eller uten guiding)<\/span>\n\t\t\t\t\t\t\t\t\t<\/li>\n\t\t\t\t\t\t\t\t<li class=\"elementor-icon-list-item\">\n\t\t\t\t\t\t\t\t\t\t\t<span class=\"elementor-icon-list-icon\">\n\t\t\t\t\t\t\t<i aria-hidden=\"true\" class=\"fas fa-check\"><\/i>\t\t\t\t\t\t<\/span>\n\t\t\t\t\t\t\t\t\t\t<span class=\"elementor-icon-list-text\">rutetransport til\/fra Finland<\/span>\n\t\t\t\t\t\t\t\t\t<\/li>\n\t\t\t\t\t\t<\/ul>\n\t\t\t\t\t\t<\/div>\n\t\t\t\t<\/div>\n\t\t\t\t\t<\/div>\n\t\t<\/div>\n\t\t\t\t\t<\/div>\n\t\t<\/section>\n\t\t\t\t<section data-particle_enable=\"false\" data-particle-mobile-disabled=\"false\" class=\"elementor-section elementor-top-section elementor-element elementor-element-3e75254 elementor-section-boxed elementor-section-height-default elementor-section-height-default\" data-id=\"3e75254\" data-element_type=\"section\" data-e-type=\"section\" data-settings=\"{&quot;background_background&quot;:&quot;classic&quot;}\">\n\t\t\t\t\t\t<div class=\"elementor-container elementor-column-gap-default\">\n\t\t\t\t\t<div class=\"elementor-column elementor-col-50 elementor-top-column elementor-element elementor-element-ebaca35\" data-id=\"ebaca35\" data-element_type=\"column\" data-e-type=\"column\">\n\t\t\t<div class=\"elementor-widget-wrap elementor-element-populated\">\n\t\t\t\t\t\t<div class=\"elementor-element elementor-element-6c31157 elementor-widget elementor-widget-heading\" data-id=\"6c31157\" data-element_type=\"widget\" data-e-type=\"widget\" data-widget_type=\"heading.default\">\n\t\t\t\t<div class=\"elementor-widget-container\">\n\t\t\t\t\t<h2 class=\"elementor-heading-title elementor-size-default\">Private turer med minivan og lokal sj\u00e5f\u00f8r\/guide<\/h2>\t\t\t\t<\/div>\n\t\t\t\t<\/div>\n\t\t\t\t<div class=\"elementor-element elementor-element-fd2e80f elementor-widget-divider--view-line elementor-widget elementor-widget-divider\" data-id=\"fd2e80f\" data-element_type=\"widget\" data-e-type=\"widget\" data-widget_type=\"divider.default\">\n\t\t\t\t<div class=\"elementor-widget-container\">\n\t\t\t\t\t\t\t<div class=\"elementor-divider\">\n\t\t\t<span class=\"elementor-divider-separator\">\n\t\t\t\t\t\t<\/span>\n\t\t<\/div>\n\t\t\t\t\t\t<\/div>\n\t\t\t\t<\/div>\n\t\t\t\t<div class=\"elementor-element elementor-element-3e504e7 elementor-widget elementor-widget-text-editor\" data-id=\"3e504e7\" data-element_type=\"widget\" data-e-type=\"widget\" data-widget_type=\"text-editor.default\">\n\t\t\t\t<div class=\"elementor-widget-container\">\n\t\t\t\t\t\t\t\t\t<p><strong>PRISER frem til 30.11.2026*:<\/strong><br \/>Startpris 2 timer: 5100 NOK for 1-4 personer<br \/>etter 2 timer: 2550 kr per p\u00e5begynt time (1-4 personer)<\/p><p>*Prisen inkluderer lokal guide\/sj\u00e5f\u00f8r (spr\u00e5k: norsk, engelsk, fransk eller tysk) og transport i minivan.<br \/>Henting p\u00e5 Kirkenes, Kirkenes lufthavn, Hurtigrutekaia og Snowhotel er inkludert. Prisene er beregnet med start- og sluttsted i Kirkenes\/Kirkenes lufthavn mellom 8.00 og 23.00<\/p><p>mer info og booking:\u00a0<a href=\"https:\/\/www.bookingkirkenes.no\/no\/produkt\/private-tours-with-local-guide\/\">https:\/\/www.bookingkirkenes.no\/produkt\/private-tours-with-local-guide\/<\/a><\/p>\t\t\t\t\t\t\t\t<\/div>\n\t\t\t\t<\/div>\n\t\t\t\t\t<\/div>\n\t\t<\/div>\n\t\t\t\t<div class=\"elementor-column elementor-col-50 elementor-top-column elementor-element elementor-element-a5dfc91\" data-id=\"a5dfc91\" data-element_type=\"column\" data-e-type=\"column\">\n\t\t\t<div class=\"elementor-widget-wrap elementor-element-populated\">\n\t\t\t\t\t\t<div class=\"elementor-element elementor-element-7d6c20d elementor-widget elementor-widget-image\" data-id=\"7d6c20d\" data-element_type=\"widget\" data-e-type=\"widget\" data-widget_type=\"image.default\">\n\t\t\t\t<div class=\"elementor-widget-container\">\n\t\t\t\t\t\t\t\t\t\t\t\t\t\t\t<img decoding=\"async\" width=\"385\" height=\"385\" src=\"https:\/\/www.bookingkirkenes.no\/wp-content\/uploads\/2022\/10\/7-1.jpg\" class=\"attachment-large size-large wp-image-3735\" alt=\"\" srcset=\"https:\/\/www.bookingkirkenes.no\/wp-content\/uploads\/2022\/10\/7-1.jpg 385w, https:\/\/www.bookingkirkenes.no\/wp-content\/uploads\/2022\/10\/7-1-300x300.jpg 300w, https:\/\/www.bookingkirkenes.no\/wp-content\/uploads\/2022\/10\/7-1-150x150.jpg 150w, https:\/\/www.bookingkirkenes.no\/wp-content\/uploads\/2022\/10\/7-1-12x12.jpg 12w, https:\/\/www.bookingkirkenes.no\/wp-content\/uploads\/2022\/10\/7-1-100x100.jpg 100w, https:\/\/www.bookingkirkenes.no\/wp-content\/uploads\/2022\/10\/7-1-64x64.jpg 64w\" sizes=\"(max-width: 385px) 100vw, 385px\" \/>\t\t\t\t\t\t\t\t\t\t\t\t\t\t\t<\/div>\n\t\t\t\t<\/div>\n\t\t\t\t\t<\/div>\n\t\t<\/div>\n\t\t\t\t\t<\/div>\n\t\t<\/section>\n\t\t\t\t<section data-particle_enable=\"false\" data-particle-mobile-disabled=\"false\" class=\"elementor-section elementor-top-section elementor-element elementor-element-2383021 elementor-section-boxed elementor-section-height-default elementor-section-height-default\" data-id=\"2383021\" data-element_type=\"section\" data-e-type=\"section\" data-settings=\"{&quot;background_background&quot;:&quot;classic&quot;}\">\n\t\t\t\t\t\t<div class=\"elementor-container elementor-column-gap-default\">\n\t\t\t\t\t<div class=\"elementor-column elementor-col-50 elementor-top-column elementor-element elementor-element-7dc6b52\" data-id=\"7dc6b52\" data-element_type=\"column\" data-e-type=\"column\">\n\t\t\t<div class=\"elementor-widget-wrap elementor-element-populated\">\n\t\t\t\t\t\t<div class=\"elementor-element elementor-element-21fbe27 elementor-widget elementor-widget-image\" data-id=\"21fbe27\" data-element_type=\"widget\" data-e-type=\"widget\" data-widget_type=\"image.default\">\n\t\t\t\t<div class=\"elementor-widget-container\">\n\t\t\t\t\t\t\t\t\t\t\t\t\t\t\t<img decoding=\"async\" width=\"1024\" height=\"768\" src=\"https:\/\/www.bookingkirkenes.no\/wp-content\/uploads\/2024\/03\/IMG_20191017_134043-1024x768.jpg\" class=\"attachment-large size-large wp-image-7268\" alt=\"\" srcset=\"https:\/\/www.bookingkirkenes.no\/wp-content\/uploads\/2024\/03\/IMG_20191017_134043-1024x768.jpg 1024w, https:\/\/www.bookingkirkenes.no\/wp-content\/uploads\/2024\/03\/IMG_20191017_134043-300x225.jpg 300w, https:\/\/www.bookingkirkenes.no\/wp-content\/uploads\/2024\/03\/IMG_20191017_134043-768x576.jpg 768w, https:\/\/www.bookingkirkenes.no\/wp-content\/uploads\/2024\/03\/IMG_20191017_134043-1536x1152.jpg 1536w, https:\/\/www.bookingkirkenes.no\/wp-content\/uploads\/2024\/03\/IMG_20191017_134043-2048x1536.jpg 2048w, https:\/\/www.bookingkirkenes.no\/wp-content\/uploads\/2024\/03\/IMG_20191017_134043-16x12.jpg 16w, https:\/\/www.bookingkirkenes.no\/wp-content\/uploads\/2024\/03\/IMG_20191017_134043-600x450.jpg 600w, https:\/\/www.bookingkirkenes.no\/wp-content\/uploads\/2024\/03\/IMG_20191017_134043-64x48.jpg 64w\" sizes=\"(max-width: 1024px) 100vw, 1024px\" \/>\t\t\t\t\t\t\t\t\t\t\t\t\t\t\t<\/div>\n\t\t\t\t<\/div>\n\t\t\t\t\t<\/div>\n\t\t<\/div>\n\t\t\t\t<div class=\"elementor-column elementor-col-50 elementor-top-column elementor-element elementor-element-39cc90b\" data-id=\"39cc90b\" data-element_type=\"column\" data-e-type=\"column\">\n\t\t\t<div class=\"elementor-widget-wrap elementor-element-populated\">\n\t\t\t\t\t\t<div class=\"elementor-element elementor-element-b9b201d elementor-widget elementor-widget-heading\" data-id=\"b9b201d\" data-element_type=\"widget\" data-e-type=\"widget\" data-widget_type=\"heading.default\">\n\t\t\t\t<div class=\"elementor-widget-container\">\n\t\t\t\t\t<h2 class=\"elementor-heading-title elementor-size-default\">Overf\u00f8ringer fra\/til Finland<\/h2>\t\t\t\t<\/div>\n\t\t\t\t<\/div>\n\t\t\t\t<div class=\"elementor-element elementor-element-cfd6eeb elementor-widget elementor-widget-text-editor\" data-id=\"cfd6eeb\" data-element_type=\"widget\" data-e-type=\"widget\" data-widget_type=\"text-editor.default\">\n\t\t\t\t<div class=\"elementor-widget-container\">\n\t\t\t\t\t\t\t\t\t<p>Vi tilbyr rutebaserte og private transporter med faste avgangstider mellom Kirkenes og Inari \u2013 Ivalo \u2013 Ivalo flyplass \u2013 Saariselk\u00e4 og Kakslautanen (merk: vi tilbyr ikke transport fra\/til Rovaniemi)<\/p>\n<p><strong>Alle overf\u00f8ringer m\u00e5 bestilles p\u00e5 e-post p\u00e5 forh\u00e5nd, min. 2 uker f\u00f8r avreisedato.<\/strong><\/p>\n<p><strong>RUTETABELL OG PRISER FOR PLANLAGT OVERF\u00d8RING:<\/strong><\/p>\n<p><a href=\"https:\/\/www.bookingkirkenes.no\/wp-content\/uploads\/2025\/07\/Visit-Inari-scheduled-transfer-25-26.pdf\" target=\"_blank\" rel=\"noopener\">Daglig planlagt transport fra\/til Finland<\/a>&nbsp;For bestilling:&nbsp;<a href=\"https:\/\/www.bookingkirkenes.no\/no\/produkt\/transfer-kirkenes-finland\/\" target=\"_blank\" style=\"background-color: rgb(255, 255, 255);\">Klikk her<\/a><\/p>\n<p>Planlagt transport har en fast avgangstid, og det vil v\u00e6re andre gjester om bord p\u00e5 bussen.<\/p>\n<p><strong>PRISER FOR PRIVAT TRANSPORT:<\/strong><\/p>\n<p><a href=\"https:\/\/www.bookingkirkenes.no\/wp-content\/uploads\/2025\/07\/VisitInariPrivatTransfer2024-26.pdf\" target=\"_blank\" rel=\"noopener\">Privat transport fra\/til Finland<\/a><\/p>\n<p>Privat transport er en drosjetjeneste. Du velger hentetid og -sted, og det er ingen andre gjester om bord i kj\u00f8ret\u00f8yet.<\/p>\n<p><strong>HVORDAN BESTILLE?<\/strong><br>For bestilling, send en e-post til info@bookingkirkenes.no<\/p>\n<p>\u2022 Reisedato<br>\u2022 Antall reisende<br>\u2022 Navnet ditt<br>\u2022 Mobilnummeret ditt<br>\u2022 Hentested (sted og hotell) og tidspunkt<br>\u2022 Avleveringssted (sted og hotell)<\/p>\n<p>Du vil motta en bekreftelse fra oss til din e-post, inkludert en betalingslenke.<br>Den bestilte tjenesten m\u00e5 bestilles og betales p\u00e5 forh\u00e5nd.<\/p>\n<p>For kanselleringsvilk\u00e5r, sjekk her: <a href=\"https:\/\/www.bookingkirkenes.no\/no\/about-us\/general-terms\/\" target=\"_blank\" rel=\"noopener\">https:\/\/www.bookingkirkenes.no\/about-us\/general-terms\/<\/a><\/p>\t\t\t\t\t\t\t\t<\/div>\n\t\t\t\t<\/div>\n\t\t\t\t<div class=\"elementor-element elementor-element-417b8b3 elementor-widget elementor-widget-text-editor\" data-id=\"417b8b3\" data-element_type=\"widget\" data-e-type=\"widget\" data-widget_type=\"text-editor.default\">\n\t\t\t\t<div class=\"elementor-widget-container\">\n\t\t\t\t\t\t\t\t\t<p>Vi tilbyr rutebaserte og private transporter med faste avgangstider mellom Kirkenes og Inari \u2013 Ivalo \u2013 Ivalo flyplass \u2013 Saariselk\u00e4 og Kakslautanen (merk: vi tilbyr ikke transport fra\/til Rovaniemi)<\/p><p><strong>Alle overf\u00f8ringer m\u00e5 bestilles p\u00e5 e-post p\u00e5 forh\u00e5nd, min. 2 uker f\u00f8r avreisedato.<\/strong><\/p><p><strong>RUTETABELL OG PRISER FOR PLANLAGT OVERF\u00d8RING:<\/strong><\/p><p><a href=\"https:\/\/www.bookingkirkenes.no\/wp-content\/uploads\/2025\/07\/Visit-Inari-scheduled-transfer-25-26.pdf\" target=\"_blank\" rel=\"noopener\">Daglig planlagt transport fra\/til Finland<\/a>\u00a0For bestilling:\u00a0<\/p><p>Planlagt transport har en fast avgangstid, og det vil v\u00e6re andre gjester om bord p\u00e5 bussen.<\/p><p><strong>PRISER FOR PRIVAT TRANSPORT:<\/strong><\/p><p><a href=\"https:\/\/www.bookingkirkenes.no\/wp-content\/uploads\/2025\/07\/VisitInariPrivatTransfer2024-26.pdf\" target=\"_blank\" rel=\"noopener\">Privat transport fra\/til Finland<\/a><\/p><p>Privat transport er en drosjetjeneste. Du velger hentetid og -sted, og det er ingen andre gjester om bord i kj\u00f8ret\u00f8yet.<\/p><p><strong>HVORDAN BESTILLE?<\/strong><br \/>For bestilling, send en e-post til info@bookingkirkenes.no<\/p><p>\u2022 Reisedato<br \/>\u2022 Antall reisende<br \/>\u2022 Navnet ditt<br \/>\u2022 Mobilnummeret ditt<br \/>\u2022 Hentested (sted og hotell) og tidspunkt<br \/>\u2022 Avleveringssted (sted og hotell)<\/p><p>Du vil motta en bekreftelse fra oss til din e-post, inkludert en betalingslenke.<br \/>Den bestilte tjenesten m\u00e5 bestilles og betales p\u00e5 forh\u00e5nd.<\/p><p>For kanselleringsvilk\u00e5r, sjekk her: <a href=\"https:\/\/www.bookingkirkenes.no\/no\/about-us\/general-terms\/\" target=\"_blank\" rel=\"noopener\">https:\/\/www.bookingkirkenes.no\/about-us\/general-terms\/<\/a><\/p>\t\t\t\t\t\t\t\t<\/div>\n\t\t\t\t<\/div>\n\t\t\t\t\t<\/div>\n\t\t<\/div>\n\t\t\t\t\t<\/div>\n\t\t<\/section>\n\t\t\t\t<\/div>","protected":false},"excerpt":{"rendered":"<p>Booking Kirkenes offers a wide range of comfortable and reliable transportation options for individual guests and groups. Travel in style with our modern Mercedes Sprinter minivan (8 seats) or enjoy an eco-friendly ride in our fully electric minivan (6 seats). For larger groups, we collaborate with trusted local bus and taxi companies to ensure smooth [&hellip;]<\/p>\n","protected":false},"author":4,"featured_media":0,"parent":0,"menu_order":0,"comment_status":"closed","ping_status":"closed","template":"elementor_header_footer","meta":{"site-sidebar-layout":"no-sidebar","site-content-layout":"page-builder","ast-site-content-layout":"default","site-content-style":"default","site-sidebar-style":"default","ast-global-header-display":"","ast-banner-title-visibility":"","ast-main-header-display":"","ast-hfb-above-header-display":"","ast-hfb-below-header-display":"","ast-hfb-mobile-header-display":"","site-post-title":"disabled","ast-breadcrumbs-content":"","ast-featured-img":"disabled","footer-sml-layout":"","ast-disable-related-posts":"","theme-transparent-header-meta":"","adv-header-id-meta":"","stick-header-meta":"","header-above-stick-meta":"","header-main-stick-meta":"","header-below-stick-meta":"","astra-migrate-meta-layouts":"default","ast-page-background-enabled":"default","ast-page-background-meta":{"desktop":{"background-color":"var(--ast-global-color-4)","background-image":"","background-repeat":"repeat","background-position":"center center","background-size":"auto","background-attachment":"scroll","background-type":"","background-media":"","overlay-type":"","overlay-color":"","overlay-opacity":"","overlay-gradient":""},"tablet":{"background-color":"","background-image":"","background-repeat":"repeat","background-position":"center center","background-size":"auto","background-attachment":"scroll","background-type":"","background-media":"","overlay-type":"","overlay-color":"","overlay-opacity":"","overlay-gradient":""},"mobile":{"background-color":"","background-image":"","background-repeat":"repeat","background-position":"center center","background-size":"auto","background-attachment":"scroll","background-type":"","background-media":"","overlay-type":"","overlay-color":"","overlay-opacity":"","overlay-gradient":""}},"ast-content-background-meta":{"desktop":{"background-color":"var(--ast-global-color-5)","background-image":"","background-repeat":"repeat","background-position":"center center","background-size":"auto","background-attachment":"scroll","background-type":"","background-media":"","overlay-type":"","overlay-color":"","overlay-opacity":"","overlay-gradient":""},"tablet":{"background-color":"var(--ast-global-color-5)","background-image":"","background-repeat":"repeat","background-position":"center center","background-size":"auto","background-attachment":"scroll","background-type":"","background-media":"","overlay-type":"","overlay-color":"","overlay-opacity":"","overlay-gradient":""},"mobile":{"background-color":"var(--ast-global-color-5)","background-image":"","background-repeat":"repeat","background-position":"center center","background-size":"auto","background-attachment":"scroll","background-type":"","background-media":"","overlay-type":"","overlay-color":"","overlay-opacity":"","overlay-gradient":""}},"footnotes":""},"class_list":["post-3765","page","type-page","status-publish","hentry"],"aioseo_notices":[],"_links":{"self":[{"href":"https:\/\/www.bookingkirkenes.no\/no\/wp-json\/wp\/v2\/pages\/3765","targetHints":{"allow":["GET"]}}],"collection":[{"href":"https:\/\/www.bookingkirkenes.no\/no\/wp-json\/wp\/v2\/pages"}],"about":[{"href":"https:\/\/www.bookingkirkenes.no\/no\/wp-json\/wp\/v2\/types\/page"}],"author":[{"embeddable":true,"href":"https:\/\/www.bookingkirkenes.no\/no\/wp-json\/wp\/v2\/users\/4"}],"replies":[{"embeddable":true,"href":"https:\/\/www.bookingkirkenes.no\/no\/wp-json\/wp\/v2\/comments?post=3765"}],"version-history":[{"count":165,"href":"https:\/\/www.bookingkirkenes.no\/no\/wp-json\/wp\/v2\/pages\/3765\/revisions"}],"predecessor-version":[{"id":12747,"href":"https:\/\/www.bookingkirkenes.no\/no\/wp-json\/wp\/v2\/pages\/3765\/revisions\/12747"}],"wp:attachment":[{"href":"https:\/\/www.bookingkirkenes.no\/no\/wp-json\/wp\/v2\/media?parent=3765"}],"curies":[{"name":"wp","href":"https:\/\/api.w.org\/{rel}","templated":true}]}}