{"id":23,"date":"2021-10-21T14:18:57","date_gmt":"2021-10-21T12:18:57","guid":{"rendered":"https:\/\/www.bookingkirkenes.no\/?page_id=23"},"modified":"2022-08-26T13:58:31","modified_gmt":"2022-08-26T11:58:31","slug":"about-us","status":"publish","type":"page","link":"https:\/\/www.bookingkirkenes.no\/no\/about-us\/","title":{"rendered":"Om oss"},"content":{"rendered":"<div data-elementor-type=\"wp-page\" data-elementor-id=\"23\" class=\"elementor elementor-23\" data-elementor-post-type=\"page\">\n\t\t\t\t\t\t<section data-particle_enable=\"false\" data-particle-mobile-disabled=\"false\" class=\"elementor-section elementor-top-section elementor-element elementor-element-3732d50 elementor-section-boxed elementor-section-height-default elementor-section-height-default\" data-id=\"3732d50\" data-element_type=\"section\" data-e-type=\"section\">\n\t\t\t\t\t\t<div class=\"elementor-container elementor-column-gap-default\">\n\t\t\t\t\t<div class=\"elementor-column elementor-col-100 elementor-top-column elementor-element elementor-element-5827cc8d\" data-id=\"5827cc8d\" data-element_type=\"column\" data-e-type=\"column\">\n\t\t\t<div class=\"elementor-widget-wrap elementor-element-populated\">\n\t\t\t\t\t\t<div class=\"elementor-element elementor-element-20726a9e elementor-widget elementor-widget-text-editor\" data-id=\"20726a9e\" data-element_type=\"widget\" data-e-type=\"widget\" data-widget_type=\"text-editor.default\">\n\t\t\t\t<div class=\"elementor-widget-container\">\n\t\t\t\t\t\t\t\t\t\n<p>V\u00e5rt firma Pasvikturist AS \u2013 Booking Kirkenes ble grunnlagt i 1990. Vi tilbyr lokale utflukter hele \u00e5ret og driver bookingkontor og gavebutikk i Kirkenes sentrum. Vi tilbyr ogs\u00e5 turistkontorservice inkludert gratis kart og generell informasjon om omr\u00e5det. V\u00e5re lokale ansatte kan hjelpe deg under ditt opphold i Kirkenes.<\/p>\n\n<h2 class=\"wp-block-heading\" id=\"personal-honest-professional\"><strong>Personlig \u2013 \u00c6rlig \u2013 Profesjonell<\/strong><\/h2>\n\n<p>Kontoret v\u00e5rt er lokalisert i Kirkenes, Norge, i hovedhandlegaten. Vi gir deg r\u00e5d for ditt opphold i Kirkenes og du kan bestille alle tilgjengelige aktiviteter hos oss.<\/p>\n\n<p>Vi er eksperter p\u00e5 lokale utflukter. V\u00e5re 4 ansatte snakker norsk, engelsk og tysk. I tillegg jobber 15 erfarne guider med lokalkunnskap for oss. En tur med Booking Kirkenes vil gi deg den mest personlige opplevelsen du kan f\u00e5 i v\u00e5rt omr\u00e5de.<\/p>\n\n<p>\u00a0<\/p>\n\n<h2 class=\"wp-block-heading\" id=\"our-philosophy\"><strong>V\u00e5r filosofi<\/strong>\u00a0<\/h2>\n\n<p>Vi vet hvordan vi skal unnslippe \u2013 N\u00f8kkelen til vellykket reise er langt p\u00e5 vei innsatsen bak. For \u00e5 sikre de mest minneverdige opplevelsene for v\u00e5re gjester, er ingen detaljer uber\u00f8rt. Derfor har vi bestemt oss for \u00e5 forbli sm\u00e5, effektive og fokuserte. Utforsking er hva du gj\u00f8r det til, men du trenger en profesjonell h\u00e5nd for \u00e5 f\u00e5 det til.<\/p>\n\n<p class=\"has-ast-global-color-1-color has-text-color\">Vi jobber kontinuerlig med forbedringer innen milj\u00f8 og sikkerhet. For oss er ikke dette bare tomme ord. Det er derfor vi er det <a href=\"https:\/\/www.miljofyrtarn.no\/\" target=\"_blank\" rel=\"noreferrer noopener\"><strong>\u00d8kofyrt\u00e5rn <\/strong><\/a><strong><a title=\"\u00d8kofyrt\u00e5rn\" href=\"https:\/\/www.miljofyrtarn.no\/\" target=\"_blank\" rel=\"noreferrer noopener\">sertifisert.<\/a><\/strong><\/p>\n\n<p>Vi har n\u00e5 det synlige beviset p\u00e5 at vi tar v\u00e5r del av ansvaret og tar konkrete b\u00e6rekraftstiltak. Vi samarbeider tett med lokale leverand\u00f8rer og sm\u00e5 familiebedrifter.<br \/>V\u00e5re ansatte er i langtidsstillinger og har bodd her i mange \u00e5r. Pasvikturist eies 100% lokalt.<\/p>\n\n<h2 class=\"wp-block-heading\"><strong>Hvor finner du oss?<\/strong><\/h2>\n\n<p>V\u00e5r butikk og bookingkontor ligger i hovedhandlegaten, Dr Wesselsgate 15B i Kirkenes. Vi selger et utvalg av lokale produkter i gavebutikken v\u00e5r som smykker, glasskunst og mer. Du kan bestille en lokale utflukter og v\u00e5re ansatte n\u00e5 omr\u00e5det virkelig godt og kan hjelpe deg med ditt opphold.<\/p>\n\n<p>\u00a0<\/p>\n\n<h2 class=\"wp-block-heading\" id=\"our-staff\"><strong>V\u00e5rt personale<\/strong>\u00a0<\/h2>\n\n<p><strong>Monika Raab<\/strong> er b\u00e5de eier og sjelen i selskapet og har jobbet for Booking Kirkenes de siste 15 \u00e5rene. Hun flyttet til Kirkenes i 2001 og har jobbet i reiselivsbransjen de siste 25 \u00e5rene. Hun er Geograf med mastergrad og brenner for lokal stedsutvikling. Monika har ansvar for tilbud, salg og oppf\u00f8lging av grupper eller enkeltkunder. Hun er ogs\u00e5 \u00abute i felten\u00bb og er da guide for v\u00e5re tyske gjester, men ogs\u00e5 for norske og engelske gjester. Monika er opprinnelig tysker, men har sine r\u00f8tter i Kirkenes n\u00e5. Trenger du gode ideer til oppholdet i Norden, ta kontakt med Monika.<br \/><a href=\"mailto:monika@bookingkirkenes.no\">monika@bookingkirkenes.no<\/a><br \/>mobil: +47 415 44 346<\/p>\n\n<p><strong>Odd-Johnny Andersen<\/strong> er en utmerket lokal guide. Han er f\u00f8dt i Kirkenes og har bodd her nesten hele livet. Han kan fortelle mye mer enn det du finner i guideb\u00f8kene dine. I tillegg er han en sj\u00e5f\u00f8r og en allround-mann som kan fikse det meste. Du vil mest sannsynlig m\u00f8te ham n\u00e5r du bestiller reise hos oss.<\/p>\n\n<p><strong>Lise-Lotte Olsen<\/strong> er \u00f8konomisjef i selskapet. Hun driver ogs\u00e5 gavebutikken v\u00e5r og du vil mest sannsynlig m\u00f8te henne bak disken n\u00e5r du bes\u00f8ker butikken v\u00e5r. Hun gj\u00f8r ogs\u00e5 annet kontorarbeid og er ansvarlig for v\u00e5rt \u00d8kofyrt\u00e5rnsertifikat og sikkerhet. <br \/>liselotte@bookingkirkenes.no<\/p>\n\n<p><strong>Guider og sj\u00e5f\u00f8rer:<\/strong> i tillegg til v\u00e5re ansatte leier vi inn lokale guider og sj\u00e5f\u00f8rer ved behov. Uansett har alle v\u00e5re ansatte lang fartstid innen reiseliv og alle har en sterk lokal tilknytning.<\/p>\n\n<h2 class=\"wp-block-heading\">\u00a0<\/h2>\n\t\t\t\t\t\t\t\t<\/div>\n\t\t\t\t<\/div>\n\t\t\t\t\t<\/div>\n\t\t<\/div>\n\t\t\t\t\t<\/div>\n\t\t<\/section>\n\t\t\t\t<\/div>","protected":false},"excerpt":{"rendered":"<p>Our company Pasvikturist AS &#8211; Booking Kirkenes was founded in 1990. We offer local excursions all year round and run a booking office and gift shop in the center of Kirkenes. We provide also Tourist office service including free maps and general information about the area. Our local staff can help you during your stay [&hellip;]<\/p>\n","protected":false},"author":1,"featured_media":2562,"parent":0,"menu_order":0,"comment_status":"closed","ping_status":"closed","template":"","meta":{"site-sidebar-layout":"default","site-content-layout":"default","ast-site-content-layout":"default","site-content-style":"default","site-sidebar-style":"default","ast-global-header-display":"","ast-banner-title-visibility":"","ast-main-header-display":"","ast-hfb-above-header-display":"","ast-hfb-below-header-display":"","ast-hfb-mobile-header-display":"","site-post-title":"","ast-breadcrumbs-content":"","ast-featured-img":"","footer-sml-layout":"","ast-disable-related-posts":"","theme-transparent-header-meta":"default","adv-header-id-meta":"","stick-header-meta":"","header-above-stick-meta":"","header-main-stick-meta":"","header-below-stick-meta":"","astra-migrate-meta-layouts":"default","ast-page-background-enabled":"default","ast-page-background-meta":{"desktop":{"background-color":"var(--ast-global-color-4)","background-image":"","background-repeat":"repeat","background-position":"center center","background-size":"auto","background-attachment":"scroll","background-type":"","background-media":"","overlay-type":"","overlay-color":"","overlay-opacity":"","overlay-gradient":""},"tablet":{"background-color":"","background-image":"","background-repeat":"repeat","background-position":"center center","background-size":"auto","background-attachment":"scroll","background-type":"","background-media":"","overlay-type":"","overlay-color":"","overlay-opacity":"","overlay-gradient":""},"mobile":{"background-color":"","background-image":"","background-repeat":"repeat","background-position":"center center","background-size":"auto","background-attachment":"scroll","background-type":"","background-media":"","overlay-type":"","overlay-color":"","overlay-opacity":"","overlay-gradient":""}},"ast-content-background-meta":{"desktop":{"background-color":"var(--ast-global-color-5)","background-image":"","background-repeat":"repeat","background-position":"center center","background-size":"auto","background-attachment":"scroll","background-type":"","background-media":"","overlay-type":"","overlay-color":"","overlay-opacity":"","overlay-gradient":""},"tablet":{"background-color":"var(--ast-global-color-5)","background-image":"","background-repeat":"repeat","background-position":"center center","background-size":"auto","background-attachment":"scroll","background-type":"","background-media":"","overlay-type":"","overlay-color":"","overlay-opacity":"","overlay-gradient":""},"mobile":{"background-color":"var(--ast-global-color-5)","background-image":"","background-repeat":"repeat","background-position":"center center","background-size":"auto","background-attachment":"scroll","background-type":"","background-media":"","overlay-type":"","overlay-color":"","overlay-opacity":"","overlay-gradient":""}},"footnotes":""},"class_list":["post-23","page","type-page","status-publish","has-post-thumbnail","hentry"],"aioseo_notices":[],"_links":{"self":[{"href":"https:\/\/www.bookingkirkenes.no\/no\/wp-json\/wp\/v2\/pages\/23","targetHints":{"allow":["GET"]}}],"collection":[{"href":"https:\/\/www.bookingkirkenes.no\/no\/wp-json\/wp\/v2\/pages"}],"about":[{"href":"https:\/\/www.bookingkirkenes.no\/no\/wp-json\/wp\/v2\/types\/page"}],"author":[{"embeddable":true,"href":"https:\/\/www.bookingkirkenes.no\/no\/wp-json\/wp\/v2\/users\/1"}],"replies":[{"embeddable":true,"href":"https:\/\/www.bookingkirkenes.no\/no\/wp-json\/wp\/v2\/comments?post=23"}],"version-history":[{"count":18,"href":"https:\/\/www.bookingkirkenes.no\/no\/wp-json\/wp\/v2\/pages\/23\/revisions"}],"predecessor-version":[{"id":2587,"href":"https:\/\/www.bookingkirkenes.no\/no\/wp-json\/wp\/v2\/pages\/23\/revisions\/2587"}],"wp:featuredmedia":[{"embeddable":true,"href":"https:\/\/www.bookingkirkenes.no\/no\/wp-json\/wp\/v2\/media\/2562"}],"wp:attachment":[{"href":"https:\/\/www.bookingkirkenes.no\/no\/wp-json\/wp\/v2\/media?parent=23"}],"curies":[{"name":"wp","href":"https:\/\/api.w.org\/{rel}","templated":true}]}}