{"id":21,"date":"2021-10-21T14:18:29","date_gmt":"2021-10-21T12:18:29","guid":{"rendered":"https:\/\/www.bookingkirkenes.no\/?page_id=21"},"modified":"2022-10-28T06:55:49","modified_gmt":"2022-10-28T04:55:49","slug":"guideservice-3","status":"publish","type":"page","link":"https:\/\/www.bookingkirkenes.no\/no\/guideservice-3\/","title":{"rendered":"Guideservice"},"content":{"rendered":"<h2 class=\"wp-block-heading\">Lokal guiding<\/h2>\n\n\n\n<p>Trenger du en lokal guide for gruppen din? Eller en privat tur med en av v\u00e5re guider? Vi bruker kun lokale guider som har bodd her lenge. De krydrer alltid turen med egne opplevelser og de tilbyr stor kunnskap om omr\u00e5det v\u00e5rt. Du f\u00e5r informasjon om historie, klima, livsstil i Nord og mye mer.<\/p>\n\n\n\n<p>En tur med en lokal guide gj\u00f8r hele forskjellen.<\/p>\n\n\n\n<p>For prisliste og booking mail til: info@bookingkirkenes.no<\/p>\n\n\n\n<h2 class=\"wp-block-heading\">Private turer med minibuss og sj\u00e5f\u00f8r\/guide<\/h2>\n\n\n\n<p><\/p>\n\n\n\n<p>Tilgjengelig hele \u00e5ret mellom 08.00 \u2013 23.00<br>Varighet: 2 \u2013 9 timer<br>for 1-12 personer (for st\u00f8rre grupper vennligst send oss en e-post)<\/p>\n\n\n\n<p>Bestill en minibuss og lokal guide\/sj\u00e5f\u00f8r for en privat tur. Du bestemmer hvor mange timer og vi kan gi anbefalinger hvor du skal dra, og skreddersy turen kun for deg. Ingen andre gjester vil bli med, det betyr at vi ikke blander grupper, og ikke bestiller andre gjester p\u00e5 samme avgang. Dette er en trygg m\u00e5te \u00e5 oppleve v\u00e5rt vakre omr\u00e5de p\u00e5. Du f\u00e5r en personlig opplevelse med en av v\u00e5re lokale guider\/sj\u00e5f\u00f8rer.<br>Omvisning i v\u00e5re nye og komfortable minibusser. Vi kan bruke tilhengeren v\u00e5r til bagasjen din.<\/p>\n\n\n\n<p>Vi tilbyr turer til ulike steder i kommunen og i Finnmark.<br>V\u00e5re guider snakker norsk, engelsk eller tysk og er alle lokale eksperter.<\/p>\n\n\n\n<p><br>Turforslag: Kirkenes sightseeing, russiske grense, Visit Snowhotel, Nordlysturer, turer til Pasvikdalen og Bes\u00f8kssenteret for nasjonalparken. Vi har mange ideer for bes\u00f8ket ditt!<\/p>\n\n\n\n<p><strong>PRISER frem til 30.11.2022*:<\/strong><br>Startpris 2 timer: 3800 kr for 1-6 personer, 4800 kr for 7-12 personer<br>etter 2 timer: 1000 kr pr p\u00e5begynt time (1-12 personer)<\/p>\n\n\n\n<p>*prisen inkluderer lokal guide\/sj\u00e5f\u00f8r (spr\u00e5k: norsk, engelsk eller tysk) og transport i Mercedes Sprinter minibuss<br>Henting p\u00e5 Kirkenes, Kirkenes lufthavn, Hurtigrutekaia og Snowhotel er inkludert. Prisene er beregnet med start- og sluttsted i Kirkenes\/Kirkenes lufthavn mellom 8.00 og 23.00<\/p>\n\n\n\n<p>Mer informasjon: <a href=\"https:\/\/www.bookingkirkenes.no\/no\/produkt\/private-tours-with-local-guide\/\">https:\/\/www.bookingkirkenes.no\/produkt\/private-tours-with-local-guide\/<\/a><\/p>\n\n\n\n<p>For turforslag og priser: mail til info@bookingkirkenes.no<\/p>","protected":false},"excerpt":{"rendered":"<p>Local guiding You need a local guide for your group? Or a private tour with one of our guides? We only use local guides who have lived here for a long time. They always spice the tour with own experiences and they offer great knowledge about our area. You get information about history, climate, lifestyle [&hellip;]<\/p>\n","protected":false},"author":1,"featured_media":1118,"parent":0,"menu_order":0,"comment_status":"closed","ping_status":"closed","template":"","meta":{"site-sidebar-layout":"default","site-content-layout":"default","ast-site-content-layout":"default","site-content-style":"default","site-sidebar-style":"default","ast-global-header-display":"","ast-banner-title-visibility":"","ast-main-header-display":"","ast-hfb-above-header-display":"","ast-hfb-below-header-display":"","ast-hfb-mobile-header-display":"","site-post-title":"","ast-breadcrumbs-content":"","ast-featured-img":"","footer-sml-layout":"","ast-disable-related-posts":"","theme-transparent-header-meta":"default","adv-header-id-meta":"","stick-header-meta":"","header-above-stick-meta":"","header-main-stick-meta":"","header-below-stick-meta":"","astra-migrate-meta-layouts":"default","ast-page-background-enabled":"default","ast-page-background-meta":{"desktop":{"background-color":"var(--ast-global-color-4)","background-image":"","background-repeat":"repeat","background-position":"center center","background-size":"auto","background-attachment":"scroll","background-type":"","background-media":"","overlay-type":"","overlay-color":"","overlay-opacity":"","overlay-gradient":""},"tablet":{"background-color":"","background-image":"","background-repeat":"repeat","background-position":"center center","background-size":"auto","background-attachment":"scroll","background-type":"","background-media":"","overlay-type":"","overlay-color":"","overlay-opacity":"","overlay-gradient":""},"mobile":{"background-color":"","background-image":"","background-repeat":"repeat","background-position":"center center","background-size":"auto","background-attachment":"scroll","background-type":"","background-media":"","overlay-type":"","overlay-color":"","overlay-opacity":"","overlay-gradient":""}},"ast-content-background-meta":{"desktop":{"background-color":"var(--ast-global-color-5)","background-image":"","background-repeat":"repeat","background-position":"center center","background-size":"auto","background-attachment":"scroll","background-type":"","background-media":"","overlay-type":"","overlay-color":"","overlay-opacity":"","overlay-gradient":""},"tablet":{"background-color":"var(--ast-global-color-5)","background-image":"","background-repeat":"repeat","background-position":"center center","background-size":"auto","background-attachment":"scroll","background-type":"","background-media":"","overlay-type":"","overlay-color":"","overlay-opacity":"","overlay-gradient":""},"mobile":{"background-color":"var(--ast-global-color-5)","background-image":"","background-repeat":"repeat","background-position":"center center","background-size":"auto","background-attachment":"scroll","background-type":"","background-media":"","overlay-type":"","overlay-color":"","overlay-opacity":"","overlay-gradient":""}},"footnotes":""},"class_list":["post-21","page","type-page","status-publish","has-post-thumbnail","hentry"],"aioseo_notices":[],"_links":{"self":[{"href":"https:\/\/www.bookingkirkenes.no\/no\/wp-json\/wp\/v2\/pages\/21","targetHints":{"allow":["GET"]}}],"collection":[{"href":"https:\/\/www.bookingkirkenes.no\/no\/wp-json\/wp\/v2\/pages"}],"about":[{"href":"https:\/\/www.bookingkirkenes.no\/no\/wp-json\/wp\/v2\/types\/page"}],"author":[{"embeddable":true,"href":"https:\/\/www.bookingkirkenes.no\/no\/wp-json\/wp\/v2\/users\/1"}],"replies":[{"embeddable":true,"href":"https:\/\/www.bookingkirkenes.no\/no\/wp-json\/wp\/v2\/comments?post=21"}],"version-history":[{"count":8,"href":"https:\/\/www.bookingkirkenes.no\/no\/wp-json\/wp\/v2\/pages\/21\/revisions"}],"predecessor-version":[{"id":2268,"href":"https:\/\/www.bookingkirkenes.no\/no\/wp-json\/wp\/v2\/pages\/21\/revisions\/2268"}],"wp:featuredmedia":[{"embeddable":true,"href":"https:\/\/www.bookingkirkenes.no\/no\/wp-json\/wp\/v2\/media\/1118"}],"wp:attachment":[{"href":"https:\/\/www.bookingkirkenes.no\/no\/wp-json\/wp\/v2\/media?parent=21"}],"curies":[{"name":"wp","href":"https:\/\/api.w.org\/{rel}","templated":true}]}}