{"id":19,"date":"2021-10-21T14:18:10","date_gmt":"2021-10-21T12:18:10","guid":{"rendered":"https:\/\/www.bookingkirkenes.no\/?page_id=19"},"modified":"2022-10-28T06:50:33","modified_gmt":"2022-10-28T04:50:33","slug":"transportation-3","status":"publish","type":"page","link":"https:\/\/www.bookingkirkenes.no\/no\/transportation-3\/","title":{"rendered":"Transport i Kirkenes og omegn"},"content":{"rendered":"<p>Privat taxitransport (2-3 personer)<br>Minivan Mercedes med h\u00f8y komfort (maks 8 personer)<br>Minibuss Mercedes med h\u00f8y komfort (maks 16 personer)<br>Charterbuss opp til 50 seter<\/p>\n\n\n\n<ul class=\"wp-block-list\" id=\"block-733195ca-d7df-4d0c-8785-cd90aed2fe1e\"><li>lokal transport i Kirkenes, flyplasstransport, transport fra\/til hurtigrutekaia<\/li><li>Rundturer i Kirkenes og omegn (med eller uten guiding)<\/li><li>transport til\/fra Finland<\/li><\/ul>\n\n\n\n<h2 class=\"wp-block-heading\">Private turer med minivan og sj\u00e5f\u00f8r\/guide<\/h2>\n\n\n\n<p>Private rundturer i Kirkenes med lokal guide\/sj\u00e5f\u00f8r (Spr\u00e5k: engelsk, norsk, tysk) i v\u00e5r nye minivan (maks 8 personer) eller i v\u00e5r minibuss (maks 16 personer). Ingen andre gjester.<br><br>Turforslag: Kirkenes sightseeing, russiske grense, Visit Snowhotel, Nordlysturer, turer til Pasvikdalen og Bes\u00f8kssenteret for nasjonalparken. Vi har mange ideer for bes\u00f8ket ditt!<\/p>\n\n\n\n<p><strong>PRISER frem til 31.05.2023*:<\/strong><br>Startpris 2 timer: 3900 NOK for 1-10 personer<br>etter 2 timer: 1100 kr pr p\u00e5begynt time (1-10 personer)<\/p>\n\n\n\n<p>*prisen inkluderer lokal guide\/sj\u00e5f\u00f8r (spr\u00e5k: norsk, engelsk eller tysk) og transport i Mercedes minivan eller minibuss.<br>Henting p\u00e5 Kirkenes, Kirkenes lufthavn, Hurtigrutekaia og Snowhotel er inkludert. Prisene er beregnet med start- og sluttsted i Kirkenes\/Kirkenes lufthavn mellom 8.00 og 23.00<br><\/p>\n\n\n\n<p>mer info og booking: <a href=\"https:\/\/www.bookingkirkenes.no\/no\/produkt\/private-tours-with-local-guide\/\">https:\/\/www.bookingkirkenes.no\/produkt\/private-tours-with-local-guide\/<\/a><\/p>\n\n\n\n<h2 class=\"wp-block-heading\">Taxi<\/h2>\n\n\n\n<p>Taxi i Kirkenes: flyplasstransport, transfer til kai, sightseeingturer med taxi<\/p>\n\n\n\n<h2 class=\"wp-block-heading\">Private transfers fra\/til Finland<\/h2>\n\n\n\n<p>Vi tilbyr privat og rute transport (ingen andre gjester og individuelle avgangstider) mellom Kirkenes og Inari \u2013 Ivalo \u2013 Ivalo flyplass \u2013 Saariselk\u00e4 og Kakslautannen<br>For pris og bestilling vennligst kontakt oss p\u00e5 e-post<br><br>All transport m\u00e5 bestilles p\u00e5 forh\u00e5nd.<\/p>\n\n\n\n<hr class=\"wp-block-separator has-css-opacity\"\/>\n\n\n\n<hr class=\"wp-block-separator has-css-opacity\"\/>","protected":false},"excerpt":{"rendered":"<p>Private taxi transfers (2-3 persons)Minivan Mercedes with high comofort (max 8 persons)Minibus Mercedes with high comfort (max 16 persons)Coaches up to 50 seats local transportation in Kirkenes, airport transfer, transfer from\/to Hurtigruten pier Round tours in Kirkenes and surroundings (with or without guiding) transportation to\/from Finland Private tours with mini van and driver\/guide Private round [&hellip;]<\/p>\n","protected":false},"author":1,"featured_media":1791,"parent":0,"menu_order":0,"comment_status":"closed","ping_status":"closed","template":"","meta":{"site-sidebar-layout":"default","site-content-layout":"default","ast-site-content-layout":"default","site-content-style":"default","site-sidebar-style":"default","ast-global-header-display":"","ast-banner-title-visibility":"","ast-main-header-display":"","ast-hfb-above-header-display":"","ast-hfb-below-header-display":"","ast-hfb-mobile-header-display":"","site-post-title":"","ast-breadcrumbs-content":"","ast-featured-img":"","footer-sml-layout":"","ast-disable-related-posts":"","theme-transparent-header-meta":"default","adv-header-id-meta":"","stick-header-meta":"","header-above-stick-meta":"","header-main-stick-meta":"","header-below-stick-meta":"","astra-migrate-meta-layouts":"default","ast-page-background-enabled":"default","ast-page-background-meta":{"desktop":{"background-color":"var(--ast-global-color-4)","background-image":"","background-repeat":"repeat","background-position":"center center","background-size":"auto","background-attachment":"scroll","background-type":"","background-media":"","overlay-type":"","overlay-color":"","overlay-opacity":"","overlay-gradient":""},"tablet":{"background-color":"","background-image":"","background-repeat":"repeat","background-position":"center center","background-size":"auto","background-attachment":"scroll","background-type":"","background-media":"","overlay-type":"","overlay-color":"","overlay-opacity":"","overlay-gradient":""},"mobile":{"background-color":"","background-image":"","background-repeat":"repeat","background-position":"center center","background-size":"auto","background-attachment":"scroll","background-type":"","background-media":"","overlay-type":"","overlay-color":"","overlay-opacity":"","overlay-gradient":""}},"ast-content-background-meta":{"desktop":{"background-color":"var(--ast-global-color-5)","background-image":"","background-repeat":"repeat","background-position":"center center","background-size":"auto","background-attachment":"scroll","background-type":"","background-media":"","overlay-type":"","overlay-color":"","overlay-opacity":"","overlay-gradient":""},"tablet":{"background-color":"var(--ast-global-color-5)","background-image":"","background-repeat":"repeat","background-position":"center center","background-size":"auto","background-attachment":"scroll","background-type":"","background-media":"","overlay-type":"","overlay-color":"","overlay-opacity":"","overlay-gradient":""},"mobile":{"background-color":"var(--ast-global-color-5)","background-image":"","background-repeat":"repeat","background-position":"center center","background-size":"auto","background-attachment":"scroll","background-type":"","background-media":"","overlay-type":"","overlay-color":"","overlay-opacity":"","overlay-gradient":""}},"footnotes":""},"class_list":["post-19","page","type-page","status-publish","has-post-thumbnail","hentry"],"aioseo_notices":[],"_links":{"self":[{"href":"https:\/\/www.bookingkirkenes.no\/no\/wp-json\/wp\/v2\/pages\/19","targetHints":{"allow":["GET"]}}],"collection":[{"href":"https:\/\/www.bookingkirkenes.no\/no\/wp-json\/wp\/v2\/pages"}],"about":[{"href":"https:\/\/www.bookingkirkenes.no\/no\/wp-json\/wp\/v2\/types\/page"}],"author":[{"embeddable":true,"href":"https:\/\/www.bookingkirkenes.no\/no\/wp-json\/wp\/v2\/users\/1"}],"replies":[{"embeddable":true,"href":"https:\/\/www.bookingkirkenes.no\/no\/wp-json\/wp\/v2\/comments?post=19"}],"version-history":[{"count":20,"href":"https:\/\/www.bookingkirkenes.no\/no\/wp-json\/wp\/v2\/pages\/19\/revisions"}],"predecessor-version":[{"id":3209,"href":"https:\/\/www.bookingkirkenes.no\/no\/wp-json\/wp\/v2\/pages\/19\/revisions\/3209"}],"wp:featuredmedia":[{"embeddable":true,"href":"https:\/\/www.bookingkirkenes.no\/no\/wp-json\/wp\/v2\/media\/1791"}],"wp:attachment":[{"href":"https:\/\/www.bookingkirkenes.no\/no\/wp-json\/wp\/v2\/media?parent=19"}],"curies":[{"name":"wp","href":"https:\/\/api.w.org\/{rel}","templated":true}]}}