{"id":1876,"date":"2022-03-01T14:21:20","date_gmt":"2022-03-01T13:21:20","guid":{"rendered":"https:\/\/www.bookingkirkenes.no\/?page_id=1876"},"modified":"2022-10-28T10:05:24","modified_gmt":"2022-10-28T08:05:24","slug":"eco-lighthouse-2","status":"publish","type":"page","link":"https:\/\/www.bookingkirkenes.no\/no\/eco-lighthouse-2\/","title":{"rendered":"Milj\u00f8fyrt\u00e5rn"},"content":{"rendered":"<h2 class=\"wp-block-heading\">Booking Kirkenes er milj\u00f8fyrt\u00e5rnsertifisert! <\/h2>\n\n\n\n<figure class=\"wp-block-image size-full\"><img decoding=\"async\" width=\"95\" height=\"79\" src=\"https:\/\/www.bookingkirkenes.no\/wp-content\/uploads\/2022\/03\/Eco-lighthouse-logo-color-f9e98d56.png\" alt=\"\" class=\"wp-image-1877\" srcset=\"https:\/\/www.bookingkirkenes.no\/wp-content\/uploads\/2022\/03\/Eco-lighthouse-logo-color-f9e98d56.png 95w, https:\/\/www.bookingkirkenes.no\/wp-content\/uploads\/2022\/03\/Eco-lighthouse-logo-color-f9e98d56-14x12.png 14w\" sizes=\"(max-width: 95px) 100vw, 95px\" \/><\/figure>\n\n\n\n<p>Vi er utrolig stolte. N\u00e5 har vi et synlig bevis p\u00e5 at vi tar ansvar, og et konkret verkt\u00f8y for \u00e5 jobbe kontinuerlig med milj\u00f8forbedringer og gr\u00f8nn omstilling.<\/p>\n\n\n\n<p>Booking Kirkenes jobber etter f\u00f8lgende 10 b\u00e6rekraftsprinsipper og v\u00e5rt m\u00e5l er \u00e5 skape en b\u00e6rekraftig reiselivsn\u00e6ring i S\u00f8r-Varanger kommune.<\/p>\n\n\n\n<p><strong>Bevaring av natur, kultur og milj\u00f8<\/strong><\/p>\n\n\n\n<p>13.1. Kulturell rikdom<\/p>\n\n\n\n<p>\u00c5 respektere, videreutvikle og synliggj\u00f8re lokalsamfunnets historiske kulturarv, autentiske kultur, tradisjoner og s\u00e6rpreg.<\/p>\n\n\n\n<p>13.2. Den fysiske og visuelle integriteten til landskapet<\/p>\n\n\n\n<p>\u00c5 bevare og videreutvikle landskapskvalitet, b\u00e5de for by- og landomr\u00e5der, slik at landskapets fysiske og visuelle integritet ikke forringes.<\/p>\n\n\n\n<p>13.3. Biologisk mangfold<\/p>\n\n\n\n<p>\u00c5 st\u00f8tte bevaring av naturomr\u00e5der, dyreliv og habitater, og minimere deres \u00f8deleggelse.<\/p>\n\n\n\n<p>13.4. Rent milj\u00f8 og ressurseffektivitet<\/p>\n\n\n\n<p>\u00c5 minimere forurensning av luft, vann og land fra reiselivsbedrifter og turister (inkludert st\u00f8y), samt \u00e5 minimere generering av deres avfall og forbruk av knappe og ikke-fornybare ressurser.<\/p>\n\n\n\n<p><strong>Styrking av sosiale verdier<\/strong><\/p>\n\n\n\n<p>13.5. Lokal livskvalitet og sosiale verdier<\/p>\n\n\n\n<p>\u00c5 bevare og styrke livskvaliteten i lokalsamfunnet, inkludert sosiale strukturer, tilgang til ressurser, fasiliteter og fellesgoder for alle, samt unng\u00e5 enhver form for sosial forringelse og utnyttelse. 13.6. Lokal kontroll og engasjement<\/p>\n\n\n\n<p>\u00c5 engasjere og styrke lokalsamfunnet og lokale interessenter n\u00e5r det gjelder planlegging, beslutningstaking og utvikling av lokal turisme. 13.7. Jobbkvalitet for reiselivsansatte<\/p>\n\n\n\n<p>\u00c5 styrke kvaliteten p\u00e5 reiselivsjobber (direkte og indirekte), inkludert l\u00f8nnsniv\u00e5er og arbeidsvilk\u00e5r uten diskriminering basert p\u00e5 kj\u00f8nn, rase, funksjonshemming eller andre faktorer.<\/p>\n\n\n\n<p>13.8. Gjestetilfredshet, trygghet og kvalitet p\u00e5 opplevelsen<\/p>\n\n\n\n<p>\u00c5 sikre trygge, tilfredsstillende og berikende opplevelser for alle turister uavhengig av kj\u00f8nn, rase, funksjonshemming eller andre faktorer.<\/p>\n\n\n\n<p><strong>\u00d8konomisk levedyktighet<\/strong><\/p>\n\n\n\n<p>13.9. \u00d8konomisk levedyktige og konkurransedyktige reisem\u00e5l gjennom lokal verdiskaping<\/p>\n\n\n\n<p>\u00c5 sikre levedyktigheten og konkurranseevnen til reiselivsdestinasjoner i et langsiktig perspektiv, ved \u00e5 maksimere verdiskapingen av turisme i lokalsamfunnet, inkludert hva turister legger igjen av verdier lokalt. 13.10. \u00d8konomisk levedyktige og konkurransedyktige reiselivsbedrifter<\/p>\n\n\n\n<p>\u00c5 sikre levedyktighet og konkurranseevne til reiselivsbedrifter i et langsiktig perspektiv.<\/p>\n\n\n\n<p>Forlat stedet v\u00e5rt i sin vakre tilstand slik at fremtidige generasjoner ogs\u00e5 kan nyte oppholdet<\/p>\n\n\n\n<p><strong>En rettesnor for v\u00e5re gjester<\/strong><\/p>\n\n\n\n<p>V\u00e5r st\u00f8rste og viktigste skatt er naturen. Her kan du puste inn ren luft, drikke verdens beste kildevann enten rett fra vannkranen eller fra en krystallklar elv. Vi m\u00e5 ta vare p\u00e5 denne skatten og hovedgrunnen til at du bes\u00f8ker oss!<\/p>\n\n\n\n<ul class=\"blue-link wp-block-list\"><li>&nbsp;Vi anbefaler p\u00e5 det sterkeste \u00e5 bestille en guidet tur. Du vil bli guidet gjennom naturen p\u00e5 en sk\u00e5nsom og profesjonell m\u00e5te<\/li><li>F\u00f8lg veiledningens instruksjoner<\/li><li>&nbsp;Ikke legg igjen noe i naturen: ta bort s\u00f8ppelet ditt og bruk toalettfasiliteter<\/li><li>Ikke sett spor i naturen: bruk alltid merkede stier, bruk eksisterende b\u00e5lplasser (husk at det ikke er tillatt \u00e5 tenne b\u00e5l i naturomr\u00e5der fra 15. april til 15. september)<\/li><li>Respekter dyreliv og planteliv<\/li><li>Bruk lokalt: det du kan kj\u00f8pe p\u00e5 stedet, kj\u00f8p det p\u00e5 stedet. Bruk lokale guider n\u00e5r du reiser<\/li><li>&nbsp;Vis respekt for lokalbefolkningen og andre turg\u00e5ere. Det er ganske vanlig \u00e5 hilse p\u00e5 hverandre i naturen.<\/li><li>Husk at stillhet er en del av opplevelsen.<\/li><li>&nbsp;&nbsp;Hvis du tar bilder av folk rundt, sp\u00f8r dem om det er ok<\/li><li>Det er spesielle regler i Pasvikdalen og i \u00d8vre Pasvik nasjonalpark. Det er for eksempel ikke lov \u00e5 fyre opp med nedfallen ved. Mer informasjon: <a href=\"https:\/\/www.norgesnasjonalparker.no\/nasjonalparker\/ovre-pasvik\/\">https:\/\/www.norgesnasjonalparker.no\/nasjonalparker\/ovre-pasvik\/<\/a><\/li><\/ul>\n\n\n\n<p>Vi bryr oss og h\u00e5per du bryr deg ogs\u00e5.<\/p>\n\n\n\n<p>Del gjerne dine erfaringer. Du finner oss b\u00e5de p\u00e5 Facebook og Instagram.<\/p>\n\n\n\n<p>Ha det fint i Kirkenes!<\/p>","protected":false},"excerpt":{"rendered":"<p>Booking Kirkenes is Eco-Lighthouse certified! We are incredibly proud. Now we have a visible proof that we take responsibility, and a concrete tool for working continuously with environmental improvements and green change. Booking Kirkenes works according to the following 10 sustainability principles and our goal is to create a sustainable tourism industry in S\u00f8r-Varanger Municipality. [&hellip;]<\/p>\n","protected":false},"author":1,"featured_media":0,"parent":0,"menu_order":0,"comment_status":"closed","ping_status":"closed","template":"","meta":{"site-sidebar-layout":"default","site-content-layout":"default","ast-site-content-layout":"default","site-content-style":"default","site-sidebar-style":"default","ast-global-header-display":"","ast-banner-title-visibility":"","ast-main-header-display":"","ast-hfb-above-header-display":"","ast-hfb-below-header-display":"","ast-hfb-mobile-header-display":"","site-post-title":"","ast-breadcrumbs-content":"","ast-featured-img":"","footer-sml-layout":"","ast-disable-related-posts":"","theme-transparent-header-meta":"default","adv-header-id-meta":"","stick-header-meta":"","header-above-stick-meta":"","header-main-stick-meta":"","header-below-stick-meta":"","astra-migrate-meta-layouts":"default","ast-page-background-enabled":"default","ast-page-background-meta":{"desktop":{"background-color":"var(--ast-global-color-4)","background-image":"","background-repeat":"repeat","background-position":"center center","background-size":"auto","background-attachment":"scroll","background-type":"","background-media":"","overlay-type":"","overlay-color":"","overlay-opacity":"","overlay-gradient":""},"tablet":{"background-color":"","background-image":"","background-repeat":"repeat","background-position":"center center","background-size":"auto","background-attachment":"scroll","background-type":"","background-media":"","overlay-type":"","overlay-color":"","overlay-opacity":"","overlay-gradient":""},"mobile":{"background-color":"","background-image":"","background-repeat":"repeat","background-position":"center center","background-size":"auto","background-attachment":"scroll","background-type":"","background-media":"","overlay-type":"","overlay-color":"","overlay-opacity":"","overlay-gradient":""}},"ast-content-background-meta":{"desktop":{"background-color":"var(--ast-global-color-5)","background-image":"","background-repeat":"repeat","background-position":"center center","background-size":"auto","background-attachment":"scroll","background-type":"","background-media":"","overlay-type":"","overlay-color":"","overlay-opacity":"","overlay-gradient":""},"tablet":{"background-color":"var(--ast-global-color-5)","background-image":"","background-repeat":"repeat","background-position":"center center","background-size":"auto","background-attachment":"scroll","background-type":"","background-media":"","overlay-type":"","overlay-color":"","overlay-opacity":"","overlay-gradient":""},"mobile":{"background-color":"var(--ast-global-color-5)","background-image":"","background-repeat":"repeat","background-position":"center center","background-size":"auto","background-attachment":"scroll","background-type":"","background-media":"","overlay-type":"","overlay-color":"","overlay-opacity":"","overlay-gradient":""}},"footnotes":""},"class_list":["post-1876","page","type-page","status-publish","hentry"],"aioseo_notices":[],"_links":{"self":[{"href":"https:\/\/www.bookingkirkenes.no\/no\/wp-json\/wp\/v2\/pages\/1876","targetHints":{"allow":["GET"]}}],"collection":[{"href":"https:\/\/www.bookingkirkenes.no\/no\/wp-json\/wp\/v2\/pages"}],"about":[{"href":"https:\/\/www.bookingkirkenes.no\/no\/wp-json\/wp\/v2\/types\/page"}],"author":[{"embeddable":true,"href":"https:\/\/www.bookingkirkenes.no\/no\/wp-json\/wp\/v2\/users\/1"}],"replies":[{"embeddable":true,"href":"https:\/\/www.bookingkirkenes.no\/no\/wp-json\/wp\/v2\/comments?post=1876"}],"version-history":[{"count":3,"href":"https:\/\/www.bookingkirkenes.no\/no\/wp-json\/wp\/v2\/pages\/1876\/revisions"}],"predecessor-version":[{"id":3980,"href":"https:\/\/www.bookingkirkenes.no\/no\/wp-json\/wp\/v2\/pages\/1876\/revisions\/3980"}],"wp:attachment":[{"href":"https:\/\/www.bookingkirkenes.no\/no\/wp-json\/wp\/v2\/media?parent=1876"}],"curies":[{"name":"wp","href":"https:\/\/api.w.org\/{rel}","templated":true}]}}