{"id":1749,"date":"2022-02-21T12:46:30","date_gmt":"2022-02-21T11:46:30","guid":{"rendered":"https:\/\/www.bookingkirkenes.no\/?page_id=1749"},"modified":"2022-03-01T11:50:28","modified_gmt":"2022-03-01T10:50:28","slug":"opplev-finnmark","status":"publish","type":"page","link":"https:\/\/www.bookingkirkenes.no\/no\/opplev-finnmark\/","title":{"rendered":"Opplev Finnmark"},"content":{"rendered":"<h3 class=\"wp-block-heading\">Vi tilbyr turer i hele Finnmark (fra Kirkenes i \u00f8st til Alta i vest) for grupper fra minimum 10 personer.<\/h3>\n\n\n\n<p><\/p>\n\n\n\n<p>Alle v\u00e5re turer starter i Kirkenes og hit kan du reise enten med fly (SAS, Norwegian, Wider\u00f8e) eller Hurtigruta. Turen kan enten ende i Kirkenes eller Alta. Vi stiller med minibuss \/ stor buss og sj\u00e5f\u00f8r + guide.<br>Varigheten kan forlenges fra 3 eller flere dager, opptil 1-2 uker.<br>Kontakt oss s\u00e5 hjelper vi deg med \u00e5 skreddersy en pakke.<br>Her er noen forslag:<\/p>\n\n\n\n<figure class=\"wp-block-gallery has-nested-images columns-default is-cropped wp-block-gallery-1 is-layout-flex wp-block-gallery-is-layout-flex\">\n<figure class=\"wp-block-image size-large\"><a href=\"https:\/\/www.bookingkirkenes.no\/wp-content\/uploads\/2022\/02\/IMG_20200620_163017_resized_20200623_024318010.jpg\"><img fetchpriority=\"high\" decoding=\"async\" width=\"1632\" height=\"920\" data-id=\"1785\" src=\"https:\/\/www.bookingkirkenes.no\/wp-content\/uploads\/2022\/02\/IMG_20200620_163017_resized_20200623_024318010.jpg\" alt=\"Bug\u00f8ynes\" class=\"wp-image-1785\" srcset=\"https:\/\/www.bookingkirkenes.no\/wp-content\/uploads\/2022\/02\/IMG_20200620_163017_resized_20200623_024318010.jpg 1632w, https:\/\/www.bookingkirkenes.no\/wp-content\/uploads\/2022\/02\/IMG_20200620_163017_resized_20200623_024318010-300x169.jpg 300w, https:\/\/www.bookingkirkenes.no\/wp-content\/uploads\/2022\/02\/IMG_20200620_163017_resized_20200623_024318010-1024x577.jpg 1024w, https:\/\/www.bookingkirkenes.no\/wp-content\/uploads\/2022\/02\/IMG_20200620_163017_resized_20200623_024318010-768x433.jpg 768w, https:\/\/www.bookingkirkenes.no\/wp-content\/uploads\/2022\/02\/IMG_20200620_163017_resized_20200623_024318010-1536x866.jpg 1536w, https:\/\/www.bookingkirkenes.no\/wp-content\/uploads\/2022\/02\/IMG_20200620_163017_resized_20200623_024318010-18x10.jpg 18w, https:\/\/www.bookingkirkenes.no\/wp-content\/uploads\/2022\/02\/IMG_20200620_163017_resized_20200623_024318010-600x338.jpg 600w\" sizes=\"(max-width: 1632px) 100vw, 1632px\" \/><\/a><\/figure>\n\n\n\n<figure class=\"wp-block-image size-large\"><a href=\"https:\/\/www.bookingkirkenes.no\/wp-content\/uploads\/2022\/02\/IMG_20200825_201440-scaled.jpg\"><img decoding=\"async\" width=\"2560\" height=\"1443\" data-id=\"1786\" src=\"https:\/\/www.bookingkirkenes.no\/wp-content\/uploads\/2022\/02\/IMG_20200825_201440-scaled.jpg\" alt=\"Nature\" class=\"wp-image-1786\" srcset=\"https:\/\/www.bookingkirkenes.no\/wp-content\/uploads\/2022\/02\/IMG_20200825_201440-scaled.jpg 2560w, https:\/\/www.bookingkirkenes.no\/wp-content\/uploads\/2022\/02\/IMG_20200825_201440-300x169.jpg 300w, https:\/\/www.bookingkirkenes.no\/wp-content\/uploads\/2022\/02\/IMG_20200825_201440-1024x577.jpg 1024w, https:\/\/www.bookingkirkenes.no\/wp-content\/uploads\/2022\/02\/IMG_20200825_201440-768x433.jpg 768w, https:\/\/www.bookingkirkenes.no\/wp-content\/uploads\/2022\/02\/IMG_20200825_201440-1536x866.jpg 1536w, https:\/\/www.bookingkirkenes.no\/wp-content\/uploads\/2022\/02\/IMG_20200825_201440-2048x1155.jpg 2048w, https:\/\/www.bookingkirkenes.no\/wp-content\/uploads\/2022\/02\/IMG_20200825_201440-18x10.jpg 18w, https:\/\/www.bookingkirkenes.no\/wp-content\/uploads\/2022\/02\/IMG_20200825_201440-600x338.jpg 600w\" sizes=\"(max-width: 2560px) 100vw, 2560px\" \/><\/a><\/figure>\n\n\n\n<figure class=\"wp-block-image size-large\"><a href=\"https:\/\/www.bookingkirkenes.no\/wp-content\/uploads\/2022\/02\/IMG_20200826_212253-scaled.jpg\"><img decoding=\"async\" width=\"2560\" height=\"1443\" data-id=\"1787\" src=\"https:\/\/www.bookingkirkenes.no\/wp-content\/uploads\/2022\/02\/IMG_20200826_212253-scaled.jpg\" alt=\"\" class=\"wp-image-1787\" srcset=\"https:\/\/www.bookingkirkenes.no\/wp-content\/uploads\/2022\/02\/IMG_20200826_212253-scaled.jpg 2560w, https:\/\/www.bookingkirkenes.no\/wp-content\/uploads\/2022\/02\/IMG_20200826_212253-300x169.jpg 300w, https:\/\/www.bookingkirkenes.no\/wp-content\/uploads\/2022\/02\/IMG_20200826_212253-1024x577.jpg 1024w, https:\/\/www.bookingkirkenes.no\/wp-content\/uploads\/2022\/02\/IMG_20200826_212253-768x433.jpg 768w, https:\/\/www.bookingkirkenes.no\/wp-content\/uploads\/2022\/02\/IMG_20200826_212253-1536x866.jpg 1536w, https:\/\/www.bookingkirkenes.no\/wp-content\/uploads\/2022\/02\/IMG_20200826_212253-2048x1155.jpg 2048w, https:\/\/www.bookingkirkenes.no\/wp-content\/uploads\/2022\/02\/IMG_20200826_212253-18x10.jpg 18w, https:\/\/www.bookingkirkenes.no\/wp-content\/uploads\/2022\/02\/IMG_20200826_212253-600x338.jpg 600w\" sizes=\"(max-width: 2560px) 100vw, 2560px\" \/><\/a><\/figure>\n<\/figure>\n\n\n\n<p><br><strong>RUNDTUR 1: Fra Pasvik til Barentshavet \u2013 S\u00f8r og Nord Varanger<\/strong><br>Her f\u00e5r du oppleve et stort mangfold av landskap og natur. Fra Pasvik med sin frodige sibirske taigaskog ut til Barentshavet.<br>Kirkenes \u2013 Pasvikdalen \u2013 Bug\u00f8ynes \u2013 Ekker\u00f8y \u2013 Vard\u00f8 \u2013 Hamningberg \u2013 Kirkenes<\/p>\n\n\n\n<p><br><strong>RUNDTUR 2: \u00d8stfinnmarksrunden<\/strong><br>Et majestetisk landskap venter p\u00e5 deg. Her vil du oppleve \u00e5pent hav med all sin kraft, samtidig som omr\u00e5det har utrolig mye spennende historie og krigsminner.<br>Kirkenes \u2013 Kongsfjord \u2013 Berlev\u00e5g \u2013 B\u00e5tsfjord \u2013 Kirkenes<\/p>\n\n\n\n<p><br><strong>RUNDTUR 3: Finnmark Innlandet<\/strong><br>Vi tar en rundtur i Indre Finnmark med den spennende samiske kulturen. Samtidig f\u00e5r du oppleve den storsl\u00e5tte Finnmarksvidda og den store Porsangerfjorden.<br>Kirkenes \u2013 Tana \u2013 Karasjok \u2013 Lakselv \u2013 Ifjordfjell \u2013 Kirkenes<br>Interessert? Ta kontakt s\u00e5 sender vi et tilbud<br><a href=\"mailto:info@bookingkirkenes.no\">info@bookingkirkenes.no<\/a><\/p>","protected":false},"excerpt":{"rendered":"<p>We offer tours throughout Finnmark (from Kirkenes in the East to Alta in the West) for groups from minimum 10 persons. All our trips start in Kirkenes and you can travel here either by plane (SAS, Norwegian, Wider\u00f8e) or Hurtigruta. The trip can either end in Kirkenes or Alta. We provide a minibus \/ large [&hellip;]<\/p>\n","protected":false},"author":1,"featured_media":0,"parent":0,"menu_order":0,"comment_status":"closed","ping_status":"closed","template":"","meta":{"site-sidebar-layout":"default","site-content-layout":"default","ast-site-content-layout":"default","site-content-style":"default","site-sidebar-style":"default","ast-global-header-display":"","ast-banner-title-visibility":"","ast-main-header-display":"","ast-hfb-above-header-display":"","ast-hfb-below-header-display":"","ast-hfb-mobile-header-display":"","site-post-title":"","ast-breadcrumbs-content":"","ast-featured-img":"","footer-sml-layout":"","ast-disable-related-posts":"","theme-transparent-header-meta":"default","adv-header-id-meta":"","stick-header-meta":"","header-above-stick-meta":"","header-main-stick-meta":"","header-below-stick-meta":"","astra-migrate-meta-layouts":"default","ast-page-background-enabled":"default","ast-page-background-meta":{"desktop":{"background-color":"var(--ast-global-color-4)","background-image":"","background-repeat":"repeat","background-position":"center center","background-size":"auto","background-attachment":"scroll","background-type":"","background-media":"","overlay-type":"","overlay-color":"","overlay-opacity":"","overlay-gradient":""},"tablet":{"background-color":"","background-image":"","background-repeat":"repeat","background-position":"center center","background-size":"auto","background-attachment":"scroll","background-type":"","background-media":"","overlay-type":"","overlay-color":"","overlay-opacity":"","overlay-gradient":""},"mobile":{"background-color":"","background-image":"","background-repeat":"repeat","background-position":"center center","background-size":"auto","background-attachment":"scroll","background-type":"","background-media":"","overlay-type":"","overlay-color":"","overlay-opacity":"","overlay-gradient":""}},"ast-content-background-meta":{"desktop":{"background-color":"var(--ast-global-color-5)","background-image":"","background-repeat":"repeat","background-position":"center center","background-size":"auto","background-attachment":"scroll","background-type":"","background-media":"","overlay-type":"","overlay-color":"","overlay-opacity":"","overlay-gradient":""},"tablet":{"background-color":"var(--ast-global-color-5)","background-image":"","background-repeat":"repeat","background-position":"center center","background-size":"auto","background-attachment":"scroll","background-type":"","background-media":"","overlay-type":"","overlay-color":"","overlay-opacity":"","overlay-gradient":""},"mobile":{"background-color":"var(--ast-global-color-5)","background-image":"","background-repeat":"repeat","background-position":"center center","background-size":"auto","background-attachment":"scroll","background-type":"","background-media":"","overlay-type":"","overlay-color":"","overlay-opacity":"","overlay-gradient":""}},"footnotes":""},"class_list":["post-1749","page","type-page","status-publish","hentry"],"aioseo_notices":[],"_links":{"self":[{"href":"https:\/\/www.bookingkirkenes.no\/no\/wp-json\/wp\/v2\/pages\/1749","targetHints":{"allow":["GET"]}}],"collection":[{"href":"https:\/\/www.bookingkirkenes.no\/no\/wp-json\/wp\/v2\/pages"}],"about":[{"href":"https:\/\/www.bookingkirkenes.no\/no\/wp-json\/wp\/v2\/types\/page"}],"author":[{"embeddable":true,"href":"https:\/\/www.bookingkirkenes.no\/no\/wp-json\/wp\/v2\/users\/1"}],"replies":[{"embeddable":true,"href":"https:\/\/www.bookingkirkenes.no\/no\/wp-json\/wp\/v2\/comments?post=1749"}],"version-history":[{"count":6,"href":"https:\/\/www.bookingkirkenes.no\/no\/wp-json\/wp\/v2\/pages\/1749\/revisions"}],"predecessor-version":[{"id":1835,"href":"https:\/\/www.bookingkirkenes.no\/no\/wp-json\/wp\/v2\/pages\/1749\/revisions\/1835"}],"wp:attachment":[{"href":"https:\/\/www.bookingkirkenes.no\/no\/wp-json\/wp\/v2\/media?parent=1749"}],"curies":[{"name":"wp","href":"https:\/\/api.w.org\/{rel}","templated":true}]}}