{"id":7595,"date":"2024-04-26T15:16:11","date_gmt":"2024-04-26T13:16:11","guid":{"rendered":"https:\/\/www.bookingkirkenes.no\/?post_type=product&#038;p=7595"},"modified":"2026-05-12T14:38:21","modified_gmt":"2026-05-12T12:38:21","slug":"borderland-winter-private-tour","status":"publish","type":"product","link":"https:\/\/www.bookingkirkenes.no\/fr\/produkt\/borderland-winter-private-tour\/","title":{"rendered":"Borderland Winter Private Tour (HPW01-pt)"},"content":{"rendered":"<p><strong>Profitez d&#039;une visite personnalis\u00e9e de 2 heures avec votre propre guide local\u00a0; aucun autre visiteur, juste vous et votre groupe. D\u00e9couvrir <a href=\"https:\/\/www.youtube.com\/watch?v=2WAICJ8vm5E\" target=\"_blank\" rel=\"noopener\">Kirkenes<\/a>\u00ab histoire, culture et environnement \u00e9poustouflant dans le confort.<\/strong><\/p>\n<p>\ud83d\udcc5 <strong>Disponible:<\/strong> 01 Dec &#8211; 30 April<br \/>\n\u23f0 <strong>Dur\u00e9e:<\/strong> 2 heures<br \/>\n<strong data-start=\"128\" data-end=\"174\">Private Tour Price (up to 8 participants):<\/strong><br data-start=\"174\" data-end=\"177\" \/><strong>\u2022 5,940 NOK total for 1\u20134 guests<\/strong><br data-start=\"210\" data-end=\"213\" \/><strong>\u2022 From the 5th guest onwards: +1,485 NOK per additional guest<\/strong><br data-start=\"274\" data-end=\"277\" \/><strong>\u2022 Maximum of 8 participants per tour<\/strong><br \/>\n\ud83d\ude90 <strong>Ramasser:<\/strong> Kirkenes town, Kirkenes Airport, Hurtigruten\/Havila pier, or Snow Resort<\/p>\n<p><strong>\ud83e\udded<\/strong><strong> Aper\u00e7u de la tourn\u00e9e<\/strong><\/p>\n<p>Ce <strong>visite priv\u00e9e<\/strong> Offre un aper\u00e7u exclusif et approfondi de l&#039;histoire fascinante de Kirkenes, de sa vie quotidienne et de ses relations privil\u00e9gi\u00e9es avec la Finlande et la Russie voisines. Votre guide local vous racontera des anecdotes sur son climat et sa culture uniques tout au long de votre exploration de la ville et de ses environs.<\/p>\n<p><strong>\ud83d\udd0d<\/strong><strong> Ce que vous vivrez<\/strong><\/p>\n<ul>\n<li><strong><a href=\"https:\/\/www.tripadvisor.com\/Attraction_Review-g227953-d3529784-Reviews-Booking_Kirkenes-Kirkenes_Sor_Varanger_Municipality_Finnmark_Northern_Norway.html\" target=\"_blank\" rel=\"noopener\">Visite guid\u00e9e<\/a> de Kirkenes :<\/strong><br \/>\nExplorez Kirkenes et ses environs \u00e0 votre rythme avec votre guide exp\u00e9riment\u00e9.<\/li>\n<li><strong>Visitez les points de vue panoramiques :<\/strong><br \/>\nArr\u00eatez-vous \u00e0 deux magnifiques points de vue, dont le c\u00e9l\u00e8bre <strong>Point de vue de Storfjell<\/strong>, offrant des vues \u00e0 couper le souffle sur le fjord.<\/li>\n<li><strong>Ville frontali\u00e8re et mini\u00e8re :<\/strong><br \/>\nD\u00e9couvrez la fronti\u00e8re entre la Norv\u00e8ge et la Russie et visitez la ville mini\u00e8re historique tout en d\u00e9couvrant la transformation de la r\u00e9gion au fil du temps.<\/li>\n<li><strong>Opportunit\u00e9s de photos :<\/strong><br \/>\nPlusieurs arr\u00eats photographiques tout au long du parcours vous permettent d&#039;immortaliser les magnifiques paysages arctiques.<\/li>\n<li><strong>Transport confortable :<\/strong><br \/>\nVoyagez dans un monospace Mercedes spacieux (max 8 places) avec prise en charge incluse depuis plusieurs endroits \u00e0 Kirkenes.<\/li>\n<li><strong>Flexible pour les passagers du bateau :<\/strong><br \/>\nLes d\u00e9parts du matin sont programm\u00e9s en fonction des clients arrivant ou partant par les croisi\u00e8res Hurtigruten ou Havila.<\/li>\n<li><strong>Combine with Snow Resort Visit:<\/strong><br \/>\nThis tour can be easily combined with a visit to the Snow Resort, open year-round.<\/li>\n<\/ul>\n<p><strong>\u2705<\/strong><strong> Quoi<\/strong><strong>&#039;<\/strong><strong>s Inclus<\/strong><\/p>\n<ul>\n<li>Guide\/chauffeur local priv\u00e9 (parlant anglais, allemand, fran\u00e7ais ou norv\u00e9gien)<\/li>\n<li>Transport en mini-van confortable (Mercedes, max 8 places)<\/li>\n<li>Pickup from Kirkenes town, airport, Hurtigruten\/Havila pier, or Snow Resort<\/li>\n<\/ul>\n<p><strong>\ud83d\udccb<\/strong><strong> R\u00e9servation et paiement<\/strong><\/p>\n<p>R\u00e9server votre visite priv\u00e9e est simple :<\/p>\n<ol>\n<li>Choisissez votre <strong>date<\/strong>, <strong>heure de ramassage<\/strong>, <strong>nombre d&#039;invit\u00e9s<\/strong>, et <strong>lieu de ramassage<\/strong><\/li>\n<li>Cliquez <strong>\u00ab\u00a0R\u00e9servez maintenant\u00a0\u00bb<\/strong> pour ajouter le circuit \u00e0 votre panier<\/li>\n<li>Proc\u00e9dez au paiement et fournissez vos informations de facturation<\/li>\n<li>Recevez votre confirmation de r\u00e9servation par email<\/li>\n<\/ol>\n<p><strong>\u274c<\/strong><strong> Politique d&#039;annulation<\/strong><\/p>\n<p>Conditions g\u00e9n\u00e9rales compl\u00e8tes ici :<br \/>\n<a href=\"https:\/\/www.bookingkirkenes.no\/fr\/about-us\/general-terms\/\">Conditions g\u00e9n\u00e9rales de vente<\/a><\/p>\n<p><strong>\ud83d\udcde<\/strong><strong> Besoin d&#039;aide?<\/strong><\/p>\n<p>Si vous avez des questions ou besoin d&#039;aide pour votre r\u00e9servation, n&#039;h\u00e9sitez pas \u00e0 nous contacter :<\/p>\n<p>\ud83d\udce7 E-mail : info@bookingkirkenes.no<br \/>\n\ud83d\udcde T\u00e9l\u00e9phone : +47 78 99 50 80<\/p>\n<p>&nbsp;<\/p>","protected":false},"excerpt":{"rendered":"<p>Visite priv\u00e9e de 2 heures, sans autres invit\u00e9s, avec des horaires de d\u00e9part flexibles. Cette visite \u00e0 travers Kirkenes et la r\u00e9gion frontali\u00e8re vous donne en seulement 2 heures les faits les plus int\u00e9ressants sur cette r\u00e9gion frontali\u00e8re situ\u00e9e \u00e0 69 degr\u00e9s Nord. Convient \u00e9galement \u00e0 tous les voyageurs avec le bateau Hurtigruten\/Havila. Prise en charge \u00e0 l&#039;embarcad\u00e8re incluse. La visite est propos\u00e9e toute l&#039;ann\u00e9e en anglais et sur r\u00e9servation \u00e9galement en allemand, norv\u00e9gien et fran\u00e7ais. Pour la visite estivale d&#039;avril \u00e0 novembre, veuillez <a href=\"https:\/\/www.bookingkirkenes.no\/fr\/produkt\/kirkenes-sightseeing-private-tour-hps01\/\">Cliquez ici<\/a>.<\/p>","protected":false},"featured_media":5581,"comment_status":"closed","ping_status":"closed","template":"","meta":{"site-sidebar-layout":"default","site-content-layout":"default","ast-site-content-layout":"default","site-content-style":"default","site-sidebar-style":"default","ast-global-header-display":"","ast-banner-title-visibility":"","ast-main-header-display":"","ast-hfb-above-header-display":"","ast-hfb-below-header-display":"","ast-hfb-mobile-header-display":"","site-post-title":"","ast-breadcrumbs-content":"","ast-featured-img":"","footer-sml-layout":"","ast-disable-related-posts":"","theme-transparent-header-meta":"default","adv-header-id-meta":"","stick-header-meta":"","header-above-stick-meta":"","header-main-stick-meta":"","header-below-stick-meta":"","astra-migrate-meta-layouts":"set","ast-page-background-enabled":"default","ast-page-background-meta":{"desktop":{"background-color":"var(--ast-global-color-4)","background-image":"","background-repeat":"repeat","background-position":"center center","background-size":"auto","background-attachment":"scroll","background-type":"","background-media":"","overlay-type":"","overlay-color":"","overlay-opacity":"","overlay-gradient":""},"tablet":{"background-color":"","background-image":"","background-repeat":"repeat","background-position":"center center","background-size":"auto","background-attachment":"scroll","background-type":"","background-media":"","overlay-type":"","overlay-color":"","overlay-opacity":"","overlay-gradient":""},"mobile":{"background-color":"","background-image":"","background-repeat":"repeat","background-position":"center center","background-size":"auto","background-attachment":"scroll","background-type":"","background-media":"","overlay-type":"","overlay-color":"","overlay-opacity":"","overlay-gradient":""}},"ast-content-background-meta":{"desktop":{"background-color":"var(--ast-global-color-5)","background-image":"","background-repeat":"repeat","background-position":"center center","background-size":"auto","background-attachment":"scroll","background-type":"","background-media":"","overlay-type":"","overlay-color":"","overlay-opacity":"","overlay-gradient":""},"tablet":{"background-color":"var(--ast-global-color-5)","background-image":"","background-repeat":"repeat","background-position":"center center","background-size":"auto","background-attachment":"scroll","background-type":"","background-media":"","overlay-type":"","overlay-color":"","overlay-opacity":"","overlay-gradient":""},"mobile":{"background-color":"var(--ast-global-color-5)","background-image":"","background-repeat":"repeat","background-position":"center center","background-size":"auto","background-attachment":"scroll","background-type":"","background-media":"","overlay-type":"","overlay-color":"","overlay-opacity":"","overlay-gradient":""}}},"product_brand":[],"product_cat":[282,281,364,286,283],"product_tag":[342,363,332],"class_list":{"0":"post-7595","1":"product","2":"type-product","3":"status-publish","4":"has-post-thumbnail","6":"product_cat-kirkenes","7":"product_cat-local-guiding","8":"product_cat-private-tours","9":"product_cat-russian-border","10":"product_cat-sightseeing-by-bus","11":"product_tag-front-page","12":"product_tag-privatetour","13":"product_tag-winter","14":"pa_month-januar","15":"pa_month-februar","16":"pa_month-mars","17":"pa_month-april","18":"pa_month-desember","19":"desktop-align-left","20":"tablet-align-left","21":"mobile-align-left","23":"first","24":"instock","25":"virtual","26":"sold-individually","27":"taxable","28":"purchasable","29":"product-type-phive_booking"},"aioseo_notices":[],"_links":{"self":[{"href":"https:\/\/www.bookingkirkenes.no\/fr\/wp-json\/wp\/v2\/product\/7595","targetHints":{"allow":["GET"]}}],"collection":[{"href":"https:\/\/www.bookingkirkenes.no\/fr\/wp-json\/wp\/v2\/product"}],"about":[{"href":"https:\/\/www.bookingkirkenes.no\/fr\/wp-json\/wp\/v2\/types\/product"}],"replies":[{"embeddable":true,"href":"https:\/\/www.bookingkirkenes.no\/fr\/wp-json\/wp\/v2\/comments?post=7595"}],"version-history":[{"count":19,"href":"https:\/\/www.bookingkirkenes.no\/fr\/wp-json\/wp\/v2\/product\/7595\/revisions"}],"predecessor-version":[{"id":8050,"href":"https:\/\/www.bookingkirkenes.no\/fr\/wp-json\/wp\/v2\/product\/7595\/revisions\/8050"}],"wp:featuredmedia":[{"embeddable":true,"href":"https:\/\/www.bookingkirkenes.no\/fr\/wp-json\/wp\/v2\/media\/5581"}],"wp:attachment":[{"href":"https:\/\/www.bookingkirkenes.no\/fr\/wp-json\/wp\/v2\/media?parent=7595"}],"wp:term":[{"taxonomy":"product_brand","embeddable":true,"href":"https:\/\/www.bookingkirkenes.no\/fr\/wp-json\/wp\/v2\/product_brand?post=7595"},{"taxonomy":"product_cat","embeddable":true,"href":"https:\/\/www.bookingkirkenes.no\/fr\/wp-json\/wp\/v2\/product_cat?post=7595"},{"taxonomy":"product_tag","embeddable":true,"href":"https:\/\/www.bookingkirkenes.no\/fr\/wp-json\/wp\/v2\/product_tag?post=7595"}],"curies":[{"name":"wp","href":"https:\/\/api.w.org\/{rel}","templated":true}]}}