{"id":7592,"date":"2024-04-26T15:08:56","date_gmt":"2024-04-26T13:08:56","guid":{"rendered":"https:\/\/www.bookingkirkenes.no\/?post_type=product&#038;p=7592"},"modified":"2026-04-22T11:00:24","modified_gmt":"2026-04-22T09:00:24","slug":"pasvik-sightseeing-winter","status":"publish","type":"product","link":"https:\/\/www.bookingkirkenes.no\/fr\/produkt\/pasvik-sightseeing-winter\/","title":{"rendered":"Pasvik Sightseeing Winter (HW03-pt)"},"content":{"rendered":"<p>\ud83c\udf32 <strong>Pasvik Valley &amp; Borderland Sightseeing with a Local Guide<\/strong><\/p>\n<p>\ud83d\udcc5 <strong>Disponible:<\/strong> Weekdays, 01.12 \u2013 30.04<br \/>\n\u23f0 <strong>Dur\u00e9e:<\/strong> 3 heures<br \/>\n\ud83d\udd58 <strong>Heure de d\u00e9part:<\/strong> 09:30 \u2013 12:30 (other times on request)<\/p>\n<p>\ud83d\udcb0 <strong>Prix:<\/strong><br \/>\n\u2022 Adults: 2,000 NOK per person (minimum 2 guests)<br \/>\n\u2022 Children (4\u201311 years): 1,000 NOK per child<\/p>\n<p>\ud83d\ude90 <strong>Ramasser:<\/strong> Hotels or Hurtigruten\/Havila pier<\/p>\n<p>\ud83e\udded <strong>Aper\u00e7u de la tourn\u00e9e<\/strong><\/p>\n<p>Discover one of Europe\u2019s last wilderness areas on a personalized guided tour through the <strong>stunning Pasvik Valley<\/strong>. <a href=\"https:\/\/www.tripadvisor.com\/Attraction_Review-g227953-d3529784-Reviews-Booking_Kirkenes-Kirkenes_Sor_Varanger_Municipality_Finnmark_Northern_Norway.html\" target=\"_blank\" rel=\"noopener\">Travel in a comfortable minivan with a local expert<\/a> who shares stories about the valley\u2019s wildlife, history, and cultural significance. Perfect for nature lovers, photography enthusiasts, and history buffs alike.<\/p>\n<p>Follow the <strong>Rivi\u00e8re Pasvik<\/strong>, the natural border between Norway and Russia, and enjoy panoramic views, pristine wilderness, and local wildlife sightings. The tour includes a stop at the <a href=\"https:\/\/pasvik.no\/elementor-1408\/\" target=\"_blank\" rel=\"noopener\"><strong>National Park Visitor Centre<\/strong><\/a>, where you can learn about the region\u2019s flora and fauna, including the brown bear conservation program.<\/p>\n<p>\ud83d\udd0d <strong>Ce que vous vivrez<\/strong><\/p>\n<p><strong>\ud83c\udf0a<\/strong><strong> Scenic Pasvik River Drive<\/strong><br \/>\n\u2022 Marvel at the winter landscapes along the river<br \/>\n\u2022 Capture photos of snow-covered forests and the Russian border<br \/>\n\u2022 Spot wildlife in its natural habitat<\/p>\n<p><strong>\ud83d\udc3b<\/strong><strong> National Park Visitor Centre<\/strong><br \/>\n\u2022 Learn about the valley\u2019s unique fauna and flora<br \/>\n\u2022 Explore the brown bear information exhibit<br \/>\n\u2022 Optional local lunch featuring regional dishes<\/p>\n<p><strong>\ud83d\ude8c<\/strong><strong> Transport confortable<\/strong><br \/>\n\u2022 Small minivan group for a personalized experience<br \/>\n\u2022 Pick-up and drop-off from hotels or Hurtigruten\/Havila pier<br \/>\n\u2022 Expert local guide providing cultural, historical, and nature insights<\/p>\n<p>\u2705 <strong>Tour Details \/ What\u2019s Included<\/strong><\/p>\n<ul>\n<li>Local guide\/driver (English-speaking; German, French, Norwegian on request)<br \/>\n\u2022 Comfortable minivan transportation<br \/>\n\u2022 Pick-up from hotels and Hurtigruten\/Havila pier<br \/>\n\u2022 Entrance fees<br \/>\n\u2022 Small group experience (personalized and flexible)<\/li>\n<\/ul>\n<p>\ud83d\uded2 <strong>R\u00e9servation et paiement<\/strong><\/p>\n<ol>\n<li>Select your date, pick-up time, number of guests, and pick-up location<\/li>\n<li>Cliquez <strong>R\u00e9servez maintenant<\/strong> \u2014 the tour will appear in your basket<\/li>\n<li>Go to your basket and proceed to checkout<\/li>\n<li>Enter billing details and complete payment<\/li>\n<\/ol>\n<p>\u274c <strong>Politique d&#039;annulation<\/strong><\/p>\n<p>\ud83d\udcc4 Please read full cancellation terms here: <a href=\"https:\/\/www.bookingkirkenes.no\/fr\/about-us\/general-terms\/\">Conditions g\u00e9n\u00e9rales de vente<\/a><\/p>\n<p>\ud83d\udcde <strong>Besoin d&#039;aide?<\/strong><\/p>\n<p>\ud83d\udce7 E-mail : info@bookingkirkenes.no<br \/>\n\ud83d\udcde T\u00e9l\u00e9phone : +47 78 99 50 80<\/p>\n<p>&nbsp;<\/p>\n<p>&nbsp;<\/p>\n<p>&nbsp;<\/p>\n<p>&nbsp;<\/p>","protected":false},"excerpt":{"rendered":"<p>Visitez avec nous la magnifique vall\u00e9e de Pasvik et apprenez-en plus sur la for\u00eat de la ta\u00efga sib\u00e9rienne et sur la vie sauvage. La rivi\u00e8re Pasvik est la deuxi\u00e8me plus grande rivi\u00e8re de Norv\u00e8ge et forme la fronti\u00e8re avec la Russie. <a href=\"https:\/\/pasvik.no\/elementor-1408\/\" target=\"_blank\" rel=\"noopener\">Visite au Centre du Parc National incluse<\/a>. Ce circuit est disponible toute l&#039;ann\u00e9e et sur r\u00e9servation \u00e9galement en allemand, norv\u00e9gien et fran\u00e7ais. Pour plus d&#039;informations sur ce circuit en \u00e9t\u00e9 (de mai \u00e0 novembre) <a href=\"https:\/\/www.bookingkirkenes.no\/fr\/produkt\/pasvik-sightseeing-and-tour-to-visitor-centre-ovre-pasvik-nationalpark-hs03\/\" target=\"_blank\" rel=\"noopener\">cliquez ici s&#039;il vous plait<\/a>.<\/p>","protected":false},"featured_media":8474,"comment_status":"closed","ping_status":"closed","template":"","meta":{"site-sidebar-layout":"default","site-content-layout":"default","ast-site-content-layout":"default","site-content-style":"default","site-sidebar-style":"default","ast-global-header-display":"","ast-banner-title-visibility":"","ast-main-header-display":"","ast-hfb-above-header-display":"","ast-hfb-below-header-display":"","ast-hfb-mobile-header-display":"","site-post-title":"","ast-breadcrumbs-content":"","ast-featured-img":"","footer-sml-layout":"","ast-disable-related-posts":"","theme-transparent-header-meta":"default","adv-header-id-meta":"","stick-header-meta":"","header-above-stick-meta":"","header-main-stick-meta":"","header-below-stick-meta":"","astra-migrate-meta-layouts":"set","ast-page-background-enabled":"default","ast-page-background-meta":{"desktop":{"background-color":"var(--ast-global-color-4)","background-image":"","background-repeat":"repeat","background-position":"center center","background-size":"auto","background-attachment":"scroll","background-type":"","background-media":"","overlay-type":"","overlay-color":"","overlay-opacity":"","overlay-gradient":""},"tablet":{"background-color":"","background-image":"","background-repeat":"repeat","background-position":"center center","background-size":"auto","background-attachment":"scroll","background-type":"","background-media":"","overlay-type":"","overlay-color":"","overlay-opacity":"","overlay-gradient":""},"mobile":{"background-color":"","background-image":"","background-repeat":"repeat","background-position":"center center","background-size":"auto","background-attachment":"scroll","background-type":"","background-media":"","overlay-type":"","overlay-color":"","overlay-opacity":"","overlay-gradient":""}},"ast-content-background-meta":{"desktop":{"background-color":"var(--ast-global-color-5)","background-image":"","background-repeat":"repeat","background-position":"center center","background-size":"auto","background-attachment":"scroll","background-type":"","background-media":"","overlay-type":"","overlay-color":"","overlay-opacity":"","overlay-gradient":""},"tablet":{"background-color":"var(--ast-global-color-5)","background-image":"","background-repeat":"repeat","background-position":"center center","background-size":"auto","background-attachment":"scroll","background-type":"","background-media":"","overlay-type":"","overlay-color":"","overlay-opacity":"","overlay-gradient":""},"mobile":{"background-color":"var(--ast-global-color-5)","background-image":"","background-repeat":"repeat","background-position":"center center","background-size":"auto","background-attachment":"scroll","background-type":"","background-media":"","overlay-type":"","overlay-color":"","overlay-opacity":"","overlay-gradient":""}}},"product_brand":[],"product_cat":[281,339,286,283,375],"product_tag":[342,341],"class_list":{"0":"post-7592","1":"product","2":"type-product","3":"status-publish","4":"has-post-thumbnail","6":"product_cat-local-guiding","7":"product_cat-nationalpark","8":"product_cat-russian-border","9":"product_cat-sightseeing-by-bus","10":"product_cat-winter-tours","11":"product_tag-front-page","12":"product_tag-summer","13":"pa_month-januar","14":"pa_month-februar","15":"pa_month-mars","16":"pa_month-april","17":"pa_month-desember","18":"desktop-align-left","19":"tablet-align-left","20":"mobile-align-left","22":"first","23":"instock","24":"sold-individually","25":"taxable","26":"shipping-taxable","27":"purchasable","28":"product-type-phive_booking"},"aioseo_notices":[],"_links":{"self":[{"href":"https:\/\/www.bookingkirkenes.no\/fr\/wp-json\/wp\/v2\/product\/7592","targetHints":{"allow":["GET"]}}],"collection":[{"href":"https:\/\/www.bookingkirkenes.no\/fr\/wp-json\/wp\/v2\/product"}],"about":[{"href":"https:\/\/www.bookingkirkenes.no\/fr\/wp-json\/wp\/v2\/types\/product"}],"replies":[{"embeddable":true,"href":"https:\/\/www.bookingkirkenes.no\/fr\/wp-json\/wp\/v2\/comments?post=7592"}],"version-history":[{"count":16,"href":"https:\/\/www.bookingkirkenes.no\/fr\/wp-json\/wp\/v2\/product\/7592\/revisions"}],"predecessor-version":[{"id":15519,"href":"https:\/\/www.bookingkirkenes.no\/fr\/wp-json\/wp\/v2\/product\/7592\/revisions\/15519"}],"wp:featuredmedia":[{"embeddable":true,"href":"https:\/\/www.bookingkirkenes.no\/fr\/wp-json\/wp\/v2\/media\/8474"}],"wp:attachment":[{"href":"https:\/\/www.bookingkirkenes.no\/fr\/wp-json\/wp\/v2\/media?parent=7592"}],"wp:term":[{"taxonomy":"product_brand","embeddable":true,"href":"https:\/\/www.bookingkirkenes.no\/fr\/wp-json\/wp\/v2\/product_brand?post=7592"},{"taxonomy":"product_cat","embeddable":true,"href":"https:\/\/www.bookingkirkenes.no\/fr\/wp-json\/wp\/v2\/product_cat?post=7592"},{"taxonomy":"product_tag","embeddable":true,"href":"https:\/\/www.bookingkirkenes.no\/fr\/wp-json\/wp\/v2\/product_tag?post=7592"}],"curies":[{"name":"wp","href":"https:\/\/api.w.org\/{rel}","templated":true}]}}