{"id":5817,"date":"2023-10-19T14:40:25","date_gmt":"2023-10-19T12:40:25","guid":{"rendered":"https:\/\/www.bookingkirkenes.no\/?post_type=product&#038;p=5817"},"modified":"2026-04-14T14:53:54","modified_gmt":"2026-04-14T12:53:54","slug":"atv-safari-in-the-pasvik-valley","status":"publish","type":"product","link":"https:\/\/www.bookingkirkenes.no\/fr\/produkt\/atv-safari-in-the-pasvik-valley\/","title":{"rendered":"ATV Safari in the Pasvik valley (KS36-uh)"},"content":{"rendered":"<p><strong>ATV Adventure \u2013 Siberian Taiga Forest &amp; Borderlands<\/strong><\/p>\n<p data-start=\"141\" data-end=\"430\">\ud83d\udcc5 <strong data-start=\"144\" data-end=\"158\">Disponible:<\/strong> 15 mai \u2013 15 octobre<br data-start=\"178\" data-end=\"181\" \/>\u23f0 <strong data-start=\"183\" data-end=\"196\">Dur\u00e9e:<\/strong> 5 heures<br data-start=\"204\" data-end=\"207\" \/>\ud83d\udd58 <strong data-start=\"210\" data-end=\"224\">Heure de la visite :<\/strong> 14h00 \u2013 19h00<br data-start=\"238\" data-end=\"241\" \/>\ud83d\udcb0 <strong data-start=\"244\" data-end=\"254\">Prix:<\/strong><br data-start=\"254\" data-end=\"257\" \/>\u2022 Sharing one ATV: 2,490 NOK per person<br data-start=\"296\" data-end=\"299\" \/>\u2022 Single ATV: 2,990 NOK per person<br data-start=\"333\" data-end=\"336\" \/>\ud83d\ude90 <strong data-start=\"339\" data-end=\"350\">Ramasser:<\/strong> Kirkenes hotels or arranged location (pickup approx. 20 min before departure)<\/p>\n<p data-start=\"432\" data-end=\"859\">\ud83e\udded <strong data-start=\"435\" data-end=\"452\">Aper\u00e7u de la tourn\u00e9e<\/strong><br data-start=\"452\" data-end=\"455\" \/><strong data-start=\"104\" data-end=\"217\">Embark on an unforgettable ATV adventure through the Siberian Taiga Forest \u2014 the largest land biome on Earth.<\/strong> Navigate Norway\u2019s remote borderlands with Russia, where wild landscapes stretch as far as the eye can see, dotted with mountains, rivers, and untouched wilderness. Along the way, visit iconic landmarks that reflect the region\u2019s rich history and culture, including historic settlements and striking architectural gems.<\/p>\n<p data-start=\"432\" data-end=\"859\">Highlights include a bear\u2019s cave, the High 96 lookout, <a href=\"https:\/\/pasvik.no\/elementor-1408\/\" target=\"_blank\" rel=\"noopener\">Centre du parc national \u00d8vre Pasvik<\/a>, and scenic views of the Russian city of Nikel. Perfect for nature lovers and adventure seekers alike.<\/p>\n<p data-start=\"861\" data-end=\"892\">\ud83d\udd0d <strong data-start=\"864\" data-end=\"890\">Ce que vous vivrez<\/strong><\/p>\n<p data-start=\"894\" data-end=\"1014\"><strong data-start=\"894\" data-end=\"920\">For\u00eat de la ta\u00efga sib\u00e9rienne :<\/strong><br data-start=\"920\" data-end=\"923\" \/>Ride through vast forests and diverse wildlife in one of the world\u2019s largest land biomes.<\/p>\n<p data-start=\"1016\" data-end=\"1106\"><strong data-start=\"1016\" data-end=\"1032\">Grotte de l&#039;ours :<\/strong><br data-start=\"1032\" data-end=\"1035\" \/>Stop at an ancient bear\u2019s cave, immersing yourself in the wilderness.<\/p>\n<p data-start=\"1108\" data-end=\"1212\"><strong data-start=\"1108\" data-end=\"1128\">Belv\u00e9d\u00e8re High 96 :<\/strong><br data-start=\"1128\" data-end=\"1131\" \/>Profitez d&#039;une vue panoramique sur la ville russe de Nikel tout en sirotant un caf\u00e9 ou un th\u00e9.<\/p>\n<p data-start=\"1214\" data-end=\"1348\"><strong data-start=\"1214\" data-end=\"1251\">Centre du parc national \u00d8vre Pasvik\u00a0:<\/strong><br data-start=\"1251\" data-end=\"1254\" \/>Visit the center to learn about the unique flora, fauna, and natural heritage of the region.<\/p>\n<p data-start=\"1350\" data-end=\"1443\"><strong data-start=\"1350\" data-end=\"1369\">Chapelle de Svanvik :<\/strong><br data-start=\"1369\" data-end=\"1372\" \/>Pause at this serene chapel for a touch of local history and culture.<\/p>\n<p data-start=\"1445\" data-end=\"1569\"><strong data-start=\"1445\" data-end=\"1480\">Rivi\u00e8re frontali\u00e8re entre la Norv\u00e8ge et la Russie :<\/strong><br data-start=\"1480\" data-end=\"1483\" \/>Cross along the beautiful boundary river, capturing unforgettable Arctic landscapes.<\/p>\n<p data-start=\"1571\" data-end=\"1713\">\u2705 <strong data-start=\"1573\" data-end=\"1589\">D\u00e9tails de la visite<\/strong><br data-start=\"1589\" data-end=\"1592\" \/>\u2022 Includes guide and protective clothing (overall and helmet)<br data-start=\"1653\" data-end=\"1656\" \/>\u2022 Pickup provided with safety briefing before departure<\/p>\n<p data-start=\"1715\" data-end=\"1741\">\ud83d\uded2 <strong data-start=\"1718\" data-end=\"1739\">R\u00e9servation et paiement<\/strong><\/p>\n<ol>\n<li data-start=\"1745\" data-end=\"1817\">Choose your date, pick-up time, number of guests, and pick-up location<\/li>\n<li data-start=\"1821\" data-end=\"1872\">Cliquez <strong data-start=\"1827\" data-end=\"1839\">R\u00e9servez maintenant<\/strong> pour ajouter le circuit \u00e0 votre panier<\/li>\n<li data-start=\"1876\" data-end=\"1925\">Proceed to checkout and fill in billing details<\/li>\n<\/ol>\n<p data-start=\"1927\" data-end=\"1992\">\u2757 <strong data-start=\"1929\" data-end=\"1952\">Politique d&#039;annulation<\/strong><br data-start=\"1952\" data-end=\"1955\" \/>Read full terms here: <a href=\"https:\/\/www.bookingkirkenes.no\/fr\/about-us\/general-terms\/\" target=\"_blank\" rel=\"noopener\">Conditions g\u00e9n\u00e9rales<\/a><\/p>\n<p data-start=\"1994\" data-end=\"2083\">\ud83d\udcde <strong data-start=\"1997\" data-end=\"2017\">Besoin d&#039;aide?<\/strong><br data-start=\"2017\" data-end=\"2020\" \/>\ud83d\udce7 E-mail : info@bookingkirkenes.no<br data-start=\"2053\" data-end=\"2056\" \/>\ud83d\udcde T\u00e9l\u00e9phone : +47 78 99 50 80<\/p>","protected":false},"excerpt":{"rendered":"<p>Explorez la vall\u00e9e de Pasvik au sud de <a href=\"https:\/\/www.youtube.com\/watch?v=VrUXtaNZFAk\" target=\"_blank\" rel=\"noopener\">Kirkenes<\/a> en quad. Visite guid\u00e9e. V\u00eatements chauds inclus.<\/p>","protected":false},"featured_media":5822,"comment_status":"closed","ping_status":"closed","template":"","meta":{"site-sidebar-layout":"default","site-content-layout":"default","ast-site-content-layout":"default","site-content-style":"default","site-sidebar-style":"default","ast-global-header-display":"","ast-banner-title-visibility":"","ast-main-header-display":"","ast-hfb-above-header-display":"","ast-hfb-below-header-display":"","ast-hfb-mobile-header-display":"","site-post-title":"","ast-breadcrumbs-content":"","ast-featured-img":"","footer-sml-layout":"","ast-disable-related-posts":"","theme-transparent-header-meta":"default","adv-header-id-meta":"","stick-header-meta":"","header-above-stick-meta":"","header-main-stick-meta":"","header-below-stick-meta":"","astra-migrate-meta-layouts":"set","ast-page-background-enabled":"default","ast-page-background-meta":{"desktop":{"background-color":"var(--ast-global-color-4)","background-image":"","background-repeat":"repeat","background-position":"center center","background-size":"auto","background-attachment":"scroll","background-type":"","background-media":"","overlay-type":"","overlay-color":"","overlay-opacity":"","overlay-gradient":""},"tablet":{"background-color":"","background-image":"","background-repeat":"repeat","background-position":"center center","background-size":"auto","background-attachment":"scroll","background-type":"","background-media":"","overlay-type":"","overlay-color":"","overlay-opacity":"","overlay-gradient":""},"mobile":{"background-color":"","background-image":"","background-repeat":"repeat","background-position":"center center","background-size":"auto","background-attachment":"scroll","background-type":"","background-media":"","overlay-type":"","overlay-color":"","overlay-opacity":"","overlay-gradient":""}},"ast-content-background-meta":{"desktop":{"background-color":"var(--ast-global-color-5)","background-image":"","background-repeat":"repeat","background-position":"center center","background-size":"auto","background-attachment":"scroll","background-type":"","background-media":"","overlay-type":"","overlay-color":"","overlay-opacity":"","overlay-gradient":""},"tablet":{"background-color":"var(--ast-global-color-5)","background-image":"","background-repeat":"repeat","background-position":"center center","background-size":"auto","background-attachment":"scroll","background-type":"","background-media":"","overlay-type":"","overlay-color":"","overlay-opacity":"","overlay-gradient":""},"mobile":{"background-color":"var(--ast-global-color-5)","background-image":"","background-repeat":"repeat","background-position":"center center","background-size":"auto","background-attachment":"scroll","background-type":"","background-media":"","overlay-type":"","overlay-color":"","overlay-opacity":"","overlay-gradient":""}}},"product_brand":[],"product_cat":[360,282,281,374],"product_tag":[342,341],"class_list":{"0":"post-5817","1":"product","2":"type-product","3":"status-publish","4":"has-post-thumbnail","6":"product_cat-atv-quad","7":"product_cat-kirkenes","8":"product_cat-local-guiding","9":"product_cat-summer-autumn-tours","10":"product_tag-front-page","11":"product_tag-summer","12":"pa_month-mai","13":"pa_month-juni","14":"pa_month-juli","15":"pa_month-august","16":"pa_month-september","17":"pa_month-oktober","18":"desktop-align-left","19":"tablet-align-left","20":"mobile-align-left","22":"first","23":"instock","24":"featured","25":"sold-individually","26":"taxable","27":"shipping-taxable","28":"purchasable","29":"product-type-phive_booking"},"aioseo_notices":[],"_links":{"self":[{"href":"https:\/\/www.bookingkirkenes.no\/fr\/wp-json\/wp\/v2\/product\/5817","targetHints":{"allow":["GET"]}}],"collection":[{"href":"https:\/\/www.bookingkirkenes.no\/fr\/wp-json\/wp\/v2\/product"}],"about":[{"href":"https:\/\/www.bookingkirkenes.no\/fr\/wp-json\/wp\/v2\/types\/product"}],"replies":[{"embeddable":true,"href":"https:\/\/www.bookingkirkenes.no\/fr\/wp-json\/wp\/v2\/comments?post=5817"}],"version-history":[{"count":15,"href":"https:\/\/www.bookingkirkenes.no\/fr\/wp-json\/wp\/v2\/product\/5817\/revisions"}],"predecessor-version":[{"id":13422,"href":"https:\/\/www.bookingkirkenes.no\/fr\/wp-json\/wp\/v2\/product\/5817\/revisions\/13422"}],"wp:featuredmedia":[{"embeddable":true,"href":"https:\/\/www.bookingkirkenes.no\/fr\/wp-json\/wp\/v2\/media\/5822"}],"wp:attachment":[{"href":"https:\/\/www.bookingkirkenes.no\/fr\/wp-json\/wp\/v2\/media?parent=5817"}],"wp:term":[{"taxonomy":"product_brand","embeddable":true,"href":"https:\/\/www.bookingkirkenes.no\/fr\/wp-json\/wp\/v2\/product_brand?post=5817"},{"taxonomy":"product_cat","embeddable":true,"href":"https:\/\/www.bookingkirkenes.no\/fr\/wp-json\/wp\/v2\/product_cat?post=5817"},{"taxonomy":"product_tag","embeddable":true,"href":"https:\/\/www.bookingkirkenes.no\/fr\/wp-json\/wp\/v2\/product_tag?post=5817"}],"curies":[{"name":"wp","href":"https:\/\/api.w.org\/{rel}","templated":true}]}}