{"id":580,"date":"2021-10-25T11:23:10","date_gmt":"2021-10-25T09:23:10","guid":{"rendered":"https:\/\/www.bookingkirkenes.no\/?post_type=product&#038;p=580"},"modified":"2026-04-13T13:00:48","modified_gmt":"2026-04-13T11:00:48","slug":"northern-lights-aurora-express","status":"publish","type":"product","link":"https:\/\/www.bookingkirkenes.no\/fr\/produkt\/northern-lights-aurora-express\/","title":{"rendered":"Northern lights Aurora Express (KI17-sh)"},"content":{"rendered":"<p>\ud83c\udf0c <strong>Northern Lights Minibus Tour \u2013 Kirkenes<\/strong><\/p>\n<p>\ud83d\udcc5 <strong>Disponible:<\/strong> 01.09 \u2013 10.04<br \/>\n\u23f0 <strong>Dur\u00e9e:<\/strong> 2,5 heures<br \/>\n\ud83d\udd58 <strong>Heure de d\u00e9part:<\/strong> 21:00 \u2013 Pickup from your hotel in Kirkenes<\/p>\n<p>\ud83d\udcb0 <strong>Prix:<\/strong><br \/>\n\u2022 Adult: 1,900 NOK per person<br \/>\n\u2022 Children (4\u201311 years): 950 NOK per child<\/p>\n<p>\ud83d\ude90 <strong>Ramasser:<\/strong> Hotels in Kirkenes<\/p>\n<p>\ud83e\udded <strong>Aper\u00e7u de la tourn\u00e9e<\/strong><\/p>\n<p>Join an evening minibus tour to chase the <a href=\"https:\/\/www.norway-lights.com\/destinations\/kirkenes\" target=\"_blank\" rel=\"noopener\"><strong>Aurores bor\u00e9ales<\/strong><\/a> in the dark skies around <a href=\"https:\/\/www.youtube.com\/watch?v=2WAICJ8vm5E\" target=\"_blank\" rel=\"noopener\">Kirkenes<\/a>. Travel far from light pollution as your driver takes you east towards the Russian border, west towards Finland, or south into the <strong>beautiful Pasvik Valley<\/strong>, depending on the Aurora forecast.<\/p>\n<p>In addition to the chance of seeing the Northern Lights, this tour offers a unique opportunity to experience the Arctic surroundings at night.<\/p>\n<p>Please note: This tour is operated by another provider. Booking Kirkenes has no influence on the execution of the tour, which will take place even in bad weather conditions.<\/p>\n<p>For a more personalized experience, a <a href=\"https:\/\/www.bookingkirkenes.no\/fr\/produkt\/private-northern-lights-tour-kpi30-pt\/\" target=\"_blank\" rel=\"noopener\"><strong>private Northern Lights tour<\/strong><\/a> or a <a href=\"https:\/\/www.bookingkirkenes.no\/fr\/produkt\/northern-lights-hunt-snowshoe\/\" target=\"_blank\" rel=\"noopener\"><strong>snowshoe Northern Lights hunt<\/strong><\/a> is also available.<\/p>\n<p>\ud83d\udd0d <strong>Ce que vous vivrez<\/strong><\/p>\n<ul>\n<li>Scenic minibus drive to areas with minimal light pollution<br \/>\n\u2022 Chance to spot the Northern Lights (weather dependent)<br \/>\n\u2022 Experience the Arctic night landscape, forests, and valleys<br \/>\n\u2022 Learn about local nature and surroundings from your guide<br \/>\n\u2022 Small group experience with hotel pickup and return<\/li>\n<\/ul>\n<p>\u2705 <strong>D\u00e9tails de la visite<\/strong><\/p>\n<ul>\n<li><strong>Disponible:<\/strong> 01.09 \u2013 10.04<br \/>\n\u2022 <strong>Dur\u00e9e:<\/strong> 2,5 heures<br \/>\n\u2022 <strong>Heure de d\u00e9part:<\/strong> 21:00 \u2013 23:30<br \/>\n\u2022 <strong>Inclus:<\/strong> Transportation from\/to hotel, driver<br \/>\n\u2022 <strong>Age:<\/strong> Suitable for children 4+<\/li>\n<\/ul>\n<p>\ud83d\uded2 <strong>R\u00e9servation et paiement<\/strong><\/p>\n<ol>\n<li>Choose your date, pickup time, number of guests, and pickup location<\/li>\n<li>Cliquez <strong>\u00ab\u00a0R\u00e9servez maintenant\u00a0\u00bb<\/strong> pour ajouter le circuit \u00e0 votre panier<\/li>\n<li>Go to the basket and proceed to checkout<\/li>\n<li>Enter billing details to complete your booking<\/li>\n<li>Payment options: Visa, MasterCard<\/li>\n<\/ol>\n<p>\u274c <strong>Politique d&#039;annulation<\/strong><\/p>\n<p>\ud83d\udcc4 Read full cancellation terms here: <a href=\"https:\/\/www.bookingkirkenes.no\/fr\/about-us\/general-terms\/\">Conditions g\u00e9n\u00e9rales de vente<\/a><\/p>\n<p>\ud83d\udcde <strong>Besoin d&#039;aide?<\/strong><\/p>\n<p>\ud83d\udce7 E-mail : info@bookingkirkenes.no<br \/>\n\ud83d\udcde T\u00e9l\u00e9phone : +47 78 99 50 80<\/p>\n<p>&nbsp;<\/p>","protected":false},"excerpt":{"rendered":"<p>Excursion en bus \u00e0 la recherche des aurores bor\u00e9ales dans les environs de Kirkenes. Nous nous rendons \u00e0 l&#039;endroit o\u00f9 nous avons le plus de chances d&#039;en apercevoir. Excursion priv\u00e9e. <a href=\"https:\/\/www.bookingkirkenes.no\/fr\/produkt\/northern-light-hunt\/\">v\u00e9rifiez ici<\/a><\/p>","protected":false},"featured_media":1147,"comment_status":"closed","ping_status":"closed","template":"","meta":{"site-sidebar-layout":"default","site-content-layout":"default","ast-site-content-layout":"default","site-content-style":"default","site-sidebar-style":"default","ast-global-header-display":"","ast-banner-title-visibility":"","ast-main-header-display":"","ast-hfb-above-header-display":"","ast-hfb-below-header-display":"","ast-hfb-mobile-header-display":"","site-post-title":"","ast-breadcrumbs-content":"","ast-featured-img":"","footer-sml-layout":"","ast-disable-related-posts":"","theme-transparent-header-meta":"default","adv-header-id-meta":"","stick-header-meta":"","header-above-stick-meta":"","header-main-stick-meta":"","header-below-stick-meta":"","astra-migrate-meta-layouts":"set","ast-page-background-enabled":"default","ast-page-background-meta":{"desktop":{"background-color":"var(--ast-global-color-4)","background-image":"","background-repeat":"repeat","background-position":"center center","background-size":"auto","background-attachment":"scroll","background-type":"","background-media":"","overlay-type":"","overlay-color":"","overlay-opacity":"","overlay-gradient":""},"tablet":{"background-color":"","background-image":"","background-repeat":"repeat","background-position":"center center","background-size":"auto","background-attachment":"scroll","background-type":"","background-media":"","overlay-type":"","overlay-color":"","overlay-opacity":"","overlay-gradient":""},"mobile":{"background-color":"","background-image":"","background-repeat":"repeat","background-position":"center center","background-size":"auto","background-attachment":"scroll","background-type":"","background-media":"","overlay-type":"","overlay-color":"","overlay-opacity":"","overlay-gradient":""}},"ast-content-background-meta":{"desktop":{"background-color":"var(--ast-global-color-5)","background-image":"","background-repeat":"repeat","background-position":"center center","background-size":"auto","background-attachment":"scroll","background-type":"","background-media":"","overlay-type":"","overlay-color":"","overlay-opacity":"","overlay-gradient":""},"tablet":{"background-color":"var(--ast-global-color-5)","background-image":"","background-repeat":"repeat","background-position":"center center","background-size":"auto","background-attachment":"scroll","background-type":"","background-media":"","overlay-type":"","overlay-color":"","overlay-opacity":"","overlay-gradient":""},"mobile":{"background-color":"var(--ast-global-color-5)","background-image":"","background-repeat":"repeat","background-position":"center center","background-size":"auto","background-attachment":"scroll","background-type":"","background-media":"","overlay-type":"","overlay-color":"","overlay-opacity":"","overlay-gradient":""}}},"product_brand":[],"product_cat":[289],"product_tag":[353,332],"class_list":{"0":"post-580","1":"product","2":"type-product","3":"status-publish","4":"has-post-thumbnail","6":"product_cat-northern-lights","7":"product_tag-nordlys","8":"product_tag-winter","9":"pa_month-januar","10":"pa_month-februar","11":"pa_month-mars","12":"pa_month-april","13":"pa_month-september","14":"pa_month-oktober","15":"pa_month-november","16":"pa_month-desember","17":"desktop-align-left","18":"tablet-align-left","19":"mobile-align-left","21":"first","22":"instock","23":"virtual","24":"sold-individually","25":"taxable","26":"purchasable","27":"product-type-phive_booking"},"aioseo_notices":[],"_links":{"self":[{"href":"https:\/\/www.bookingkirkenes.no\/fr\/wp-json\/wp\/v2\/product\/580","targetHints":{"allow":["GET"]}}],"collection":[{"href":"https:\/\/www.bookingkirkenes.no\/fr\/wp-json\/wp\/v2\/product"}],"about":[{"href":"https:\/\/www.bookingkirkenes.no\/fr\/wp-json\/wp\/v2\/types\/product"}],"replies":[{"embeddable":true,"href":"https:\/\/www.bookingkirkenes.no\/fr\/wp-json\/wp\/v2\/comments?post=580"}],"version-history":[{"count":38,"href":"https:\/\/www.bookingkirkenes.no\/fr\/wp-json\/wp\/v2\/product\/580\/revisions"}],"predecessor-version":[{"id":15372,"href":"https:\/\/www.bookingkirkenes.no\/fr\/wp-json\/wp\/v2\/product\/580\/revisions\/15372"}],"wp:featuredmedia":[{"embeddable":true,"href":"https:\/\/www.bookingkirkenes.no\/fr\/wp-json\/wp\/v2\/media\/1147"}],"wp:attachment":[{"href":"https:\/\/www.bookingkirkenes.no\/fr\/wp-json\/wp\/v2\/media?parent=580"}],"wp:term":[{"taxonomy":"product_brand","embeddable":true,"href":"https:\/\/www.bookingkirkenes.no\/fr\/wp-json\/wp\/v2\/product_brand?post=580"},{"taxonomy":"product_cat","embeddable":true,"href":"https:\/\/www.bookingkirkenes.no\/fr\/wp-json\/wp\/v2\/product_cat?post=580"},{"taxonomy":"product_tag","embeddable":true,"href":"https:\/\/www.bookingkirkenes.no\/fr\/wp-json\/wp\/v2\/product_tag?post=580"}],"curies":[{"name":"wp","href":"https:\/\/api.w.org\/{rel}","templated":true}]}}