{"id":574,"date":"2021-10-25T11:23:09","date_gmt":"2021-10-25T09:23:09","guid":{"rendered":"https:\/\/www.bookingkirkenes.no\/?post_type=product&#038;p=574"},"modified":"2026-04-15T10:44:33","modified_gmt":"2026-04-15T08:44:33","slug":"wooden-gamme-cabin-1-night","status":"publish","type":"product","link":"https:\/\/www.bookingkirkenes.no\/fr\/produkt\/wooden-gamme-cabin-1-night\/","title":{"rendered":"Wooden Gamme Cabin \u2013 1 Night (KI27G-sh)"},"content":{"rendered":"<p><strong>Overnight Stay in a Warm Cabin by the Snow Resort<\/strong>\u00a0\u2744\ufe0f<\/p>\n<p>\ud83d\udcc5 <strong>Disponible:<\/strong> 01.12 \u2013 31.03<br \/>\n\u23f0 <strong>Dur\u00e9e:<\/strong> 1 nuit<br \/>\n\ud83d\udd58 <strong>Enregistrement:<\/strong> 17:00<br \/>\n\ud83d\udd58 <strong>V\u00e9rifier:<\/strong> 09h00 (le lendemain)<\/p>\n<p>\ud83d\udcb0 <strong>Prices (per person, twin cabin):<\/strong><br \/>\n\u2022 01.12 \u2013 19.12: 4,350 NOK<br \/>\n\u2022 20.12 \u2013 06.01: 5,100 NOK<\/p>\n<p>Prices are based on two people sharing a cabin. Cabins are open year-round; for stays between April\u2013November, please click here.<\/p>\n<p>\ud83d\ude90 <strong>Ramasser:<\/strong> Hotels, Kirkenes Airport, or Hurtigruten\/Havila pier<\/p>\n<p>\ud83e\udded <strong>Aper\u00e7u de la tourn\u00e9e<\/strong><\/p>\n<p>Experience the Arctic in comfort and style with our most popular winter package. Stay in a <strong>cabine chaleureuse de haut standing<\/strong> right next to the famous <a href=\"https:\/\/www.youtube.com\/watch?v=_1Y9jZ33gqI\" target=\"_blank\" rel=\"noopener\"><strong>Snow Resort Kirkenes<\/strong><\/a>, enjoy a <strong>D\u00eener local \u00e0 3 plats<\/strong>, et <a href=\"https:\/\/www.youtube.com\/watch?v=Sfe1hAMlgfk\" target=\"_blank\" rel=\"noopener\">watch the <strong>Aurores bor\u00e9ales<\/strong> dance above you<\/a> \u2014 all just 8 km from Kirkenes and far from city lights.<\/p>\n<p>\ud83d\udd0d <strong>Ce que vous vivrez<\/strong><\/p>\n<p><strong>\ud83c\udfe1<\/strong><strong> Warm Cabin Stay<\/strong><br \/>\n\u2022 Cozy private Gamme cabin located next to the Snow Resort<br \/>\n\u2022 Ideal location for Northern Lights spotting \ud83c\udf20<\/p>\n<p><strong>\ud83c\udf7d<\/strong><strong>\ufe0f Dinner at L\u00e5ven Restaurant<\/strong><br \/>\n\u2022 Local 3-course dinner in the warm restaurant<br \/>\n\u2022 Fixed menu \u2014 please inform us about food allergies or preferences in advance<\/p>\n<p><strong>\ud83c\udf73<\/strong><strong> Petit-d\u00e9jeuner<\/strong><br \/>\n\u2022 Fresh breakfast served the following morning<\/p>\n<p><strong>\ud83d\ude90<\/strong><strong> Round-Trip Transportation<\/strong><br \/>\n\u2022 Pickup and drop-off from hotels, airport, or pier in Kirkenes<\/p>\n<p>\u2705 <strong>Tour Details \/ What\u2019s Included<\/strong><\/p>\n<ul>\n<li>Overnight stay in a private warm cabin<br \/>\n\u2022 3-course dinner at the Snow Resort\u2019s warm restaurant<br \/>\n\u2022 Breakfast the next morning<br \/>\n\u2022 Round-trip transportation from\/to Kirkenes<\/li>\n<\/ul>\n<p>\ud83d\uded2 <strong>R\u00e9servation et paiement<\/strong><\/p>\n<ol>\n<li>Select your travel date, number of guests, and pickup location<\/li>\n<li>Cliquez <strong>\u00ab\u00a0R\u00e9servez maintenant\u00a0\u00bb<\/strong> \u2014 the tour will appear in your basket<\/li>\n<li>Go to the basket and proceed to checkout<\/li>\n<li>Enter billing details to complete your booking<\/li>\n<li>Payment options: Visa, MasterCard<\/li>\n<\/ol>\n<p>\u274c <strong>Politique d&#039;annulation<\/strong><\/p>\n<p>\ud83d\udcc4 View full cancellation terms here: <a href=\"https:\/\/www.bookingkirkenes.no\/fr\/about-us\/general-terms\/\">Conditions g\u00e9n\u00e9rales de vente<\/a><\/p>\n<p>\ud83d\udcde <strong>Besoin d&#039;aide?<\/strong><\/p>\n<p>\ud83d\udce7 E-mail : info@bookingkirkenes.no<br \/>\n\ud83d\udcf1 T\u00e9l\u00e9phone : +47 78 99 50 80<\/p>\n<p>&nbsp;<\/p>","protected":false},"excerpt":{"rendered":"<p data-start=\"89\" data-end=\"271\"><strong data-start=\"89\" data-end=\"136\">Nuit\u00e9e dans une cabane confortable au bord du fjord<\/strong><br data-start=\"136\" data-end=\"139\" \/>Profitez d&#039;une nuit chaleureuse et confortable dans l&#039;une de nos cabanes haut de gamme au Snowhotel, magnifiquement situ\u00e9 au bord du fjord.<\/p>\n<p data-start=\"273\" data-end=\"315\">Cette exp\u00e9rience toute l&#039;ann\u00e9e comprend :<\/p>\n<ul data-start=\"316\" data-end=\"419\">\n<li data-start=\"316\" data-end=\"340\">\n<p data-start=\"318\" data-end=\"340\">D\u00eener et petit-d\u00e9jeuner<\/p>\n<\/li>\n<li data-start=\"341\" data-end=\"367\">\n<p data-start=\"343\" data-end=\"367\">Transfert depuis Kirkenes<\/p>\n<\/li>\n<li data-start=\"368\" data-end=\"419\">\n<p data-start=\"370\" data-end=\"419\">Une nuit paisible dans une cabane confortable et bien \u00e9quip\u00e9e<\/p>\n<\/li>\n<\/ul>\n<p data-start=\"421\" data-end=\"499\">Parfait pour ceux qui cherchent \u00e0 se d\u00e9tendre et \u00e0 profiter de l&#039;atmosph\u00e8re arctique dans le confort.<\/p>\n<p>\u00a0Pour r\u00e9server d&#039;avril \u00e0 novembre, veuillez <a href=\"https:\/\/www.bookingkirkenes.no\/fr\/produkt\/ks27g-warm-overnight-stay-at-snowhotel-in-cabin-gamme\/\">Cliquez ici<\/a>.<\/p>","protected":false},"featured_media":4238,"comment_status":"closed","ping_status":"closed","template":"","meta":{"site-sidebar-layout":"default","site-content-layout":"default","ast-site-content-layout":"default","site-content-style":"default","site-sidebar-style":"default","ast-global-header-display":"","ast-banner-title-visibility":"","ast-main-header-display":"","ast-hfb-above-header-display":"","ast-hfb-below-header-display":"","ast-hfb-mobile-header-display":"","site-post-title":"","ast-breadcrumbs-content":"","ast-featured-img":"","footer-sml-layout":"","ast-disable-related-posts":"","theme-transparent-header-meta":"default","adv-header-id-meta":"","stick-header-meta":"","header-above-stick-meta":"","header-main-stick-meta":"","header-below-stick-meta":"","astra-migrate-meta-layouts":"set","ast-page-background-enabled":"default","ast-page-background-meta":{"desktop":{"background-color":"var(--ast-global-color-4)","background-image":"","background-repeat":"repeat","background-position":"center center","background-size":"auto","background-attachment":"scroll","background-type":"","background-media":"","overlay-type":"","overlay-color":"","overlay-opacity":"","overlay-gradient":""},"tablet":{"background-color":"","background-image":"","background-repeat":"repeat","background-position":"center center","background-size":"auto","background-attachment":"scroll","background-type":"","background-media":"","overlay-type":"","overlay-color":"","overlay-opacity":"","overlay-gradient":""},"mobile":{"background-color":"","background-image":"","background-repeat":"repeat","background-position":"center center","background-size":"auto","background-attachment":"scroll","background-type":"","background-media":"","overlay-type":"","overlay-color":"","overlay-opacity":"","overlay-gradient":""}},"ast-content-background-meta":{"desktop":{"background-color":"var(--ast-global-color-5)","background-image":"","background-repeat":"repeat","background-position":"center center","background-size":"auto","background-attachment":"scroll","background-type":"","background-media":"","overlay-type":"","overlay-color":"","overlay-opacity":"","overlay-gradient":""},"tablet":{"background-color":"var(--ast-global-color-5)","background-image":"","background-repeat":"repeat","background-position":"center center","background-size":"auto","background-attachment":"scroll","background-type":"","background-media":"","overlay-type":"","overlay-color":"","overlay-opacity":"","overlay-gradient":""},"mobile":{"background-color":"var(--ast-global-color-5)","background-image":"","background-repeat":"repeat","background-position":"center center","background-size":"auto","background-attachment":"scroll","background-type":"","background-media":"","overlay-type":"","overlay-color":"","overlay-opacity":"","overlay-gradient":""}}},"product_brand":[],"product_cat":[296,285,375],"product_tag":[353,332],"class_list":{"0":"post-574","1":"product","2":"type-product","3":"status-publish","4":"has-post-thumbnail","6":"product_cat-local-food","7":"product_cat-snowhotel","8":"product_cat-winter-tours","9":"product_tag-nordlys","10":"product_tag-winter","11":"pa_month-januar","12":"pa_month-februar","13":"pa_month-mars","14":"pa_month-desember","15":"desktop-align-left","16":"tablet-align-left","17":"mobile-align-left","19":"first","20":"instock","21":"featured","22":"sold-individually","23":"taxable","24":"shipping-taxable","25":"purchasable","26":"product-type-phive_booking"},"aioseo_notices":[],"_links":{"self":[{"href":"https:\/\/www.bookingkirkenes.no\/fr\/wp-json\/wp\/v2\/product\/574","targetHints":{"allow":["GET"]}}],"collection":[{"href":"https:\/\/www.bookingkirkenes.no\/fr\/wp-json\/wp\/v2\/product"}],"about":[{"href":"https:\/\/www.bookingkirkenes.no\/fr\/wp-json\/wp\/v2\/types\/product"}],"replies":[{"embeddable":true,"href":"https:\/\/www.bookingkirkenes.no\/fr\/wp-json\/wp\/v2\/comments?post=574"}],"version-history":[{"count":23,"href":"https:\/\/www.bookingkirkenes.no\/fr\/wp-json\/wp\/v2\/product\/574\/revisions"}],"predecessor-version":[{"id":15453,"href":"https:\/\/www.bookingkirkenes.no\/fr\/wp-json\/wp\/v2\/product\/574\/revisions\/15453"}],"wp:featuredmedia":[{"embeddable":true,"href":"https:\/\/www.bookingkirkenes.no\/fr\/wp-json\/wp\/v2\/media\/4238"}],"wp:attachment":[{"href":"https:\/\/www.bookingkirkenes.no\/fr\/wp-json\/wp\/v2\/media?parent=574"}],"wp:term":[{"taxonomy":"product_brand","embeddable":true,"href":"https:\/\/www.bookingkirkenes.no\/fr\/wp-json\/wp\/v2\/product_brand?post=574"},{"taxonomy":"product_cat","embeddable":true,"href":"https:\/\/www.bookingkirkenes.no\/fr\/wp-json\/wp\/v2\/product_cat?post=574"},{"taxonomy":"product_tag","embeddable":true,"href":"https:\/\/www.bookingkirkenes.no\/fr\/wp-json\/wp\/v2\/product_tag?post=574"}],"curies":[{"name":"wp","href":"https:\/\/api.w.org\/{rel}","templated":true}]}}