{"id":5500,"date":"2023-09-07T13:49:23","date_gmt":"2023-09-07T11:49:23","guid":{"rendered":"https:\/\/www.bookingkirkenes.no\/?post_type=product&#038;p=5500"},"modified":"2026-05-13T09:42:56","modified_gmt":"2026-05-13T07:42:56","slug":"kirkenes-borderland-tour-summer","status":"publish","type":"product","link":"https:\/\/www.bookingkirkenes.no\/fr\/produkt\/kirkenes-borderland-tour-summer\/","title":{"rendered":"Kirkenes Sightseeing &#038; Russian Border Tour (HS01-pt)"},"content":{"rendered":"<p>D\u00e9couvrir <a href=\"https:\/\/www.youtube.com\/watch?v=VrUXtaNZFAk\" target=\"_blank\" rel=\"noopener\">Kirkenes<\/a>\u2019 history, culture, and stunning scenery in just 2 hours with this engaging <a href=\"https:\/\/www.tripadvisor.com\/Attraction_Review-g227953-d3529784-Reviews-Booking_Kirkenes-Kirkenes_Sor_Varanger_Municipality_Finnmark_Northern_Norway.html\" target=\"_blank\" rel=\"noopener\">visite guid\u00e9e<\/a>.<\/p>\n<p>\ud83d\udcc5 <strong>Disponible:<\/strong> 01.05 \u2013 30.11<br \/>\n\u23f0 <strong>Dur\u00e9e:<\/strong> 2 heures<br \/>\n\ud83d\udd58 <strong>Heures de d\u00e9part :<\/strong><br \/>\n\u2022 Morning: 09:45 \u2013 11:45<br \/>\n\u2022 Afternoon: 14:00 \u2013 16:00<\/p>\n<p>\ud83d\udcb0 <strong>Prix:<\/strong><br \/>\n\u2022 900 NOK per adult (minimum 2 guests) on week days \/ 1450 NOK per adult on weekends ( Saturday-Sunday &amp; Holiday)<br \/>\n\u2022 450 NOK per child (ages 4-11)<\/p>\n<p>\ud83d\ude90 <strong>Ramasser:<\/strong> Hotels, Hurtigruten\/Havila pier, or Snow Resort<\/p>\n<p>\ud83e\udded <strong>Aper\u00e7u de la tourn\u00e9e<\/strong><\/p>\n<p>In just 2 hours, you\u2019ll receive an in-depth overview of <strong>Kirkenes\u2019 history, daily life, the region\u2019s relationship with Finland and Russia, its unique climate, and much more<\/strong>. This guided tour takes you through the heart of Kirkenes and its surroundings, offering both a cultural and scenic experience.<\/p>\n<p>\ud83d\udd0d <strong>Ce que vous vivrez<\/strong><\/p>\n<p><strong>Guided Tour Through Kirkenes:<\/strong><br \/>\nExplore the town and its key landmarks, with an informative guide who will share the history and unique aspects of this fascinating area.<\/p>\n<p><strong>Scenic Viewpoints:<\/strong><br \/>\nVisit two stunning viewpoints, including the <strong>Point de vue de Storfjell<\/strong>, o\u00f9 vous profiterez d&#039;une vue panoramique sur le fjord.<\/p>\n<p><strong>Border and Mining Town:<\/strong><br \/>\nArr\u00eatez-vous au <strong>Fronti\u00e8re entre la Norv\u00e8ge et la Russie<\/strong> and visit the historic mining town, learning about its transformation over the years.<\/p>\n<p><strong>Photo Stops:<\/strong><br \/>\nSeveral stops will be made along the way to capture the beauty of the region\u2014perfect for photography enthusiasts!<\/p>\n<p><strong>Transport confortable :<\/strong><br \/>\nThe tour is conducted in a <strong>monospace confortable<\/strong> with a maximum of 8 seats, ensuring an intimate and personalized experience.<\/p>\n<p>\u2705 <strong>D\u00e9tails de la visite<\/strong><\/p>\n<ul>\n<li><strong>Disponible:<\/strong> 01.05 \u2013 30.11<br \/>\n\u2022 <strong>Dur\u00e9e:<\/strong> 2 heures<br \/>\n\u2022 <strong>Heures de d\u00e9part :<\/strong> 09:45 (morning) &amp; 14:00 (afternoon)<br \/>\n\u2022 <strong>Prix:<\/strong> \u2022 900 NOK per adult (minimum 2 guests) on week days \/ 1450 NOK per adult on weekends ( Saturday-Sunday &amp; Holiday) \/\u00a0450 NOK per child (ages 4-11)<br \/>\n\u2022 <strong>Taille du groupe :<\/strong> Minimum 2 guests<br \/>\n\u2022 <strong>Langue:<\/strong> English (other languages available on private tours)<br \/>\n\u2022 <strong>Transport:<\/strong> Minivan with hotel, pier, or Snow Resort pickup included<\/li>\n<\/ul>\n<p>\ud83d\udc65 <strong>Option de visite priv\u00e9e<\/strong><\/p>\n<p>Si vous pr\u00e9f\u00e9rez une exp\u00e9rience priv\u00e9e (pas d&#039;autres invit\u00e9s), veuillez r\u00e9server le <a href=\"https:\/\/www.bookingkirkenes.no\/fr\/produkt\/kirkenes-sightseeing-private-tour-hps01\/\" target=\"_blank\" rel=\"noopener\"><strong>private Tour (HPS01)<\/strong><\/a>.<\/p>\n<p>\ud83c\udf10 <strong>Language Options<\/strong><\/p>\n<p>The standard tour is offered in <strong>Anglais<\/strong>. For German, French, or Norwegian, please book the <a href=\"https:\/\/www.bookingkirkenes.no\/fr\/produkt\/kirkenes-sightseeing-private-tour-hps01\/\" target=\"_blank\" rel=\"noopener\"><strong>visite priv\u00e9e<\/strong><\/a>.<\/p>\n<p>\ud83d\uded2 <strong>R\u00e9servation et paiement<\/strong><\/p>\n<ol>\n<li>Choose your date, pickup time, number of guests, and pickup place<\/li>\n<li>Cliquez <strong>\u00ab\u00a0R\u00e9servez maintenant\u00a0\u00bb<\/strong> pour ajouter le circuit \u00e0 votre panier<\/li>\n<li>Go to your basket and proceed to checkout<\/li>\n<li>Enter your billing details to confirm your booking<\/li>\n<\/ol>\n<p>\u274c <strong>Politique d&#039;annulation<\/strong><\/p>\n<p>Please read full cancellation terms here: <a href=\"https:\/\/www.bookingkirkenes.no\/fr\/about-us\/general-terms\/\">Conditions g\u00e9n\u00e9rales de vente<\/a><\/p>\n<p>\ud83d\udcde <strong>Besoin d&#039;aide?<\/strong><\/p>\n<p>\ud83d\udce7 E-mail : info@bookingkirkenes.no<br \/>\n\ud83d\udcde T\u00e9l\u00e9phone : +47 78 99 50 80<\/p>","protected":false},"excerpt":{"rendered":"<p data-start=\"0\" data-end=\"35\"><strong data-start=\"0\" data-end=\"33\">Explorez Kirkenes comme un local<\/strong><\/p>\n<p data-start=\"37\" data-end=\"323\">Rejoignez-nous pour une visite guid\u00e9e de Kirkenes, anim\u00e9e par un expert local qui partagera son histoire, sa culture et ses liens avec la Finlande et la Russie. Vous admirerez quelques-uns des plus beaux points de vue, d\u00e9couvrirez des recoins cach\u00e9s et prendrez le temps de prendre de superbes photos en chemin.<\/p>\n<p data-start=\"325\" data-end=\"563\"><strong data-start=\"325\" data-end=\"358\">Id\u00e9al pour les passagers de croisi\u00e8re<\/strong><br data-start=\"358\" data-end=\"361\" \/>Notre excursion matinale (9h45 \u2013 11h45) est con\u00e7ue pour les passagers Hurtigruten et Havila, ce qui facilite l&#039;acc\u00e8s d\u00e8s le d\u00e9barquement. La prise en charge au quai est incluse pour un d\u00e9but d&#039;excursion en toute s\u00e9r\u00e9nit\u00e9.<\/p>\n<p data-start=\"565\" data-end=\"804\"><strong data-start=\"565\" data-end=\"589\">Disponible toute l&#039;ann\u00e9e<\/strong><br data-start=\"589\" data-end=\"592\" \/>This tour is offered in English throughout the year, and for a more tailored experience, we also offer private tours in German, French, or Norwegian. For details on the winter tour (December\u2013April), <a href=\"https:\/\/www.bookingkirkenes.no\/fr\/produkt\/hw01pt\/\" target=\"_blank\" rel=\"noopener\">Cliquez ici<\/a>.<\/p>\n<p data-start=\"806\" data-end=\"842\" data-is-last-node=\"\" data-is-only-node=\"\">Une excellente fa\u00e7on de d\u00e9couvrir Kirkenes<\/p>","protected":false},"featured_media":2567,"comment_status":"closed","ping_status":"closed","template":"","meta":{"site-sidebar-layout":"default","site-content-layout":"default","ast-site-content-layout":"default","site-content-style":"default","site-sidebar-style":"default","ast-global-header-display":"","ast-banner-title-visibility":"","ast-main-header-display":"","ast-hfb-above-header-display":"","ast-hfb-below-header-display":"","ast-hfb-mobile-header-display":"","site-post-title":"","ast-breadcrumbs-content":"","ast-featured-img":"","footer-sml-layout":"","ast-disable-related-posts":"","theme-transparent-header-meta":"default","adv-header-id-meta":"","stick-header-meta":"","header-above-stick-meta":"","header-main-stick-meta":"","header-below-stick-meta":"","astra-migrate-meta-layouts":"set","ast-page-background-enabled":"default","ast-page-background-meta":{"desktop":{"background-color":"var(--ast-global-color-4)","background-image":"","background-repeat":"repeat","background-position":"center center","background-size":"auto","background-attachment":"scroll","background-type":"","background-media":"","overlay-type":"","overlay-color":"","overlay-opacity":"","overlay-gradient":""},"tablet":{"background-color":"","background-image":"","background-repeat":"repeat","background-position":"center center","background-size":"auto","background-attachment":"scroll","background-type":"","background-media":"","overlay-type":"","overlay-color":"","overlay-opacity":"","overlay-gradient":""},"mobile":{"background-color":"","background-image":"","background-repeat":"repeat","background-position":"center center","background-size":"auto","background-attachment":"scroll","background-type":"","background-media":"","overlay-type":"","overlay-color":"","overlay-opacity":"","overlay-gradient":""}},"ast-content-background-meta":{"desktop":{"background-color":"var(--ast-global-color-5)","background-image":"","background-repeat":"repeat","background-position":"center center","background-size":"auto","background-attachment":"scroll","background-type":"","background-media":"","overlay-type":"","overlay-color":"","overlay-opacity":"","overlay-gradient":""},"tablet":{"background-color":"var(--ast-global-color-5)","background-image":"","background-repeat":"repeat","background-position":"center center","background-size":"auto","background-attachment":"scroll","background-type":"","background-media":"","overlay-type":"","overlay-color":"","overlay-opacity":"","overlay-gradient":""},"mobile":{"background-color":"var(--ast-global-color-5)","background-image":"","background-repeat":"repeat","background-position":"center center","background-size":"auto","background-attachment":"scroll","background-type":"","background-media":"","overlay-type":"","overlay-color":"","overlay-opacity":"","overlay-gradient":""}}},"product_brand":[],"product_cat":[282,281,286,283,374],"product_tag":[342,341],"class_list":{"0":"post-5500","1":"product","2":"type-product","3":"status-publish","4":"has-post-thumbnail","6":"product_cat-kirkenes","7":"product_cat-local-guiding","8":"product_cat-russian-border","9":"product_cat-sightseeing-by-bus","10":"product_cat-summer-autumn-tours","11":"product_tag-front-page","12":"product_tag-summer","13":"pa_month-mai","14":"pa_month-juni","15":"pa_month-juli","16":"pa_month-august","17":"pa_month-september","18":"pa_month-oktober","19":"pa_month-november","20":"desktop-align-left","21":"tablet-align-left","22":"mobile-align-left","24":"first","25":"instock","26":"sold-individually","27":"taxable","28":"shipping-taxable","29":"purchasable","30":"product-type-phive_booking"},"aioseo_notices":[],"_links":{"self":[{"href":"https:\/\/www.bookingkirkenes.no\/fr\/wp-json\/wp\/v2\/product\/5500","targetHints":{"allow":["GET"]}}],"collection":[{"href":"https:\/\/www.bookingkirkenes.no\/fr\/wp-json\/wp\/v2\/product"}],"about":[{"href":"https:\/\/www.bookingkirkenes.no\/fr\/wp-json\/wp\/v2\/types\/product"}],"replies":[{"embeddable":true,"href":"https:\/\/www.bookingkirkenes.no\/fr\/wp-json\/wp\/v2\/comments?post=5500"}],"version-history":[{"count":49,"href":"https:\/\/www.bookingkirkenes.no\/fr\/wp-json\/wp\/v2\/product\/5500\/revisions"}],"predecessor-version":[{"id":5502,"href":"https:\/\/www.bookingkirkenes.no\/fr\/wp-json\/wp\/v2\/product\/5500\/revisions\/5502"}],"wp:featuredmedia":[{"embeddable":true,"href":"https:\/\/www.bookingkirkenes.no\/fr\/wp-json\/wp\/v2\/media\/2567"}],"wp:attachment":[{"href":"https:\/\/www.bookingkirkenes.no\/fr\/wp-json\/wp\/v2\/media?parent=5500"}],"wp:term":[{"taxonomy":"product_brand","embeddable":true,"href":"https:\/\/www.bookingkirkenes.no\/fr\/wp-json\/wp\/v2\/product_brand?post=5500"},{"taxonomy":"product_cat","embeddable":true,"href":"https:\/\/www.bookingkirkenes.no\/fr\/wp-json\/wp\/v2\/product_cat?post=5500"},{"taxonomy":"product_tag","embeddable":true,"href":"https:\/\/www.bookingkirkenes.no\/fr\/wp-json\/wp\/v2\/product_tag?post=5500"}],"curies":[{"name":"wp","href":"https:\/\/api.w.org\/{rel}","templated":true}]}}