{"id":4533,"date":"2023-02-03T15:33:03","date_gmt":"2023-02-03T14:33:03","guid":{"rendered":"https:\/\/www.bookingkirkenes.no\/?post_type=product&#038;p=4533"},"modified":"2026-03-26T13:46:52","modified_gmt":"2026-03-26T12:46:52","slug":"transfer-airport-hotel-pier","status":"publish","type":"product","link":"https:\/\/www.bookingkirkenes.no\/fr\/produkt\/transfer-airport-hotel-pier\/","title":{"rendered":"Transfert a\u00e9roport : de l&#039;a\u00e9roport de Kirkenes \u00e0 Kirkenes (h\u00f4tels\/embarcad\u00e8re)"},"content":{"rendered":"<p><strong>Plus d&#039;information<\/strong><\/p>\n<p>Nous proposons un transfert de l&#039;a\u00e9roport \u00e0 votre h\u00f4tel en <a href=\"https:\/\/www.youtube.com\/watch?v=kn_GmZSr7Fw\" target=\"_blank\" rel=\"noopener\">Kirkenes<\/a> ou jusqu&#039;au quai pour le d\u00e9part de Hurtigruten\/Havila. Nos chauffeurs vous accueilleront dans le hall d&#039;arriv\u00e9e avec un panneau de bienvenue et vous conduiront en minibus, minivan ou taxi.<br \/>\nCe transfert peut \u00eatre r\u00e9serv\u00e9 pour 1 \u00e0 15 personnes, pour les groupes plus importants, veuillez nous envoyer un e-mail.<\/p>\n<p>Des prix:<br \/>\n1500 NOK pour une berline, 1-3 personnes<br \/>\n2300 NOK for a minivan, 1 \u2013 6 persons<br \/>\n3100 NOK pour un minibus, 1 \u2013 15 personnes<br \/>\n*le prix comprend le transfert et les frais d&#039;a\u00e9roport<\/p>\n<p><strong>Informations sur la r\u00e9servation et le paiement :<\/strong><\/p>\n<ul>\n<li><em>choisissez la date, l&#039;heure de prise en charge, le nombre d&#039;invit\u00e9s et le lieu de prise en charge<\/em><\/li>\n<li><em>r\u00e9servez maintenant : la visite appara\u00eetra dans le panier<\/em><\/li>\n<li><em>cliquez sur le panier et passez \u00e0 la caisse<\/em><\/li>\n<li><em>sur la page suivante, vous devez nous fournir les d\u00e9tails de facturation<\/em><\/li>\n<li><em>Veuillez lire les d\u00e9tails sur les conditions d\u2019annulation ici\u00a0: <a href=\"https:\/\/www.bookingkirkenes.no\/fr\/about-us\/general-terms\/\" target=\"_blank\" rel=\"noopener\">https:\/\/www.bookingkirkenes.no\/about-us\/general-terms\/<\/a><\/em><\/li>\n<li><em>Avez-vous besoin d&#039;aide pour votre r\u00e9servation : envoyez-nous un e-mail info@bookingkirkenes.no ou appelez le +47 78 99 50 80<\/em><\/li>\n<\/ul>\n<p>&nbsp;<\/p>","protected":false},"excerpt":{"rendered":"<p>Nous proposons un transfert de l&#039;a\u00e9roport \u00e0 votre h\u00f4tel en <a href=\"https:\/\/www.youtube.com\/watch?v=kn_GmZSr7Fw\" target=\"_blank\" rel=\"noopener\">Kirkenes<\/a> ou au quai pour le d\u00e9part Hurtigruten\/Havila. <a href=\"https:\/\/www.tripadvisor.com\/Attraction_Review-g227953-d3529784-Reviews-Booking_Kirkenes-Kirkenes_Sor_Varanger_Municipality_Finnmark_Northern_Norway.html\" target=\"_blank\" rel=\"noopener\">Nos chauffeurs<\/a> will meet you in the arrival hall with a welcome sign and drive you in a minibus, minivan or in taxi cars, depending on group size.<br \/>\nCe transfert peut \u00eatre r\u00e9serv\u00e9 pour 1 \u00e0 15 personnes, pour les groupes plus importants, veuillez nous envoyer un e-mail.<\/p>","protected":false},"featured_media":2281,"comment_status":"open","ping_status":"closed","template":"","meta":{"site-sidebar-layout":"default","site-content-layout":"default","ast-site-content-layout":"default","site-content-style":"default","site-sidebar-style":"default","ast-global-header-display":"","ast-banner-title-visibility":"","ast-main-header-display":"","ast-hfb-above-header-display":"","ast-hfb-below-header-display":"","ast-hfb-mobile-header-display":"","site-post-title":"","ast-breadcrumbs-content":"","ast-featured-img":"","footer-sml-layout":"","ast-disable-related-posts":"","theme-transparent-header-meta":"default","adv-header-id-meta":"","stick-header-meta":"","header-above-stick-meta":"","header-main-stick-meta":"","header-below-stick-meta":"","astra-migrate-meta-layouts":"set","ast-page-background-enabled":"default","ast-page-background-meta":{"desktop":{"background-color":"var(--ast-global-color-4)","background-image":"","background-repeat":"repeat","background-position":"center center","background-size":"auto","background-attachment":"scroll","background-type":"","background-media":"","overlay-type":"","overlay-color":"","overlay-opacity":"","overlay-gradient":""},"tablet":{"background-color":"","background-image":"","background-repeat":"repeat","background-position":"center center","background-size":"auto","background-attachment":"scroll","background-type":"","background-media":"","overlay-type":"","overlay-color":"","overlay-opacity":"","overlay-gradient":""},"mobile":{"background-color":"","background-image":"","background-repeat":"repeat","background-position":"center center","background-size":"auto","background-attachment":"scroll","background-type":"","background-media":"","overlay-type":"","overlay-color":"","overlay-opacity":"","overlay-gradient":""}},"ast-content-background-meta":{"desktop":{"background-color":"var(--ast-global-color-5)","background-image":"","background-repeat":"repeat","background-position":"center center","background-size":"auto","background-attachment":"scroll","background-type":"","background-media":"","overlay-type":"","overlay-color":"","overlay-opacity":"","overlay-gradient":""},"tablet":{"background-color":"var(--ast-global-color-5)","background-image":"","background-repeat":"repeat","background-position":"center center","background-size":"auto","background-attachment":"scroll","background-type":"","background-media":"","overlay-type":"","overlay-color":"","overlay-opacity":"","overlay-gradient":""},"mobile":{"background-color":"var(--ast-global-color-5)","background-image":"","background-repeat":"repeat","background-position":"center center","background-size":"auto","background-attachment":"scroll","background-type":"","background-media":"","overlay-type":"","overlay-color":"","overlay-opacity":"","overlay-gradient":""}}},"product_brand":[],"product_cat":[16,354],"product_tag":[],"class_list":{"0":"post-4533","1":"product","2":"type-product","3":"status-publish","4":"has-post-thumbnail","6":"product_cat-ukategorisert","7":"product_cat-transfers","8":"desktop-align-left","9":"tablet-align-left","10":"mobile-align-left","12":"first","13":"instock","14":"virtual","15":"sold-individually","16":"taxable","17":"purchasable","18":"product-type-phive_booking"},"aioseo_notices":[],"_links":{"self":[{"href":"https:\/\/www.bookingkirkenes.no\/fr\/wp-json\/wp\/v2\/product\/4533","targetHints":{"allow":["GET"]}}],"collection":[{"href":"https:\/\/www.bookingkirkenes.no\/fr\/wp-json\/wp\/v2\/product"}],"about":[{"href":"https:\/\/www.bookingkirkenes.no\/fr\/wp-json\/wp\/v2\/types\/product"}],"replies":[{"embeddable":true,"href":"https:\/\/www.bookingkirkenes.no\/fr\/wp-json\/wp\/v2\/comments?post=4533"}],"version-history":[{"count":15,"href":"https:\/\/www.bookingkirkenes.no\/fr\/wp-json\/wp\/v2\/product\/4533\/revisions"}],"predecessor-version":[{"id":15289,"href":"https:\/\/www.bookingkirkenes.no\/fr\/wp-json\/wp\/v2\/product\/4533\/revisions\/15289"}],"wp:featuredmedia":[{"embeddable":true,"href":"https:\/\/www.bookingkirkenes.no\/fr\/wp-json\/wp\/v2\/media\/2281"}],"wp:attachment":[{"href":"https:\/\/www.bookingkirkenes.no\/fr\/wp-json\/wp\/v2\/media?parent=4533"}],"wp:term":[{"taxonomy":"product_brand","embeddable":true,"href":"https:\/\/www.bookingkirkenes.no\/fr\/wp-json\/wp\/v2\/product_brand?post=4533"},{"taxonomy":"product_cat","embeddable":true,"href":"https:\/\/www.bookingkirkenes.no\/fr\/wp-json\/wp\/v2\/product_cat?post=4533"},{"taxonomy":"product_tag","embeddable":true,"href":"https:\/\/www.bookingkirkenes.no\/fr\/wp-json\/wp\/v2\/product_tag?post=4533"}],"curies":[{"name":"wp","href":"https:\/\/api.w.org\/{rel}","templated":true}]}}