{"id":424,"date":"2021-10-25T11:05:18","date_gmt":"2021-10-25T09:05:18","guid":{"rendered":"https:\/\/www.bookingkirkenes.no\/?post_type=product&#038;p=424"},"modified":"2025-11-05T14:51:21","modified_gmt":"2025-11-05T13:51:21","slug":"overnight-at-snowhotel-winter","status":"publish","type":"product","link":"https:\/\/www.bookingkirkenes.no\/fr\/produkt\/overnight-at-snowhotel-winter\/","title":{"rendered":"Overnight at Snowhotel Winter  (KI27-sh)"},"content":{"rendered":"<p>\u2744\ufe0f <strong>Kirkenes Snowhotel Experience \u2013 Overnight Stay<\/strong><\/p>\n<p>\ud83d\udcc5 <strong>Disponible:<\/strong> 01.12 \u2013 31.03<br \/>\n<em>(Note: Snowhotel is open year-round. For April\u2013November, please book the Summer tour KS27)<\/em><br \/>\n\u23f0 <strong>Dur\u00e9e:<\/strong> 1 overnight stay (Check-in: 17:00 \u2013 Check-out: 09:00 next day)<\/p>\n<p>\ud83d\udcb0 <strong>Prices (per person):<\/strong><br \/>\n\u2022 01.12 \u2013 19.12: 4,200 NOK<br \/>\n\u2022 20.12 \u2013 06.01: 4,950 NOK<\/p>\n<p>\ud83d\ude90 <strong>Ramasser:<\/strong> Transfer from\/to hotel included<\/p>\n<p>\ud83e\udded <strong>Aper\u00e7u de la tourn\u00e9e<\/strong><\/p>\n<p>Experience the magic of the <strong>H\u00f4tel de neige de Kirkenes<\/strong>, a stunning piece of snow architecture set in Arctic nature, just 8 km from <a href=\"https:\/\/www.youtube.com\/watch?v=2WAICJ8vm5E\" target=\"_blank\" rel=\"noopener\">Kirkenes<\/a>. With <strong>22 snow suites, intricate ice sculptures, and live reindeer<\/strong>, this is one of the most photographic spots in the Norwegian Arctic.<\/p>\n<p>Enjoy a cozy overnight stay with the possibility of seeing the <a href=\"https:\/\/www.youtube.com\/watch?v=Sfe1hAMlgfk\" target=\"_blank\" rel=\"noopener\"><strong>Aurores bor\u00e9ales<\/strong><\/a> thanks to minimal light pollution. The package includes warm sleeping bags, sauna access, and a traditional 3-course dinner in the heated restaurant building.<\/p>\n<p>\ud83d\udd0d <strong>Ce que vous vivrez<\/strong><\/p>\n<p><strong>\ud83c\udfe8<\/strong><strong> Overnight in a Snow Suite<\/strong><br \/>\n\u2022 Rooms built entirely of snow, average temperature -4\u00b0C<br \/>\n\u2022 Warm sleeping bags and socks provided<\/p>\n<p><strong>\ud83c\udf7d<\/strong><strong>\ufe0f Dinner in the Restaurant<\/strong><br \/>\n\u2022 Local 3-course dinner served in the warm part of the hotel<br \/>\n\u2022 Menu is fixed \u2013 please inform us of any special dietary requirements when booking<\/p>\n<p><strong>\u2668\ufe0f<\/strong><strong> Sauna &amp; Facilities<\/strong><br \/>\n\u2022 Optional sauna in the morning<br \/>\n\u2022 Shower\/WC and restaurant located in the service building<\/p>\n<p><strong>\ud83e\uddd1<\/strong><strong>\u200d<\/strong><strong>\ud83d\udcbc<\/strong><strong> Full Guidance<\/strong><br \/>\n\u2022 Staff will guide you throughout your stay<\/p>\n<p>\u2705 <strong>Tour Details \/ What\u2019s Included<\/strong><\/p>\n<ul>\n<li>Transfer from\/to hotel<br \/>\n\u2022 Overnight stay in a snow suite<br \/>\n\u2022 3-course dinner in the warm hotel restaurant<br \/>\n\u2022 Breakfast the following morning<br \/>\n\u2022 Sauna access in the morning<br \/>\n\u2022 Warm sleeping bags and socks<br \/>\n\u2022 Guidance from Snowhotel staff<\/li>\n<\/ul>\n<p>\ud83d\uded2 <strong>R\u00e9servation et paiement<\/strong><\/p>\n<ol>\n<li>Choose your travel date and number of guests<\/li>\n<li>Cliquez <strong>\u00ab\u00a0R\u00e9servez maintenant\u00a0\u00bb<\/strong> \u2014 the package will appear in your basket<\/li>\n<li>Go to the basket and proceed to checkout<\/li>\n<li>Enter billing details and complete your payment<\/li>\n<\/ol>\n<p>\u274c <strong>Politique d&#039;annulation<\/strong><\/p>\n<p>\ud83d\udcc4 View full cancellation terms here: <a href=\"https:\/\/www.bookingkirkenes.no\/fr\/about-us\/general-terms\/\">Conditions g\u00e9n\u00e9rales de vente<\/a><\/p>\n<p>\ud83d\udcde <strong>Besoin d&#039;aide?<\/strong><\/p>\n<p>\ud83d\udce7 E-mail : info@bookingkirkenes.no<br \/>\n\ud83d\udcde T\u00e9l\u00e9phone : +47 78 99 50 80<\/p>\n<p>&nbsp;<\/p>","protected":false},"excerpt":{"rendered":"<p>Une exp\u00e9rience unique : une nuit\u00e9e \u00e0 l&#039;h\u00f4tel <a href=\"https:\/\/www.youtube.com\/watch?v=_1Y9jZ33gqI\" target=\"_blank\" rel=\"noopener\">Snowhotel (H\u00f4tel de glace)<\/a> qui est une belle pi\u00e8ce de <a href=\"https:\/\/www.youtube.com\/watch?v=SMd4gO1YAFc\" target=\"_blank\" rel=\"noopener\">architecture de neige<\/a>. D\u00eener, petit-d\u00e9jeuner et transfert depuis <a href=\"https:\/\/www.youtube.com\/watch?v=2WAICJ8vm5E\" target=\"_blank\" rel=\"noopener\">Kirkenes<\/a> L&#039;h\u00f4tel de neige est ouvert toute l&#039;ann\u00e9e et vous pouvez y passer la nuit m\u00eame en \u00e9t\u00e9. Pour r\u00e9server d&#039;avril \u00e0 novembre, veuillez <a href=\"https:\/\/www.bookingkirkenes.no\/fr\/produkt\/ks27-overnight-stay-at-kirkenes-snowhotel-365\/\">Cliquez ici<\/a>.<\/p>","protected":false},"featured_media":1206,"comment_status":"closed","ping_status":"closed","template":"","meta":{"site-sidebar-layout":"default","site-content-layout":"default","ast-site-content-layout":"default","site-content-style":"default","site-sidebar-style":"default","ast-global-header-display":"","ast-banner-title-visibility":"","ast-main-header-display":"","ast-hfb-above-header-display":"","ast-hfb-below-header-display":"","ast-hfb-mobile-header-display":"","site-post-title":"","ast-breadcrumbs-content":"","ast-featured-img":"","footer-sml-layout":"","ast-disable-related-posts":"","theme-transparent-header-meta":"default","adv-header-id-meta":"","stick-header-meta":"","header-above-stick-meta":"","header-main-stick-meta":"","header-below-stick-meta":"","astra-migrate-meta-layouts":"set","ast-page-background-enabled":"default","ast-page-background-meta":{"desktop":{"background-color":"var(--ast-global-color-4)","background-image":"","background-repeat":"repeat","background-position":"center center","background-size":"auto","background-attachment":"scroll","background-type":"","background-media":"","overlay-type":"","overlay-color":"","overlay-opacity":"","overlay-gradient":""},"tablet":{"background-color":"","background-image":"","background-repeat":"repeat","background-position":"center center","background-size":"auto","background-attachment":"scroll","background-type":"","background-media":"","overlay-type":"","overlay-color":"","overlay-opacity":"","overlay-gradient":""},"mobile":{"background-color":"","background-image":"","background-repeat":"repeat","background-position":"center center","background-size":"auto","background-attachment":"scroll","background-type":"","background-media":"","overlay-type":"","overlay-color":"","overlay-opacity":"","overlay-gradient":""}},"ast-content-background-meta":{"desktop":{"background-color":"var(--ast-global-color-5)","background-image":"","background-repeat":"repeat","background-position":"center center","background-size":"auto","background-attachment":"scroll","background-type":"","background-media":"","overlay-type":"","overlay-color":"","overlay-opacity":"","overlay-gradient":""},"tablet":{"background-color":"var(--ast-global-color-5)","background-image":"","background-repeat":"repeat","background-position":"center center","background-size":"auto","background-attachment":"scroll","background-type":"","background-media":"","overlay-type":"","overlay-color":"","overlay-opacity":"","overlay-gradient":""},"mobile":{"background-color":"var(--ast-global-color-5)","background-image":"","background-repeat":"repeat","background-position":"center center","background-size":"auto","background-attachment":"scroll","background-type":"","background-media":"","overlay-type":"","overlay-color":"","overlay-opacity":"","overlay-gradient":""}}},"product_brand":[],"product_cat":[296,285],"product_tag":[353,332],"class_list":{"0":"post-424","1":"product","2":"type-product","3":"status-publish","4":"has-post-thumbnail","6":"product_cat-local-food","7":"product_cat-snowhotel","8":"product_tag-nordlys","9":"product_tag-winter","10":"pa_month-januar","11":"pa_month-februar","12":"pa_month-mars","13":"pa_month-desember","14":"desktop-align-left","15":"tablet-align-left","16":"mobile-align-left","18":"first","19":"instock","20":"featured","21":"sold-individually","22":"taxable","23":"shipping-taxable","24":"purchasable","25":"product-type-phive_booking"},"aioseo_notices":[],"_links":{"self":[{"href":"https:\/\/www.bookingkirkenes.no\/fr\/wp-json\/wp\/v2\/product\/424","targetHints":{"allow":["GET"]}}],"collection":[{"href":"https:\/\/www.bookingkirkenes.no\/fr\/wp-json\/wp\/v2\/product"}],"about":[{"href":"https:\/\/www.bookingkirkenes.no\/fr\/wp-json\/wp\/v2\/types\/product"}],"replies":[{"embeddable":true,"href":"https:\/\/www.bookingkirkenes.no\/fr\/wp-json\/wp\/v2\/comments?post=424"}],"version-history":[{"count":20,"href":"https:\/\/www.bookingkirkenes.no\/fr\/wp-json\/wp\/v2\/product\/424\/revisions"}],"predecessor-version":[{"id":13395,"href":"https:\/\/www.bookingkirkenes.no\/fr\/wp-json\/wp\/v2\/product\/424\/revisions\/13395"}],"wp:featuredmedia":[{"embeddable":true,"href":"https:\/\/www.bookingkirkenes.no\/fr\/wp-json\/wp\/v2\/media\/1206"}],"wp:attachment":[{"href":"https:\/\/www.bookingkirkenes.no\/fr\/wp-json\/wp\/v2\/media?parent=424"}],"wp:term":[{"taxonomy":"product_brand","embeddable":true,"href":"https:\/\/www.bookingkirkenes.no\/fr\/wp-json\/wp\/v2\/product_brand?post=424"},{"taxonomy":"product_cat","embeddable":true,"href":"https:\/\/www.bookingkirkenes.no\/fr\/wp-json\/wp\/v2\/product_cat?post=424"},{"taxonomy":"product_tag","embeddable":true,"href":"https:\/\/www.bookingkirkenes.no\/fr\/wp-json\/wp\/v2\/product_tag?post=424"}],"curies":[{"name":"wp","href":"https:\/\/api.w.org\/{rel}","templated":true}]}}