{"id":421,"date":"2021-10-25T11:05:17","date_gmt":"2021-10-25T09:05:17","guid":{"rendered":"https:\/\/www.bookingkirkenes.no\/?post_type=product&#038;p=421"},"modified":"2026-04-22T09:51:01","modified_gmt":"2026-04-22T07:51:01","slug":"visit-to-the-snow-resort","status":"publish","type":"product","link":"https:\/\/www.bookingkirkenes.no\/fr\/produkt\/visit-to-the-snow-resort\/","title":{"rendered":"Visit to the Snow Resort (KI18-sh)"},"content":{"rendered":"<p>Visitez l&#039;h\u00f4tel le plus cool avec son bar d\u00e9contract\u00e9 \u00e0 <a href=\"https:\/\/www.youtube.com\/watch?v=_1Y9jZ33gqI\" target=\"_blank\" rel=\"noopener\">Kirkenes Snow Resort<\/a>Une architecture impressionnante, faite uniquement de neige et de glace. Des rennes errent autour de l&#039;h\u00f4tel dans leur environnement naturel. Nos huskies, dans les chenils, sont pr\u00eats \u00e0 courir. Savourez une tasse de th\u00e9 ou de caf\u00e9 au coin du feu dans notre restaurant lavvu.<\/p>\n<p>Disponible du 01.12 au 30.04<br \/>\nVeuillez noter que cette visite est disponible toute l&#039;ann\u00e9e. Pour r\u00e9server entre mai et novembre, veuillez r\u00e9server la visite d&#039;\u00e9t\u00e9 avec le code de r\u00e9servation. <a href=\"https:\/\/www.bookingkirkenes.no\/fr\/produkt\/snowhotel-summer-visit-ks18\/\">KS18<\/a><br \/>\nDur\u00e9e 2 heures<br \/>\n13.00 &#8211; 15.00<\/p>\n<p><strong>Prix:<\/strong> Adult 1250 NOK per person, Children 625 NOK per child ( 4-11 years )<\/p>\n<p>transport inclus depuis\/vers l&#039;h\u00f4tel, guide, billet d&#039;entr\u00e9e<\/p>\n<p><strong>Informations sur la r\u00e9servation et le paiement :<\/strong><\/p>\n<ul>\n<li><em>choisissez la date, l&#039;heure de prise en charge, le nombre d&#039;invit\u00e9s et le lieu de prise en charge<\/em><\/li>\n<li><em>r\u00e9servez maintenant : la visite appara\u00eetra dans le panier<\/em><\/li>\n<li><em>cliquez sur le panier et passez \u00e0 la caisse<\/em><\/li>\n<li><em>sur la page suivante, vous devez nous fournir les d\u00e9tails de facturation<\/em><\/li>\n<li><em>le paiement peut \u00eatre effectu\u00e9 par carte (Visa\/Master) et PayPal<\/em><\/li>\n<li><em>Veuillez lire les d\u00e9tails sur les conditions d\u2019annulation ici\u00a0: <a href=\"https:\/\/www.bookingkirkenes.no\/fr\/about-us\/general-terms\/\" target=\"_blank\" rel=\"noopener\">https:\/\/www.bookingkirkenes.no\/about-us\/general-terms\/<\/a><\/em><\/li>\n<li><em>Avez-vous besoin d&#039;aide pour votre r\u00e9servation : envoyez-nous un e-mail info@bookingkirkenes.no ou appelez le +47 78 99 50 80<\/em><\/li>\n<\/ul>","protected":false},"excerpt":{"rendered":"<p>Visitez l&#039;h\u00f4tel le plus cool avec ses belles chambres d\u00e9cor\u00e9es et ses sculptures de glace. Des rennes se prom\u00e8nent autour de l&#039;h\u00f4tel et vous pourrez faire des c\u00e2lins \u00e0 nos chiens douillets (huskies). L&#039;h\u00f4tel de neige peut \u00eatre visit\u00e9 toute l&#039;ann\u00e9e. Pour les visites en \u00e9t\u00e9 (mai \u2013 novembre), veuillez cliquer ici\u00a0: <a href=\"https:\/\/www.bookingkirkenes.no\/fr\/produkt\/snowhotel-summer-visit-ks18\/\">Visite estivale du Snowhotel<\/a><\/p>","protected":false},"featured_media":1205,"comment_status":"closed","ping_status":"closed","template":"","meta":{"site-sidebar-layout":"default","site-content-layout":"default","ast-site-content-layout":"default","site-content-style":"default","site-sidebar-style":"default","ast-global-header-display":"","ast-banner-title-visibility":"","ast-main-header-display":"","ast-hfb-above-header-display":"","ast-hfb-below-header-display":"","ast-hfb-mobile-header-display":"","site-post-title":"","ast-breadcrumbs-content":"","ast-featured-img":"","footer-sml-layout":"","ast-disable-related-posts":"","theme-transparent-header-meta":"default","adv-header-id-meta":"","stick-header-meta":"","header-above-stick-meta":"","header-main-stick-meta":"","header-below-stick-meta":"","astra-migrate-meta-layouts":"set","ast-page-background-enabled":"default","ast-page-background-meta":{"desktop":{"background-color":"var(--ast-global-color-4)","background-image":"","background-repeat":"repeat","background-position":"center center","background-size":"auto","background-attachment":"scroll","background-type":"","background-media":"","overlay-type":"","overlay-color":"","overlay-opacity":"","overlay-gradient":""},"tablet":{"background-color":"","background-image":"","background-repeat":"repeat","background-position":"center center","background-size":"auto","background-attachment":"scroll","background-type":"","background-media":"","overlay-type":"","overlay-color":"","overlay-opacity":"","overlay-gradient":""},"mobile":{"background-color":"","background-image":"","background-repeat":"repeat","background-position":"center center","background-size":"auto","background-attachment":"scroll","background-type":"","background-media":"","overlay-type":"","overlay-color":"","overlay-opacity":"","overlay-gradient":""}},"ast-content-background-meta":{"desktop":{"background-color":"var(--ast-global-color-5)","background-image":"","background-repeat":"repeat","background-position":"center center","background-size":"auto","background-attachment":"scroll","background-type":"","background-media":"","overlay-type":"","overlay-color":"","overlay-opacity":"","overlay-gradient":""},"tablet":{"background-color":"var(--ast-global-color-5)","background-image":"","background-repeat":"repeat","background-position":"center center","background-size":"auto","background-attachment":"scroll","background-type":"","background-media":"","overlay-type":"","overlay-color":"","overlay-opacity":"","overlay-gradient":""},"mobile":{"background-color":"var(--ast-global-color-5)","background-image":"","background-repeat":"repeat","background-position":"center center","background-size":"auto","background-attachment":"scroll","background-type":"","background-media":"","overlay-type":"","overlay-color":"","overlay-opacity":"","overlay-gradient":""}}},"product_brand":[],"product_cat":[285,375],"product_tag":[],"class_list":{"0":"post-421","1":"product","2":"type-product","3":"status-publish","4":"has-post-thumbnail","6":"product_cat-snowhotel","7":"product_cat-winter-tours","8":"pa_month-januar","9":"pa_month-februar","10":"pa_month-mars","11":"pa_month-april","12":"pa_month-desember","13":"desktop-align-left","14":"tablet-align-left","15":"mobile-align-left","17":"first","18":"instock","19":"sold-individually","20":"taxable","21":"shipping-taxable","22":"purchasable","23":"product-type-phive_booking"},"aioseo_notices":[],"_links":{"self":[{"href":"https:\/\/www.bookingkirkenes.no\/fr\/wp-json\/wp\/v2\/product\/421","targetHints":{"allow":["GET"]}}],"collection":[{"href":"https:\/\/www.bookingkirkenes.no\/fr\/wp-json\/wp\/v2\/product"}],"about":[{"href":"https:\/\/www.bookingkirkenes.no\/fr\/wp-json\/wp\/v2\/types\/product"}],"replies":[{"embeddable":true,"href":"https:\/\/www.bookingkirkenes.no\/fr\/wp-json\/wp\/v2\/comments?post=421"}],"version-history":[{"count":19,"href":"https:\/\/www.bookingkirkenes.no\/fr\/wp-json\/wp\/v2\/product\/421\/revisions"}],"predecessor-version":[{"id":15511,"href":"https:\/\/www.bookingkirkenes.no\/fr\/wp-json\/wp\/v2\/product\/421\/revisions\/15511"}],"wp:featuredmedia":[{"embeddable":true,"href":"https:\/\/www.bookingkirkenes.no\/fr\/wp-json\/wp\/v2\/media\/1205"}],"wp:attachment":[{"href":"https:\/\/www.bookingkirkenes.no\/fr\/wp-json\/wp\/v2\/media?parent=421"}],"wp:term":[{"taxonomy":"product_brand","embeddable":true,"href":"https:\/\/www.bookingkirkenes.no\/fr\/wp-json\/wp\/v2\/product_brand?post=421"},{"taxonomy":"product_cat","embeddable":true,"href":"https:\/\/www.bookingkirkenes.no\/fr\/wp-json\/wp\/v2\/product_cat?post=421"},{"taxonomy":"product_tag","embeddable":true,"href":"https:\/\/www.bookingkirkenes.no\/fr\/wp-json\/wp\/v2\/product_tag?post=421"}],"curies":[{"name":"wp","href":"https:\/\/api.w.org\/{rel}","templated":true}]}}