{"id":369,"date":"2021-10-25T11:04:53","date_gmt":"2021-10-25T09:04:53","guid":{"rendered":"https:\/\/www.bookingkirkenes.no\/?post_type=product&#038;p=369"},"modified":"2025-12-01T14:33:14","modified_gmt":"2025-12-01T13:33:14","slug":"king-crab-boat-safari-with-meal","status":"publish","type":"product","link":"https:\/\/www.bookingkirkenes.no\/fr\/produkt\/king-crab-boat-safari-with-meal\/","title":{"rendered":"King Crab Boat Safari with Meal (KS40-sh)"},"content":{"rendered":"<p><strong>\ud83e\udd80<\/strong><strong> King Crab Fishing Adventure by RIB Boat<\/strong><\/p>\n<p>Experience the thrill of Arctic fishing on this unforgettable <a href=\"https:\/\/www.youtube.com\/watch?v=ah3JCy9E9Gk\" target=\"_blank\" rel=\"noopener\">Safari au crabe royal<\/a>! Join our experienced fisherman-guides for an exciting RIB boat ride across the stunning fjords outside Kirkenes. Help haul up the mighty king crab from the deep, and enjoy your freshly prepared catch in a cozy boathouse by the sea.<\/p>\n<p>A true Arctic highlight \u2014 part <strong>wildlife safari<\/strong>, part <strong>seafood feast<\/strong> \u2014 perfect for travelers seeking something extraordinary.<\/p>\n<p>\ud83d\udcc5 <strong>Disponible:<\/strong> May 1 \u2013 November 30<br \/>\n\u23f0 <strong>Dur\u00e9e:<\/strong> 3 heures<br \/>\n\ud83d\udd58 <strong>Heures de d\u00e9part :<\/strong><br \/>\n\u2022 09:00 \u2013 12:00 (October\u2013November)<br \/>\n\u2022 13:00 \u2013 16:00 (Main season)<br \/>\n\u2022 17:00 \u2013 20:00 (Groups of 6+ only in June\u2013August \u2014 email for booking)<\/p>\n<p>\ud83d\udcb0 <strong>Prix:<\/strong><br \/>\n\u2022 2,625 NOK per adult<br \/>\n\u2022 1,313 NOK per child (under 12)<\/p>\n<p>\ud83e\udded <strong>Aper\u00e7u de la tourn\u00e9e<\/strong><\/p>\n<p>Embark on a scenic fjord adventure where you\u2019ll explore the Arctic waters and experience one of <a href=\"https:\/\/www.youtube.com\/watch?v=kn_GmZSr7Fw\" target=\"_blank\" rel=\"noopener\">Kirkenes<\/a>\u2019 most iconic activities \u2014 King Crab Fishing! Feel the excitement as you pull up the pots, learn about local marine life, and enjoy the freshest possible seafood meal by the water.<\/p>\n<p>\ud83d\udd0d <strong>Ce que vous vivrez<\/strong><\/p>\n<p>\ud83d\udc1a <strong>RIB Boat Tour Across the Fjord:<\/strong><br \/>\nSpeed across the beautiful Arctic fjords and enjoy stunning coastal views around Kirkenes.<\/p>\n<p>\ud83d\udc2c <strong>Marine Sightseeing:<\/strong><br \/>\nKeep your eyes open for local wildlife \u2014 you might even spot playful porpoises (Arctic dolphins)!<\/p>\n<p>\ud83e\udd80 <strong>Hands-On Crab Fishing:<\/strong><br \/>\nJoin in the fun as you help pull up king crab pots from the deep waters \u2014 a real Arctic adventure.<\/p>\n<p>\ud83c\udf7d\ufe0f <strong>Delicious King Crab Meal:<\/strong><br \/>\nSavor your fresh catch served in a rustic boathouse right by the fjord, with hot coffee or tea.<\/p>\n<p>\ud83e\udde5 <strong>Comfort &amp; Safety:<\/strong><br \/>\nProtective clothing and equipment are provided for a comfortable and safe ride.<\/p>\n<p>\ud83d\udc68\u200d\u2708\ufe0f <strong>Guides locaux experts :<\/strong><br \/>\nLearn from Kirkenes\u2019 own fisherman-guides and Arctic experts who share their passion for life in the North.<\/p>\n<p>\u26a0\ufe0f <strong>Important:<\/strong><br \/>\nNormal physical condition required. Not suitable for wheelchair users.<\/p>\n<p>\u2705 <strong>D\u00e9tails de la visite<\/strong><\/p>\n<p>Season: May 1 \u2013 November 30<br \/>\nDur\u00e9e : 3 heures<br \/>\nDeparture Times: 09:00, 13:00, or 17:00 (depending on season)<br \/>\nIncluded: RIB boat tour, safety gear, guide, king crab meal, coffee\/tea<br \/>\nLanguages: English-speaking guide<\/p>\n<p>\ud83d\uded2 <strong>R\u00e9servation et paiement<\/strong><\/p>\n<p>Booking is simple:<\/p>\n<ol>\n<li>Choose your date, time, number of guests, and pickup point<\/li>\n<li>Cliquez <strong>\u00ab\u00a0R\u00e9servez maintenant\u00a0\u00bb<\/strong> pour ajouter le circuit \u00e0 votre panier<\/li>\n<li>Proceed to checkout and enter your billing details<\/li>\n<li>Receive an instant email confirmation<\/li>\n<\/ol>\n<p>\u274c <strong>Politique d&#039;annulation<\/strong><\/p>\n<p>Please read the full cancellation terms here: <a href=\"https:\/\/www.bookingkirkenes.no\/fr\/about-us\/general-terms\/\" target=\"_blank\" rel=\"noopener\"><em>Conditions g\u00e9n\u00e9rales de vente<\/em><\/a><\/p>\n<p>\ud83d\udcde <strong>Besoin d&#039;aide?<\/strong><\/p>\n<p>We\u2019re happy to help with any questions or group bookings:<\/p>\n<p>\ud83d\udce7 <strong>E-mail:<\/strong> info@bookingkirkenes.no<br \/>\n\ud83d\udcde <strong>T\u00e9l\u00e9phone:<\/strong> +47 78 99 50 80<\/p>\n<p>&nbsp;<\/p>","protected":false},"excerpt":{"rendered":"<p><a href=\"https:\/\/www.youtube.com\/watch?v=ah3JCy9E9Gk\" target=\"_blank\" rel=\"noopener\">Excursion de p\u00eache au crabe royal sur un bateau semi-rigide<\/a> Nous naviguerons le long du fjord. Nos guides p\u00eacheurs vous emm\u00e8neront pour une excursion marine en ext\u00e9rieur. <a href=\"https:\/\/www.youtube.com\/watch?v=VrUXtaNZFAk&amp;t=1s\" target=\"_blank\" rel=\"noopener\">Kirkenes<\/a>Un repas frais est inclus.<\/p>","protected":false},"featured_media":1303,"comment_status":"closed","ping_status":"closed","template":"","meta":{"site-sidebar-layout":"default","site-content-layout":"default","ast-site-content-layout":"default","site-content-style":"default","site-sidebar-style":"default","ast-global-header-display":"","ast-banner-title-visibility":"","ast-main-header-display":"","ast-hfb-above-header-display":"","ast-hfb-below-header-display":"","ast-hfb-mobile-header-display":"","site-post-title":"","ast-breadcrumbs-content":"","ast-featured-img":"","footer-sml-layout":"","ast-disable-related-posts":"","theme-transparent-header-meta":"default","adv-header-id-meta":"","stick-header-meta":"","header-above-stick-meta":"","header-main-stick-meta":"","header-below-stick-meta":"","astra-migrate-meta-layouts":"set","ast-page-background-enabled":"default","ast-page-background-meta":{"desktop":{"background-color":"var(--ast-global-color-4)","background-image":"","background-repeat":"repeat","background-position":"center center","background-size":"auto","background-attachment":"scroll","background-type":"","background-media":"","overlay-type":"","overlay-color":"","overlay-opacity":"","overlay-gradient":""},"tablet":{"background-color":"","background-image":"","background-repeat":"repeat","background-position":"center center","background-size":"auto","background-attachment":"scroll","background-type":"","background-media":"","overlay-type":"","overlay-color":"","overlay-opacity":"","overlay-gradient":""},"mobile":{"background-color":"","background-image":"","background-repeat":"repeat","background-position":"center center","background-size":"auto","background-attachment":"scroll","background-type":"","background-media":"","overlay-type":"","overlay-color":"","overlay-opacity":"","overlay-gradient":""}},"ast-content-background-meta":{"desktop":{"background-color":"var(--ast-global-color-5)","background-image":"","background-repeat":"repeat","background-position":"center center","background-size":"auto","background-attachment":"scroll","background-type":"","background-media":"","overlay-type":"","overlay-color":"","overlay-opacity":"","overlay-gradient":""},"tablet":{"background-color":"var(--ast-global-color-5)","background-image":"","background-repeat":"repeat","background-position":"center center","background-size":"auto","background-attachment":"scroll","background-type":"","background-media":"","overlay-type":"","overlay-color":"","overlay-opacity":"","overlay-gradient":""},"mobile":{"background-color":"var(--ast-global-color-5)","background-image":"","background-repeat":"repeat","background-position":"center center","background-size":"auto","background-attachment":"scroll","background-type":"","background-media":"","overlay-type":"","overlay-color":"","overlay-opacity":"","overlay-gradient":""}}},"product_brand":[],"product_cat":[293,295,284,296],"product_tag":[342,341],"class_list":{"0":"post-369","1":"product","2":"type-product","3":"status-publish","4":"has-post-thumbnail","6":"product_cat-boat","7":"product_cat-fishing","8":"product_cat-king-crab","9":"product_cat-local-food","10":"product_tag-front-page","11":"product_tag-summer","12":"pa_month-mai","13":"pa_month-juni","14":"pa_month-juli","15":"pa_month-august","16":"pa_month-september","17":"pa_month-oktober","18":"pa_month-november","19":"desktop-align-left","20":"tablet-align-left","21":"mobile-align-left","23":"first","24":"instock","25":"sold-individually","26":"taxable","27":"shipping-taxable","28":"purchasable","29":"product-type-phive_booking"},"aioseo_notices":[],"_links":{"self":[{"href":"https:\/\/www.bookingkirkenes.no\/fr\/wp-json\/wp\/v2\/product\/369","targetHints":{"allow":["GET"]}}],"collection":[{"href":"https:\/\/www.bookingkirkenes.no\/fr\/wp-json\/wp\/v2\/product"}],"about":[{"href":"https:\/\/www.bookingkirkenes.no\/fr\/wp-json\/wp\/v2\/types\/product"}],"replies":[{"embeddable":true,"href":"https:\/\/www.bookingkirkenes.no\/fr\/wp-json\/wp\/v2\/comments?post=369"}],"version-history":[{"count":30,"href":"https:\/\/www.bookingkirkenes.no\/fr\/wp-json\/wp\/v2\/product\/369\/revisions"}],"predecessor-version":[{"id":13743,"href":"https:\/\/www.bookingkirkenes.no\/fr\/wp-json\/wp\/v2\/product\/369\/revisions\/13743"}],"wp:featuredmedia":[{"embeddable":true,"href":"https:\/\/www.bookingkirkenes.no\/fr\/wp-json\/wp\/v2\/media\/1303"}],"wp:attachment":[{"href":"https:\/\/www.bookingkirkenes.no\/fr\/wp-json\/wp\/v2\/media?parent=369"}],"wp:term":[{"taxonomy":"product_brand","embeddable":true,"href":"https:\/\/www.bookingkirkenes.no\/fr\/wp-json\/wp\/v2\/product_brand?post=369"},{"taxonomy":"product_cat","embeddable":true,"href":"https:\/\/www.bookingkirkenes.no\/fr\/wp-json\/wp\/v2\/product_cat?post=369"},{"taxonomy":"product_tag","embeddable":true,"href":"https:\/\/www.bookingkirkenes.no\/fr\/wp-json\/wp\/v2\/product_tag?post=369"}],"curies":[{"name":"wp","href":"https:\/\/api.w.org\/{rel}","templated":true}]}}