{"id":368,"date":"2021-10-25T11:04:53","date_gmt":"2021-10-25T09:04:53","guid":{"rendered":"https:\/\/www.bookingkirkenes.no\/?post_type=product&#038;p=368"},"modified":"2026-04-15T10:23:23","modified_gmt":"2026-04-15T08:23:23","slug":"ks16bs","status":"publish","type":"product","link":"https:\/\/www.bookingkirkenes.no\/fr\/produkt\/ks16bs\/","title":{"rendered":"King Crab Riverboat Safari+Meal (KS16-bs)"},"content":{"rendered":"<p><strong>\ud83e\udd80<\/strong><strong> King Crab Safari by Riverboat to the border<\/strong><\/p>\n<p>\ud83d\udcc5 <strong>Disponible:<\/strong> 1er juin \u2013 10 septembre<br \/>\n\u23f0 <strong>Dur\u00e9e:<\/strong> 3 heures<br \/>\n\ud83d\udd58 <strong>Heures de d\u00e9part :<\/strong><br \/>\n\u2022 09:00 \u2013 12:00<br \/>\n\u2022 14:00 \u2013 17:00<\/p>\n<p>\ud83d\udcb0 <strong>Prix:<\/strong><br \/>\n\u2022 1,950 NOK per adult<br \/>\n\u2022 975 NOK per child (under 12 years)<\/p>\n<p>\ud83d\ude90 <strong>Ramasser:<\/strong> Hotels in <a href=\"https:\/\/www.youtube.com\/watch?v=kn_GmZSr7Fw\" target=\"_blank\" rel=\"noopener\">Kirkenes<\/a><\/p>\n<p>\ud83e\udde5 <strong>Inclus:<\/strong><br \/>\n\u2022 Transportation from\/to hotel<br \/>\n\u2022 Guide<br \/>\n\u2022 Riverboat tour<br \/>\n\u2022 Protective clothing<br \/>\n\u2022 King Crab meal with cloudberries and cream<br \/>\n\u2022 Coffee\/Tea<\/p>\n<p>\u26a0\ufe0f <strong>Exigences:<\/strong> Normal physical condition required (not wheelchair accessible)<\/p>\n<p>\ud83e\udded <strong>Aper\u00e7u de la tourn\u00e9e<\/strong><\/p>\n<p>Join our <a href=\"https:\/\/www.tripadvisor.com\/Attraction_Review-g227953-d3177363-Reviews-Barents_Safari_Tours-Kirkenes_Sor_Varanger_Municipality_Finnmark_Northern_Norway.html\" target=\"_blank\" rel=\"noopener\">experienced fisherman-guides<\/a> for an unforgettable <strong>King Crab Safari by riverboat<\/strong>. Start by catching king crab from our crab pots, then enjoy a scenic riverboat ride up the <strong>Rivi\u00e8re Pasvik<\/strong> to our facility near the Russian border. Along the way, discover the <strong>history and culture of the Sami people<\/strong> et le <strong>Russian Orthodox Church<\/strong>, both connected to this unique border region.<\/p>\n<p>Finish the adventure with a <strong>freshly prepared King Crab meal<\/strong>, cloudberries with cream, and a warm drink while taking in the Arctic scenery. Please note: You\u2019ll be very close to the Russian border, but crossing it is strictly prohibited.<\/p>\n<p>\ud83d\udd0d <strong>Ce que vous vivrez<\/strong><\/p>\n<p>\ud83e\udd80 <strong>Catch &amp; Eat King Crab:<\/strong><br \/>\nHelp haul the crab pots and enjoy your catch fresh!<\/p>\n<p>\ud83d\udea4 <strong>Promenade panoramique en bateau fluvial :<\/strong><br \/>\nCruise along the Pasvik River with breathtaking natural surroundings.<\/p>\n<p>\ud83c\udfde\ufe0f <strong>Aper\u00e7us culturels :<\/strong><br \/>\nLearn about the traditions of the Sami people and the Russian Orthodox Church.<\/p>\n<p>\ud83c\udf7d\ufe0f <strong>Repas d\u00e9licieux :<\/strong><br \/>\nSavor a freshly prepared King Crab meal, served with <strong>cloudberries and cream<\/strong> and coffee or tea.<\/p>\n<p>\ud83d\udea7 <strong>Gros plan sur la bordure :<\/strong><br \/>\nExperience the Russian border safely and legally.<\/p>\n<p>\ud83c\udf10 <strong>Language Options<\/strong><\/p>\n<p>The standard tour is offered in English. Private tours available in other languages on request.<\/p>\n<p>\ud83d\uded2 <strong>R\u00e9servation et paiement<\/strong><\/p>\n<p>Booking is simple:<\/p>\n<ol>\n<li>Choose your date, departure time, and number of guests<\/li>\n<li>Cliquez <strong>\u00ab\u00a0R\u00e9servez maintenant\u00a0\u00bb<\/strong> pour ajouter le circuit \u00e0 votre panier<\/li>\n<li>Proceed to checkout and enter your billing details<\/li>\n<li>Receive an instant email confirmation<\/li>\n<\/ol>\n<p>\u274c <strong>Politique d&#039;annulation<\/strong><\/p>\n<p>Please read the full cancellation terms here: <a href=\"https:\/\/www.bookingkirkenes.no\/fr\/about-us\/general-terms\/\" target=\"_blank\" rel=\"noopener\"><em>Conditions g\u00e9n\u00e9rales de vente<\/em><\/a><\/p>\n<p>\ud83d\udcde <strong>Besoin d&#039;aide?<\/strong><\/p>\n<p>\ud83d\udce7 <strong>E-mail:<\/strong> info@bookingkirkenes.no<br \/>\n\ud83d\udcde <strong>T\u00e9l\u00e9phone:<\/strong> +47 78 99 50 80<\/p>","protected":false},"excerpt":{"rendered":"<p>Safari de crabe royal en bateau fluvial. Capture de crabe royal dans le fjord. <a href=\"https:\/\/www.tripadvisor.com\/Attraction_Review-g227953-d3529784-Reviews-or10-Booking_Kirkenes-Kirkenes_Sor_Varanger_Municipality_Finnmark_Northern_Norway.html\" target=\"_blank\" rel=\"noopener\">tourn\u00e9e<\/a> Comprend \u00e9galement un guide sur notre r\u00e9gion frontali\u00e8re et une visite \u00e0 la fronti\u00e8re russe. Guidage local et repas de crabe royal frais inclus.<\/p>","protected":false},"featured_media":1294,"comment_status":"closed","ping_status":"closed","template":"","meta":{"site-sidebar-layout":"default","site-content-layout":"default","ast-site-content-layout":"default","site-content-style":"default","site-sidebar-style":"default","ast-global-header-display":"","ast-banner-title-visibility":"","ast-main-header-display":"","ast-hfb-above-header-display":"","ast-hfb-below-header-display":"","ast-hfb-mobile-header-display":"","site-post-title":"","ast-breadcrumbs-content":"","ast-featured-img":"","footer-sml-layout":"","ast-disable-related-posts":"","theme-transparent-header-meta":"default","adv-header-id-meta":"","stick-header-meta":"","header-above-stick-meta":"","header-main-stick-meta":"","header-below-stick-meta":"","astra-migrate-meta-layouts":"set","ast-page-background-enabled":"default","ast-page-background-meta":{"desktop":{"background-color":"var(--ast-global-color-4)","background-image":"","background-repeat":"repeat","background-position":"center center","background-size":"auto","background-attachment":"scroll","background-type":"","background-media":"","overlay-type":"","overlay-color":"","overlay-opacity":"","overlay-gradient":""},"tablet":{"background-color":"","background-image":"","background-repeat":"repeat","background-position":"center center","background-size":"auto","background-attachment":"scroll","background-type":"","background-media":"","overlay-type":"","overlay-color":"","overlay-opacity":"","overlay-gradient":""},"mobile":{"background-color":"","background-image":"","background-repeat":"repeat","background-position":"center center","background-size":"auto","background-attachment":"scroll","background-type":"","background-media":"","overlay-type":"","overlay-color":"","overlay-opacity":"","overlay-gradient":""}},"ast-content-background-meta":{"desktop":{"background-color":"var(--ast-global-color-5)","background-image":"","background-repeat":"repeat","background-position":"center center","background-size":"auto","background-attachment":"scroll","background-type":"","background-media":"","overlay-type":"","overlay-color":"","overlay-opacity":"","overlay-gradient":""},"tablet":{"background-color":"var(--ast-global-color-5)","background-image":"","background-repeat":"repeat","background-position":"center center","background-size":"auto","background-attachment":"scroll","background-type":"","background-media":"","overlay-type":"","overlay-color":"","overlay-opacity":"","overlay-gradient":""},"mobile":{"background-color":"var(--ast-global-color-5)","background-image":"","background-repeat":"repeat","background-position":"center center","background-size":"auto","background-attachment":"scroll","background-type":"","background-media":"","overlay-type":"","overlay-color":"","overlay-opacity":"","overlay-gradient":""}}},"product_brand":[],"product_cat":[293,295,284,296,281,292,286,374],"product_tag":[342,341],"class_list":{"0":"post-368","1":"product","2":"type-product","3":"status-publish","4":"has-post-thumbnail","6":"product_cat-boat","7":"product_cat-fishing","8":"product_cat-king-crab","9":"product_cat-local-food","10":"product_cat-local-guiding","11":"product_cat-riverboat","12":"product_cat-russian-border","13":"product_cat-summer-autumn-tours","14":"product_tag-front-page","15":"product_tag-summer","16":"pa_month-juni","17":"pa_month-juli","18":"pa_month-august","19":"pa_month-september","20":"desktop-align-left","21":"tablet-align-left","22":"mobile-align-left","24":"first","25":"instock","26":"sold-individually","27":"taxable","28":"shipping-taxable","29":"purchasable","30":"product-type-phive_booking"},"aioseo_notices":[],"_links":{"self":[{"href":"https:\/\/www.bookingkirkenes.no\/fr\/wp-json\/wp\/v2\/product\/368","targetHints":{"allow":["GET"]}}],"collection":[{"href":"https:\/\/www.bookingkirkenes.no\/fr\/wp-json\/wp\/v2\/product"}],"about":[{"href":"https:\/\/www.bookingkirkenes.no\/fr\/wp-json\/wp\/v2\/types\/product"}],"replies":[{"embeddable":true,"href":"https:\/\/www.bookingkirkenes.no\/fr\/wp-json\/wp\/v2\/comments?post=368"}],"version-history":[{"count":19,"href":"https:\/\/www.bookingkirkenes.no\/fr\/wp-json\/wp\/v2\/product\/368\/revisions"}],"predecessor-version":[{"id":13350,"href":"https:\/\/www.bookingkirkenes.no\/fr\/wp-json\/wp\/v2\/product\/368\/revisions\/13350"}],"wp:featuredmedia":[{"embeddable":true,"href":"https:\/\/www.bookingkirkenes.no\/fr\/wp-json\/wp\/v2\/media\/1294"}],"wp:attachment":[{"href":"https:\/\/www.bookingkirkenes.no\/fr\/wp-json\/wp\/v2\/media?parent=368"}],"wp:term":[{"taxonomy":"product_brand","embeddable":true,"href":"https:\/\/www.bookingkirkenes.no\/fr\/wp-json\/wp\/v2\/product_brand?post=368"},{"taxonomy":"product_cat","embeddable":true,"href":"https:\/\/www.bookingkirkenes.no\/fr\/wp-json\/wp\/v2\/product_cat?post=368"},{"taxonomy":"product_tag","embeddable":true,"href":"https:\/\/www.bookingkirkenes.no\/fr\/wp-json\/wp\/v2\/product_tag?post=368"}],"curies":[{"name":"wp","href":"https:\/\/api.w.org\/{rel}","templated":true}]}}