{"id":363,"date":"2021-10-25T11:04:52","date_gmt":"2021-10-25T09:04:52","guid":{"rendered":"https:\/\/www.bookingkirkenes.no\/?post_type=product&#038;p=363"},"modified":"2026-04-15T10:20:48","modified_gmt":"2026-04-15T08:20:48","slug":"ks02pt","status":"publish","type":"product","link":"https:\/\/www.bookingkirkenes.no\/fr\/produkt\/ks02pt\/","title":{"rendered":"Guided Kirkenes Walk (KS02-pt)"},"content":{"rendered":"<p data-start=\"180\" data-end=\"230\"><strong data-start=\"180\" data-end=\"228\">Kirkenes Walking Tour \u2013 History &amp; Highlights<\/strong><\/p>\n<p data-start=\"232\" data-end=\"481\">D\u00e9couvrir <strong data-start=\"241\" data-end=\"268\"><a href=\"https:\/\/www.youtube.com\/watch?v=VrUXtaNZFAk\" target=\"_blank\" rel=\"noopener\">Kirkenes<\/a> in just 1 hour<\/strong> on this guided walking tour <a href=\"https:\/\/www.tripadvisor.com\/Attraction_Review-g227953-d3529784-Reviews-Booking_Kirkenes-Kirkenes_Sor_Varanger_Municipality_Finnmark_Northern_Norway.html\" target=\"_blank\" rel=\"noopener\">with a local expert<\/a>. Learn fascinating facts about the town\u2019s history, daily life, and its role during the Second World War while exploring key monuments and scenic waterfront areas.<\/p>\n<p data-start=\"483\" data-end=\"628\">\ud83d\udcc5 <strong data-start=\"486\" data-end=\"500\">Disponible:<\/strong> May 1 \u2013 November 30 (Mon\u2013Fri, not available on weekends or holidays)<br data-start=\"569\" data-end=\"572\" \/>\u23f0 <strong data-start=\"574\" data-end=\"587\">Dur\u00e9e:<\/strong> 1 hour (10:30 \u2013 11:30)<br data-start=\"610\" data-end=\"613\" \/>\ud83d\udcb0 <strong data-start=\"616\" data-end=\"626\">Prix:<\/strong><\/p>\n<ul data-start=\"629\" data-end=\"704\">\n<li data-start=\"629\" data-end=\"659\">\n<p data-start=\"631\" data-end=\"659\">Adults: 400 NOK per person<\/p>\n<\/li>\n<li data-start=\"660\" data-end=\"704\">\n<p data-start=\"662\" data-end=\"704\">Children (6\u201311 years): 200 NOK per child<\/p>\n<\/li>\n<\/ul>\n<p data-start=\"706\" data-end=\"888\"><strong data-start=\"706\" data-end=\"719\">Comprend :<\/strong> Guide local<br data-start=\"731\" data-end=\"734\" \/><strong data-start=\"734\" data-end=\"743\">Note:<\/strong> Transfer from hotel is not included. The tour starts at our office in the main shopping street, <strong data-start=\"840\" data-end=\"862\">Dr. Wesselsgate 15<\/strong> (during opening hours).<\/p>\n<hr data-start=\"890\" data-end=\"893\" \/>\n<h2 data-start=\"895\" data-end=\"916\">\ud83e\udded Tour Overview<\/h2>\n<p data-start=\"918\" data-end=\"1045\">Begin at our office in Kirkenes\u2019 main shopping street and walk through the town with your guide. The tour highlights include:<\/p>\n<ul data-start=\"1047\" data-end=\"1411\">\n<li data-start=\"1047\" data-end=\"1134\">\n<p data-start=\"1049\" data-end=\"1134\"><strong data-start=\"1049\" data-end=\"1073\">Historical Insights:<\/strong> Learn about Kirkenes\u2019 history and life during World War II<\/p>\n<\/li>\n<li data-start=\"1135\" data-end=\"1219\">\n<p data-start=\"1137\" data-end=\"1219\"><strong data-start=\"1137\" data-end=\"1155\">Key Monuments:<\/strong> Visit important landmarks, including the Andersgrotta shelter<\/p>\n<\/li>\n<li data-start=\"1220\" data-end=\"1308\">\n<p data-start=\"1222\" data-end=\"1308\"><strong data-start=\"1222\" data-end=\"1238\">Scenic Walk:<\/strong> Enjoy a stroll along the shore and experience the town\u2019s atmosphere<\/p>\n<\/li>\n<li data-start=\"1309\" data-end=\"1411\">\n<p data-start=\"1311\" data-end=\"1411\"><strong data-start=\"1311\" data-end=\"1329\">Local Stories:<\/strong> Hear personal anecdotes and lesser-known facts from a knowledgeable local guide<\/p>\n<\/li>\n<\/ul>\n<p data-start=\"1413\" data-end=\"1533\">This tour is the <strong data-start=\"1430\" data-end=\"1469\">fastest way to get to know Kirkenes<\/strong> and is ideal for first-time visitors. Please book in advance.<\/p>\n<hr data-start=\"1535\" data-end=\"1538\" \/>\n<h2 data-start=\"1540\" data-end=\"1559\">\u2705 Tour Details<\/h2>\n<ul data-start=\"1561\" data-end=\"1852\">\n<li data-start=\"1561\" data-end=\"1638\">\n<p data-start=\"1563\" data-end=\"1638\"><strong data-start=\"1563\" data-end=\"1580\">Disponibilit\u00e9:<\/strong> May 1 \u2013 November 30 (Mon\u2013Fri, not weekends or holidays)<\/p>\n<\/li>\n<li data-start=\"1639\" data-end=\"1679\">\n<p data-start=\"1641\" data-end=\"1679\"><strong data-start=\"1641\" data-end=\"1654\">Dur\u00e9e:<\/strong> 1 hour (10:30 \u2013 11:30)<\/p>\n<\/li>\n<li data-start=\"1680\" data-end=\"1738\">\n<p data-start=\"1682\" data-end=\"1738\"><strong data-start=\"1682\" data-end=\"1692\">Prix:<\/strong> Adults 400 NOK, Children 6\u201311 years 200 NOK<\/p>\n<\/li>\n<li data-start=\"1739\" data-end=\"1768\">\n<p data-start=\"1741\" data-end=\"1768\"><strong data-start=\"1741\" data-end=\"1754\">Inclus:<\/strong> Guide local<\/p>\n<\/li>\n<li data-start=\"1769\" data-end=\"1820\">\n<p data-start=\"1771\" data-end=\"1820\"><strong data-start=\"1771\" data-end=\"1789\">Point de rencontre:<\/strong> Office at Dr. Wesselsgate 15<\/p>\n<\/li>\n<li data-start=\"1821\" data-end=\"1852\">\n<p data-start=\"1823\" data-end=\"1852\"><strong data-start=\"1823\" data-end=\"1837\">Transport:<\/strong> Not included<\/p>\n<\/li>\n<\/ul>\n<hr data-start=\"1854\" data-end=\"1857\" \/>\n<h2 data-start=\"1859\" data-end=\"1884\">\ud83d\uded2 Booking &amp; Payment<\/h2>\n<ol data-start=\"1886\" data-end=\"2064\">\n<li data-start=\"1886\" data-end=\"1928\">\n<p data-start=\"1889\" data-end=\"1928\">Choose your date and number of guests<\/p>\n<\/li>\n<li data-start=\"1929\" data-end=\"1981\">\n<p data-start=\"1932\" data-end=\"1981\">Cliquez sur \u00ab\u00a0R\u00e9server maintenant\u00a0\u00bb pour ajouter la visite \u00e0 votre panier<\/p>\n<\/li>\n<li data-start=\"1982\" data-end=\"2032\">\n<p data-start=\"1985\" data-end=\"2032\">Proceed to checkout and enter billing details<\/p>\n<\/li>\n<li data-start=\"2033\" data-end=\"2064\">\n<p data-start=\"2036\" data-end=\"2064\">Receive email confirmation<\/p>\n<\/li>\n<\/ol>\n<hr data-start=\"2066\" data-end=\"2069\" \/>\n<h2 data-start=\"2071\" data-end=\"2097\">\u274c Cancellation Policy<\/h2>\n<p data-start=\"2099\" data-end=\"2214\">Please read full terms here: <a class=\"decorated-link\" href=\"https:\/\/www.bookingkirkenes.no\/fr\/about-us\/general-terms\/\" target=\"_new\" rel=\"noopener\" data-start=\"2128\" data-end=\"2212\">Conditions g\u00e9n\u00e9rales de vente<\/a><\/p>\n<hr data-start=\"2216\" data-end=\"2219\" \/>\n<h2 data-start=\"2221\" data-end=\"2245\">\ud83d\udcde Need Assistance?<\/h2>\n<p data-start=\"2247\" data-end=\"2310\">\ud83d\udce7 Email: <a class=\"decorated-link cursor-pointer\" rel=\"noopener\" data-start=\"2257\" data-end=\"2280\">info@bookingkirkenes.no<\/a><br data-start=\"2280\" data-end=\"2283\" \/>\ud83d\udcde T\u00e9l\u00e9phone : +47 78 99 50 80<\/p>\n<p>&nbsp;<\/p>","protected":false},"excerpt":{"rendered":"<p>Promenez-vous avec un guide local \u00e0 travers Kirkenes. Vous aurez un aper\u00e7u de l&#039;histoire et de la vie quotidienne de notre ville frontali\u00e8re.<\/p>\n<p>&nbsp;<\/p>\n<p>Cette tourn\u00e9e a lieu toute l&#039;ann\u00e9e, si vous souhaitez la r\u00e9server en hiver, <a href=\"https:\/\/www.bookingkirkenes.no\/fr\/produkt\/ki90-kirkenes-sightseeing-walking-kick-sledge-tour-in-kirkenes-centrum\/\">Cliquez ici<\/a>.<\/p>","protected":false},"featured_media":2563,"comment_status":"closed","ping_status":"closed","template":"","meta":{"site-sidebar-layout":"default","site-content-layout":"default","ast-site-content-layout":"default","site-content-style":"default","site-sidebar-style":"default","ast-global-header-display":"","ast-banner-title-visibility":"","ast-main-header-display":"","ast-hfb-above-header-display":"","ast-hfb-below-header-display":"","ast-hfb-mobile-header-display":"","site-post-title":"","ast-breadcrumbs-content":"","ast-featured-img":"","footer-sml-layout":"","ast-disable-related-posts":"","theme-transparent-header-meta":"default","adv-header-id-meta":"","stick-header-meta":"","header-above-stick-meta":"","header-main-stick-meta":"","header-below-stick-meta":"","astra-migrate-meta-layouts":"set","ast-page-background-enabled":"default","ast-page-background-meta":{"desktop":{"background-color":"var(--ast-global-color-4)","background-image":"","background-repeat":"repeat","background-position":"center center","background-size":"auto","background-attachment":"scroll","background-type":"","background-media":"","overlay-type":"","overlay-color":"","overlay-opacity":"","overlay-gradient":""},"tablet":{"background-color":"","background-image":"","background-repeat":"repeat","background-position":"center center","background-size":"auto","background-attachment":"scroll","background-type":"","background-media":"","overlay-type":"","overlay-color":"","overlay-opacity":"","overlay-gradient":""},"mobile":{"background-color":"","background-image":"","background-repeat":"repeat","background-position":"center center","background-size":"auto","background-attachment":"scroll","background-type":"","background-media":"","overlay-type":"","overlay-color":"","overlay-opacity":"","overlay-gradient":""}},"ast-content-background-meta":{"desktop":{"background-color":"var(--ast-global-color-5)","background-image":"","background-repeat":"repeat","background-position":"center center","background-size":"auto","background-attachment":"scroll","background-type":"","background-media":"","overlay-type":"","overlay-color":"","overlay-opacity":"","overlay-gradient":""},"tablet":{"background-color":"var(--ast-global-color-5)","background-image":"","background-repeat":"repeat","background-position":"center center","background-size":"auto","background-attachment":"scroll","background-type":"","background-media":"","overlay-type":"","overlay-color":"","overlay-opacity":"","overlay-gradient":""},"mobile":{"background-color":"var(--ast-global-color-5)","background-image":"","background-repeat":"repeat","background-position":"center center","background-size":"auto","background-attachment":"scroll","background-type":"","background-media":"","overlay-type":"","overlay-color":"","overlay-opacity":"","overlay-gradient":""}}},"product_brand":[],"product_cat":[282,281,374],"product_tag":[342,341],"class_list":{"0":"post-363","1":"product","2":"type-product","3":"status-publish","4":"has-post-thumbnail","6":"product_cat-kirkenes","7":"product_cat-local-guiding","8":"product_cat-summer-autumn-tours","9":"product_tag-front-page","10":"product_tag-summer","11":"pa_month-mai","12":"pa_month-juni","13":"pa_month-juli","14":"pa_month-august","15":"pa_month-september","16":"pa_month-oktober","17":"pa_month-november","18":"desktop-align-left","19":"tablet-align-left","20":"mobile-align-left","22":"first","23":"instock","24":"sold-individually","25":"taxable","26":"shipping-taxable","27":"purchasable","28":"product-type-phive_booking"},"aioseo_notices":[],"_links":{"self":[{"href":"https:\/\/www.bookingkirkenes.no\/fr\/wp-json\/wp\/v2\/product\/363","targetHints":{"allow":["GET"]}}],"collection":[{"href":"https:\/\/www.bookingkirkenes.no\/fr\/wp-json\/wp\/v2\/product"}],"about":[{"href":"https:\/\/www.bookingkirkenes.no\/fr\/wp-json\/wp\/v2\/types\/product"}],"replies":[{"embeddable":true,"href":"https:\/\/www.bookingkirkenes.no\/fr\/wp-json\/wp\/v2\/comments?post=363"}],"version-history":[{"count":15,"href":"https:\/\/www.bookingkirkenes.no\/fr\/wp-json\/wp\/v2\/product\/363\/revisions"}],"predecessor-version":[{"id":13338,"href":"https:\/\/www.bookingkirkenes.no\/fr\/wp-json\/wp\/v2\/product\/363\/revisions\/13338"}],"wp:featuredmedia":[{"embeddable":true,"href":"https:\/\/www.bookingkirkenes.no\/fr\/wp-json\/wp\/v2\/media\/2563"}],"wp:attachment":[{"href":"https:\/\/www.bookingkirkenes.no\/fr\/wp-json\/wp\/v2\/media?parent=363"}],"wp:term":[{"taxonomy":"product_brand","embeddable":true,"href":"https:\/\/www.bookingkirkenes.no\/fr\/wp-json\/wp\/v2\/product_brand?post=363"},{"taxonomy":"product_cat","embeddable":true,"href":"https:\/\/www.bookingkirkenes.no\/fr\/wp-json\/wp\/v2\/product_cat?post=363"},{"taxonomy":"product_tag","embeddable":true,"href":"https:\/\/www.bookingkirkenes.no\/fr\/wp-json\/wp\/v2\/product_tag?post=363"}],"curies":[{"name":"wp","href":"https:\/\/api.w.org\/{rel}","templated":true}]}}