{"id":2158,"date":"2022-05-13T12:14:25","date_gmt":"2022-05-13T10:14:25","guid":{"rendered":"https:\/\/www.bookingkirkenes.no\/?post_type=product&#038;p=2158"},"modified":"2026-01-08T14:34:59","modified_gmt":"2026-01-08T13:34:59","slug":"private-tours-may-to-november","status":"publish","type":"product","link":"https:\/\/www.bookingkirkenes.no\/fr\/produkt\/private-tours-may-to-november\/","title":{"rendered":"Private Tours May to November (PRS01-pt)"},"content":{"rendered":"<p>\ud83d\ude90 <strong data-start=\"137\" data-end=\"209\">Visite priv\u00e9e avec guide local \u2013 Explorez Kirkenes et le Finnmark \u00e0 votre fa\u00e7on<\/strong><\/p>\n<p data-start=\"213\" data-end=\"326\">\ud83d\udcc5 <strong data-start=\"216\" data-end=\"230\">Disponible:<\/strong> Toute l&#039;ann\u00e9e<br data-start=\"245\" data-end=\"248\" \/>\u23f0 <strong data-start=\"250\" data-end=\"263\">Dur\u00e9e:<\/strong> From 2 to 9 hours<br data-start=\"281\" data-end=\"284\" \/>\ud83d\udd58 <strong data-start=\"287\" data-end=\"304\">Disponibilit\u00e9:<\/strong> Daily 08:00 \u2013 23:00<\/p>\n<p data-start=\"328\" data-end=\"568\">\ud83d\udcb0 <strong data-start=\"331\" data-end=\"341\">Prix:<\/strong><br data-start=\"341\" data-end=\"344\" \/>\u2022 First 2 hours (1\u20134 persons): 5,100 NOK<br data-start=\"384\" data-end=\"387\" \/>\u2022 Each additional hour 3\u20134: +2,550 NOK per started hour<br data-start=\"442\" data-end=\"445\" \/>\u2022 Each additional hour 5+: +1,500 NOK per started hour<br data-start=\"499\" data-end=\"502\" \/>\ud83d\udd39 For groups of 5 or more, please contact us for a custom offer<\/p>\n<p data-start=\"570\" data-end=\"643\">\ud83d\ude90 <strong data-start=\"573\" data-end=\"584\">Ramasser:<\/strong> Kirkenes, Snowhotel, airport, or Hurtigruten\/Havila pier<\/p>\n<p data-start=\"645\" data-end=\"965\">\ud83e\udded <strong data-start=\"648\" data-end=\"665\">Aper\u00e7u de la tourn\u00e9e<\/strong><br data-start=\"665\" data-end=\"668\" \/>Enjoy a fully private and flexible experience in <a href=\"https:\/\/www.youtube.com\/watch?v=VrUXtaNZFAk\" target=\"_blank\" rel=\"noopener\">Kirkenes<\/a> and Eastern Finnmark. Tailor your itinerary <a href=\"https:\/\/www.tripadvisor.com\/Attraction_Review-g227953-d3529784-Reviews-Booking_Kirkenes-Kirkenes_Sor_Varanger_Municipality_Finnmark_Northern_Norway.html\" target=\"_blank\" rel=\"noopener\">with a local driver-guide<\/a>, whether for a short 2-hour sightseeing trip or a full-day Arctic adventure. Explore hidden gems, stunning scenery, and cultural highlights \u2014 all without other guests.<\/p>\n<p data-start=\"967\" data-end=\"1631\">\ud83d\udd0d <strong data-start=\"970\" data-end=\"996\">Ce que vous vivrez<\/strong><br data-start=\"996\" data-end=\"999\" \/>\ud83c\udfd9\ufe0f <strong data-start=\"1003\" data-end=\"1046\">Kirkenes Sightseeing &amp; Borderland Tour:<\/strong> Visit the mining town of Bj\u00f8rnevatn, Snowhotel, and Borderland Museum<br data-start=\"1116\" data-end=\"1119\" \/>\ud83c\udf0c <strong data-start=\"1122\" data-end=\"1154\">Northern Lights Hunt by Bus:<\/strong> Available Sept\u2013Nov<br data-start=\"1173\" data-end=\"1176\" \/>\ud83c\uddeb\ud83c\uddee <strong data-start=\"1181\" data-end=\"1211\">Russian &amp; Finnish Borders:<\/strong> Discover the tri-border area<br data-start=\"1240\" data-end=\"1243\" \/>\ud83c\udf32 <strong data-start=\"1246\" data-end=\"1274\">Pasvik Valley Excursion:<\/strong> Including National Park Centre &amp; Brown Bear Info Center<br data-start=\"1330\" data-end=\"1333\" \/>\ud83d\udc3b <strong data-start=\"1336\" data-end=\"1367\">Neiden &amp; Skolt Sami Museum:<\/strong> Explore unique indigenous culture<br data-start=\"1401\" data-end=\"1404\" \/>\ud83d\udc1f <strong data-start=\"1407\" data-end=\"1430\">Bug\u00f8ynes Excursion:<\/strong> Optional Arctic Ocean bath &amp; local lunch<br data-start=\"1471\" data-end=\"1474\" data-is-only-node=\"\" \/>\ud83c\udf0a <strong data-start=\"1477\" data-end=\"1520\">Grense Jakobselv &amp; King Oscar\u2019s Chapel:<\/strong> Beach stop included<br data-start=\"1540\" data-end=\"1543\" \/>\ud83c\udfde\ufe0f <strong data-start=\"1547\" data-end=\"1582\">Full-Day Eastern Finnmark Tour:<\/strong> Explore Tana, Vads\u00f8, Vard\u00f8, Hamningberg &amp; more<\/p>\n<p data-start=\"1633\" data-end=\"1857\">\u2705 <strong data-start=\"1635\" data-end=\"1651\">D\u00e9tails de la visite<\/strong><br data-start=\"1651\" data-end=\"1654\" \/>\u2022 Group Size: 1\u20134 persons (larger groups on request)<br data-start=\"1706\" data-end=\"1709\" \/>\u2022 Transport: Comfortable Mercedes minivan<br data-start=\"1750\" data-end=\"1753\" \/>\u2022 Language: English (Norwegian, German, French on request)<br data-start=\"1811\" data-end=\"1814\" \/>\u2022 Entrance tickets and meals not included<\/p>\n<p data-start=\"1859\" data-end=\"1956\">\ud83d\udc65 <strong data-start=\"1862\" data-end=\"1885\">Option de visite priv\u00e9e<\/strong><br data-start=\"1885\" data-end=\"1888\" \/>This tour is fully private \u2014 no other guests join your experience.<\/p>\n<p data-start=\"1958\" data-end=\"1984\">\ud83d\uded2 <strong data-start=\"1961\" data-end=\"1982\">R\u00e9servation et paiement<\/strong><\/p>\n<ol>\n<li data-start=\"1988\" data-end=\"2060\">Choose your date, pick-up time, number of guests, and pick-up location<\/li>\n<li data-start=\"2064\" data-end=\"2115\">Cliquez <strong data-start=\"2070\" data-end=\"2082\">R\u00e9servez maintenant<\/strong> pour ajouter le circuit \u00e0 votre panier<\/li>\n<li data-start=\"2119\" data-end=\"2166\">Proceed to checkout and enter billing details<\/li>\n<\/ol>\n<p data-start=\"2168\" data-end=\"2220\">\ud83d\udcb3 <strong data-start=\"2171\" data-end=\"2191\">Payment Options:<\/strong> Visa | MasterCard<\/p>\n<p data-start=\"2222\" data-end=\"2336\">\u2757 <strong data-start=\"2224\" data-end=\"2247\">Politique d&#039;annulation<\/strong><br data-start=\"2247\" data-end=\"2250\" \/>\ud83d\udcc4 <a href=\"https:\/\/www.bookingkirkenes.no\/fr\/about-us\/general-terms\/\" data-start=\"2253\" data-end=\"2334\">Full cancellation terms<\/a><\/p>\n<p data-start=\"2338\" data-end=\"2427\">\ud83d\udcde <strong data-start=\"2341\" data-end=\"2361\">Besoin d&#039;aide?<\/strong><br data-start=\"2361\" data-end=\"2364\" \/>\ud83d\udce7 E-mail : info@bookingkirkenes.no<br data-start=\"2397\" data-end=\"2400\" \/>\ud83d\udcde T\u00e9l\u00e9phone : +47 78 99 50 80<\/p>\n<p>&nbsp;<\/p>","protected":false},"excerpt":{"rendered":"<p data-start=\"139\" data-end=\"385\"><strong data-start=\"139\" data-end=\"197\">Visites priv\u00e9es sur mesure \u00e0 Kirkenes \u2013 toute l&#039;ann\u00e9e<\/strong><br data-start=\"197\" data-end=\"200\" \/>Explorez les plus beaux sites de la r\u00e9gion de Kirkenes avec un guide priv\u00e9 lors d&#039;une excursion con\u00e7ue sur mesure. Voyagez confortablement \u00e0 bord d&#039;un minivan priv\u00e9 avec un guide et un chauffeur locaux exp\u00e9riment\u00e9s.<\/p>\n<p data-start=\"387\" data-end=\"471\">Les visites sont disponibles en anglais, allemand, norv\u00e9gien ou fran\u00e7ais (sur r\u00e9servation pr\u00e9alable).<\/p>\n<p data-start=\"473\" data-end=\"615\">Nous viendrons vous chercher \u00e0 votre h\u00f4tel \u00e0 Kirkenes, \u00e0 l&#039;embarcad\u00e8re Hurtigruten\/Havila, au Snowhotel ou \u00e0 l&#039;a\u00e9roport, l\u00e0 o\u00f9 cela vous convient le mieux.<\/p>\n<p data-start=\"617\" data-end=\"708\">C&#039;est un moyen id\u00e9al de d\u00e9couvrir la beaut\u00e9 et les points forts de la r\u00e9gion \u00e0 votre rythme.<\/p>\n<p data-start=\"710\" data-end=\"825\">Pour <strong data-start=\"714\" data-end=\"749\">r\u00e9servations de d\u00e9cembre \u00e0 avril :\u00a0<\/strong><a href=\"https:\/\/www.bookingkirkenes.no\/fr\/produkt\/private-tours-with-a-local-all-year-round-hp100-dec-april\/\">Visites priv\u00e9es de d\u00e9cembre \u00e0 avril<\/a><\/p>","protected":false},"featured_media":5168,"comment_status":"open","ping_status":"closed","template":"","meta":{"site-sidebar-layout":"default","site-content-layout":"default","ast-site-content-layout":"default","site-content-style":"default","site-sidebar-style":"default","ast-global-header-display":"","ast-banner-title-visibility":"","ast-main-header-display":"","ast-hfb-above-header-display":"","ast-hfb-below-header-display":"","ast-hfb-mobile-header-display":"","site-post-title":"","ast-breadcrumbs-content":"","ast-featured-img":"","footer-sml-layout":"","ast-disable-related-posts":"","theme-transparent-header-meta":"default","adv-header-id-meta":"","stick-header-meta":"","header-above-stick-meta":"","header-main-stick-meta":"","header-below-stick-meta":"","astra-migrate-meta-layouts":"set","ast-page-background-enabled":"default","ast-page-background-meta":{"desktop":{"background-color":"var(--ast-global-color-4)","background-image":"","background-repeat":"repeat","background-position":"center center","background-size":"auto","background-attachment":"scroll","background-type":"","background-media":"","overlay-type":"","overlay-color":"","overlay-opacity":"","overlay-gradient":""},"tablet":{"background-color":"","background-image":"","background-repeat":"repeat","background-position":"center center","background-size":"auto","background-attachment":"scroll","background-type":"","background-media":"","overlay-type":"","overlay-color":"","overlay-opacity":"","overlay-gradient":""},"mobile":{"background-color":"","background-image":"","background-repeat":"repeat","background-position":"center center","background-size":"auto","background-attachment":"scroll","background-type":"","background-media":"","overlay-type":"","overlay-color":"","overlay-opacity":"","overlay-gradient":""}},"ast-content-background-meta":{"desktop":{"background-color":"var(--ast-global-color-5)","background-image":"","background-repeat":"repeat","background-position":"center center","background-size":"auto","background-attachment":"scroll","background-type":"","background-media":"","overlay-type":"","overlay-color":"","overlay-opacity":"","overlay-gradient":""},"tablet":{"background-color":"var(--ast-global-color-5)","background-image":"","background-repeat":"repeat","background-position":"center center","background-size":"auto","background-attachment":"scroll","background-type":"","background-media":"","overlay-type":"","overlay-color":"","overlay-opacity":"","overlay-gradient":""},"mobile":{"background-color":"var(--ast-global-color-5)","background-image":"","background-repeat":"repeat","background-position":"center center","background-size":"auto","background-attachment":"scroll","background-type":"","background-media":"","overlay-type":"","overlay-color":"","overlay-opacity":"","overlay-gradient":""}}},"product_brand":[],"product_cat":[16,282,281,364,286,283,285],"product_tag":[363],"class_list":{"0":"post-2158","1":"product","2":"type-product","3":"status-publish","4":"has-post-thumbnail","6":"product_cat-ukategorisert","7":"product_cat-kirkenes","8":"product_cat-local-guiding","9":"product_cat-private-tours","10":"product_cat-russian-border","11":"product_cat-sightseeing-by-bus","12":"product_cat-snowhotel","13":"product_tag-privatetour","14":"pa_month-april","15":"pa_month-mai","16":"pa_month-juni","17":"pa_month-juli","18":"pa_month-august","19":"pa_month-september","20":"pa_month-oktober","21":"pa_month-november","22":"desktop-align-left","23":"tablet-align-left","24":"mobile-align-left","26":"first","27":"instock","28":"sold-individually","29":"taxable","30":"shipping-taxable","31":"purchasable","32":"product-type-phive_booking"},"aioseo_notices":[],"_links":{"self":[{"href":"https:\/\/www.bookingkirkenes.no\/fr\/wp-json\/wp\/v2\/product\/2158","targetHints":{"allow":["GET"]}}],"collection":[{"href":"https:\/\/www.bookingkirkenes.no\/fr\/wp-json\/wp\/v2\/product"}],"about":[{"href":"https:\/\/www.bookingkirkenes.no\/fr\/wp-json\/wp\/v2\/types\/product"}],"replies":[{"embeddable":true,"href":"https:\/\/www.bookingkirkenes.no\/fr\/wp-json\/wp\/v2\/comments?post=2158"}],"version-history":[{"count":43,"href":"https:\/\/www.bookingkirkenes.no\/fr\/wp-json\/wp\/v2\/product\/2158\/revisions"}],"predecessor-version":[{"id":2160,"href":"https:\/\/www.bookingkirkenes.no\/fr\/wp-json\/wp\/v2\/product\/2158\/revisions\/2160"}],"wp:featuredmedia":[{"embeddable":true,"href":"https:\/\/www.bookingkirkenes.no\/fr\/wp-json\/wp\/v2\/media\/5168"}],"wp:attachment":[{"href":"https:\/\/www.bookingkirkenes.no\/fr\/wp-json\/wp\/v2\/media?parent=2158"}],"wp:term":[{"taxonomy":"product_brand","embeddable":true,"href":"https:\/\/www.bookingkirkenes.no\/fr\/wp-json\/wp\/v2\/product_brand?post=2158"},{"taxonomy":"product_cat","embeddable":true,"href":"https:\/\/www.bookingkirkenes.no\/fr\/wp-json\/wp\/v2\/product_cat?post=2158"},{"taxonomy":"product_tag","embeddable":true,"href":"https:\/\/www.bookingkirkenes.no\/fr\/wp-json\/wp\/v2\/product_tag?post=2158"}],"curies":[{"name":"wp","href":"https:\/\/api.w.org\/{rel}","templated":true}]}}