{"id":14504,"date":"2026-02-06T13:48:45","date_gmt":"2026-02-06T12:48:45","guid":{"rendered":"https:\/\/www.bookingkirkenes.no\/?post_type=product&#038;p=14504"},"modified":"2026-04-15T10:28:29","modified_gmt":"2026-04-15T08:28:29","slug":"midnight-sun-panorama-tour-hs30-pt","status":"publish","type":"product","link":"https:\/\/www.bookingkirkenes.no\/fr\/produkt\/midnight-sun-panorama-tour-hs30-pt\/","title":{"rendered":"Midnight sun panorama tour (HS30-pt)"},"content":{"rendered":"<p>Court <a href=\"https:\/\/www.youtube.com\/watch?v=VrUXtaNZFAk\" target=\"_blank\" rel=\"noopener\">Kirkenes<\/a> sightseeing before we go to beautiful panorama spots in and around Kirkenes.<\/p>\n<p>\ud83d\udcc5 <strong>Disponible:<\/strong> 20.05 \u2013 25.07<br \/>\n\u23f0 <strong>Dur\u00e9e:<\/strong> 1,5 heures<br \/>\n\ud83d\udd58 <strong>Heures de d\u00e9part :<\/strong><br \/>\n\u2022 22:00 &#8211; 23:30<\/p>\n<p>\ud83d\udcb0 <strong>Prix:<\/strong><br \/>\n\u2022 1300 NOK per adult (minimum 2 guests) on week days \/ 1800 NOK per adult on weekends ( Saturday-Sunday &amp; Holiday)<br \/>\n\u2022 650 NOK per child (ages 4-11)<\/p>\n<p>\ud83d\ude90 <strong>Ramasser:<\/strong> Hotels in Kirkenes<\/p>\n<p>\ud83e\udded <strong>Aper\u00e7u de la tourn\u00e9e<\/strong><\/p>\n<p>This scenic tour takes you to the most beautiful viewpoints in and around Kirkenes, with a special focus on experiencing the magical midnight sun.<br \/>\nTraveling by car, we explore carefully selected locations that offer the best possible views of the surrounding landscape and fjords.<\/p>\n<p>\ud83d\udd0d <strong>Ce que vous vivrez<\/strong><\/p>\n<p data-start=\"447\" data-end=\"519\">A comfortable scenic drive through the landscapes surrounding Kirkenes<\/p>\n<p data-start=\"522\" data-end=\"566\">Stops at 2\u20133 carefully selected viewpoints<\/p>\n<p data-start=\"569\" data-end=\"621\">Short, easy walks suitable for most fitness levels<\/p>\n<p data-start=\"624\" data-end=\"713\">Time to relax, take photos, and enjoy panoramic views of the fjord and the midnight sun<\/p>\n<p data-start=\"716\" data-end=\"806\">Engaging stories and interesting facts about Kirkenes and its history shared by your guide<\/p>\n<p><strong>Photo Stops:<\/strong><br \/>\nSeveral stops will be made along the way to capture the beauty of the region\u2014perfect for photography enthusiasts!<\/p>\n<p><strong>Transport confortable :<\/strong><br \/>\nThe tour is conducted in a <strong>monospace confortable<\/strong> with a maximum of 8 seats, ensuring an intimate and personalized experience.<\/p>\n<p>\u2705 <strong>D\u00e9tails de la visite<\/strong><\/p>\n<ul>\n<li><strong>Disponible:<\/strong> 15.05 \u2013 25.07<br \/>\n\u2022 <strong>Dur\u00e9e:<\/strong> 1,5 heures<br \/>\n\u2022 <strong>Heures de d\u00e9part :<\/strong> 22:00<br \/>\n\u2022 <strong>Prix:<\/strong> \u2022 1300 NOK per adult (minimum 2 guests) on week days \/ 1850 NOK per adult on weekends ( Saturday-Sunday &amp; Holiday) \/ 650 NOK per child (ages 4-11)<br \/>\n\u2022 <strong>Taille du groupe :<\/strong> Minimum 2 guests<br \/>\n\u2022 <strong>Langue:<\/strong> English (other languages available on private tours)<br \/>\n\u2022 <strong>Transport:<\/strong> Minivan with hotel pickup included<\/li>\n<\/ul>\n<p>\ud83d\udc65 <strong>Option de visite priv\u00e9e<\/strong><\/p>\n<p>Si vous pr\u00e9f\u00e9rez une exp\u00e9rience priv\u00e9e (pas d&#039;autres invit\u00e9s), veuillez r\u00e9server le <a href=\"https:\/\/www.bookingkirkenes.no\/fr\/produkt\/midnight-sun-panorama-private-tour-hps30-pt\/\" target=\"_blank\" rel=\"noopener\"><strong>private Tour (HPS30)<\/strong><\/a>.<\/p>\n<p>\ud83c\udf10 <strong>Language Options<\/strong><\/p>\n<p>The standard tour is offered in <strong>Anglais<\/strong>. For German, French, or Norwegian, please book the <strong>visite priv\u00e9e<\/strong>.<\/p>\n<p>\ud83d\uded2 <strong>R\u00e9servation et paiement<\/strong><\/p>\n<ol>\n<li>Choose your date, pickup time, number of guests, and pickup place<\/li>\n<li>Cliquez <strong>\u00ab\u00a0R\u00e9servez maintenant\u00a0\u00bb<\/strong> pour ajouter le circuit \u00e0 votre panier<\/li>\n<li>Go to your basket and proceed to checkout<\/li>\n<li>Enter your billing details to confirm your booking<\/li>\n<\/ol>\n<p>\u274c <strong>Politique d&#039;annulation<\/strong><\/p>\n<p>Please read full cancellation terms here: <a href=\"https:\/\/www.bookingkirkenes.no\/fr\/about-us\/general-terms\/\">Conditions g\u00e9n\u00e9rales de vente<\/a><\/p>\n<p>\ud83d\udcde <strong>Besoin d&#039;aide?<\/strong><\/p>\n<p>\ud83d\udce7 E-mail : info@bookingkirkenes.no<br \/>\n\ud83d\udcde T\u00e9l\u00e9phone : +47 78 99 50 80<\/p>","protected":false},"excerpt":{"rendered":"<p data-start=\"0\" data-end=\"35\"><strong data-start=\"0\" data-end=\"33\">Explore Kirkenes under the midnightsun<\/strong><\/p>\n<p data-start=\"37\" data-end=\"323\">Discover the magic of the midnight sun on a scenic tour around Kirkenes. We drive to the area\u2019s most beautiful viewpoints, carefully selected to give you the best possible views of the glowing Arctic sun. With 2\u20133 stops, short easy walks, and time to relax, you\u2019ll enjoy stunning fjord landscapes bathed in golden light. Along the way, your guide shares fascinating stories about Kirkenes and its unique history.<\/p>","protected":false},"featured_media":14527,"comment_status":"closed","ping_status":"closed","template":"","meta":{"site-sidebar-layout":"default","site-content-layout":"default","ast-site-content-layout":"default","site-content-style":"default","site-sidebar-style":"default","ast-global-header-display":"","ast-banner-title-visibility":"","ast-main-header-display":"","ast-hfb-above-header-display":"","ast-hfb-below-header-display":"","ast-hfb-mobile-header-display":"","site-post-title":"","ast-breadcrumbs-content":"","ast-featured-img":"","footer-sml-layout":"","ast-disable-related-posts":"","theme-transparent-header-meta":"default","adv-header-id-meta":"","stick-header-meta":"","header-above-stick-meta":"","header-main-stick-meta":"","header-below-stick-meta":"","astra-migrate-meta-layouts":"set","ast-page-background-enabled":"default","ast-page-background-meta":{"desktop":{"background-color":"var(--ast-global-color-4)","background-image":"","background-repeat":"repeat","background-position":"center center","background-size":"auto","background-attachment":"scroll","background-type":"","background-media":"","overlay-type":"","overlay-color":"","overlay-opacity":"","overlay-gradient":""},"tablet":{"background-color":"","background-image":"","background-repeat":"repeat","background-position":"center center","background-size":"auto","background-attachment":"scroll","background-type":"","background-media":"","overlay-type":"","overlay-color":"","overlay-opacity":"","overlay-gradient":""},"mobile":{"background-color":"","background-image":"","background-repeat":"repeat","background-position":"center center","background-size":"auto","background-attachment":"scroll","background-type":"","background-media":"","overlay-type":"","overlay-color":"","overlay-opacity":"","overlay-gradient":""}},"ast-content-background-meta":{"desktop":{"background-color":"var(--ast-global-color-5)","background-image":"","background-repeat":"repeat","background-position":"center center","background-size":"auto","background-attachment":"scroll","background-type":"","background-media":"","overlay-type":"","overlay-color":"","overlay-opacity":"","overlay-gradient":""},"tablet":{"background-color":"var(--ast-global-color-5)","background-image":"","background-repeat":"repeat","background-position":"center center","background-size":"auto","background-attachment":"scroll","background-type":"","background-media":"","overlay-type":"","overlay-color":"","overlay-opacity":"","overlay-gradient":""},"mobile":{"background-color":"var(--ast-global-color-5)","background-image":"","background-repeat":"repeat","background-position":"center center","background-size":"auto","background-attachment":"scroll","background-type":"","background-media":"","overlay-type":"","overlay-color":"","overlay-opacity":"","overlay-gradient":""}}},"product_brand":[],"product_cat":[282,281,371,286,283,374],"product_tag":[342,341],"class_list":{"0":"post-14504","1":"product","2":"type-product","3":"status-publish","4":"has-post-thumbnail","6":"product_cat-kirkenes","7":"product_cat-local-guiding","8":"product_cat-midnight-sun","9":"product_cat-russian-border","10":"product_cat-sightseeing-by-bus","11":"product_cat-summer-autumn-tours","12":"product_tag-front-page","13":"product_tag-summer","14":"pa_month-mai","15":"pa_month-juni","16":"pa_month-juli","17":"desktop-align-left","18":"tablet-align-left","19":"mobile-align-left","21":"first","22":"instock","23":"sold-individually","24":"taxable","25":"shipping-taxable","26":"purchasable","27":"product-type-phive_booking"},"aioseo_notices":[],"_links":{"self":[{"href":"https:\/\/www.bookingkirkenes.no\/fr\/wp-json\/wp\/v2\/product\/14504","targetHints":{"allow":["GET"]}}],"collection":[{"href":"https:\/\/www.bookingkirkenes.no\/fr\/wp-json\/wp\/v2\/product"}],"about":[{"href":"https:\/\/www.bookingkirkenes.no\/fr\/wp-json\/wp\/v2\/types\/product"}],"replies":[{"embeddable":true,"href":"https:\/\/www.bookingkirkenes.no\/fr\/wp-json\/wp\/v2\/comments?post=14504"}],"version-history":[{"count":5,"href":"https:\/\/www.bookingkirkenes.no\/fr\/wp-json\/wp\/v2\/product\/14504\/revisions"}],"predecessor-version":[{"id":14559,"href":"https:\/\/www.bookingkirkenes.no\/fr\/wp-json\/wp\/v2\/product\/14504\/revisions\/14559"}],"wp:featuredmedia":[{"embeddable":true,"href":"https:\/\/www.bookingkirkenes.no\/fr\/wp-json\/wp\/v2\/media\/14527"}],"wp:attachment":[{"href":"https:\/\/www.bookingkirkenes.no\/fr\/wp-json\/wp\/v2\/media?parent=14504"}],"wp:term":[{"taxonomy":"product_brand","embeddable":true,"href":"https:\/\/www.bookingkirkenes.no\/fr\/wp-json\/wp\/v2\/product_brand?post=14504"},{"taxonomy":"product_cat","embeddable":true,"href":"https:\/\/www.bookingkirkenes.no\/fr\/wp-json\/wp\/v2\/product_cat?post=14504"},{"taxonomy":"product_tag","embeddable":true,"href":"https:\/\/www.bookingkirkenes.no\/fr\/wp-json\/wp\/v2\/product_tag?post=14504"}],"curies":[{"name":"wp","href":"https:\/\/api.w.org\/{rel}","templated":true}]}}