{"id":12381,"date":"2025-08-12T14:30:09","date_gmt":"2025-08-12T12:30:09","guid":{"rendered":"https:\/\/www.bookingkirkenes.no\/?post_type=product&#038;p=12381"},"modified":"2026-04-15T10:25:28","modified_gmt":"2026-04-15T08:25:28","slug":"summer-borderland-andersgrotta","status":"publish","type":"product","link":"https:\/\/www.bookingkirkenes.no\/fr\/produkt\/summer-borderland-andersgrotta\/","title":{"rendered":"Kirkenes Sightseeing &#038; Russian Border &#038; Visit Andersgrotta (HS01A)"},"content":{"rendered":"<p><strong>Discover Kirkenes\u2019 WWII History and Arctic Scenery in 3 Hours<\/strong><\/p>\n<p>Uncover the dramatic history of <a href=\"https:\/\/www.youtube.com\/watch?v=kn_GmZSr7Fw\" target=\"_blank\" rel=\"noopener\">Kirkenes<\/a> and its unique wartime heritage with this <a href=\"https:\/\/www.tripadvisor.com\/Attraction_Review-g227953-d3529784-Reviews-Booking_Kirkenes-Kirkenes_Sor_Varanger_Municipality_Finnmark_Northern_Norway.html\" target=\"_blank\" rel=\"noopener\">fascinating guided tour<\/a> \u2014 combining the famous <a href=\"https:\/\/www.youtube.com\/watch?v=HzRdi3DhziU\" target=\"_blank\" rel=\"noopener\"><strong>Abri anti-bombes d&#039;Andersgrotta<\/strong><\/a> visit with a scenic exploration of the town and its surroundings.<\/p>\n<p>\ud83d\udcc5 <strong>Disponible:<\/strong> April 1 \u2013 November 30<br \/>\n\u23f0 <strong>Dur\u00e9e:<\/strong> 3,5 heures<br \/>\n\ud83d\udd58 <strong>Heure de d\u00e9part:<\/strong> 12:30 \u2013 16:00<br \/>\n(Autres horaires disponibles sur demande)<\/p>\n<p>\ud83d\udcb0 <strong>Prix:<\/strong><br \/>\n\u2022 1 250 NOK per person (minimum 2 guests) on weekdays<br \/>\n\u2022 1 850 NOK per person on weekends (Saturday\u2013Sunday &amp; Holidays)<br \/>\n\u2022 Not suitable for children under 12 years<\/p>\n<p>\ud83d\ude90 <strong>Ramasser:<\/strong> Start at Andersgrotta and end at your hotel in Kirkenes<\/p>\n<p>\u26a0\ufe0f Please note that Andersgrotta is not suitable for wheelchair users. The few steps required for access are steep and may be slippery at times. After Andersgrotta show you have a 30 min break before we start the minivan sightseeing tour at 14.00<\/p>\n<p><strong>\ud83e\udded<\/strong><strong> Aper\u00e7u de la tourn\u00e9e<\/strong><\/p>\n<p>Kirkenes\u2019 rich and dramatic history has been shaped by its strategic location between Russia and Finland. During World War II, the town endured heavy bombardments, and its resilience became part of its identity.<\/p>\n<p>This engaging tour gives you a deep insight into that history \u2014 beginning underground at <a href=\"https:\/\/www.youtube.com\/watch?v=HzRdi3DhziU\" target=\"_blank\" rel=\"noopener\"><strong>Abri anti-bombes d&#039;Andersgrotta<\/strong><\/a> before continuing through Kirkenes and the surrounding landscape to uncover the region\u2019s daily life, mining heritage, and border culture.<\/p>\n<p><strong>\ud83d\udd0d<\/strong><strong> Ce que vous vivrez<\/strong><\/p>\n<p><strong>Visite de l&#039;abri anti-bombes :<\/strong><br \/>\nStart your tour at <strong>Grotte d&#039;Anders<\/strong>, the underground bomb shelter used during World War II. Enjoy a 30-minute guided visit, including a 10-minute film that reveals the incredible story of Kirkenes\u2019 wartime endurance.<\/p>\n<p><strong>Visite guid\u00e9e en minibus :<\/strong><br \/>\nContinue your journey through Kirkenes and its nearby attractions in a comfortable 8-seat minivan. Visit two scenic viewpoints, the Norwegian-Russian border, and the old mining area. Your guide will share local stories about history, culture, and modern life in this unique Arctic region.<\/p>\n<p><strong>Photo Stops:<\/strong><br \/>\nEnjoy several stops for photos of the breathtaking landscapes, historic sites, and panoramic viewpoints \u2014 perfect for photography lovers.<\/p>\n<p><strong>\u2705<\/strong><strong> D\u00e9tails de la visite<\/strong><\/p>\n<p><strong>Disponible:<\/strong> April 1 \u2013 November 30<br \/>\n<strong>Dur\u00e9e:<\/strong> 3 heures<br \/>\n<strong>Heure de d\u00e9part:<\/strong> 12:30 (other times on request)<br \/>\n<strong>Prix:<\/strong> \u2022 1 250 NOK per person (minimum 2 guests) on weekdays \/ \u2022 1 850 NOK per person on weekends (Saturday\u2013Sunday &amp; Holidays)<br \/>\n<strong>Limite d&#039;\u00e2ge :<\/strong> Not suitable for children under 12 years<br \/>\n<strong>Comprend :<\/strong><br \/>\n\u2022 Entrance to Andersgrotta and guided visit<br \/>\n\u2022 Local English-speaking guide\/driver<br \/>\n\u2022 Transportation in 8-seat minivan<br \/>\n\u2022 Pickup at Andersgrotta and drop-off at your hotel<\/p>\n<p><strong>\ud83d\udc65<\/strong><strong> Option de visite priv\u00e9e<\/strong><\/p>\n<p>Want a private experience? Please book the private tour option for a fully personalized journey through Kirkenes\u2019 WWII history and Arctic landscapes.<\/p>\n<p><strong>\ud83c\udf10<\/strong><strong> Language Options<\/strong><\/p>\n<p>Standard tour offered in English.<br \/>\nOther languages (German, French, Norwegian) available on private request.<\/p>\n<p><strong>\ud83d\uded2<\/strong><strong> R\u00e9servation et paiement<\/strong><\/p>\n<p>La r\u00e9servation est facile :<\/p>\n<ol>\n<li>Choose your date, departure time, number of guests, and pickup place<\/li>\n<li>Cliquez <strong>\u00ab\u00a0R\u00e9servez maintenant\u00a0\u00bb<\/strong> pour ajouter le circuit \u00e0 votre panier<\/li>\n<li>Proceed to checkout and enter your billing details<\/li>\n<li>Receive a confirmation email once your booking is complete<\/li>\n<\/ol>\n<p><strong>\u274c<\/strong><strong> Politique d&#039;annulation<\/strong><\/p>\n<p>Please read the full cancellation terms here:<br \/>\n\ud83d\udd17 <a href=\"https:\/\/www.bookingkirkenes.no\/fr\/about-us\/general-terms\/\">Conditions g\u00e9n\u00e9rales de vente<\/a><\/p>\n<p><strong>\ud83d\udcde<\/strong><strong> Besoin d&#039;aide?<\/strong><\/p>\n<p>We\u2019re happy to help with any questions or booking support:<br \/>\n\ud83d\udce7 <strong>E-mail:<\/strong> info@bookingkirkenes.no<br \/>\n\ud83d\udcde <strong>T\u00e9l\u00e9phone:<\/strong> +47 78 99 50 80<\/p>","protected":false},"excerpt":{"rendered":"<p>Cette exp\u00e9rience immersive combine histoire, culture et paysages \u00e9poustouflants, ce qui en fait une <a href=\"https:\/\/www.tripadvisor.com\/Attraction_Review-g227953-d3529784-Reviews-Booking_Kirkenes-Kirkenes_Sor_Varanger_Municipality_Finnmark_Northern_Norway.html\" target=\"_blank\" rel=\"noopener\">visite incontournable<\/a> \u00e0 Kirkenes !<\/p>\n<p data-start=\"753\" data-end=\"1211\" data-is-last-node=\"\" data-is-only-node=\"\">Situ\u00e9e entre la Russie et la Finlande, Kirkenes poss\u00e8de un pass\u00e9 riche et m\u00e9morable, fa\u00e7onn\u00e9 par son importance strat\u00e9gique pendant la Seconde Guerre mondiale et la guerre froide. La visite comprend la visite d&#039;un abri antia\u00e9rien, offrant un aper\u00e7u de la r\u00e9silience de la ville en temps de guerre. Vous explorerez \u00e9galement Kirkenes et ses environs en minibus, accompagn\u00e9 de votre guide qui vous racontera des anecdotes sur la vie dans cette r\u00e9gion frontali\u00e8re. La fronti\u00e8re russe est un point d&#039;orgue incontournable, o\u00f9 l&#039;importance g\u00e9opolitique de la r\u00e9gion prend tout son sens.<\/p>\n<p>La visite est propos\u00e9e toute l&#039;ann\u00e9e : Pour plus d&#039;informations et r\u00e9servations <a href=\"https:\/\/www.bookingkirkenes.no\/fr\/produkt\/historical-tour-kirkenes-and-borderland-sightseeing-including-visit-of-the-ww-ii-bomb-shelter-andersgrotta-hw01a\/\" target=\"_blank\" rel=\"noopener\">tourn\u00e9e d&#039;hiver de d\u00e9cembre \u00e0 avril, veuillez cliquer ici<\/a>.<\/p>","protected":false},"featured_media":3459,"comment_status":"closed","ping_status":"closed","template":"","meta":{"site-sidebar-layout":"default","site-content-layout":"default","ast-site-content-layout":"default","site-content-style":"default","site-sidebar-style":"default","ast-global-header-display":"","ast-banner-title-visibility":"","ast-main-header-display":"","ast-hfb-above-header-display":"","ast-hfb-below-header-display":"","ast-hfb-mobile-header-display":"","site-post-title":"","ast-breadcrumbs-content":"","ast-featured-img":"","footer-sml-layout":"","ast-disable-related-posts":"","theme-transparent-header-meta":"default","adv-header-id-meta":"","stick-header-meta":"","header-above-stick-meta":"","header-main-stick-meta":"","header-below-stick-meta":"","astra-migrate-meta-layouts":"set","ast-page-background-enabled":"default","ast-page-background-meta":{"desktop":{"background-color":"var(--ast-global-color-4)","background-image":"","background-repeat":"repeat","background-position":"center center","background-size":"auto","background-attachment":"scroll","background-type":"","background-media":"","overlay-type":"","overlay-color":"","overlay-opacity":"","overlay-gradient":""},"tablet":{"background-color":"","background-image":"","background-repeat":"repeat","background-position":"center center","background-size":"auto","background-attachment":"scroll","background-type":"","background-media":"","overlay-type":"","overlay-color":"","overlay-opacity":"","overlay-gradient":""},"mobile":{"background-color":"","background-image":"","background-repeat":"repeat","background-position":"center center","background-size":"auto","background-attachment":"scroll","background-type":"","background-media":"","overlay-type":"","overlay-color":"","overlay-opacity":"","overlay-gradient":""}},"ast-content-background-meta":{"desktop":{"background-color":"var(--ast-global-color-5)","background-image":"","background-repeat":"repeat","background-position":"center center","background-size":"auto","background-attachment":"scroll","background-type":"","background-media":"","overlay-type":"","overlay-color":"","overlay-opacity":"","overlay-gradient":""},"tablet":{"background-color":"var(--ast-global-color-5)","background-image":"","background-repeat":"repeat","background-position":"center center","background-size":"auto","background-attachment":"scroll","background-type":"","background-media":"","overlay-type":"","overlay-color":"","overlay-opacity":"","overlay-gradient":""},"mobile":{"background-color":"var(--ast-global-color-5)","background-image":"","background-repeat":"repeat","background-position":"center center","background-size":"auto","background-attachment":"scroll","background-type":"","background-media":"","overlay-type":"","overlay-color":"","overlay-opacity":"","overlay-gradient":""}}},"product_brand":[],"product_cat":[282,281,286,283,374],"product_tag":[342],"class_list":{"0":"post-12381","1":"product","2":"type-product","3":"status-publish","4":"has-post-thumbnail","6":"product_cat-kirkenes","7":"product_cat-local-guiding","8":"product_cat-russian-border","9":"product_cat-sightseeing-by-bus","10":"product_cat-summer-autumn-tours","11":"product_tag-front-page","12":"pa_month-april","13":"pa_month-mai","14":"pa_month-juni","15":"pa_month-juli","16":"pa_month-august","17":"pa_month-september","18":"pa_month-oktober","19":"pa_month-november","20":"desktop-align-left","21":"tablet-align-left","22":"mobile-align-left","24":"first","25":"instock","26":"virtual","27":"sold-individually","28":"taxable","29":"purchasable","30":"product-type-phive_booking"},"aioseo_notices":[],"_links":{"self":[{"href":"https:\/\/www.bookingkirkenes.no\/fr\/wp-json\/wp\/v2\/product\/12381","targetHints":{"allow":["GET"]}}],"collection":[{"href":"https:\/\/www.bookingkirkenes.no\/fr\/wp-json\/wp\/v2\/product"}],"about":[{"href":"https:\/\/www.bookingkirkenes.no\/fr\/wp-json\/wp\/v2\/types\/product"}],"replies":[{"embeddable":true,"href":"https:\/\/www.bookingkirkenes.no\/fr\/wp-json\/wp\/v2\/comments?post=12381"}],"version-history":[{"count":20,"href":"https:\/\/www.bookingkirkenes.no\/fr\/wp-json\/wp\/v2\/product\/12381\/revisions"}],"predecessor-version":[{"id":15386,"href":"https:\/\/www.bookingkirkenes.no\/fr\/wp-json\/wp\/v2\/product\/12381\/revisions\/15386"}],"wp:featuredmedia":[{"embeddable":true,"href":"https:\/\/www.bookingkirkenes.no\/fr\/wp-json\/wp\/v2\/media\/3459"}],"wp:attachment":[{"href":"https:\/\/www.bookingkirkenes.no\/fr\/wp-json\/wp\/v2\/media?parent=12381"}],"wp:term":[{"taxonomy":"product_brand","embeddable":true,"href":"https:\/\/www.bookingkirkenes.no\/fr\/wp-json\/wp\/v2\/product_brand?post=12381"},{"taxonomy":"product_cat","embeddable":true,"href":"https:\/\/www.bookingkirkenes.no\/fr\/wp-json\/wp\/v2\/product_cat?post=12381"},{"taxonomy":"product_tag","embeddable":true,"href":"https:\/\/www.bookingkirkenes.no\/fr\/wp-json\/wp\/v2\/product_tag?post=12381"}],"curies":[{"name":"wp","href":"https:\/\/api.w.org\/{rel}","templated":true}]}}