{"id":4069,"date":"2022-10-28T11:55:53","date_gmt":"2022-10-28T09:55:53","guid":{"rendered":"https:\/\/www.bookingkirkenes.no\/?page_id=4069"},"modified":"2025-01-23T15:01:18","modified_gmt":"2025-01-23T14:01:18","slug":"how-to-get-to-kirkenes","status":"publish","type":"page","link":"https:\/\/www.bookingkirkenes.no\/fr\/how-to-get-to-kirkenes\/","title":{"rendered":"Comment se rendre \u00e0 Kirkenes"},"content":{"rendered":"<div data-elementor-type=\"wp-page\" data-elementor-id=\"4069\" class=\"elementor elementor-4069\" data-elementor-post-type=\"page\">\n\t\t\t\t\t\t<section data-particle_enable=\"false\" data-particle-mobile-disabled=\"false\" class=\"elementor-section elementor-top-section elementor-element elementor-element-651efb9 elementor-section-boxed elementor-section-height-default elementor-section-height-default\" data-id=\"651efb9\" data-element_type=\"section\" data-e-type=\"section\" data-settings=\"{&quot;background_background&quot;:&quot;classic&quot;}\">\n\t\t\t\t\t\t<div class=\"elementor-container elementor-column-gap-default\">\n\t\t\t\t\t<div class=\"elementor-column elementor-col-100 elementor-top-column elementor-element elementor-element-35b3c9b\" data-id=\"35b3c9b\" data-element_type=\"column\" data-e-type=\"column\">\n\t\t\t<div class=\"elementor-widget-wrap\">\n\t\t\t\t\t\t\t<\/div>\n\t\t<\/div>\n\t\t\t\t\t<\/div>\n\t\t<\/section>\n\t\t\t\t<section data-particle_enable=\"false\" data-particle-mobile-disabled=\"false\" class=\"elementor-section elementor-top-section elementor-element elementor-element-d5bd4ed elementor-section-boxed elementor-section-height-default elementor-section-height-default\" data-id=\"d5bd4ed\" data-element_type=\"section\" data-e-type=\"section\" data-settings=\"{&quot;background_background&quot;:&quot;classic&quot;}\">\n\t\t\t\t\t\t<div class=\"elementor-container elementor-column-gap-default\">\n\t\t\t\t\t<div class=\"elementor-column elementor-col-100 elementor-top-column elementor-element elementor-element-6feeaba\" data-id=\"6feeaba\" data-element_type=\"column\" data-e-type=\"column\">\n\t\t\t<div class=\"elementor-widget-wrap elementor-element-populated\">\n\t\t\t\t\t\t<section data-particle_enable=\"false\" data-particle-mobile-disabled=\"false\" class=\"elementor-section elementor-inner-section elementor-element elementor-element-54074fd elementor-section-boxed elementor-section-height-default elementor-section-height-default\" data-id=\"54074fd\" data-element_type=\"section\" data-e-type=\"section\" data-settings=\"{&quot;background_background&quot;:&quot;classic&quot;}\">\n\t\t\t\t\t\t<div class=\"elementor-container elementor-column-gap-default\">\n\t\t\t\t\t<div class=\"elementor-column elementor-col-50 elementor-inner-column elementor-element elementor-element-ffd76f8\" data-id=\"ffd76f8\" data-element_type=\"column\" data-e-type=\"column\">\n\t\t\t<div class=\"elementor-widget-wrap elementor-element-populated\">\n\t\t\t\t\t\t<div class=\"elementor-element elementor-element-3449193 elementor-widget elementor-widget-image\" data-id=\"3449193\" data-element_type=\"widget\" data-e-type=\"widget\" data-widget_type=\"image.default\">\n\t\t\t\t<div class=\"elementor-widget-container\">\n\t\t\t\t\t\t\t\t\t\t\t\t\t\t\t<img fetchpriority=\"high\" decoding=\"async\" width=\"1024\" height=\"1024\" src=\"https:\/\/www.bookingkirkenes.no\/wp-content\/uploads\/2022\/10\/travel_tips_box-1024x1024.jpg\" class=\"attachment-large size-large wp-image-2953\" alt=\"2 man with kick sled\" srcset=\"https:\/\/www.bookingkirkenes.no\/wp-content\/uploads\/2022\/10\/travel_tips_box-1024x1024.jpg 1024w, https:\/\/www.bookingkirkenes.no\/wp-content\/uploads\/2022\/10\/travel_tips_box-300x300.jpg 300w, https:\/\/www.bookingkirkenes.no\/wp-content\/uploads\/2022\/10\/travel_tips_box-150x150.jpg 150w, https:\/\/www.bookingkirkenes.no\/wp-content\/uploads\/2022\/10\/travel_tips_box-768x768.jpg 768w, https:\/\/www.bookingkirkenes.no\/wp-content\/uploads\/2022\/10\/travel_tips_box-12x12.jpg 12w, https:\/\/www.bookingkirkenes.no\/wp-content\/uploads\/2022\/10\/travel_tips_box-600x600.jpg 600w, https:\/\/www.bookingkirkenes.no\/wp-content\/uploads\/2022\/10\/travel_tips_box-100x100.jpg 100w, https:\/\/www.bookingkirkenes.no\/wp-content\/uploads\/2022\/10\/travel_tips_box-64x64.jpg 64w, https:\/\/www.bookingkirkenes.no\/wp-content\/uploads\/2022\/10\/travel_tips_box.jpg 1280w\" sizes=\"(max-width: 1024px) 100vw, 1024px\" \/>\t\t\t\t\t\t\t\t\t\t\t\t\t\t\t<\/div>\n\t\t\t\t<\/div>\n\t\t\t\t\t<\/div>\n\t\t<\/div>\n\t\t\t\t<div class=\"elementor-column elementor-col-50 elementor-inner-column elementor-element elementor-element-1bef57a\" data-id=\"1bef57a\" data-element_type=\"column\" data-e-type=\"column\">\n\t\t\t<div class=\"elementor-widget-wrap elementor-element-populated\">\n\t\t\t\t\t\t<div class=\"elementor-element elementor-element-8480095 elementor-widget elementor-widget-heading\" data-id=\"8480095\" data-element_type=\"widget\" data-e-type=\"widget\" data-widget_type=\"heading.default\">\n\t\t\t\t<div class=\"elementor-widget-container\">\n\t\t\t\t\t<h2 class=\"elementor-heading-title elementor-size-default\">Comment se rendre \u00e0 Kirkenes<\/h2>\t\t\t\t<\/div>\n\t\t\t\t<\/div>\n\t\t\t\t<div class=\"elementor-element elementor-element-de255c8 elementor-widget elementor-widget-text-editor\" data-id=\"de255c8\" data-element_type=\"widget\" data-e-type=\"widget\" data-widget_type=\"text-editor.default\">\n\t\t\t\t<div class=\"elementor-widget-container\">\n\t\t\t\t\t\t\t\t\t<p class=\"blue-link\"><strong>En avion:<\/strong> L&#039;a\u00e9roport de Kirkenes se trouve \u00e0 12 km de Kirkenes. Des vols quotidiens sont assur\u00e9s depuis Oslo, Troms\u00f8, Alta. Si vous voyagez depuis d&#039;autres pays d&#039;Europe ou d&#039;outre-mer, vous passerez normalement par Oslo. 3 fois par semaine, vous pouvez \u00e9galement voyager via Helsinki avec Finnair. Ils proposent un vol d&#039;Helsinki - Ivalo \u00e0 Kirkenes (ou vice versa).<br \/>Pour plus d\u2019informations et r\u00e9servation, veuillez consulter\u00a0:<br \/><a href=\"http:\/\/www.sas.no\/\">www.sas.no<\/a><br \/><a href=\"http:\/\/www.norwegian.no\/\">www.norv\u00e9gien.no<\/a><br \/><a href=\"http:\/\/www.wideroe.no\/\">www.wideroe.no<\/a><br \/><a href=\"https:\/\/www.finnair.com\/fi-en\" target=\"_blank\" rel=\"noopener\">www.finnair.fi<\/a><\/p><p class=\"blue-link\"><strong>En bateau:<\/strong> Le Coastal Steamer arrive quotidiennement \u00e0 Kirkenes \u00e0 9h00 du matin et repart \u00e0 12h30. Pour plus d\u2019informations et r\u00e9servation, veuillez consulter\u00a0:<br \/><a href=\"http:\/\/www.hurtigruten.com\/\">www.hurtigruten.com<\/a><br \/><a href=\"https:\/\/www.havilavoyages.com\/\" target=\"_blank\" rel=\"noopener\">www.havilavoyages.com<\/a><\/p><p><strong>En voiture:<\/strong>\u00a0Kirkenes est situ\u00e9e sur la route europ\u00e9enne n\u00b06 qui se termine en fait \u00e0 Kirkenes. Pour votre meilleur itin\u00e9raire, nous vous recommandons d&#039;utiliser Google Maps ou un autre service de cartographie<\/p>\t\t\t\t\t\t\t\t<\/div>\n\t\t\t\t<\/div>\n\t\t\t\t\t<\/div>\n\t\t<\/div>\n\t\t\t\t\t<\/div>\n\t\t<\/section>\n\t\t\t\t\t<\/div>\n\t\t<\/div>\n\t\t\t\t\t<\/div>\n\t\t<\/section>\n\t\t\t\t<\/div>","protected":false},"excerpt":{"rendered":"<p>How to get to Kirkenes By plane: Kirkenes airport is located 12 km from Kirkenes. Daily flight connections from Oslo, Troms\u00f8, Alta. If you travel from other countries in Europe or oversea you travel normally via Oslo. 3 times a week you can also travel via Helsinki with Finnair. They offer a flight from Helsinki [&hellip;]<\/p>\n","protected":false},"author":4,"featured_media":0,"parent":0,"menu_order":0,"comment_status":"closed","ping_status":"closed","template":"elementor_header_footer","meta":{"site-sidebar-layout":"no-sidebar","site-content-layout":"page-builder","ast-site-content-layout":"default","site-content-style":"default","site-sidebar-style":"default","ast-global-header-display":"","ast-banner-title-visibility":"","ast-main-header-display":"","ast-hfb-above-header-display":"","ast-hfb-below-header-display":"","ast-hfb-mobile-header-display":"","site-post-title":"disabled","ast-breadcrumbs-content":"","ast-featured-img":"disabled","footer-sml-layout":"","ast-disable-related-posts":"","theme-transparent-header-meta":"","adv-header-id-meta":"","stick-header-meta":"","header-above-stick-meta":"","header-main-stick-meta":"","header-below-stick-meta":"","astra-migrate-meta-layouts":"default","ast-page-background-enabled":"default","ast-page-background-meta":{"desktop":{"background-color":"var(--ast-global-color-4)","background-image":"","background-repeat":"repeat","background-position":"center center","background-size":"auto","background-attachment":"scroll","background-type":"","background-media":"","overlay-type":"","overlay-color":"","overlay-opacity":"","overlay-gradient":""},"tablet":{"background-color":"","background-image":"","background-repeat":"repeat","background-position":"center center","background-size":"auto","background-attachment":"scroll","background-type":"","background-media":"","overlay-type":"","overlay-color":"","overlay-opacity":"","overlay-gradient":""},"mobile":{"background-color":"","background-image":"","background-repeat":"repeat","background-position":"center center","background-size":"auto","background-attachment":"scroll","background-type":"","background-media":"","overlay-type":"","overlay-color":"","overlay-opacity":"","overlay-gradient":""}},"ast-content-background-meta":{"desktop":{"background-color":"var(--ast-global-color-5)","background-image":"","background-repeat":"repeat","background-position":"center center","background-size":"auto","background-attachment":"scroll","background-type":"","background-media":"","overlay-type":"","overlay-color":"","overlay-opacity":"","overlay-gradient":""},"tablet":{"background-color":"var(--ast-global-color-5)","background-image":"","background-repeat":"repeat","background-position":"center center","background-size":"auto","background-attachment":"scroll","background-type":"","background-media":"","overlay-type":"","overlay-color":"","overlay-opacity":"","overlay-gradient":""},"mobile":{"background-color":"var(--ast-global-color-5)","background-image":"","background-repeat":"repeat","background-position":"center center","background-size":"auto","background-attachment":"scroll","background-type":"","background-media":"","overlay-type":"","overlay-color":"","overlay-opacity":"","overlay-gradient":""}},"footnotes":""},"class_list":["post-4069","page","type-page","status-publish","hentry"],"aioseo_notices":[],"_links":{"self":[{"href":"https:\/\/www.bookingkirkenes.no\/fr\/wp-json\/wp\/v2\/pages\/4069","targetHints":{"allow":["GET"]}}],"collection":[{"href":"https:\/\/www.bookingkirkenes.no\/fr\/wp-json\/wp\/v2\/pages"}],"about":[{"href":"https:\/\/www.bookingkirkenes.no\/fr\/wp-json\/wp\/v2\/types\/page"}],"author":[{"embeddable":true,"href":"https:\/\/www.bookingkirkenes.no\/fr\/wp-json\/wp\/v2\/users\/4"}],"replies":[{"embeddable":true,"href":"https:\/\/www.bookingkirkenes.no\/fr\/wp-json\/wp\/v2\/comments?post=4069"}],"version-history":[{"count":13,"href":"https:\/\/www.bookingkirkenes.no\/fr\/wp-json\/wp\/v2\/pages\/4069\/revisions"}],"predecessor-version":[{"id":10694,"href":"https:\/\/www.bookingkirkenes.no\/fr\/wp-json\/wp\/v2\/pages\/4069\/revisions\/10694"}],"wp:attachment":[{"href":"https:\/\/www.bookingkirkenes.no\/fr\/wp-json\/wp\/v2\/media?parent=4069"}],"curies":[{"name":"wp","href":"https:\/\/api.w.org\/{rel}","templated":true}]}}