{"id":3982,"date":"2022-10-28T10:06:39","date_gmt":"2022-10-28T08:06:39","guid":{"rendered":"https:\/\/www.bookingkirkenes.no\/?page_id=3982"},"modified":"2024-03-06T14:59:18","modified_gmt":"2024-03-06T13:59:18","slug":"eco-lighthouse","status":"publish","type":"page","link":"https:\/\/www.bookingkirkenes.no\/fr\/eco-lighthouse\/","title":{"rendered":"Phare \u00e9cologique"},"content":{"rendered":"<div data-elementor-type=\"wp-page\" data-elementor-id=\"3982\" class=\"elementor elementor-3982\" data-elementor-post-type=\"page\">\n\t\t\t\t\t\t<section data-particle_enable=\"false\" data-particle-mobile-disabled=\"false\" class=\"elementor-section elementor-top-section elementor-element elementor-element-0fbaa13 elementor-section-boxed elementor-section-height-default elementor-section-height-default\" data-id=\"0fbaa13\" data-element_type=\"section\" data-e-type=\"section\" data-settings=\"{&quot;background_background&quot;:&quot;classic&quot;}\">\n\t\t\t\t\t\t<div class=\"elementor-container elementor-column-gap-default\">\n\t\t\t\t\t<div class=\"elementor-column elementor-col-100 elementor-top-column elementor-element elementor-element-5b1dd0c\" data-id=\"5b1dd0c\" data-element_type=\"column\" data-e-type=\"column\">\n\t\t\t<div class=\"elementor-widget-wrap\">\n\t\t\t\t\t\t\t<\/div>\n\t\t<\/div>\n\t\t\t\t\t<\/div>\n\t\t<\/section>\n\t\t\t\t<section data-particle_enable=\"false\" data-particle-mobile-disabled=\"false\" class=\"elementor-section elementor-top-section elementor-element elementor-element-9640a49 elementor-section-boxed elementor-section-height-default elementor-section-height-default\" data-id=\"9640a49\" data-element_type=\"section\" data-e-type=\"section\">\n\t\t\t\t\t\t<div class=\"elementor-container elementor-column-gap-default\">\n\t\t\t\t\t<div class=\"elementor-column elementor-col-100 elementor-top-column elementor-element elementor-element-029fe8c\" data-id=\"029fe8c\" data-element_type=\"column\" data-e-type=\"column\">\n\t\t\t<div class=\"elementor-widget-wrap elementor-element-populated\">\n\t\t\t\t\t\t<section data-particle_enable=\"false\" data-particle-mobile-disabled=\"false\" class=\"elementor-section elementor-inner-section elementor-element elementor-element-bb2cf4e elementor-section-boxed elementor-section-height-default elementor-section-height-default\" data-id=\"bb2cf4e\" data-element_type=\"section\" data-e-type=\"section\">\n\t\t\t\t\t\t<div class=\"elementor-container elementor-column-gap-default\">\n\t\t\t\t\t<div class=\"elementor-column elementor-col-50 elementor-inner-column elementor-element elementor-element-6ff72b0\" data-id=\"6ff72b0\" data-element_type=\"column\" data-e-type=\"column\">\n\t\t\t<div class=\"elementor-widget-wrap elementor-element-populated\">\n\t\t\t\t\t\t<div class=\"elementor-element elementor-element-cfc9aa6 elementor-widget elementor-widget-heading\" data-id=\"cfc9aa6\" data-element_type=\"widget\" data-e-type=\"widget\" data-widget_type=\"heading.default\">\n\t\t\t\t<div class=\"elementor-widget-container\">\n\t\t\t\t\t<h2 class=\"elementor-heading-title elementor-size-default\">Booking Kirkenes est certifi\u00e9 Eco-Lighthouse !<\/h2>\t\t\t\t<\/div>\n\t\t\t\t<\/div>\n\t\t\t\t<div class=\"elementor-element elementor-element-ed32082 elementor-widget-divider--view-line elementor-widget elementor-widget-divider\" data-id=\"ed32082\" data-element_type=\"widget\" data-e-type=\"widget\" data-widget_type=\"divider.default\">\n\t\t\t\t<div class=\"elementor-widget-container\">\n\t\t\t\t\t\t\t<div class=\"elementor-divider\">\n\t\t\t<span class=\"elementor-divider-separator\">\n\t\t\t\t\t\t<\/span>\n\t\t<\/div>\n\t\t\t\t\t\t<\/div>\n\t\t\t\t<\/div>\n\t\t\t\t<div class=\"elementor-element elementor-element-9fd69b7 elementor-widget elementor-widget-text-editor\" data-id=\"9fd69b7\" data-element_type=\"widget\" data-e-type=\"widget\" data-widget_type=\"text-editor.default\">\n\t\t\t\t<div class=\"elementor-widget-container\">\n\t\t\t\t\t\t\t\t\t<p>Nous sommes incroyablement fiers. Nous disposons d\u00e9sormais d\u2019une preuve visible de notre responsabilit\u00e9 et d\u2019un outil concret pour travailler en permanence \u00e0 l\u2019am\u00e9lioration de l\u2019environnement et au changement vert.<\/p><p>Notre politique environnementale globale :<br \/>PASVIKTURIST AS vise \u00e0 assurer la prestation la plus respectueuse de l&#039;environnement de tous ses services.<\/p><p>Cela se fait \u00e0 travers :<\/p><ul><li>penser l\u2019environnement comme un \u00e9l\u00e9ment naturel et int\u00e9gr\u00e9 de l\u2019entreprise<\/li><li>pour satisfaire aux exigences environnementales et aux r\u00e9glementations des pouvoirs publics.<\/li><li>identifier et r\u00e9duire les sources possibles de pollution.<\/li><li>s&#039;efforcer d&#039;utiliser efficacement l&#039;\u00e9nergie et d&#039;utiliser un minimum de mat\u00e9riaux consommables<\/li><\/ul><p>Nous devons continuellement maintenir et am\u00e9liorer notre travail environnemental dans l&#039;entreprise<\/p><p>Booking Kirkenes fonctionne selon les 10 principes de durabilit\u00e9 suivants et notre objectif est de cr\u00e9er une industrie touristique durable dans la municipalit\u00e9 de S\u00f8r-Varanger.<\/p>\t\t\t\t\t\t\t\t<\/div>\n\t\t\t\t<\/div>\n\t\t\t\t<div class=\"elementor-element elementor-element-552bf4a elementor-widget elementor-widget-heading\" data-id=\"552bf4a\" data-element_type=\"widget\" data-e-type=\"widget\" data-widget_type=\"heading.default\">\n\t\t\t\t<div class=\"elementor-widget-container\">\n\t\t\t\t\t<h2 class=\"elementor-heading-title elementor-size-default\">Conservation de la nature, de la culture et de l&#039;environnement<\/h2>\t\t\t\t<\/div>\n\t\t\t\t<\/div>\n\t\t\t\t\t<\/div>\n\t\t<\/div>\n\t\t\t\t<div class=\"elementor-column elementor-col-50 elementor-inner-column elementor-element elementor-element-be90638\" data-id=\"be90638\" data-element_type=\"column\" data-e-type=\"column\">\n\t\t\t<div class=\"elementor-widget-wrap elementor-element-populated\">\n\t\t\t\t\t\t<div class=\"elementor-element elementor-element-d804e8a elementor-widget elementor-widget-image\" data-id=\"d804e8a\" data-element_type=\"widget\" data-e-type=\"widget\" data-widget_type=\"image.default\">\n\t\t\t\t<div class=\"elementor-widget-container\">\n\t\t\t\t\t\t\t\t\t\t\t\t\t\t\t<img fetchpriority=\"high\" decoding=\"async\" width=\"1024\" height=\"576\" src=\"https:\/\/www.bookingkirkenes.no\/wp-content\/uploads\/2021\/10\/Kongekrabbesommer14-1024x576.jpg\" class=\"attachment-large size-large wp-image-2253\" alt=\"\" srcset=\"https:\/\/www.bookingkirkenes.no\/wp-content\/uploads\/2021\/10\/Kongekrabbesommer14-1024x576.jpg 1024w, https:\/\/www.bookingkirkenes.no\/wp-content\/uploads\/2021\/10\/Kongekrabbesommer14-300x169.jpg 300w, https:\/\/www.bookingkirkenes.no\/wp-content\/uploads\/2021\/10\/Kongekrabbesommer14-768x432.jpg 768w, https:\/\/www.bookingkirkenes.no\/wp-content\/uploads\/2021\/10\/Kongekrabbesommer14-1536x864.jpg 1536w, https:\/\/www.bookingkirkenes.no\/wp-content\/uploads\/2021\/10\/Kongekrabbesommer14-18x10.jpg 18w, https:\/\/www.bookingkirkenes.no\/wp-content\/uploads\/2021\/10\/Kongekrabbesommer14-600x338.jpg 600w, https:\/\/www.bookingkirkenes.no\/wp-content\/uploads\/2021\/10\/Kongekrabbesommer14.jpg 2016w\" sizes=\"(max-width: 1024px) 100vw, 1024px\" \/>\t\t\t\t\t\t\t\t\t\t\t\t\t\t\t<\/div>\n\t\t\t\t<\/div>\n\t\t\t\t\t<\/div>\n\t\t<\/div>\n\t\t\t\t\t<\/div>\n\t\t<\/section>\n\t\t\t\t<div class=\"elementor-element elementor-element-8dcb895 elementor-widget elementor-widget-text-editor\" data-id=\"8dcb895\" data-element_type=\"widget\" data-e-type=\"widget\" data-widget_type=\"text-editor.default\">\n\t\t\t\t<div class=\"elementor-widget-container\">\n\t\t\t\t\t\t\t\t\t13.1. Richesse culturelle<br>\n\nRespecter, d\u00e9velopper et mettre en valeur le patrimoine culturel historique, la culture authentique, les traditions et les particularit\u00e9s de la communaut\u00e9 locale.\t\t\t\t\t\t\t\t<\/div>\n\t\t\t\t<\/div>\n\t\t\t\t<div class=\"elementor-element elementor-element-789bcfe elementor-widget elementor-widget-text-editor\" data-id=\"789bcfe\" data-element_type=\"widget\" data-e-type=\"widget\" data-widget_type=\"text-editor.default\">\n\t\t\t\t<div class=\"elementor-widget-container\">\n\t\t\t\t\t\t\t\t\t13.2. L&#039;int\u00e9grit\u00e9 physique et visuelle du paysage<br>\n\nPr\u00e9server et d\u00e9velopper davantage la qualit\u00e9 du paysage, tant dans les zones urbaines que rurales, afin que l&#039;int\u00e9grit\u00e9 physique et visuelle du paysage ne soit pas d\u00e9grad\u00e9e.\t\t\t\t\t\t\t\t<\/div>\n\t\t\t\t<\/div>\n\t\t\t\t<div class=\"elementor-element elementor-element-bdcc96f elementor-widget elementor-widget-text-editor\" data-id=\"bdcc96f\" data-element_type=\"widget\" data-e-type=\"widget\" data-widget_type=\"text-editor.default\">\n\t\t\t\t<div class=\"elementor-widget-container\">\n\t\t\t\t\t\t\t\t\t13.3. Biodiversit\u00e9<br>\n\nSoutenir la conservation des zones naturelles, de la faune et des habitats, et minimiser leur destruction.\t\t\t\t\t\t\t\t<\/div>\n\t\t\t\t<\/div>\n\t\t\t\t<div class=\"elementor-element elementor-element-751b554 elementor-widget elementor-widget-text-editor\" data-id=\"751b554\" data-element_type=\"widget\" data-e-type=\"widget\" data-widget_type=\"text-editor.default\">\n\t\t\t\t<div class=\"elementor-widget-container\">\n\t\t\t\t\t\t\t\t\t13.4. Environnement propre et efficacit\u00e9 des ressources<br>\n\nMinimiser la pollution de l&#039;air, de l&#039;eau et du sol par les entreprises touristiques et les touristes (y compris le bruit), ainsi que minimiser la production de leurs d\u00e9chets et la consommation de ressources rares et non renouvelables.\t\t\t\t\t\t\t\t<\/div>\n\t\t\t\t<\/div>\n\t\t\t\t<div class=\"elementor-element elementor-element-8988c1f elementor-widget elementor-widget-heading\" data-id=\"8988c1f\" data-element_type=\"widget\" data-e-type=\"widget\" data-widget_type=\"heading.default\">\n\t\t\t\t<div class=\"elementor-widget-container\">\n\t\t\t\t\t<h2 class=\"elementor-heading-title elementor-size-default\">Renforcer les valeurs sociales<\/h2>\t\t\t\t<\/div>\n\t\t\t\t<\/div>\n\t\t\t\t<div class=\"elementor-element elementor-element-8cbc6b2 elementor-widget elementor-widget-text-editor\" data-id=\"8cbc6b2\" data-element_type=\"widget\" data-e-type=\"widget\" data-widget_type=\"text-editor.default\">\n\t\t\t\t<div class=\"elementor-widget-container\">\n\t\t\t\t\t\t\t\t\t13.5. Qualit\u00e9 de vie locale et valeurs sociales<br>\n\nPr\u00e9server et renforcer la qualit\u00e9 de vie de la communaut\u00e9 locale, y compris les structures sociales, l&#039;acc\u00e8s aux ressources, aux installations et aux biens publics pour tous, ainsi qu&#039;\u00e9viter toute forme de d\u00e9gradation et d&#039;exploitation sociale. 13.6. Contr\u00f4le et engagement locaux<br>\nEngager et responsabiliser la communaut\u00e9 locale et les acteurs locaux en termes de planification, de prise de d\u00e9cision et de d\u00e9veloppement du tourisme local. 13.7. Qualit\u00e9 de l&#039;emploi pour les employ\u00e9s du tourisme Renforcer la qualit\u00e9 des emplois touristiques (directement et indirectement), y compris les niveaux de salaire et les conditions de travail, sans discrimination fond\u00e9e sur le sexe, la race, le handicap ou d&#039;autres facteurs.\t\t\t\t\t\t\t\t<\/div>\n\t\t\t\t<\/div>\n\t\t\t\t<div class=\"elementor-element elementor-element-dbd2d1e elementor-widget elementor-widget-text-editor\" data-id=\"dbd2d1e\" data-element_type=\"widget\" data-e-type=\"widget\" data-widget_type=\"text-editor.default\">\n\t\t\t\t<div class=\"elementor-widget-container\">\n\t\t\t\t\t\t\t\t\t13.8. Satisfaction des clients, s\u00e9curit\u00e9 et qualit\u00e9 de l&#039;exp\u00e9rience<br>\n\nGarantir des exp\u00e9riences s\u00fbres, satisfaisantes et enrichissantes \u00e0 tous les touristes, quels que soient leur sexe, leur race, leur handicap ou d&#039;autres facteurs.\t\t\t\t\t\t\t\t<\/div>\n\t\t\t\t<\/div>\n\t\t\t\t<div class=\"elementor-element elementor-element-40de278 elementor-widget elementor-widget-heading\" data-id=\"40de278\" data-element_type=\"widget\" data-e-type=\"widget\" data-widget_type=\"heading.default\">\n\t\t\t\t<div class=\"elementor-widget-container\">\n\t\t\t\t\t<h2 class=\"elementor-heading-title elementor-size-default\">Viabilit\u00e9 \u00e9conomique<\/h2>\t\t\t\t<\/div>\n\t\t\t\t<\/div>\n\t\t\t\t<div class=\"elementor-element elementor-element-154e59e elementor-widget elementor-widget-text-editor\" data-id=\"154e59e\" data-element_type=\"widget\" data-e-type=\"widget\" data-widget_type=\"text-editor.default\">\n\t\t\t\t<div class=\"elementor-widget-container\">\n\t\t\t\t\t\t\t\t\t13.9. Destinations touristiques \u00e9conomiquement viables et comp\u00e9titives gr\u00e2ce \u00e0 la cr\u00e9ation de valeur locale<br>\n\nAssurer la viabilit\u00e9 et la comp\u00e9titivit\u00e9 des destinations touristiques dans une perspective \u00e0 long terme, en maximisant la cr\u00e9ation de valeur du tourisme dans la communaut\u00e9 locale, y compris ce que les touristes laissent derri\u00e8re eux comme valeurs localement. 13.10. Entreprises touristiques \u00e9conomiquement viables et comp\u00e9titives<br><br>\nAssurer la viabilit\u00e9 et la comp\u00e9titivit\u00e9 des entreprises touristiques dans une perspective \u00e0 long terme.<br>\n\nLaissez notre logement dans son bel \u00e9tat pour que les g\u00e9n\u00e9rations futures puissent elles aussi profiter de leur s\u00e9jour\t\t\t\t\t\t\t\t<\/div>\n\t\t\t\t<\/div>\n\t\t\t\t<div class=\"elementor-element elementor-element-bed2841 elementor-widget elementor-widget-heading\" data-id=\"bed2841\" data-element_type=\"widget\" data-e-type=\"widget\" data-widget_type=\"heading.default\">\n\t\t\t\t<div class=\"elementor-widget-container\">\n\t\t\t\t\t<h2 class=\"elementor-heading-title elementor-size-default\">Un guide pour nos invit\u00e9s<\/h2>\t\t\t\t<\/div>\n\t\t\t\t<\/div>\n\t\t\t\t<div class=\"elementor-element elementor-element-fd80a0e elementor-widget elementor-widget-text-editor\" data-id=\"fd80a0e\" data-element_type=\"widget\" data-e-type=\"widget\" data-widget_type=\"text-editor.default\">\n\t\t\t\t<div class=\"elementor-widget-container\">\n\t\t\t\t\t\t\t\t\tNotre tr\u00e9sor le plus grand et le plus important est la nature. Ici, vous pouvez respirer un air pur et boire la meilleure eau de source au monde, directement du robinet ou d&#039;une rivi\u00e8re aux eaux cristallines. Nous devons prendre soin de ce tr\u00e9sor et de la principale raison pour laquelle vous nous visitez\u00a0!\t\t\t\t\t\t\t\t<\/div>\n\t\t\t\t<\/div>\n\t\t\t\t<div class=\"elementor-element elementor-element-79598f3 elementor-widget elementor-widget-text-editor\" data-id=\"79598f3\" data-element_type=\"widget\" data-e-type=\"widget\" data-widget_type=\"text-editor.default\">\n\t\t\t\t<div class=\"elementor-widget-container\">\n\t\t\t\t\t\t\t\t\t<ul class=\"blue-link\"><li>Nous vous recommandons fortement de r\u00e9server une visite guid\u00e9e. Vous serez guid\u00e9 \u00e0 travers la nature de mani\u00e8re douce et professionnelle<\/li><li>Suivez les instructions de votre guide<\/li><li>\u00a0Ne rien laisser dans la nature : emportez vos d\u00e9chets et utilisez les toilettes<\/li><li>Ne laissez pas de traces dans la nature : empruntez toujours les sentiers balis\u00e9s, utilisez les emplacements de feu de camp existants (rappelez-vous qu&#039;allumer des feux dans les espaces naturels n&#039;est pas autoris\u00e9 du 15 avril au 15 septembre)<\/li><li>Respecter la faune et la flore<\/li><li>Utiliser localement : ce que vous pouvez acheter sur place, achetez-le sur place. Utilisez des guides locaux lorsque vous voyagez<\/li><li>\u00a0Faites preuve de respect envers les habitants et les autres randonneurs. Il est assez courant de se saluer dans la nature.<\/li><li>N&#039;oubliez pas que le silence fait partie de l&#039;exp\u00e9rience.<\/li><li>\u00a0\u00a0Si vous prenez des photos de gens autour, demandez-leur si \u00e7a va.<\/li><li>Il existe des r\u00e8gles sp\u00e9ciales \u00e0 Pasvikdalen et dans le parc national du Haut Pasvik. Par exemple, il est interdit d\u2019allumer un feu avec du bois tomb\u00e9. Plus d&#039;informations:\u00a0<a href=\"https:\/\/www.norgesnasjonalparker.no\/nasjonalparker\/ovre-pasvik\/\">https:\/\/www.norgesnasjonalparker.no\/nasjonalparker\/ovre-pasvik\/<\/a><\/li><\/ul>\t\t\t\t\t\t\t\t<\/div>\n\t\t\t\t<\/div>\n\t\t\t\t<div class=\"elementor-element elementor-element-4eccc34 elementor-widget elementor-widget-text-editor\" data-id=\"4eccc34\" data-element_type=\"widget\" data-e-type=\"widget\" data-widget_type=\"text-editor.default\">\n\t\t\t\t<div class=\"elementor-widget-container\">\n\t\t\t\t\t\t\t\t\tNous nous en soucions et esp\u00e9rons que vous vous en souciez aussi.<br>\n\nN&#039;h\u00e9sitez pas \u00e0 partager vos exp\u00e9riences. Vous pouvez nous trouver sur Facebook et Instagram.<br>\n\nPassez un bon moment \u00e0 Kirkenes !\t\t\t\t\t\t\t\t<\/div>\n\t\t\t\t<\/div>\n\t\t\t\t\t<\/div>\n\t\t<\/div>\n\t\t\t\t\t<\/div>\n\t\t<\/section>\n\t\t\t\t<\/div>","protected":false},"excerpt":{"rendered":"<p>Booking Kirkenes is Eco-Lighthouse certified! We are incredibly proud. Now we have a visible proof that we take responsibility, and a concrete tool for working continuously with environmental improvements and green change. Our overall environmental policy:PASVIKTURIST AS aims to ensure the most environmentally friendly delivery of all its services. This is done through: thinking about [&hellip;]<\/p>\n","protected":false},"author":4,"featured_media":0,"parent":0,"menu_order":0,"comment_status":"closed","ping_status":"closed","template":"","meta":{"site-sidebar-layout":"no-sidebar","site-content-layout":"page-builder","ast-site-content-layout":"default","site-content-style":"default","site-sidebar-style":"default","ast-global-header-display":"","ast-banner-title-visibility":"","ast-main-header-display":"","ast-hfb-above-header-display":"","ast-hfb-below-header-display":"","ast-hfb-mobile-header-display":"","site-post-title":"disabled","ast-breadcrumbs-content":"","ast-featured-img":"disabled","footer-sml-layout":"","ast-disable-related-posts":"","theme-transparent-header-meta":"","adv-header-id-meta":"","stick-header-meta":"","header-above-stick-meta":"","header-main-stick-meta":"","header-below-stick-meta":"","astra-migrate-meta-layouts":"default","ast-page-background-enabled":"default","ast-page-background-meta":{"desktop":{"background-color":"var(--ast-global-color-4)","background-image":"","background-repeat":"repeat","background-position":"center center","background-size":"auto","background-attachment":"scroll","background-type":"","background-media":"","overlay-type":"","overlay-color":"","overlay-opacity":"","overlay-gradient":""},"tablet":{"background-color":"","background-image":"","background-repeat":"repeat","background-position":"center center","background-size":"auto","background-attachment":"scroll","background-type":"","background-media":"","overlay-type":"","overlay-color":"","overlay-opacity":"","overlay-gradient":""},"mobile":{"background-color":"","background-image":"","background-repeat":"repeat","background-position":"center center","background-size":"auto","background-attachment":"scroll","background-type":"","background-media":"","overlay-type":"","overlay-color":"","overlay-opacity":"","overlay-gradient":""}},"ast-content-background-meta":{"desktop":{"background-color":"var(--ast-global-color-5)","background-image":"","background-repeat":"repeat","background-position":"center center","background-size":"auto","background-attachment":"scroll","background-type":"","background-media":"","overlay-type":"","overlay-color":"","overlay-opacity":"","overlay-gradient":""},"tablet":{"background-color":"var(--ast-global-color-5)","background-image":"","background-repeat":"repeat","background-position":"center center","background-size":"auto","background-attachment":"scroll","background-type":"","background-media":"","overlay-type":"","overlay-color":"","overlay-opacity":"","overlay-gradient":""},"mobile":{"background-color":"var(--ast-global-color-5)","background-image":"","background-repeat":"repeat","background-position":"center center","background-size":"auto","background-attachment":"scroll","background-type":"","background-media":"","overlay-type":"","overlay-color":"","overlay-opacity":"","overlay-gradient":""}},"footnotes":""},"class_list":["post-3982","page","type-page","status-publish","hentry"],"aioseo_notices":[],"_links":{"self":[{"href":"https:\/\/www.bookingkirkenes.no\/fr\/wp-json\/wp\/v2\/pages\/3982","targetHints":{"allow":["GET"]}}],"collection":[{"href":"https:\/\/www.bookingkirkenes.no\/fr\/wp-json\/wp\/v2\/pages"}],"about":[{"href":"https:\/\/www.bookingkirkenes.no\/fr\/wp-json\/wp\/v2\/types\/page"}],"author":[{"embeddable":true,"href":"https:\/\/www.bookingkirkenes.no\/fr\/wp-json\/wp\/v2\/users\/4"}],"replies":[{"embeddable":true,"href":"https:\/\/www.bookingkirkenes.no\/fr\/wp-json\/wp\/v2\/comments?post=3982"}],"version-history":[{"count":37,"href":"https:\/\/www.bookingkirkenes.no\/fr\/wp-json\/wp\/v2\/pages\/3982\/revisions"}],"predecessor-version":[{"id":7146,"href":"https:\/\/www.bookingkirkenes.no\/fr\/wp-json\/wp\/v2\/pages\/3982\/revisions\/7146"}],"wp:attachment":[{"href":"https:\/\/www.bookingkirkenes.no\/fr\/wp-json\/wp\/v2\/media?parent=3982"}],"curies":[{"name":"wp","href":"https:\/\/api.w.org\/{rel}","templated":true}]}}