{"id":3906,"date":"2022-10-28T08:11:40","date_gmt":"2022-10-28T06:11:40","guid":{"rendered":"https:\/\/www.bookingkirkenes.no\/?page_id=3906"},"modified":"2026-03-17T14:34:05","modified_gmt":"2026-03-17T13:34:05","slug":"opening-hours","status":"publish","type":"page","link":"https:\/\/www.bookingkirkenes.no\/fr\/opening-hours\/","title":{"rendered":"Horaires d&#039;ouvertures"},"content":{"rendered":"<div data-elementor-type=\"wp-page\" data-elementor-id=\"3906\" class=\"elementor elementor-3906\" data-elementor-post-type=\"page\">\n\t\t\t\t\t\t<section data-particle_enable=\"false\" data-particle-mobile-disabled=\"false\" class=\"elementor-section elementor-top-section elementor-element elementor-element-93361d1 elementor-section-boxed elementor-section-height-default elementor-section-height-default\" data-id=\"93361d1\" data-element_type=\"section\" data-e-type=\"section\" data-settings=\"{&quot;background_background&quot;:&quot;classic&quot;}\">\n\t\t\t\t\t\t<div class=\"elementor-container elementor-column-gap-default\">\n\t\t\t\t\t<div class=\"elementor-column elementor-col-100 elementor-top-column elementor-element elementor-element-b82c3a6\" data-id=\"b82c3a6\" data-element_type=\"column\" data-e-type=\"column\">\n\t\t\t<div class=\"elementor-widget-wrap\">\n\t\t\t\t\t\t\t<\/div>\n\t\t<\/div>\n\t\t\t\t\t<\/div>\n\t\t<\/section>\n\t\t\t\t<section data-particle_enable=\"false\" data-particle-mobile-disabled=\"false\" class=\"elementor-section elementor-top-section elementor-element elementor-element-f5dfc9b elementor-section-boxed elementor-section-height-default elementor-section-height-default\" data-id=\"f5dfc9b\" data-element_type=\"section\" data-e-type=\"section\" data-settings=\"{&quot;background_background&quot;:&quot;classic&quot;}\">\n\t\t\t\t\t\t<div class=\"elementor-container elementor-column-gap-default\">\n\t\t\t\t\t<div class=\"elementor-column elementor-col-100 elementor-top-column elementor-element elementor-element-003ba64\" data-id=\"003ba64\" data-element_type=\"column\" data-e-type=\"column\">\n\t\t\t<div class=\"elementor-widget-wrap elementor-element-populated\">\n\t\t\t\t\t\t<section data-particle_enable=\"false\" data-particle-mobile-disabled=\"false\" class=\"elementor-section elementor-inner-section elementor-element elementor-element-7fc346a elementor-section-boxed elementor-section-height-default elementor-section-height-default\" data-id=\"7fc346a\" data-element_type=\"section\" data-e-type=\"section\" data-settings=\"{&quot;background_background&quot;:&quot;classic&quot;}\">\n\t\t\t\t\t\t<div class=\"elementor-container elementor-column-gap-default\">\n\t\t\t\t\t<div class=\"elementor-column elementor-col-50 elementor-inner-column elementor-element elementor-element-798bba2\" data-id=\"798bba2\" data-element_type=\"column\" data-e-type=\"column\">\n\t\t\t<div class=\"elementor-widget-wrap elementor-element-populated\">\n\t\t\t\t\t\t<div class=\"elementor-element elementor-element-24a621c elementor-widget elementor-widget-image\" data-id=\"24a621c\" data-element_type=\"widget\" data-e-type=\"widget\" data-widget_type=\"image.default\">\n\t\t\t\t<div class=\"elementor-widget-container\">\n\t\t\t\t\t\t\t\t\t\t\t\t\t\t\t<img fetchpriority=\"high\" decoding=\"async\" width=\"1024\" height=\"689\" src=\"https:\/\/www.bookingkirkenes.no\/wp-content\/uploads\/2021\/10\/DSC08912-1024x689.jpg\" class=\"attachment-large size-large wp-image-2576\" alt=\"\" srcset=\"https:\/\/www.bookingkirkenes.no\/wp-content\/uploads\/2021\/10\/DSC08912-1024x689.jpg 1024w, https:\/\/www.bookingkirkenes.no\/wp-content\/uploads\/2021\/10\/DSC08912-300x202.jpg 300w, https:\/\/www.bookingkirkenes.no\/wp-content\/uploads\/2021\/10\/DSC08912-768x517.jpg 768w, https:\/\/www.bookingkirkenes.no\/wp-content\/uploads\/2021\/10\/DSC08912-18x12.jpg 18w, https:\/\/www.bookingkirkenes.no\/wp-content\/uploads\/2021\/10\/DSC08912-600x404.jpg 600w, https:\/\/www.bookingkirkenes.no\/wp-content\/uploads\/2021\/10\/DSC08912.jpg 1500w\" sizes=\"(max-width: 1024px) 100vw, 1024px\" \/>\t\t\t\t\t\t\t\t\t\t\t\t\t\t\t<\/div>\n\t\t\t\t<\/div>\n\t\t\t\t\t<\/div>\n\t\t<\/div>\n\t\t\t\t<div class=\"elementor-column elementor-col-50 elementor-inner-column elementor-element elementor-element-70e7ba6\" data-id=\"70e7ba6\" data-element_type=\"column\" data-e-type=\"column\">\n\t\t\t<div class=\"elementor-widget-wrap elementor-element-populated\">\n\t\t\t\t\t\t<div class=\"elementor-element elementor-element-1d31229 elementor-widget elementor-widget-heading\" data-id=\"1d31229\" data-element_type=\"widget\" data-e-type=\"widget\" data-widget_type=\"heading.default\">\n\t\t\t\t<div class=\"elementor-widget-container\">\n\t\t\t\t\t<h2 class=\"elementor-heading-title elementor-size-default\">Horaires d&#039;ouverture de la boutique et du bureau de r\u00e9servation\u00a0:<\/h2>\t\t\t\t<\/div>\n\t\t\t\t<\/div>\n\t\t\t\t<div class=\"elementor-element elementor-element-b4476c2 elementor-widget elementor-widget-text-editor\" data-id=\"b4476c2\" data-element_type=\"widget\" data-e-type=\"widget\" data-widget_type=\"text-editor.default\">\n\t\t\t\t<div class=\"elementor-widget-container\">\n\t\t\t\t\t\t\t\t\t<p>Du lundi au vendredi de 09h30 \u00e0 16h30 <br \/>Samedi 10h00-14h00<br \/>Ferm\u00e9 les dimanches\/jours f\u00e9ri\u00e9s<\/p><p>OPENING HOURS EASTERN 2026<br \/>Closed 02 + 03. April<br \/>Open 04. April 10.00-14.00<br \/>Closed 05 + 06. April<\/p><p><span style=\"font-style: inherit; font-weight: inherit;\">Our online booking is closed 01 &#8211; 06. April. Please make your bookings for Eastern in advance (latest until 30. of March)<\/span><\/p>\t\t\t\t\t\t\t\t<\/div>\n\t\t\t\t<\/div>\n\t\t\t\t<div class=\"elementor-element elementor-element-a58d480 elementor-widget elementor-widget-text-editor\" data-id=\"a58d480\" data-element_type=\"widget\" data-e-type=\"widget\" data-widget_type=\"text-editor.default\">\n\t\t\t\t<div class=\"elementor-widget-container\">\n\t\t\t\t\t\t\t\t\t<p>Le t\u00e9l\u00e9phone +47 78995080 est ouvert les jours ouvrables normaux de 12h00 \u00e0 16h00.<br \/>WhatsApp pendant nos heures d&#039;ouverture : +47 46885771<br \/>T\u00e9l\u00e9phone d&#039;urgence : +47 41544346<\/p>\t\t\t\t\t\t\t\t<\/div>\n\t\t\t\t<\/div>\n\t\t\t\t<div class=\"elementor-element elementor-element-c25b937 elementor-widget elementor-widget-text-editor\" data-id=\"c25b937\" data-element_type=\"widget\" data-e-type=\"widget\" data-widget_type=\"text-editor.default\">\n\t\t\t\t<div class=\"elementor-widget-container\">\n\t\t\t\t\t\t\t\t\t<p>Nous vous recommandons de r\u00e9server vos visites \u00e0 l&#039;avance.<br \/>Attention : nous ne proc\u00e9dons \u00e0 aucune r\u00e9servation en ligne le week-end ou les jours f\u00e9ri\u00e9s.<br \/>Si vous souhaitez r\u00e9server une visite pour le week-end, vous devez r\u00e9server au plus tard le vendredi avant 12h30.<\/p>\t\t\t\t\t\t\t\t<\/div>\n\t\t\t\t<\/div>\n\t\t\t\t\t<\/div>\n\t\t<\/div>\n\t\t\t\t\t<\/div>\n\t\t<\/section>\n\t\t\t\t\t<\/div>\n\t\t<\/div>\n\t\t\t\t\t<\/div>\n\t\t<\/section>\n\t\t\t\t<\/div>","protected":false},"excerpt":{"rendered":"<p>Opening hours shop &amp; booking office: Monday to Friday 09.30 \u2013 16.30 Saturday 10.00-14.00Sundays\/Holidays closed OPENING HOURS EASTERN 2026Closed 02 + 03. AprilOpen 04. April 10.00-14.00Closed 05 + 06. April Our online booking is closed 01 &#8211; 06. April. Please make your bookings for Eastern in advance (latest until 30. of March) Phone +47 78995080 [&hellip;]<\/p>\n","protected":false},"author":4,"featured_media":0,"parent":0,"menu_order":0,"comment_status":"closed","ping_status":"closed","template":"elementor_header_footer","meta":{"site-sidebar-layout":"no-sidebar","site-content-layout":"page-builder","ast-site-content-layout":"default","site-content-style":"default","site-sidebar-style":"default","ast-global-header-display":"","ast-banner-title-visibility":"","ast-main-header-display":"","ast-hfb-above-header-display":"","ast-hfb-below-header-display":"","ast-hfb-mobile-header-display":"","site-post-title":"disabled","ast-breadcrumbs-content":"","ast-featured-img":"disabled","footer-sml-layout":"","ast-disable-related-posts":"","theme-transparent-header-meta":"","adv-header-id-meta":"","stick-header-meta":"","header-above-stick-meta":"","header-main-stick-meta":"","header-below-stick-meta":"","astra-migrate-meta-layouts":"default","ast-page-background-enabled":"default","ast-page-background-meta":{"desktop":{"background-color":"var(--ast-global-color-4)","background-image":"","background-repeat":"repeat","background-position":"center center","background-size":"auto","background-attachment":"scroll","background-type":"","background-media":"","overlay-type":"","overlay-color":"","overlay-opacity":"","overlay-gradient":""},"tablet":{"background-color":"","background-image":"","background-repeat":"repeat","background-position":"center center","background-size":"auto","background-attachment":"scroll","background-type":"","background-media":"","overlay-type":"","overlay-color":"","overlay-opacity":"","overlay-gradient":""},"mobile":{"background-color":"","background-image":"","background-repeat":"repeat","background-position":"center center","background-size":"auto","background-attachment":"scroll","background-type":"","background-media":"","overlay-type":"","overlay-color":"","overlay-opacity":"","overlay-gradient":""}},"ast-content-background-meta":{"desktop":{"background-color":"var(--ast-global-color-5)","background-image":"","background-repeat":"repeat","background-position":"center center","background-size":"auto","background-attachment":"scroll","background-type":"","background-media":"","overlay-type":"","overlay-color":"","overlay-opacity":"","overlay-gradient":""},"tablet":{"background-color":"var(--ast-global-color-5)","background-image":"","background-repeat":"repeat","background-position":"center center","background-size":"auto","background-attachment":"scroll","background-type":"","background-media":"","overlay-type":"","overlay-color":"","overlay-opacity":"","overlay-gradient":""},"mobile":{"background-color":"var(--ast-global-color-5)","background-image":"","background-repeat":"repeat","background-position":"center center","background-size":"auto","background-attachment":"scroll","background-type":"","background-media":"","overlay-type":"","overlay-color":"","overlay-opacity":"","overlay-gradient":""}},"footnotes":""},"class_list":["post-3906","page","type-page","status-publish","hentry"],"aioseo_notices":[],"_links":{"self":[{"href":"https:\/\/www.bookingkirkenes.no\/fr\/wp-json\/wp\/v2\/pages\/3906","targetHints":{"allow":["GET"]}}],"collection":[{"href":"https:\/\/www.bookingkirkenes.no\/fr\/wp-json\/wp\/v2\/pages"}],"about":[{"href":"https:\/\/www.bookingkirkenes.no\/fr\/wp-json\/wp\/v2\/types\/page"}],"author":[{"embeddable":true,"href":"https:\/\/www.bookingkirkenes.no\/fr\/wp-json\/wp\/v2\/users\/4"}],"replies":[{"embeddable":true,"href":"https:\/\/www.bookingkirkenes.no\/fr\/wp-json\/wp\/v2\/comments?post=3906"}],"version-history":[{"count":91,"href":"https:\/\/www.bookingkirkenes.no\/fr\/wp-json\/wp\/v2\/pages\/3906\/revisions"}],"predecessor-version":[{"id":15222,"href":"https:\/\/www.bookingkirkenes.no\/fr\/wp-json\/wp\/v2\/pages\/3906\/revisions\/15222"}],"wp:attachment":[{"href":"https:\/\/www.bookingkirkenes.no\/fr\/wp-json\/wp\/v2\/media?parent=3906"}],"curies":[{"name":"wp","href":"https:\/\/api.w.org\/{rel}","templated":true}]}}