{"id":3765,"date":"2022-10-27T07:38:13","date_gmt":"2022-10-27T05:38:13","guid":{"rendered":"https:\/\/www.bookingkirkenes.no\/?page_id=3765"},"modified":"2025-09-22T14:35:52","modified_gmt":"2025-09-22T12:35:52","slug":"transportation","status":"publish","type":"page","link":"https:\/\/www.bookingkirkenes.no\/fr\/transportation\/","title":{"rendered":"Transport"},"content":{"rendered":"<div data-elementor-type=\"wp-page\" data-elementor-id=\"3765\" class=\"elementor elementor-3765\" data-elementor-post-type=\"page\">\n\t\t\t\t\t\t<section data-particle_enable=\"false\" data-particle-mobile-disabled=\"false\" class=\"elementor-section elementor-top-section elementor-element elementor-element-1a48533 elementor-section-boxed elementor-section-height-default elementor-section-height-default\" data-id=\"1a48533\" data-element_type=\"section\" data-e-type=\"section\" data-settings=\"{&quot;background_background&quot;:&quot;classic&quot;}\">\n\t\t\t\t\t\t<div class=\"elementor-container elementor-column-gap-default\">\n\t\t\t\t\t<div class=\"elementor-column elementor-col-50 elementor-top-column elementor-element elementor-element-d898d72\" data-id=\"d898d72\" data-element_type=\"column\" data-e-type=\"column\">\n\t\t\t<div class=\"elementor-widget-wrap elementor-element-populated\">\n\t\t\t\t\t\t<div class=\"elementor-element elementor-element-6fed556 elementor-widget elementor-widget-image\" data-id=\"6fed556\" data-element_type=\"widget\" data-e-type=\"widget\" data-widget_type=\"image.default\">\n\t\t\t\t<div class=\"elementor-widget-container\">\n\t\t\t\t\t\t\t\t\t\t\t\t\t\t\t<img fetchpriority=\"high\" decoding=\"async\" width=\"1000\" height=\"750\" src=\"https:\/\/www.bookingkirkenes.no\/wp-content\/uploads\/2025\/04\/Mercedes-and-Toyota-1.jpg\" class=\"attachment-large size-large wp-image-11265\" alt=\"\" srcset=\"https:\/\/www.bookingkirkenes.no\/wp-content\/uploads\/2025\/04\/Mercedes-and-Toyota-1.jpg 1000w, https:\/\/www.bookingkirkenes.no\/wp-content\/uploads\/2025\/04\/Mercedes-and-Toyota-1-300x225.jpg 300w, https:\/\/www.bookingkirkenes.no\/wp-content\/uploads\/2025\/04\/Mercedes-and-Toyota-1-768x576.jpg 768w, https:\/\/www.bookingkirkenes.no\/wp-content\/uploads\/2025\/04\/Mercedes-and-Toyota-1-16x12.jpg 16w, https:\/\/www.bookingkirkenes.no\/wp-content\/uploads\/2025\/04\/Mercedes-and-Toyota-1-600x450.jpg 600w, https:\/\/www.bookingkirkenes.no\/wp-content\/uploads\/2025\/04\/Mercedes-and-Toyota-1-64x48.jpg 64w\" sizes=\"(max-width: 1000px) 100vw, 1000px\" \/>\t\t\t\t\t\t\t\t\t\t\t\t\t\t\t<\/div>\n\t\t\t\t<\/div>\n\t\t\t\t\t<\/div>\n\t\t<\/div>\n\t\t\t\t<div class=\"elementor-column elementor-col-50 elementor-top-column elementor-element elementor-element-0e829cc\" data-id=\"0e829cc\" data-element_type=\"column\" data-e-type=\"column\">\n\t\t\t<div class=\"elementor-widget-wrap elementor-element-populated\">\n\t\t\t\t\t\t<div class=\"elementor-element elementor-element-42e39c2 elementor-widget elementor-widget-heading\" data-id=\"42e39c2\" data-element_type=\"widget\" data-e-type=\"widget\" data-widget_type=\"heading.default\">\n\t\t\t\t<div class=\"elementor-widget-container\">\n\t\t\t\t\t<h1 class=\"elementor-heading-title elementor-size-default\"><a href=\"https:\/\/www.bookingkirkenes.no\/fr\/shop\/swoof\/product_cat-transfers\/\">Booking Kirkenes propose un large choix de transports confortables et fiables pour les voyageurs individuels et les groupes. Voyagez avec style \u00e0 bord de notre monospace Mercedes Sprinter moderne (8 places) ou profitez d&#039;un trajet \u00e9cologique \u00e0 bord de notre monospace 100 % \u00e9lectrique (6 places). Pour les groupes plus importants, nous collaborons avec des compagnies de bus et de taxi locales de confiance afin de garantir un transport fluide et pratique, adapt\u00e9 \u00e0 vos besoins. \n\n<\/a><\/h1>\t\t\t\t<\/div>\n\t\t\t\t<\/div>\n\t\t\t\t<div class=\"elementor-element elementor-element-38ea833 elementor-icon-list--layout-traditional elementor-list-item-link-full_width elementor-widget elementor-widget-icon-list\" data-id=\"38ea833\" data-element_type=\"widget\" data-e-type=\"widget\" data-widget_type=\"icon-list.default\">\n\t\t\t\t<div class=\"elementor-widget-container\">\n\t\t\t\t\t\t\t<ul class=\"elementor-icon-list-items\">\n\t\t\t\t\t\t\t<li class=\"elementor-icon-list-item\">\n\t\t\t\t\t\t\t\t\t\t\t<span class=\"elementor-icon-list-icon\">\n\t\t\t\t\t\t\t<i aria-hidden=\"true\" class=\"fas fa-check\"><\/i>\t\t\t\t\t\t<\/span>\n\t\t\t\t\t\t\t\t\t\t<span class=\"elementor-icon-list-text\">transports locaux \u00e0 Kirkenes, transferts a\u00e9roport, transfert depuis\/vers l&#039;embarcad\u00e8re (Hurtigruten\/Havila)<\/span>\n\t\t\t\t\t\t\t\t\t<\/li>\n\t\t\t\t\t\t\t\t<li class=\"elementor-icon-list-item\">\n\t\t\t\t\t\t\t\t\t\t\t<span class=\"elementor-icon-list-icon\">\n\t\t\t\t\t\t\t<i aria-hidden=\"true\" class=\"fas fa-check\"><\/i>\t\t\t\t\t\t<\/span>\n\t\t\t\t\t\t\t\t\t\t<span class=\"elementor-icon-list-text\">Visites guid\u00e9es de Kirkenes et environs (avec ou sans guide)<\/span>\n\t\t\t\t\t\t\t\t\t<\/li>\n\t\t\t\t\t\t\t\t<li class=\"elementor-icon-list-item\">\n\t\t\t\t\t\t\t\t\t\t\t<span class=\"elementor-icon-list-icon\">\n\t\t\t\t\t\t\t<i aria-hidden=\"true\" class=\"fas fa-check\"><\/i>\t\t\t\t\t\t<\/span>\n\t\t\t\t\t\t\t\t\t\t<span class=\"elementor-icon-list-text\">transport r\u00e9gulier vers\/depuis la Finlande<\/span>\n\t\t\t\t\t\t\t\t\t<\/li>\n\t\t\t\t\t\t<\/ul>\n\t\t\t\t\t\t<\/div>\n\t\t\t\t<\/div>\n\t\t\t\t\t<\/div>\n\t\t<\/div>\n\t\t\t\t\t<\/div>\n\t\t<\/section>\n\t\t\t\t<section data-particle_enable=\"false\" data-particle-mobile-disabled=\"false\" class=\"elementor-section elementor-top-section elementor-element elementor-element-3e75254 elementor-section-boxed elementor-section-height-default elementor-section-height-default\" data-id=\"3e75254\" data-element_type=\"section\" data-e-type=\"section\" data-settings=\"{&quot;background_background&quot;:&quot;classic&quot;}\">\n\t\t\t\t\t\t<div class=\"elementor-container elementor-column-gap-default\">\n\t\t\t\t\t<div class=\"elementor-column elementor-col-50 elementor-top-column elementor-element elementor-element-ebaca35\" data-id=\"ebaca35\" data-element_type=\"column\" data-e-type=\"column\">\n\t\t\t<div class=\"elementor-widget-wrap elementor-element-populated\">\n\t\t\t\t\t\t<div class=\"elementor-element elementor-element-6c31157 elementor-widget elementor-widget-heading\" data-id=\"6c31157\" data-element_type=\"widget\" data-e-type=\"widget\" data-widget_type=\"heading.default\">\n\t\t\t\t<div class=\"elementor-widget-container\">\n\t\t\t\t\t<h2 class=\"elementor-heading-title elementor-size-default\">Visites priv\u00e9es avec minivan et chauffeur\/guide local<\/h2>\t\t\t\t<\/div>\n\t\t\t\t<\/div>\n\t\t\t\t<div class=\"elementor-element elementor-element-fd2e80f elementor-widget-divider--view-line elementor-widget elementor-widget-divider\" data-id=\"fd2e80f\" data-element_type=\"widget\" data-e-type=\"widget\" data-widget_type=\"divider.default\">\n\t\t\t\t<div class=\"elementor-widget-container\">\n\t\t\t\t\t\t\t<div class=\"elementor-divider\">\n\t\t\t<span class=\"elementor-divider-separator\">\n\t\t\t\t\t\t<\/span>\n\t\t<\/div>\n\t\t\t\t\t\t<\/div>\n\t\t\t\t<\/div>\n\t\t\t\t<div class=\"elementor-element elementor-element-3e504e7 elementor-widget elementor-widget-text-editor\" data-id=\"3e504e7\" data-element_type=\"widget\" data-e-type=\"widget\" data-widget_type=\"text-editor.default\">\n\t\t\t\t<div class=\"elementor-widget-container\">\n\t\t\t\t\t\t\t\t\t<p><strong>TARIFS jusqu&#039;au 30.11.2026* :<\/strong><br \/>Prix de d\u00e9part 2 heures : 5100 NOK pour 1 \u00e0 4 personnes<br \/>apr\u00e8s 2 heures : 2550 NOK par heure commenc\u00e9e (1 \u00e0 4 personnes)<\/p><p>*le prix comprend un guide\/chauffeur local (langue : norv\u00e9gien, anglais, fran\u00e7ais ou allemand) et le transport en minibus.<br \/>La prise en charge \u00e0 Kirkenes, \u00e0 l&#039;a\u00e9roport de Kirkenes, \u00e0 Hurtigrutekaia et au Snowhotel est incluse. Les prix sont calcul\u00e9s avec le lieu de d\u00e9part et d&#039;arriv\u00e9e \u00e0 l&#039;a\u00e9roport de Kirkenes\/Kirkenes entre 8h00 et 23h00.<\/p><p>plus d&#039;infos et r\u00e9servation :\u00a0<a href=\"https:\/\/www.bookingkirkenes.no\/fr\/produkt\/private-tours-with-local-guide\/\">https:\/\/www.bookingkirkenes.no\/produkt\/private-tours-with-local-guide\/<\/a><\/p>\t\t\t\t\t\t\t\t<\/div>\n\t\t\t\t<\/div>\n\t\t\t\t\t<\/div>\n\t\t<\/div>\n\t\t\t\t<div class=\"elementor-column elementor-col-50 elementor-top-column elementor-element elementor-element-a5dfc91\" data-id=\"a5dfc91\" data-element_type=\"column\" data-e-type=\"column\">\n\t\t\t<div class=\"elementor-widget-wrap elementor-element-populated\">\n\t\t\t\t\t\t<div class=\"elementor-element elementor-element-7d6c20d elementor-widget elementor-widget-image\" data-id=\"7d6c20d\" data-element_type=\"widget\" data-e-type=\"widget\" data-widget_type=\"image.default\">\n\t\t\t\t<div class=\"elementor-widget-container\">\n\t\t\t\t\t\t\t\t\t\t\t\t\t\t\t<img decoding=\"async\" width=\"385\" height=\"385\" src=\"https:\/\/www.bookingkirkenes.no\/wp-content\/uploads\/2022\/10\/7-1.jpg\" class=\"attachment-large size-large wp-image-3735\" alt=\"\" srcset=\"https:\/\/www.bookingkirkenes.no\/wp-content\/uploads\/2022\/10\/7-1.jpg 385w, https:\/\/www.bookingkirkenes.no\/wp-content\/uploads\/2022\/10\/7-1-300x300.jpg 300w, https:\/\/www.bookingkirkenes.no\/wp-content\/uploads\/2022\/10\/7-1-150x150.jpg 150w, https:\/\/www.bookingkirkenes.no\/wp-content\/uploads\/2022\/10\/7-1-12x12.jpg 12w, https:\/\/www.bookingkirkenes.no\/wp-content\/uploads\/2022\/10\/7-1-100x100.jpg 100w, https:\/\/www.bookingkirkenes.no\/wp-content\/uploads\/2022\/10\/7-1-64x64.jpg 64w\" sizes=\"(max-width: 385px) 100vw, 385px\" \/>\t\t\t\t\t\t\t\t\t\t\t\t\t\t\t<\/div>\n\t\t\t\t<\/div>\n\t\t\t\t\t<\/div>\n\t\t<\/div>\n\t\t\t\t\t<\/div>\n\t\t<\/section>\n\t\t\t\t<section data-particle_enable=\"false\" data-particle-mobile-disabled=\"false\" class=\"elementor-section elementor-top-section elementor-element elementor-element-2383021 elementor-section-boxed elementor-section-height-default elementor-section-height-default\" data-id=\"2383021\" data-element_type=\"section\" data-e-type=\"section\" data-settings=\"{&quot;background_background&quot;:&quot;classic&quot;}\">\n\t\t\t\t\t\t<div class=\"elementor-container elementor-column-gap-default\">\n\t\t\t\t\t<div class=\"elementor-column elementor-col-50 elementor-top-column elementor-element elementor-element-7dc6b52\" data-id=\"7dc6b52\" data-element_type=\"column\" data-e-type=\"column\">\n\t\t\t<div class=\"elementor-widget-wrap elementor-element-populated\">\n\t\t\t\t\t\t<div class=\"elementor-element elementor-element-21fbe27 elementor-widget elementor-widget-image\" data-id=\"21fbe27\" data-element_type=\"widget\" data-e-type=\"widget\" data-widget_type=\"image.default\">\n\t\t\t\t<div class=\"elementor-widget-container\">\n\t\t\t\t\t\t\t\t\t\t\t\t\t\t\t<img decoding=\"async\" width=\"1024\" height=\"768\" src=\"https:\/\/www.bookingkirkenes.no\/wp-content\/uploads\/2024\/03\/IMG_20191017_134043-1024x768.jpg\" class=\"attachment-large size-large wp-image-7268\" alt=\"\" srcset=\"https:\/\/www.bookingkirkenes.no\/wp-content\/uploads\/2024\/03\/IMG_20191017_134043-1024x768.jpg 1024w, https:\/\/www.bookingkirkenes.no\/wp-content\/uploads\/2024\/03\/IMG_20191017_134043-300x225.jpg 300w, https:\/\/www.bookingkirkenes.no\/wp-content\/uploads\/2024\/03\/IMG_20191017_134043-768x576.jpg 768w, https:\/\/www.bookingkirkenes.no\/wp-content\/uploads\/2024\/03\/IMG_20191017_134043-1536x1152.jpg 1536w, https:\/\/www.bookingkirkenes.no\/wp-content\/uploads\/2024\/03\/IMG_20191017_134043-2048x1536.jpg 2048w, https:\/\/www.bookingkirkenes.no\/wp-content\/uploads\/2024\/03\/IMG_20191017_134043-16x12.jpg 16w, https:\/\/www.bookingkirkenes.no\/wp-content\/uploads\/2024\/03\/IMG_20191017_134043-600x450.jpg 600w, https:\/\/www.bookingkirkenes.no\/wp-content\/uploads\/2024\/03\/IMG_20191017_134043-64x48.jpg 64w\" sizes=\"(max-width: 1024px) 100vw, 1024px\" \/>\t\t\t\t\t\t\t\t\t\t\t\t\t\t\t<\/div>\n\t\t\t\t<\/div>\n\t\t\t\t\t<\/div>\n\t\t<\/div>\n\t\t\t\t<div class=\"elementor-column elementor-col-50 elementor-top-column elementor-element elementor-element-39cc90b\" data-id=\"39cc90b\" data-element_type=\"column\" data-e-type=\"column\">\n\t\t\t<div class=\"elementor-widget-wrap elementor-element-populated\">\n\t\t\t\t\t\t<div class=\"elementor-element elementor-element-b9b201d elementor-widget elementor-widget-heading\" data-id=\"b9b201d\" data-element_type=\"widget\" data-e-type=\"widget\" data-widget_type=\"heading.default\">\n\t\t\t\t<div class=\"elementor-widget-container\">\n\t\t\t\t\t<h2 class=\"elementor-heading-title elementor-size-default\">Transferts depuis\/vers la Finlande<\/h2>\t\t\t\t<\/div>\n\t\t\t\t<\/div>\n\t\t\t\t<div class=\"elementor-element elementor-element-cfd6eeb elementor-widget elementor-widget-text-editor\" data-id=\"cfd6eeb\" data-element_type=\"widget\" data-e-type=\"widget\" data-widget_type=\"text-editor.default\">\n\t\t\t\t<div class=\"elementor-widget-container\">\n\t\t\t\t\t\t\t\t\t<p>Nous proposons des transferts programm\u00e9s et priv\u00e9s avec des heures de d\u00e9part fixes entre Kirkenes et Inari \u2013 Ivalo \u2013 a\u00e9roport d&#039;Ivalo \u2013 Saariselk\u00e4 et Kakslautanen (attention : nous ne proposons pas de transferts depuis\/vers Rovaniemi)<\/p>\n<p><strong>Tous les transferts doivent \u00eatre r\u00e9serv\u00e9s par e-mail \u00e0 l&#039;avance, au moins 2 semaines avant la date du voyage.<\/strong><\/p>\n<p><strong>HORAIRES ET TARIFS DES TRANSFERTS R\u00c9GULIERS :<\/strong><\/p>\n<p><a href=\"https:\/\/www.bookingkirkenes.no\/wp-content\/uploads\/2025\/07\/Visit-Inari-scheduled-transfer-25-26.pdf\" target=\"_blank\" rel=\"noopener\">Transfert quotidien programm\u00e9 depuis\/vers la Finlande<\/a>&nbsp;Pour r\u00e9server :&nbsp;<a href=\"https:\/\/www.bookingkirkenes.no\/fr\/produkt\/transfer-kirkenes-finland\/\" target=\"_blank\" style=\"background-color: rgb(255, 255, 255);\">Cliquez ici<\/a><\/p>\n<p>Le transfert programm\u00e9 a une heure de d\u00e9part fixe et il y aura d&#039;autres invit\u00e9s \u00e0 bord du bus.<\/p>\n<p><strong>TARIFS DES TRANSFERTS PRIV\u00c9S :<\/strong><\/p>\n<p><a href=\"https:\/\/www.bookingkirkenes.no\/wp-content\/uploads\/2025\/07\/VisitInariPrivatTransfer2024-26.pdf\" target=\"_blank\" rel=\"noopener\">Transfert priv\u00e9 depuis\/vers la Finlande<\/a><\/p>\n<p>Le transfert priv\u00e9 est un service de taxi. Vous choisissez l&#039;heure et le lieu de prise en charge, et il n&#039;y a pas d&#039;autres passagers \u00e0 bord.<\/p>\n<p><strong>COMMENT R\u00c9SERVER?<\/strong><br>Pour r\u00e9server, veuillez envoyer un e-mail \u00e0 info@bookingkirkenes.no<\/p>\n<p>\u2022 Date de voyage<br>\u2022 Nombre de voyageurs<br>\u2022 Votre nom<br>\u2022 Votre num\u00e9ro de t\u00e9l\u00e9phone portable<br>\u2022 Point de prise en charge (lieu et h\u00f4tel) et heure<br>\u2022 Point de d\u00e9pose (lieu et h\u00f4tel)<\/p>\n<p>Vous recevrez une confirmation de notre part par e-mail, comprenant un lien de paiement.<br>Le service r\u00e9serv\u00e9 doit \u00eatre r\u00e9serv\u00e9 et pay\u00e9 \u00e0 l\u2019avance.<\/p>\n<p>Pour les conditions d\u2019annulation, veuillez v\u00e9rifier ici\u00a0: <a href=\"https:\/\/www.bookingkirkenes.no\/fr\/about-us\/general-terms\/\" target=\"_blank\" rel=\"noopener\">https:\/\/www.bookingkirkenes.no\/about-us\/general-terms\/<\/a><\/p>\t\t\t\t\t\t\t\t<\/div>\n\t\t\t\t<\/div>\n\t\t\t\t<div class=\"elementor-element elementor-element-417b8b3 elementor-widget elementor-widget-text-editor\" data-id=\"417b8b3\" data-element_type=\"widget\" data-e-type=\"widget\" data-widget_type=\"text-editor.default\">\n\t\t\t\t<div class=\"elementor-widget-container\">\n\t\t\t\t\t\t\t\t\t<p>Nous proposons des transferts programm\u00e9s et priv\u00e9s avec des heures de d\u00e9part fixes entre Kirkenes et Inari \u2013 Ivalo \u2013 a\u00e9roport d&#039;Ivalo \u2013 Saariselk\u00e4 et Kakslautanen (attention : nous ne proposons pas de transferts depuis\/vers Rovaniemi)<\/p><p><strong>Tous les transferts doivent \u00eatre r\u00e9serv\u00e9s par e-mail \u00e0 l&#039;avance, au moins 2 semaines avant la date du voyage.<\/strong><\/p><p><strong>HORAIRES ET TARIFS DES TRANSFERTS R\u00c9GULIERS :<\/strong><\/p><p><a href=\"https:\/\/www.bookingkirkenes.no\/wp-content\/uploads\/2025\/07\/Visit-Inari-scheduled-transfer-25-26.pdf\" target=\"_blank\" rel=\"noopener\">Transfert quotidien programm\u00e9 depuis\/vers la Finlande<\/a>\u00a0Pour r\u00e9server :\u00a0<\/p><p>Le transfert programm\u00e9 a une heure de d\u00e9part fixe et il y aura d&#039;autres invit\u00e9s \u00e0 bord du bus.<\/p><p><strong>TARIFS DES TRANSFERTS PRIV\u00c9S :<\/strong><\/p><p><a href=\"https:\/\/www.bookingkirkenes.no\/wp-content\/uploads\/2025\/07\/VisitInariPrivatTransfer2024-26.pdf\" target=\"_blank\" rel=\"noopener\">Transfert priv\u00e9 depuis\/vers la Finlande<\/a><\/p><p>Le transfert priv\u00e9 est un service de taxi. Vous choisissez l&#039;heure et le lieu de prise en charge, et il n&#039;y a pas d&#039;autres passagers \u00e0 bord.<\/p><p><strong>COMMENT R\u00c9SERVER?<\/strong><br \/>Pour r\u00e9server, veuillez envoyer un e-mail \u00e0 info@bookingkirkenes.no<\/p><p>\u2022 Date de voyage<br \/>\u2022 Nombre de voyageurs<br \/>\u2022 Votre nom<br \/>\u2022 Votre num\u00e9ro de t\u00e9l\u00e9phone portable<br \/>\u2022 Point de prise en charge (lieu et h\u00f4tel) et heure<br \/>\u2022 Point de d\u00e9pose (lieu et h\u00f4tel)<\/p><p>Vous recevrez une confirmation de notre part par e-mail, comprenant un lien de paiement.<br \/>Le service r\u00e9serv\u00e9 doit \u00eatre r\u00e9serv\u00e9 et pay\u00e9 \u00e0 l\u2019avance.<\/p><p>Pour les conditions d\u2019annulation, veuillez v\u00e9rifier ici\u00a0: <a href=\"https:\/\/www.bookingkirkenes.no\/fr\/about-us\/general-terms\/\" target=\"_blank\" rel=\"noopener\">https:\/\/www.bookingkirkenes.no\/about-us\/general-terms\/<\/a><\/p>\t\t\t\t\t\t\t\t<\/div>\n\t\t\t\t<\/div>\n\t\t\t\t\t<\/div>\n\t\t<\/div>\n\t\t\t\t\t<\/div>\n\t\t<\/section>\n\t\t\t\t<\/div>","protected":false},"excerpt":{"rendered":"<p>Booking Kirkenes offers a wide range of comfortable and reliable transportation options for individual guests and groups. Travel in style with our modern Mercedes Sprinter minivan (8 seats) or enjoy an eco-friendly ride in our fully electric minivan (6 seats). For larger groups, we collaborate with trusted local bus and taxi companies to ensure smooth [&hellip;]<\/p>\n","protected":false},"author":4,"featured_media":0,"parent":0,"menu_order":0,"comment_status":"closed","ping_status":"closed","template":"elementor_header_footer","meta":{"site-sidebar-layout":"no-sidebar","site-content-layout":"page-builder","ast-site-content-layout":"default","site-content-style":"default","site-sidebar-style":"default","ast-global-header-display":"","ast-banner-title-visibility":"","ast-main-header-display":"","ast-hfb-above-header-display":"","ast-hfb-below-header-display":"","ast-hfb-mobile-header-display":"","site-post-title":"disabled","ast-breadcrumbs-content":"","ast-featured-img":"disabled","footer-sml-layout":"","ast-disable-related-posts":"","theme-transparent-header-meta":"","adv-header-id-meta":"","stick-header-meta":"","header-above-stick-meta":"","header-main-stick-meta":"","header-below-stick-meta":"","astra-migrate-meta-layouts":"default","ast-page-background-enabled":"default","ast-page-background-meta":{"desktop":{"background-color":"var(--ast-global-color-4)","background-image":"","background-repeat":"repeat","background-position":"center center","background-size":"auto","background-attachment":"scroll","background-type":"","background-media":"","overlay-type":"","overlay-color":"","overlay-opacity":"","overlay-gradient":""},"tablet":{"background-color":"","background-image":"","background-repeat":"repeat","background-position":"center center","background-size":"auto","background-attachment":"scroll","background-type":"","background-media":"","overlay-type":"","overlay-color":"","overlay-opacity":"","overlay-gradient":""},"mobile":{"background-color":"","background-image":"","background-repeat":"repeat","background-position":"center center","background-size":"auto","background-attachment":"scroll","background-type":"","background-media":"","overlay-type":"","overlay-color":"","overlay-opacity":"","overlay-gradient":""}},"ast-content-background-meta":{"desktop":{"background-color":"var(--ast-global-color-5)","background-image":"","background-repeat":"repeat","background-position":"center center","background-size":"auto","background-attachment":"scroll","background-type":"","background-media":"","overlay-type":"","overlay-color":"","overlay-opacity":"","overlay-gradient":""},"tablet":{"background-color":"var(--ast-global-color-5)","background-image":"","background-repeat":"repeat","background-position":"center center","background-size":"auto","background-attachment":"scroll","background-type":"","background-media":"","overlay-type":"","overlay-color":"","overlay-opacity":"","overlay-gradient":""},"mobile":{"background-color":"var(--ast-global-color-5)","background-image":"","background-repeat":"repeat","background-position":"center center","background-size":"auto","background-attachment":"scroll","background-type":"","background-media":"","overlay-type":"","overlay-color":"","overlay-opacity":"","overlay-gradient":""}},"footnotes":""},"class_list":["post-3765","page","type-page","status-publish","hentry"],"aioseo_notices":[],"_links":{"self":[{"href":"https:\/\/www.bookingkirkenes.no\/fr\/wp-json\/wp\/v2\/pages\/3765","targetHints":{"allow":["GET"]}}],"collection":[{"href":"https:\/\/www.bookingkirkenes.no\/fr\/wp-json\/wp\/v2\/pages"}],"about":[{"href":"https:\/\/www.bookingkirkenes.no\/fr\/wp-json\/wp\/v2\/types\/page"}],"author":[{"embeddable":true,"href":"https:\/\/www.bookingkirkenes.no\/fr\/wp-json\/wp\/v2\/users\/4"}],"replies":[{"embeddable":true,"href":"https:\/\/www.bookingkirkenes.no\/fr\/wp-json\/wp\/v2\/comments?post=3765"}],"version-history":[{"count":165,"href":"https:\/\/www.bookingkirkenes.no\/fr\/wp-json\/wp\/v2\/pages\/3765\/revisions"}],"predecessor-version":[{"id":12747,"href":"https:\/\/www.bookingkirkenes.no\/fr\/wp-json\/wp\/v2\/pages\/3765\/revisions\/12747"}],"wp:attachment":[{"href":"https:\/\/www.bookingkirkenes.no\/fr\/wp-json\/wp\/v2\/media?parent=3765"}],"curies":[{"name":"wp","href":"https:\/\/api.w.org\/{rel}","templated":true}]}}