{"id":29,"date":"2021-10-21T14:32:57","date_gmt":"2021-10-21T12:32:57","guid":{"rendered":"https:\/\/www.bookingkirkenes.no\/?page_id=29"},"modified":"2022-08-26T13:57:00","modified_gmt":"2022-08-26T11:57:00","slug":"opening-hours","status":"publish","type":"page","link":"https:\/\/www.bookingkirkenes.no\/fr\/about-us\/opening-hours\/","title":{"rendered":"Horaires d&#039;ouvertures"},"content":{"rendered":"<h2 class=\"wp-block-heading\">Horaires d&#039;ouverture de la boutique et du bureau de r\u00e9servation\u00a0:<\/h2>\n\n\n\n<p>Du lundi au vendredi de 09h30 \u00e0 15h00<br>Samedi et dimanche ferm\u00e9<\/p>\n\n\n\n<p>Le t\u00e9l\u00e9phone est ouvert de 10h00 \u00e0 14h00<\/p>\n\n\n\n<p>Nous vous recommandons de r\u00e9server vos visites \u00e0 l&#039;avance.<br>Attention : nous ne proc\u00e9dons \u00e0 aucune r\u00e9servation en ligne le week-end ou les jours f\u00e9ri\u00e9s.<br>Si vous souhaitez r\u00e9server une visite pour le week-end, vous devez r\u00e9server au plus tard le vendredi avant 12h30.<\/p>","protected":false},"excerpt":{"rendered":"<p>Opening hours shop &amp; booking office: Monday to Friday 09.30 \u2013 15.00Saturday and Sunday closed Phone is open from 10.00 &#8211; 14.00 We recommend to book your tours in advance.Please note: we do not proceed any online bookings in the weekend or holidays.If you want to book a tour for the weekend you need to [&hellip;]<\/p>\n","protected":false},"author":1,"featured_media":2560,"parent":23,"menu_order":3,"comment_status":"closed","ping_status":"closed","template":"","meta":{"site-sidebar-layout":"default","site-content-layout":"default","ast-site-content-layout":"default","site-content-style":"default","site-sidebar-style":"default","ast-global-header-display":"","ast-banner-title-visibility":"","ast-main-header-display":"","ast-hfb-above-header-display":"","ast-hfb-below-header-display":"","ast-hfb-mobile-header-display":"","site-post-title":"","ast-breadcrumbs-content":"","ast-featured-img":"","footer-sml-layout":"","ast-disable-related-posts":"","theme-transparent-header-meta":"default","adv-header-id-meta":"","stick-header-meta":"","header-above-stick-meta":"","header-main-stick-meta":"","header-below-stick-meta":"","astra-migrate-meta-layouts":"default","ast-page-background-enabled":"default","ast-page-background-meta":{"desktop":{"background-color":"var(--ast-global-color-4)","background-image":"","background-repeat":"repeat","background-position":"center center","background-size":"auto","background-attachment":"scroll","background-type":"","background-media":"","overlay-type":"","overlay-color":"","overlay-opacity":"","overlay-gradient":""},"tablet":{"background-color":"","background-image":"","background-repeat":"repeat","background-position":"center center","background-size":"auto","background-attachment":"scroll","background-type":"","background-media":"","overlay-type":"","overlay-color":"","overlay-opacity":"","overlay-gradient":""},"mobile":{"background-color":"","background-image":"","background-repeat":"repeat","background-position":"center center","background-size":"auto","background-attachment":"scroll","background-type":"","background-media":"","overlay-type":"","overlay-color":"","overlay-opacity":"","overlay-gradient":""}},"ast-content-background-meta":{"desktop":{"background-color":"var(--ast-global-color-5)","background-image":"","background-repeat":"repeat","background-position":"center center","background-size":"auto","background-attachment":"scroll","background-type":"","background-media":"","overlay-type":"","overlay-color":"","overlay-opacity":"","overlay-gradient":""},"tablet":{"background-color":"var(--ast-global-color-5)","background-image":"","background-repeat":"repeat","background-position":"center center","background-size":"auto","background-attachment":"scroll","background-type":"","background-media":"","overlay-type":"","overlay-color":"","overlay-opacity":"","overlay-gradient":""},"mobile":{"background-color":"var(--ast-global-color-5)","background-image":"","background-repeat":"repeat","background-position":"center center","background-size":"auto","background-attachment":"scroll","background-type":"","background-media":"","overlay-type":"","overlay-color":"","overlay-opacity":"","overlay-gradient":""}},"footnotes":""},"class_list":["post-29","page","type-page","status-publish","has-post-thumbnail","hentry"],"aioseo_notices":[],"_links":{"self":[{"href":"https:\/\/www.bookingkirkenes.no\/fr\/wp-json\/wp\/v2\/pages\/29","targetHints":{"allow":["GET"]}}],"collection":[{"href":"https:\/\/www.bookingkirkenes.no\/fr\/wp-json\/wp\/v2\/pages"}],"about":[{"href":"https:\/\/www.bookingkirkenes.no\/fr\/wp-json\/wp\/v2\/types\/page"}],"author":[{"embeddable":true,"href":"https:\/\/www.bookingkirkenes.no\/fr\/wp-json\/wp\/v2\/users\/1"}],"replies":[{"embeddable":true,"href":"https:\/\/www.bookingkirkenes.no\/fr\/wp-json\/wp\/v2\/comments?post=29"}],"version-history":[{"count":9,"href":"https:\/\/www.bookingkirkenes.no\/fr\/wp-json\/wp\/v2\/pages\/29\/revisions"}],"predecessor-version":[{"id":2586,"href":"https:\/\/www.bookingkirkenes.no\/fr\/wp-json\/wp\/v2\/pages\/29\/revisions\/2586"}],"up":[{"embeddable":true,"href":"https:\/\/www.bookingkirkenes.no\/fr\/wp-json\/wp\/v2\/pages\/23"}],"wp:featuredmedia":[{"embeddable":true,"href":"https:\/\/www.bookingkirkenes.no\/fr\/wp-json\/wp\/v2\/media\/2560"}],"wp:attachment":[{"href":"https:\/\/www.bookingkirkenes.no\/fr\/wp-json\/wp\/v2\/media?parent=29"}],"curies":[{"name":"wp","href":"https:\/\/api.w.org\/{rel}","templated":true}]}}