{"id":21,"date":"2021-10-21T14:18:29","date_gmt":"2021-10-21T12:18:29","guid":{"rendered":"https:\/\/www.bookingkirkenes.no\/?page_id=21"},"modified":"2022-10-28T06:55:49","modified_gmt":"2022-10-28T04:55:49","slug":"guideservice-3","status":"publish","type":"page","link":"https:\/\/www.bookingkirkenes.no\/fr\/guideservice-3\/","title":{"rendered":"Service de guide"},"content":{"rendered":"<h2 class=\"wp-block-heading\">Guide local<\/h2>\n\n\n\n<p>Vous avez besoin d&#039;un guide local pour votre groupe ? Ou une visite priv\u00e9e avec l&#039;un de nos guides ? Nous faisons appel uniquement \u00e0 des guides locaux qui vivent ici depuis longtemps. Ils pimentent toujours la visite avec leurs propres exp\u00e9riences et offrent une grande connaissance de notre r\u00e9gion. Vous obtenez des informations sur l\u2019histoire, le climat, le mode de vie dans le Nord et bien plus encore.<\/p>\n\n\n\n<p>Une visite avec un guide local fait toute la diff\u00e9rence.<\/p>\n\n\n\n<p>Pour la liste de prix et la r\u00e9servation, envoyez un e-mail \u00e0\u00a0: info@bookingkirkenes.no<\/p>\n\n\n\n<h2 class=\"wp-block-heading\">Visites priv\u00e9es avec minibus et chauffeur\/guide<\/h2>\n\n\n\n<p><\/p>\n\n\n\n<p>Disponible toute l\u2019ann\u00e9e de 08h00 \u00e0 23h00<br>Dur\u00e9e\u00a0: 2 \u00e0 9\u00a0heures<br>pour 1 \u00e0 12 personnes (pour les groupes plus importants, veuillez nous envoyer un e-mail)<\/p>\n\n\n\n<p>R\u00e9servez un minibus et un guide\/chauffeur local pour une visite priv\u00e9e. Vous d\u00e9cidez du nombre d&#039;heures et nous pouvons vous recommander o\u00f9 aller et personnaliser la visite uniquement pour vous. Aucun autre invit\u00e9 ne se joindra \u00e0 nous, ce qui signifie que nous ne m\u00e9langeons pas les groupes et ne r\u00e9servons pas d&#039;autres invit\u00e9s sur le m\u00eame d\u00e9part. C&#039;est une fa\u00e7on s\u00fbre de d\u00e9couvrir notre belle r\u00e9gion. Vous b\u00e9n\u00e9ficiez d&#039;une exp\u00e9rience personnelle avec l&#039;un de nos guides\/chauffeurs locaux.<br>Voyagez dans nos minibus neufs et confortables. Nous pouvons utiliser notre remorque pour vos bagages.<\/p>\n\n\n\n<p>Nous proposons des excursions dans diff\u00e9rents endroits de la commune et du Finnmark.<br>Nos guides parlent norv\u00e9gien, anglais ou allemand et sont tous des experts locaux.<\/p>\n\n\n\n<p><br>Suggestions de visites\u00a0: visite de Kirkenes, fronti\u00e8re russe, visite du Snowhotel, visites des aurores bor\u00e9ales, visite de la vall\u00e9e de Pasvik et du centre d&#039;accueil du parc national. Nous avons de nombreuses id\u00e9es pour votre visite !<\/p>\n\n\n\n<p><strong>TARIFS jusqu&#039;au 30.11.2022* :<\/strong><br>Prix de d\u00e9part 2 heures : 3800 NOK pour 1-6 personnes, 4800 NOK pour 7-12 personnes<br>apr\u00e8s 2 heures : 1000 NOK par heure commenc\u00e9e (1 \u00e0 12 personnes)<\/p>\n\n\n\n<p>*le prix comprend un guide\/chauffeur local (langue : norv\u00e9gien, anglais ou allemand) et le transport en minibus Mercedes Sprinter<br>La prise en charge \u00e0 Kirkenes, \u00e0 l&#039;a\u00e9roport de Kirkenes, \u00e0 Hurtigrutekaia et au Snowhotel est incluse. Les prix sont calcul\u00e9s avec le lieu de d\u00e9part et d&#039;arriv\u00e9e \u00e0 l&#039;a\u00e9roport de Kirkenes\/Kirkenes entre 8h00 et 23h00.<\/p>\n\n\n\n<p>Plus d&#039;informations: <a href=\"https:\/\/www.bookingkirkenes.no\/fr\/produkt\/private-tours-with-local-guide\/\">https:\/\/www.bookingkirkenes.no\/produkt\/private-tours-with-local-guide\/<\/a><\/p>\n\n\n\n<p>Pour des suggestions de visites et des prix\u00a0: envoyez un e-mail \u00e0 info@bookingkirkenes.no<\/p>","protected":false},"excerpt":{"rendered":"<p>Local guiding You need a local guide for your group? Or a private tour with one of our guides? We only use local guides who have lived here for a long time. They always spice the tour with own experiences and they offer great knowledge about our area. You get information about history, climate, lifestyle [&hellip;]<\/p>\n","protected":false},"author":1,"featured_media":1118,"parent":0,"menu_order":0,"comment_status":"closed","ping_status":"closed","template":"","meta":{"site-sidebar-layout":"default","site-content-layout":"default","ast-site-content-layout":"default","site-content-style":"default","site-sidebar-style":"default","ast-global-header-display":"","ast-banner-title-visibility":"","ast-main-header-display":"","ast-hfb-above-header-display":"","ast-hfb-below-header-display":"","ast-hfb-mobile-header-display":"","site-post-title":"","ast-breadcrumbs-content":"","ast-featured-img":"","footer-sml-layout":"","ast-disable-related-posts":"","theme-transparent-header-meta":"default","adv-header-id-meta":"","stick-header-meta":"","header-above-stick-meta":"","header-main-stick-meta":"","header-below-stick-meta":"","astra-migrate-meta-layouts":"default","ast-page-background-enabled":"default","ast-page-background-meta":{"desktop":{"background-color":"var(--ast-global-color-4)","background-image":"","background-repeat":"repeat","background-position":"center center","background-size":"auto","background-attachment":"scroll","background-type":"","background-media":"","overlay-type":"","overlay-color":"","overlay-opacity":"","overlay-gradient":""},"tablet":{"background-color":"","background-image":"","background-repeat":"repeat","background-position":"center center","background-size":"auto","background-attachment":"scroll","background-type":"","background-media":"","overlay-type":"","overlay-color":"","overlay-opacity":"","overlay-gradient":""},"mobile":{"background-color":"","background-image":"","background-repeat":"repeat","background-position":"center center","background-size":"auto","background-attachment":"scroll","background-type":"","background-media":"","overlay-type":"","overlay-color":"","overlay-opacity":"","overlay-gradient":""}},"ast-content-background-meta":{"desktop":{"background-color":"var(--ast-global-color-5)","background-image":"","background-repeat":"repeat","background-position":"center center","background-size":"auto","background-attachment":"scroll","background-type":"","background-media":"","overlay-type":"","overlay-color":"","overlay-opacity":"","overlay-gradient":""},"tablet":{"background-color":"var(--ast-global-color-5)","background-image":"","background-repeat":"repeat","background-position":"center center","background-size":"auto","background-attachment":"scroll","background-type":"","background-media":"","overlay-type":"","overlay-color":"","overlay-opacity":"","overlay-gradient":""},"mobile":{"background-color":"var(--ast-global-color-5)","background-image":"","background-repeat":"repeat","background-position":"center center","background-size":"auto","background-attachment":"scroll","background-type":"","background-media":"","overlay-type":"","overlay-color":"","overlay-opacity":"","overlay-gradient":""}},"footnotes":""},"class_list":["post-21","page","type-page","status-publish","has-post-thumbnail","hentry"],"aioseo_notices":[],"_links":{"self":[{"href":"https:\/\/www.bookingkirkenes.no\/fr\/wp-json\/wp\/v2\/pages\/21","targetHints":{"allow":["GET"]}}],"collection":[{"href":"https:\/\/www.bookingkirkenes.no\/fr\/wp-json\/wp\/v2\/pages"}],"about":[{"href":"https:\/\/www.bookingkirkenes.no\/fr\/wp-json\/wp\/v2\/types\/page"}],"author":[{"embeddable":true,"href":"https:\/\/www.bookingkirkenes.no\/fr\/wp-json\/wp\/v2\/users\/1"}],"replies":[{"embeddable":true,"href":"https:\/\/www.bookingkirkenes.no\/fr\/wp-json\/wp\/v2\/comments?post=21"}],"version-history":[{"count":8,"href":"https:\/\/www.bookingkirkenes.no\/fr\/wp-json\/wp\/v2\/pages\/21\/revisions"}],"predecessor-version":[{"id":2268,"href":"https:\/\/www.bookingkirkenes.no\/fr\/wp-json\/wp\/v2\/pages\/21\/revisions\/2268"}],"wp:featuredmedia":[{"embeddable":true,"href":"https:\/\/www.bookingkirkenes.no\/fr\/wp-json\/wp\/v2\/media\/1118"}],"wp:attachment":[{"href":"https:\/\/www.bookingkirkenes.no\/fr\/wp-json\/wp\/v2\/media?parent=21"}],"curies":[{"name":"wp","href":"https:\/\/api.w.org\/{rel}","templated":true}]}}