{"id":19,"date":"2021-10-21T14:18:10","date_gmt":"2021-10-21T12:18:10","guid":{"rendered":"https:\/\/www.bookingkirkenes.no\/?page_id=19"},"modified":"2022-10-28T06:50:33","modified_gmt":"2022-10-28T04:50:33","slug":"transportation-3","status":"publish","type":"page","link":"https:\/\/www.bookingkirkenes.no\/fr\/transportation-3\/","title":{"rendered":"Transport in Kirkenes and area"},"content":{"rendered":"<p>Transferts en taxi priv\u00e9 (2-3 personnes)<br>Minivan Mercedes tout confort (max 8 personnes)<br>Minibus Mercedes grand confort (max 16 personnes)<br>Autocars jusqu&#039;\u00e0 50 places<\/p>\n\n\n\n<ul class=\"wp-block-list\" id=\"block-733195ca-d7df-4d0c-8785-cd90aed2fe1e\"><li>transport local \u00e0 Kirkenes, transfert a\u00e9roport, transfert depuis\/vers la jet\u00e9e Hurtigruten<\/li><li>Visites guid\u00e9es de Kirkenes et environs (avec ou sans guide)<\/li><li>transport vers\/depuis la Finlande<\/li><\/ul>\n\n\n\n<h2 class=\"wp-block-heading\">Visites priv\u00e9es avec mini van et chauffeur\/guide<\/h2>\n\n\n\n<p>Visites priv\u00e9es \u00e0 Kirkenes avec guide\/chauffeur local (langues : anglais, norv\u00e9gien, allemand) dans notre nouveau minivan (max 8 personnes) ou dans notre minibus (max 16 personnes). Pas d&#039;autres invit\u00e9s.<br><br>Suggestions de visites\u00a0: visite de Kirkenes, fronti\u00e8re russe, visite du Snowhotel, visites des aurores bor\u00e9ales, visite de la vall\u00e9e de Pasvik et du centre d&#039;accueil du parc national. Nous avons de nombreuses id\u00e9es pour votre visite !<\/p>\n\n\n\n<p><strong>TARIFS jusqu&#039;au 31.05.2023* :<\/strong><br>Prix de d\u00e9part 2 heures : 3900 NOK pour 1 \u00e0 10 personnes<br>apr\u00e8s 2 heures : 1100 NOK par heure commenc\u00e9e (1 \u00e0 10 personnes)<\/p>\n\n\n\n<p>*le prix comprend un guide\/chauffeur local (langue : norv\u00e9gien, anglais ou allemand) et le transport en minivan ou minibus Mercedes.<br>La prise en charge \u00e0 Kirkenes, \u00e0 l&#039;a\u00e9roport de Kirkenes, \u00e0 Hurtigrutekaia et au Snowhotel est incluse. Les prix sont calcul\u00e9s avec le lieu de d\u00e9part et d&#039;arriv\u00e9e \u00e0 l&#039;a\u00e9roport de Kirkenes\/Kirkenes entre 8h00 et 23h00.<br><\/p>\n\n\n\n<p>plus d&#039;infos et r\u00e9servation : <a href=\"https:\/\/www.bookingkirkenes.no\/fr\/produkt\/private-tours-with-local-guide\/\">https:\/\/www.bookingkirkenes.no\/produkt\/private-tours-with-local-guide\/<\/a><\/p>\n\n\n\n<h2 class=\"wp-block-heading\">Taxi<\/h2>\n\n\n\n<p>Taxi \u00e0 Kirkenes : transfert a\u00e9roport, transfert vers le quai, visites touristiques en taxi<\/p>\n\n\n\n<h2 class=\"wp-block-heading\">Transferts priv\u00e9s depuis\/vers la Finlande<\/h2>\n\n\n\n<p>Nous proposons des transferts priv\u00e9s et programm\u00e9s (pas d&#039;autres invit\u00e9s et heures de d\u00e9part individuelles) entre Kirkenes et Inari \u2013 Ivalo \u2013 a\u00e9roport d&#039;Ivalo \u2013 Saariselk\u00e4 et Kakslautannen<br>Pour le prix et la r\u00e9servation, veuillez nous contacter par email<br><br>Tous les transferts doivent \u00eatre r\u00e9serv\u00e9s \u00e0 l&#039;avance.<\/p>\n\n\n\n<hr class=\"wp-block-separator has-css-opacity\"\/>\n\n\n\n<hr class=\"wp-block-separator has-css-opacity\"\/>","protected":false},"excerpt":{"rendered":"<p>Private taxi transfers (2-3 persons)Minivan Mercedes with high comofort (max 8 persons)Minibus Mercedes with high comfort (max 16 persons)Coaches up to 50 seats local transportation in Kirkenes, airport transfer, transfer from\/to Hurtigruten pier Round tours in Kirkenes and surroundings (with or without guiding) transportation to\/from Finland Private tours with mini van and driver\/guide Private round [&hellip;]<\/p>\n","protected":false},"author":1,"featured_media":1791,"parent":0,"menu_order":0,"comment_status":"closed","ping_status":"closed","template":"","meta":{"site-sidebar-layout":"default","site-content-layout":"default","ast-site-content-layout":"default","site-content-style":"default","site-sidebar-style":"default","ast-global-header-display":"","ast-banner-title-visibility":"","ast-main-header-display":"","ast-hfb-above-header-display":"","ast-hfb-below-header-display":"","ast-hfb-mobile-header-display":"","site-post-title":"","ast-breadcrumbs-content":"","ast-featured-img":"","footer-sml-layout":"","ast-disable-related-posts":"","theme-transparent-header-meta":"default","adv-header-id-meta":"","stick-header-meta":"","header-above-stick-meta":"","header-main-stick-meta":"","header-below-stick-meta":"","astra-migrate-meta-layouts":"default","ast-page-background-enabled":"default","ast-page-background-meta":{"desktop":{"background-color":"var(--ast-global-color-4)","background-image":"","background-repeat":"repeat","background-position":"center center","background-size":"auto","background-attachment":"scroll","background-type":"","background-media":"","overlay-type":"","overlay-color":"","overlay-opacity":"","overlay-gradient":""},"tablet":{"background-color":"","background-image":"","background-repeat":"repeat","background-position":"center center","background-size":"auto","background-attachment":"scroll","background-type":"","background-media":"","overlay-type":"","overlay-color":"","overlay-opacity":"","overlay-gradient":""},"mobile":{"background-color":"","background-image":"","background-repeat":"repeat","background-position":"center center","background-size":"auto","background-attachment":"scroll","background-type":"","background-media":"","overlay-type":"","overlay-color":"","overlay-opacity":"","overlay-gradient":""}},"ast-content-background-meta":{"desktop":{"background-color":"var(--ast-global-color-5)","background-image":"","background-repeat":"repeat","background-position":"center center","background-size":"auto","background-attachment":"scroll","background-type":"","background-media":"","overlay-type":"","overlay-color":"","overlay-opacity":"","overlay-gradient":""},"tablet":{"background-color":"var(--ast-global-color-5)","background-image":"","background-repeat":"repeat","background-position":"center center","background-size":"auto","background-attachment":"scroll","background-type":"","background-media":"","overlay-type":"","overlay-color":"","overlay-opacity":"","overlay-gradient":""},"mobile":{"background-color":"var(--ast-global-color-5)","background-image":"","background-repeat":"repeat","background-position":"center center","background-size":"auto","background-attachment":"scroll","background-type":"","background-media":"","overlay-type":"","overlay-color":"","overlay-opacity":"","overlay-gradient":""}},"footnotes":""},"class_list":["post-19","page","type-page","status-publish","has-post-thumbnail","hentry"],"aioseo_notices":[],"_links":{"self":[{"href":"https:\/\/www.bookingkirkenes.no\/fr\/wp-json\/wp\/v2\/pages\/19","targetHints":{"allow":["GET"]}}],"collection":[{"href":"https:\/\/www.bookingkirkenes.no\/fr\/wp-json\/wp\/v2\/pages"}],"about":[{"href":"https:\/\/www.bookingkirkenes.no\/fr\/wp-json\/wp\/v2\/types\/page"}],"author":[{"embeddable":true,"href":"https:\/\/www.bookingkirkenes.no\/fr\/wp-json\/wp\/v2\/users\/1"}],"replies":[{"embeddable":true,"href":"https:\/\/www.bookingkirkenes.no\/fr\/wp-json\/wp\/v2\/comments?post=19"}],"version-history":[{"count":20,"href":"https:\/\/www.bookingkirkenes.no\/fr\/wp-json\/wp\/v2\/pages\/19\/revisions"}],"predecessor-version":[{"id":3209,"href":"https:\/\/www.bookingkirkenes.no\/fr\/wp-json\/wp\/v2\/pages\/19\/revisions\/3209"}],"wp:featuredmedia":[{"embeddable":true,"href":"https:\/\/www.bookingkirkenes.no\/fr\/wp-json\/wp\/v2\/media\/1791"}],"wp:attachment":[{"href":"https:\/\/www.bookingkirkenes.no\/fr\/wp-json\/wp\/v2\/media?parent=19"}],"curies":[{"name":"wp","href":"https:\/\/api.w.org\/{rel}","templated":true}]}}