{"id":1883,"date":"2022-03-01T14:28:15","date_gmt":"2022-03-01T13:28:15","guid":{"rendered":"https:\/\/www.bookingkirkenes.no\/?page_id=1883"},"modified":"2022-10-28T12:05:52","modified_gmt":"2022-10-28T10:05:52","slug":"events-3","status":"publish","type":"page","link":"https:\/\/www.bookingkirkenes.no\/fr\/events-3\/","title":{"rendered":"\u00c9v\u00e9nements"},"content":{"rendered":"<h2 class=\"wp-block-heading\">F\u00eates locales<\/h2>\n\n\n\n<p><\/p>\n\n\n\n<ul class=\"wp-block-list\"><li>Kirkenesdagene : F\u00eate municipale locale avec concerts. Premier week-end d&#039;ao\u00fbt.<\/li><li>Barents Spektakel : festival d&#039;art en f\u00e9vrier&nbsp;<a href=\"https:\/\/www.barentsspektakel.no\/\">https:\/\/www.barentsspektakel.no\/<\/a><\/li><li>Finnmarksl\u00f8p : la plus longue course de tra\u00eeneaux \u00e0 chiens d&#039;Europe d&#039;Alta \u00e0 Kirkenes et retour (plus de 1000 km). Chaque ann\u00e9e en mars. Kirkenes est l&#039;un des points de contr\u00f4le de la course.&nbsp;<a href=\"https:\/\/www.finnmarkslopet.no\/\">https:\/\/www.finnmarkslopet.no\/<\/a><\/li><li>March\u00e9 russe \u00e0 Kirkenes tous les derniers jeudis du mois<\/li><\/ul>","protected":false},"excerpt":{"rendered":"<p>Local festivals Kirkenesdagene: Local town festival with concerts. First weekend in August. Barents Spektakel: Art festival in February&nbsp;https:\/\/www.barentsspektakel.no\/ Finnmarksl\u00f8p: Europe&#8217;s longest dog sled race from Alta to Kirkenes and back (more than 1000 km). Every year in March. Kirkenes is &nbsp;one of the check points for the race.&nbsp;https:\/\/www.finnmarkslopet.no\/ Russian market in Kirkenes every last Thursday [&hellip;]<\/p>\n","protected":false},"author":1,"featured_media":0,"parent":0,"menu_order":0,"comment_status":"closed","ping_status":"closed","template":"","meta":{"site-sidebar-layout":"default","site-content-layout":"default","ast-site-content-layout":"default","site-content-style":"default","site-sidebar-style":"default","ast-global-header-display":"","ast-banner-title-visibility":"","ast-main-header-display":"","ast-hfb-above-header-display":"","ast-hfb-below-header-display":"","ast-hfb-mobile-header-display":"","site-post-title":"","ast-breadcrumbs-content":"","ast-featured-img":"","footer-sml-layout":"","ast-disable-related-posts":"","theme-transparent-header-meta":"default","adv-header-id-meta":"","stick-header-meta":"","header-above-stick-meta":"","header-main-stick-meta":"","header-below-stick-meta":"","astra-migrate-meta-layouts":"default","ast-page-background-enabled":"default","ast-page-background-meta":{"desktop":{"background-color":"var(--ast-global-color-4)","background-image":"","background-repeat":"repeat","background-position":"center center","background-size":"auto","background-attachment":"scroll","background-type":"","background-media":"","overlay-type":"","overlay-color":"","overlay-opacity":"","overlay-gradient":""},"tablet":{"background-color":"","background-image":"","background-repeat":"repeat","background-position":"center center","background-size":"auto","background-attachment":"scroll","background-type":"","background-media":"","overlay-type":"","overlay-color":"","overlay-opacity":"","overlay-gradient":""},"mobile":{"background-color":"","background-image":"","background-repeat":"repeat","background-position":"center center","background-size":"auto","background-attachment":"scroll","background-type":"","background-media":"","overlay-type":"","overlay-color":"","overlay-opacity":"","overlay-gradient":""}},"ast-content-background-meta":{"desktop":{"background-color":"var(--ast-global-color-5)","background-image":"","background-repeat":"repeat","background-position":"center center","background-size":"auto","background-attachment":"scroll","background-type":"","background-media":"","overlay-type":"","overlay-color":"","overlay-opacity":"","overlay-gradient":""},"tablet":{"background-color":"var(--ast-global-color-5)","background-image":"","background-repeat":"repeat","background-position":"center center","background-size":"auto","background-attachment":"scroll","background-type":"","background-media":"","overlay-type":"","overlay-color":"","overlay-opacity":"","overlay-gradient":""},"mobile":{"background-color":"var(--ast-global-color-5)","background-image":"","background-repeat":"repeat","background-position":"center center","background-size":"auto","background-attachment":"scroll","background-type":"","background-media":"","overlay-type":"","overlay-color":"","overlay-opacity":"","overlay-gradient":""}},"footnotes":""},"class_list":["post-1883","page","type-page","status-publish","hentry"],"aioseo_notices":[],"_links":{"self":[{"href":"https:\/\/www.bookingkirkenes.no\/fr\/wp-json\/wp\/v2\/pages\/1883","targetHints":{"allow":["GET"]}}],"collection":[{"href":"https:\/\/www.bookingkirkenes.no\/fr\/wp-json\/wp\/v2\/pages"}],"about":[{"href":"https:\/\/www.bookingkirkenes.no\/fr\/wp-json\/wp\/v2\/types\/page"}],"author":[{"embeddable":true,"href":"https:\/\/www.bookingkirkenes.no\/fr\/wp-json\/wp\/v2\/users\/1"}],"replies":[{"embeddable":true,"href":"https:\/\/www.bookingkirkenes.no\/fr\/wp-json\/wp\/v2\/comments?post=1883"}],"version-history":[{"count":4,"href":"https:\/\/www.bookingkirkenes.no\/fr\/wp-json\/wp\/v2\/pages\/1883\/revisions"}],"predecessor-version":[{"id":4076,"href":"https:\/\/www.bookingkirkenes.no\/fr\/wp-json\/wp\/v2\/pages\/1883\/revisions\/4076"}],"wp:attachment":[{"href":"https:\/\/www.bookingkirkenes.no\/fr\/wp-json\/wp\/v2\/media?parent=1883"}],"curies":[{"name":"wp","href":"https:\/\/api.w.org\/{rel}","templated":true}]}}