{"id":1876,"date":"2022-03-01T14:21:20","date_gmt":"2022-03-01T13:21:20","guid":{"rendered":"https:\/\/www.bookingkirkenes.no\/?page_id=1876"},"modified":"2022-10-28T10:05:24","modified_gmt":"2022-10-28T08:05:24","slug":"eco-lighthouse-2","status":"publish","type":"page","link":"https:\/\/www.bookingkirkenes.no\/fr\/eco-lighthouse-2\/","title":{"rendered":"Eco-Lighthouse"},"content":{"rendered":"<h2 class=\"wp-block-heading\">Booking Kirkenes est certifi\u00e9 Eco-Lighthouse ! <\/h2>\n\n\n\n<figure class=\"wp-block-image size-full\"><img decoding=\"async\" width=\"95\" height=\"79\" src=\"https:\/\/www.bookingkirkenes.no\/wp-content\/uploads\/2022\/03\/Eco-lighthouse-logo-color-f9e98d56.png\" alt=\"\" class=\"wp-image-1877\" srcset=\"https:\/\/www.bookingkirkenes.no\/wp-content\/uploads\/2022\/03\/Eco-lighthouse-logo-color-f9e98d56.png 95w, https:\/\/www.bookingkirkenes.no\/wp-content\/uploads\/2022\/03\/Eco-lighthouse-logo-color-f9e98d56-14x12.png 14w\" sizes=\"(max-width: 95px) 100vw, 95px\" \/><\/figure>\n\n\n\n<p>Nous sommes incroyablement fiers. Nous disposons d\u00e9sormais d\u2019une preuve visible de notre responsabilit\u00e9 et d\u2019un outil concret pour travailler en permanence \u00e0 l\u2019am\u00e9lioration de l\u2019environnement et au changement vert.<\/p>\n\n\n\n<p>Booking Kirkenes fonctionne selon les 10 principes de durabilit\u00e9 suivants et notre objectif est de cr\u00e9er une industrie touristique durable dans la municipalit\u00e9 de S\u00f8r-Varanger.<\/p>\n\n\n\n<p><strong>Conservation de la nature, de la culture et de l&#039;environnement<\/strong><\/p>\n\n\n\n<p>13.1. Richesse culturelle<\/p>\n\n\n\n<p>Respecter, d\u00e9velopper et mettre en valeur le patrimoine culturel historique, la culture authentique, les traditions et les particularit\u00e9s de la communaut\u00e9 locale.<\/p>\n\n\n\n<p>13.2. L&#039;int\u00e9grit\u00e9 physique et visuelle du paysage<\/p>\n\n\n\n<p>Pr\u00e9server et d\u00e9velopper davantage la qualit\u00e9 du paysage, tant dans les zones urbaines que rurales, afin que l&#039;int\u00e9grit\u00e9 physique et visuelle du paysage ne soit pas d\u00e9grad\u00e9e.<\/p>\n\n\n\n<p>13.3. Biodiversit\u00e9<\/p>\n\n\n\n<p>Soutenir la conservation des zones naturelles, de la faune et des habitats, et minimiser leur destruction.<\/p>\n\n\n\n<p>13.4. Environnement propre et efficacit\u00e9 des ressources<\/p>\n\n\n\n<p>Minimiser la pollution de l&#039;air, de l&#039;eau et du sol par les entreprises touristiques et les touristes (y compris le bruit), ainsi que minimiser la production de leurs d\u00e9chets et la consommation de ressources rares et non renouvelables.<\/p>\n\n\n\n<p><strong>Renforcer les valeurs sociales<\/strong><\/p>\n\n\n\n<p>13.5. Qualit\u00e9 de vie locale et valeurs sociales<\/p>\n\n\n\n<p>Pr\u00e9server et renforcer la qualit\u00e9 de vie de la communaut\u00e9 locale, y compris les structures sociales, l&#039;acc\u00e8s aux ressources, aux installations et aux biens publics pour tous, ainsi qu&#039;\u00e9viter toute forme de d\u00e9gradation et d&#039;exploitation sociale. 13.6. Contr\u00f4le et engagement locaux<\/p>\n\n\n\n<p>Engager et responsabiliser la communaut\u00e9 locale et les acteurs locaux en termes de planification, de prise de d\u00e9cision et de d\u00e9veloppement du tourisme local. 13.7. Qualit\u00e9 de l&#039;emploi pour les employ\u00e9s du tourisme<\/p>\n\n\n\n<p>Renforcer la qualit\u00e9 des emplois touristiques (directement et indirectement), y compris les niveaux de salaires et les conditions de travail sans discrimination fond\u00e9e sur le sexe, la race, le handicap ou d&#039;autres facteurs.<\/p>\n\n\n\n<p>13.8. Satisfaction des clients, s\u00e9curit\u00e9 et qualit\u00e9 de l&#039;exp\u00e9rience<\/p>\n\n\n\n<p>Garantir des exp\u00e9riences s\u00fbres, satisfaisantes et enrichissantes \u00e0 tous les touristes, quels que soient leur sexe, leur race, leur handicap ou d&#039;autres facteurs.<\/p>\n\n\n\n<p><strong>Viabilit\u00e9 \u00e9conomique<\/strong><\/p>\n\n\n\n<p>13.9. Destinations touristiques \u00e9conomiquement viables et comp\u00e9titives gr\u00e2ce \u00e0 la cr\u00e9ation de valeur locale<\/p>\n\n\n\n<p>Assurer la viabilit\u00e9 et la comp\u00e9titivit\u00e9 des destinations touristiques dans une perspective \u00e0 long terme, en maximisant la cr\u00e9ation de valeur du tourisme dans la communaut\u00e9 locale, y compris ce que les touristes laissent derri\u00e8re eux comme valeurs localement. 13.10. Entreprises touristiques \u00e9conomiquement viables et comp\u00e9titives<\/p>\n\n\n\n<p>Assurer la viabilit\u00e9 et la comp\u00e9titivit\u00e9 des entreprises touristiques dans une perspective \u00e0 long terme.<\/p>\n\n\n\n<p>Laissez notre logement dans son bel \u00e9tat pour que les g\u00e9n\u00e9rations futures puissent elles aussi profiter de leur s\u00e9jour<\/p>\n\n\n\n<p><strong>Un guide pour nos invit\u00e9s<\/strong><\/p>\n\n\n\n<p>Notre tr\u00e9sor le plus grand et le plus important est la nature. Ici, vous pouvez respirer un air pur et boire la meilleure eau de source au monde, directement du robinet ou d&#039;une rivi\u00e8re aux eaux cristallines. Nous devons prendre soin de ce tr\u00e9sor et de la principale raison pour laquelle vous nous visitez\u00a0!<\/p>\n\n\n\n<ul class=\"blue-link wp-block-list\"><li>&nbsp;Nous vous recommandons fortement de r\u00e9server une visite guid\u00e9e. Vous serez guid\u00e9 \u00e0 travers la nature de mani\u00e8re douce et professionnelle<\/li><li>Suivez les instructions de votre guide<\/li><li>&nbsp;Ne rien laisser dans la nature : emportez vos d\u00e9chets et utilisez les toilettes<\/li><li>Ne laissez pas de traces dans la nature : empruntez toujours les sentiers balis\u00e9s, utilisez les emplacements de feu de camp existants (rappelez-vous qu&#039;allumer des feux dans les espaces naturels n&#039;est pas autoris\u00e9 du 15 avril au 15 septembre)<\/li><li>Respecter la faune et la flore<\/li><li>Utiliser localement : ce que vous pouvez acheter sur place, achetez-le sur place. Utilisez des guides locaux lorsque vous voyagez<\/li><li>&nbsp;Faites preuve de respect envers les habitants et les autres randonneurs. Il est assez courant de se saluer dans la nature.<\/li><li>N&#039;oubliez pas que le silence fait partie de l&#039;exp\u00e9rience.<\/li><li>&nbsp;&nbsp;Si vous prenez des photos de gens autour, demandez-leur si \u00e7a va.<\/li><li>Il existe des r\u00e8gles sp\u00e9ciales \u00e0 Pasvikdalen et dans le parc national du Haut Pasvik. Par exemple, il est interdit d\u2019allumer un feu avec du bois tomb\u00e9. Plus d&#039;informations: <a href=\"https:\/\/www.norgesnasjonalparker.no\/nasjonalparker\/ovre-pasvik\/\">https:\/\/www.norgesnasjonalparker.no\/nasjonalparker\/ovre-pasvik\/<\/a><\/li><\/ul>\n\n\n\n<p>Nous nous en soucions et esp\u00e9rons que vous vous en souciez aussi.<\/p>\n\n\n\n<p>N&#039;h\u00e9sitez pas \u00e0 partager vos exp\u00e9riences. Vous pouvez nous trouver sur Facebook et Instagram.<\/p>\n\n\n\n<p>Passez un bon moment \u00e0 Kirkenes !<\/p>","protected":false},"excerpt":{"rendered":"<p>Booking Kirkenes is Eco-Lighthouse certified! We are incredibly proud. Now we have a visible proof that we take responsibility, and a concrete tool for working continuously with environmental improvements and green change. Booking Kirkenes works according to the following 10 sustainability principles and our goal is to create a sustainable tourism industry in S\u00f8r-Varanger Municipality. [&hellip;]<\/p>\n","protected":false},"author":1,"featured_media":0,"parent":0,"menu_order":0,"comment_status":"closed","ping_status":"closed","template":"","meta":{"site-sidebar-layout":"default","site-content-layout":"default","ast-site-content-layout":"default","site-content-style":"default","site-sidebar-style":"default","ast-global-header-display":"","ast-banner-title-visibility":"","ast-main-header-display":"","ast-hfb-above-header-display":"","ast-hfb-below-header-display":"","ast-hfb-mobile-header-display":"","site-post-title":"","ast-breadcrumbs-content":"","ast-featured-img":"","footer-sml-layout":"","ast-disable-related-posts":"","theme-transparent-header-meta":"default","adv-header-id-meta":"","stick-header-meta":"","header-above-stick-meta":"","header-main-stick-meta":"","header-below-stick-meta":"","astra-migrate-meta-layouts":"default","ast-page-background-enabled":"default","ast-page-background-meta":{"desktop":{"background-color":"var(--ast-global-color-4)","background-image":"","background-repeat":"repeat","background-position":"center center","background-size":"auto","background-attachment":"scroll","background-type":"","background-media":"","overlay-type":"","overlay-color":"","overlay-opacity":"","overlay-gradient":""},"tablet":{"background-color":"","background-image":"","background-repeat":"repeat","background-position":"center center","background-size":"auto","background-attachment":"scroll","background-type":"","background-media":"","overlay-type":"","overlay-color":"","overlay-opacity":"","overlay-gradient":""},"mobile":{"background-color":"","background-image":"","background-repeat":"repeat","background-position":"center center","background-size":"auto","background-attachment":"scroll","background-type":"","background-media":"","overlay-type":"","overlay-color":"","overlay-opacity":"","overlay-gradient":""}},"ast-content-background-meta":{"desktop":{"background-color":"var(--ast-global-color-5)","background-image":"","background-repeat":"repeat","background-position":"center center","background-size":"auto","background-attachment":"scroll","background-type":"","background-media":"","overlay-type":"","overlay-color":"","overlay-opacity":"","overlay-gradient":""},"tablet":{"background-color":"var(--ast-global-color-5)","background-image":"","background-repeat":"repeat","background-position":"center center","background-size":"auto","background-attachment":"scroll","background-type":"","background-media":"","overlay-type":"","overlay-color":"","overlay-opacity":"","overlay-gradient":""},"mobile":{"background-color":"var(--ast-global-color-5)","background-image":"","background-repeat":"repeat","background-position":"center center","background-size":"auto","background-attachment":"scroll","background-type":"","background-media":"","overlay-type":"","overlay-color":"","overlay-opacity":"","overlay-gradient":""}},"footnotes":""},"class_list":["post-1876","page","type-page","status-publish","hentry"],"aioseo_notices":[],"_links":{"self":[{"href":"https:\/\/www.bookingkirkenes.no\/fr\/wp-json\/wp\/v2\/pages\/1876","targetHints":{"allow":["GET"]}}],"collection":[{"href":"https:\/\/www.bookingkirkenes.no\/fr\/wp-json\/wp\/v2\/pages"}],"about":[{"href":"https:\/\/www.bookingkirkenes.no\/fr\/wp-json\/wp\/v2\/types\/page"}],"author":[{"embeddable":true,"href":"https:\/\/www.bookingkirkenes.no\/fr\/wp-json\/wp\/v2\/users\/1"}],"replies":[{"embeddable":true,"href":"https:\/\/www.bookingkirkenes.no\/fr\/wp-json\/wp\/v2\/comments?post=1876"}],"version-history":[{"count":3,"href":"https:\/\/www.bookingkirkenes.no\/fr\/wp-json\/wp\/v2\/pages\/1876\/revisions"}],"predecessor-version":[{"id":3980,"href":"https:\/\/www.bookingkirkenes.no\/fr\/wp-json\/wp\/v2\/pages\/1876\/revisions\/3980"}],"wp:attachment":[{"href":"https:\/\/www.bookingkirkenes.no\/fr\/wp-json\/wp\/v2\/media?parent=1876"}],"curies":[{"name":"wp","href":"https:\/\/api.w.org\/{rel}","templated":true}]}}