{"id":1749,"date":"2022-02-21T12:46:30","date_gmt":"2022-02-21T11:46:30","guid":{"rendered":"https:\/\/www.bookingkirkenes.no\/?page_id=1749"},"modified":"2022-03-01T11:50:28","modified_gmt":"2022-03-01T10:50:28","slug":"opplev-finnmark","status":"publish","type":"page","link":"https:\/\/www.bookingkirkenes.no\/fr\/opplev-finnmark\/","title":{"rendered":"Opplev Finnmark"},"content":{"rendered":"<h3 class=\"wp-block-heading\">Nous proposons des circuits dans tout le Finnmark (de Kirkenes \u00e0 l&#039;est \u00e0 Alta \u00e0 l&#039;ouest) pour des groupes \u00e0 partir de 10 personnes minimum.<\/h3>\n\n\n\n<p><\/p>\n\n\n\n<p>Tous nos voyages commencent \u00e0 Kirkenes et vous pouvez vous y rendre soit en avion (SAS, Norwegian, Wider\u00f8e) soit en Hurtigruta. Le voyage peut se terminer \u00e0 Kirkenes ou \u00e0 Alta. Nous mettons \u00e0 votre disposition un minibus \/ grand bus et un chauffeur + guide.<br>La dur\u00e9e peut \u00eatre prolong\u00e9e de 3 jours ou plus, jusqu&#039;\u00e0 1 \u00e0 2 semaines.<br>Contactez-nous et nous vous aiderons \u00e0 concevoir un forfait sur mesure.<br>Voici quelques suggestions :<\/p>\n\n\n\n<figure class=\"wp-block-gallery has-nested-images columns-default is-cropped wp-block-gallery-1 is-layout-flex wp-block-gallery-is-layout-flex\">\n<figure class=\"wp-block-image size-large\"><a href=\"https:\/\/www.bookingkirkenes.no\/wp-content\/uploads\/2022\/02\/IMG_20200620_163017_resized_20200623_024318010.jpg\"><img fetchpriority=\"high\" decoding=\"async\" width=\"1632\" height=\"920\" data-id=\"1785\" src=\"https:\/\/www.bookingkirkenes.no\/wp-content\/uploads\/2022\/02\/IMG_20200620_163017_resized_20200623_024318010.jpg\" alt=\"Bug\u00f8ynes\" class=\"wp-image-1785\" srcset=\"https:\/\/www.bookingkirkenes.no\/wp-content\/uploads\/2022\/02\/IMG_20200620_163017_resized_20200623_024318010.jpg 1632w, https:\/\/www.bookingkirkenes.no\/wp-content\/uploads\/2022\/02\/IMG_20200620_163017_resized_20200623_024318010-300x169.jpg 300w, https:\/\/www.bookingkirkenes.no\/wp-content\/uploads\/2022\/02\/IMG_20200620_163017_resized_20200623_024318010-1024x577.jpg 1024w, https:\/\/www.bookingkirkenes.no\/wp-content\/uploads\/2022\/02\/IMG_20200620_163017_resized_20200623_024318010-768x433.jpg 768w, https:\/\/www.bookingkirkenes.no\/wp-content\/uploads\/2022\/02\/IMG_20200620_163017_resized_20200623_024318010-1536x866.jpg 1536w, https:\/\/www.bookingkirkenes.no\/wp-content\/uploads\/2022\/02\/IMG_20200620_163017_resized_20200623_024318010-18x10.jpg 18w, https:\/\/www.bookingkirkenes.no\/wp-content\/uploads\/2022\/02\/IMG_20200620_163017_resized_20200623_024318010-600x338.jpg 600w\" sizes=\"(max-width: 1632px) 100vw, 1632px\" \/><\/a><\/figure>\n\n\n\n<figure class=\"wp-block-image size-large\"><a href=\"https:\/\/www.bookingkirkenes.no\/wp-content\/uploads\/2022\/02\/IMG_20200825_201440-scaled.jpg\"><img decoding=\"async\" width=\"2560\" height=\"1443\" data-id=\"1786\" src=\"https:\/\/www.bookingkirkenes.no\/wp-content\/uploads\/2022\/02\/IMG_20200825_201440-scaled.jpg\" alt=\"Nature\" class=\"wp-image-1786\" srcset=\"https:\/\/www.bookingkirkenes.no\/wp-content\/uploads\/2022\/02\/IMG_20200825_201440-scaled.jpg 2560w, https:\/\/www.bookingkirkenes.no\/wp-content\/uploads\/2022\/02\/IMG_20200825_201440-300x169.jpg 300w, https:\/\/www.bookingkirkenes.no\/wp-content\/uploads\/2022\/02\/IMG_20200825_201440-1024x577.jpg 1024w, https:\/\/www.bookingkirkenes.no\/wp-content\/uploads\/2022\/02\/IMG_20200825_201440-768x433.jpg 768w, https:\/\/www.bookingkirkenes.no\/wp-content\/uploads\/2022\/02\/IMG_20200825_201440-1536x866.jpg 1536w, https:\/\/www.bookingkirkenes.no\/wp-content\/uploads\/2022\/02\/IMG_20200825_201440-2048x1155.jpg 2048w, https:\/\/www.bookingkirkenes.no\/wp-content\/uploads\/2022\/02\/IMG_20200825_201440-18x10.jpg 18w, https:\/\/www.bookingkirkenes.no\/wp-content\/uploads\/2022\/02\/IMG_20200825_201440-600x338.jpg 600w\" sizes=\"(max-width: 2560px) 100vw, 2560px\" \/><\/a><\/figure>\n\n\n\n<figure class=\"wp-block-image size-large\"><a href=\"https:\/\/www.bookingkirkenes.no\/wp-content\/uploads\/2022\/02\/IMG_20200826_212253-scaled.jpg\"><img decoding=\"async\" width=\"2560\" height=\"1443\" data-id=\"1787\" src=\"https:\/\/www.bookingkirkenes.no\/wp-content\/uploads\/2022\/02\/IMG_20200826_212253-scaled.jpg\" alt=\"\" class=\"wp-image-1787\" srcset=\"https:\/\/www.bookingkirkenes.no\/wp-content\/uploads\/2022\/02\/IMG_20200826_212253-scaled.jpg 2560w, https:\/\/www.bookingkirkenes.no\/wp-content\/uploads\/2022\/02\/IMG_20200826_212253-300x169.jpg 300w, https:\/\/www.bookingkirkenes.no\/wp-content\/uploads\/2022\/02\/IMG_20200826_212253-1024x577.jpg 1024w, https:\/\/www.bookingkirkenes.no\/wp-content\/uploads\/2022\/02\/IMG_20200826_212253-768x433.jpg 768w, https:\/\/www.bookingkirkenes.no\/wp-content\/uploads\/2022\/02\/IMG_20200826_212253-1536x866.jpg 1536w, https:\/\/www.bookingkirkenes.no\/wp-content\/uploads\/2022\/02\/IMG_20200826_212253-2048x1155.jpg 2048w, https:\/\/www.bookingkirkenes.no\/wp-content\/uploads\/2022\/02\/IMG_20200826_212253-18x10.jpg 18w, https:\/\/www.bookingkirkenes.no\/wp-content\/uploads\/2022\/02\/IMG_20200826_212253-600x338.jpg 600w\" sizes=\"(max-width: 2560px) 100vw, 2560px\" \/><\/a><\/figure>\n<\/figure>\n\n\n\n<p><br><strong>ALLER-RETOUR 1 : De Pasvik \u00e0 la mer de Barents \u2013 Varanger Sud et Nord<\/strong><br>Ici, vous pourrez d\u00e9couvrir une grande vari\u00e9t\u00e9 de paysages et de nature, de Pasvik avec sa for\u00eat luxuriante de ta\u00efga sib\u00e9rienne jusqu&#039;\u00e0 la mer de Barents.<br>Kirkenes \u2013 Pasvikdalen \u2013 Bug\u00f8ynes \u2013 Ekker\u00f8y \u2013 Vard\u00f8 \u2013 Hamningberg \u2013 Kirkenes<\/p>\n\n\n\n<p><br><strong>ALLER-RETOUR 2 : Tour de l&#039;\u00d8stfinnmark<\/strong><br>Un paysage majestueux vous attend. Ici, vous vivrez la pleine mer dans toute sa puissance, tandis que la r\u00e9gion regorge d&#039;une incroyable quantit\u00e9 d&#039;histoire passionnante et de souvenirs de guerre.<br>Kirkenes \u2013 Kongsfjord \u2013 Berlev\u00e5g \u2013 B\u00e5tsfjord \u2013 Kirkenes<\/p>\n\n\n\n<p><br><strong>CIRCUIT 3 : L&#039;int\u00e9rieur du Finnmark<\/strong><br>Nous vous proposons un tour du Finnmark int\u00e9rieur avec la passionnante culture Sami. En m\u00eame temps, vous d\u00e9couvrirez le magnifique Finnmarksvidda et le grand fjord de Porsanger.<br>Kirkenes \u2013 Tana \u2013 Karasjok \u2013 Lakselv \u2013 Ifjordfjell \u2013 Kirkenes<br>Int\u00e9ress\u00e9 ? Contactez-nous et nous vous ferons parvenir une offre<br><a href=\"mailto:info@bookingkirkenes.no\">info@bookingkirkenes.no<\/a><\/p>","protected":false},"excerpt":{"rendered":"<p>We offer tours throughout Finnmark (from Kirkenes in the East to Alta in the West) for groups from minimum 10 persons. All our trips start in Kirkenes and you can travel here either by plane (SAS, Norwegian, Wider\u00f8e) or Hurtigruta. The trip can either end in Kirkenes or Alta. We provide a minibus \/ large [&hellip;]<\/p>\n","protected":false},"author":1,"featured_media":0,"parent":0,"menu_order":0,"comment_status":"closed","ping_status":"closed","template":"","meta":{"site-sidebar-layout":"default","site-content-layout":"default","ast-site-content-layout":"default","site-content-style":"default","site-sidebar-style":"default","ast-global-header-display":"","ast-banner-title-visibility":"","ast-main-header-display":"","ast-hfb-above-header-display":"","ast-hfb-below-header-display":"","ast-hfb-mobile-header-display":"","site-post-title":"","ast-breadcrumbs-content":"","ast-featured-img":"","footer-sml-layout":"","ast-disable-related-posts":"","theme-transparent-header-meta":"default","adv-header-id-meta":"","stick-header-meta":"","header-above-stick-meta":"","header-main-stick-meta":"","header-below-stick-meta":"","astra-migrate-meta-layouts":"default","ast-page-background-enabled":"default","ast-page-background-meta":{"desktop":{"background-color":"var(--ast-global-color-4)","background-image":"","background-repeat":"repeat","background-position":"center center","background-size":"auto","background-attachment":"scroll","background-type":"","background-media":"","overlay-type":"","overlay-color":"","overlay-opacity":"","overlay-gradient":""},"tablet":{"background-color":"","background-image":"","background-repeat":"repeat","background-position":"center center","background-size":"auto","background-attachment":"scroll","background-type":"","background-media":"","overlay-type":"","overlay-color":"","overlay-opacity":"","overlay-gradient":""},"mobile":{"background-color":"","background-image":"","background-repeat":"repeat","background-position":"center center","background-size":"auto","background-attachment":"scroll","background-type":"","background-media":"","overlay-type":"","overlay-color":"","overlay-opacity":"","overlay-gradient":""}},"ast-content-background-meta":{"desktop":{"background-color":"var(--ast-global-color-5)","background-image":"","background-repeat":"repeat","background-position":"center center","background-size":"auto","background-attachment":"scroll","background-type":"","background-media":"","overlay-type":"","overlay-color":"","overlay-opacity":"","overlay-gradient":""},"tablet":{"background-color":"var(--ast-global-color-5)","background-image":"","background-repeat":"repeat","background-position":"center center","background-size":"auto","background-attachment":"scroll","background-type":"","background-media":"","overlay-type":"","overlay-color":"","overlay-opacity":"","overlay-gradient":""},"mobile":{"background-color":"var(--ast-global-color-5)","background-image":"","background-repeat":"repeat","background-position":"center center","background-size":"auto","background-attachment":"scroll","background-type":"","background-media":"","overlay-type":"","overlay-color":"","overlay-opacity":"","overlay-gradient":""}},"footnotes":""},"class_list":["post-1749","page","type-page","status-publish","hentry"],"aioseo_notices":[],"_links":{"self":[{"href":"https:\/\/www.bookingkirkenes.no\/fr\/wp-json\/wp\/v2\/pages\/1749","targetHints":{"allow":["GET"]}}],"collection":[{"href":"https:\/\/www.bookingkirkenes.no\/fr\/wp-json\/wp\/v2\/pages"}],"about":[{"href":"https:\/\/www.bookingkirkenes.no\/fr\/wp-json\/wp\/v2\/types\/page"}],"author":[{"embeddable":true,"href":"https:\/\/www.bookingkirkenes.no\/fr\/wp-json\/wp\/v2\/users\/1"}],"replies":[{"embeddable":true,"href":"https:\/\/www.bookingkirkenes.no\/fr\/wp-json\/wp\/v2\/comments?post=1749"}],"version-history":[{"count":6,"href":"https:\/\/www.bookingkirkenes.no\/fr\/wp-json\/wp\/v2\/pages\/1749\/revisions"}],"predecessor-version":[{"id":1835,"href":"https:\/\/www.bookingkirkenes.no\/fr\/wp-json\/wp\/v2\/pages\/1749\/revisions\/1835"}],"wp:attachment":[{"href":"https:\/\/www.bookingkirkenes.no\/fr\/wp-json\/wp\/v2\/media?parent=1749"}],"curies":[{"name":"wp","href":"https:\/\/api.w.org\/{rel}","templated":true}]}}