{"id":8179,"date":"2024-06-27T09:33:23","date_gmt":"2024-06-27T07:33:23","guid":{"rendered":"https:\/\/www.bookingkirkenes.no\/?post_type=product&#038;p=8179"},"modified":"2026-04-15T12:09:01","modified_gmt":"2026-04-15T10:09:01","slug":"sami-experience","status":"publish","type":"product","link":"https:\/\/www.bookingkirkenes.no\/de\/produkt\/sami-experience\/","title":{"rendered":"Samische Erfahrung (KS31-pt)"},"content":{"rendered":"<p>\ud83e\udd8c <strong>Sami Reindeer &amp; Joik Experience with John Henrik Mienna<\/strong><\/p>\n<p>\ud83d\udcc5 <strong>Verf\u00fcgbar:<\/strong> May 1 \u2013 November 30 (Monday, Tuesday, Thursday, Friday)<br \/>\n\u23f0 <strong>Dauer:<\/strong> 1 Stunde<br \/>\n\ud83d\udd5c <strong>Zeit:<\/strong> 13:30 \u2013 14:30<br \/>\n\ud83d\udcb0 <strong>Preis:<\/strong> 1200 NOK per adult | 50% for children under 12<br \/>\n\ud83d\udccd <strong>Location:<\/strong> Snow Resort Kirkenes (10 km from Kirkenes town)<br \/>\n\u26a0\ufe0f <strong>Transfer:<\/strong> Not included, can be arranged separately or combined with other tours<\/p>\n<p><strong>Tour\u00fcbersicht<\/strong><\/p>\n<p><a href=\"https:\/\/www.youtube.com\/watch?v=tBrLfyiwR-o\" target=\"_blank\" rel=\"noopener\">Join Sami artist John Henrik Mienna<\/a> for an intimate 1-hour journey into Sami culture and Arctic nature. Meet majestic reindeer, hear stories from Sami folklore, and experience the unique art of \u201cJoik\u201d \u2014 traditional Sami singing. This is a hands-on, immersive experience suitable for families, couples, and solo travelers alike.<\/p>\n<p><strong>Was Sie erleben werden<\/strong><\/p>\n<p>\ud83e\udd8c <strong>Meet the Reindeer:<\/strong><\/p>\n<ul>\n<li>Feed the reindeer by hand with their favorite tundra food, lichen<\/li>\n<li>Learn about their role in Sami culture and everyday life<\/li>\n<\/ul>\n<p>\ud83d\udd25 <strong>Lavvu &amp; Sami Storytelling:<\/strong><\/p>\n<ul>\n<li>Walk to the traditional Sami tent (Lavvu) inside the reindeer pen<\/li>\n<li>Hear stories from Sami folklore and John Henrik\u2019s personal experiences<\/li>\n<li>Experience a live \u201cJoik\u201d performance, the unique Sami form of singing<\/li>\n<\/ul>\n<p>\ud83c\udfe8 <strong>Optional Snow Resort Visit:<\/strong><\/p>\n<ul>\n<li>After the Sami experience, you may explore the Snow Resort Kirkenes if time allows<\/li>\n<\/ul>\n<p><strong>Buchung &amp; Zahlung<\/strong><\/p>\n<ol>\n<li>Select your date, number of guests, and pickup location if arranging transport<\/li>\n<li>Klicken <strong>Jetzt buchen<\/strong> um die Tour in Ihren Warenkorb zu legen<\/li>\n<li>Proceed to checkout and enter your billing details<\/li>\n<\/ol>\n<p>\ud83d\udcb3 <strong>Payment Options:<\/strong> Visa, MasterCard<\/p>\n<p>\u2757 <strong>Stornierungsbedingungen:<\/strong><br \/>\nPlease read full terms here: <a href=\"https:\/\/www.bookingkirkenes.no\/de\/about-us\/general-terms\/\">Allgemeine Gesch\u00e4ftsbedingungen<\/a><\/p>\n<p>\ud83d\udcde <strong>Ben\u00f6tigen Sie Hilfe?<\/strong><br \/>\n\ud83d\udce7 E-Mail: info@bookingkirkenes.no<br \/>\n\ud83d\udcde Telefon: +47 78 99 50 80<\/p>","protected":false},"excerpt":{"rendered":"<p><span data-bind=\"html: ShortDescription\">Treffen Sie die Ureinwohner des Nordens. Jetzt haben Sie die Chance, die samische Kultur hautnah kennenzulernen. <a href=\"https:\/\/www.youtube.com\/watch?v=tBrLfyiwR-o\" target=\"_blank\" rel=\"noopener\">Geschichtenerz\u00e4hlen und Gesang<\/a>Die Tour beinhaltet auch die F\u00fctterung der Rentiere. Ein sch\u00f6nes Erlebnis f\u00fcr die ganze Familie.<br \/>\n<\/span><\/p>","protected":false},"featured_media":8759,"comment_status":"closed","ping_status":"closed","template":"","meta":{"site-sidebar-layout":"default","site-content-layout":"default","ast-site-content-layout":"default","site-content-style":"default","site-sidebar-style":"default","ast-global-header-display":"","ast-banner-title-visibility":"","ast-main-header-display":"","ast-hfb-above-header-display":"","ast-hfb-below-header-display":"","ast-hfb-mobile-header-display":"","site-post-title":"","ast-breadcrumbs-content":"","ast-featured-img":"","footer-sml-layout":"","ast-disable-related-posts":"","theme-transparent-header-meta":"default","adv-header-id-meta":"","stick-header-meta":"","header-above-stick-meta":"","header-main-stick-meta":"","header-below-stick-meta":"","astra-migrate-meta-layouts":"set","ast-page-background-enabled":"default","ast-page-background-meta":{"desktop":{"background-color":"var(--ast-global-color-4)","background-image":"","background-repeat":"repeat","background-position":"center center","background-size":"auto","background-attachment":"scroll","background-type":"","background-media":"","overlay-type":"","overlay-color":"","overlay-opacity":"","overlay-gradient":""},"tablet":{"background-color":"","background-image":"","background-repeat":"repeat","background-position":"center center","background-size":"auto","background-attachment":"scroll","background-type":"","background-media":"","overlay-type":"","overlay-color":"","overlay-opacity":"","overlay-gradient":""},"mobile":{"background-color":"","background-image":"","background-repeat":"repeat","background-position":"center center","background-size":"auto","background-attachment":"scroll","background-type":"","background-media":"","overlay-type":"","overlay-color":"","overlay-opacity":"","overlay-gradient":""}},"ast-content-background-meta":{"desktop":{"background-color":"var(--ast-global-color-5)","background-image":"","background-repeat":"repeat","background-position":"center center","background-size":"auto","background-attachment":"scroll","background-type":"","background-media":"","overlay-type":"","overlay-color":"","overlay-opacity":"","overlay-gradient":""},"tablet":{"background-color":"var(--ast-global-color-5)","background-image":"","background-repeat":"repeat","background-position":"center center","background-size":"auto","background-attachment":"scroll","background-type":"","background-media":"","overlay-type":"","overlay-color":"","overlay-opacity":"","overlay-gradient":""},"mobile":{"background-color":"var(--ast-global-color-5)","background-image":"","background-repeat":"repeat","background-position":"center center","background-size":"auto","background-attachment":"scroll","background-type":"","background-media":"","overlay-type":"","overlay-color":"","overlay-opacity":"","overlay-gradient":""}}},"product_brand":[],"product_cat":[16,361,362,374],"product_tag":[],"class_list":{"0":"post-8179","1":"product","2":"type-product","3":"status-publish","4":"has-post-thumbnail","6":"product_cat-ukategorisert","7":"product_cat-reindeer","8":"product_cat-sami-experience","9":"product_cat-summer-autumn-tours","10":"pa_month-mai","11":"pa_month-juni","12":"pa_month-juli","13":"pa_month-august","14":"pa_month-september","15":"pa_month-oktober","16":"pa_month-november","17":"desktop-align-left","18":"tablet-align-left","19":"mobile-align-left","21":"first","22":"instock","23":"sold-individually","24":"taxable","25":"shipping-taxable","26":"purchasable","27":"product-type-phive_booking"},"aioseo_notices":[],"_links":{"self":[{"href":"https:\/\/www.bookingkirkenes.no\/de\/wp-json\/wp\/v2\/product\/8179","targetHints":{"allow":["GET"]}}],"collection":[{"href":"https:\/\/www.bookingkirkenes.no\/de\/wp-json\/wp\/v2\/product"}],"about":[{"href":"https:\/\/www.bookingkirkenes.no\/de\/wp-json\/wp\/v2\/types\/product"}],"replies":[{"embeddable":true,"href":"https:\/\/www.bookingkirkenes.no\/de\/wp-json\/wp\/v2\/comments?post=8179"}],"version-history":[{"count":13,"href":"https:\/\/www.bookingkirkenes.no\/de\/wp-json\/wp\/v2\/product\/8179\/revisions"}],"predecessor-version":[{"id":15436,"href":"https:\/\/www.bookingkirkenes.no\/de\/wp-json\/wp\/v2\/product\/8179\/revisions\/15436"}],"wp:featuredmedia":[{"embeddable":true,"href":"https:\/\/www.bookingkirkenes.no\/de\/wp-json\/wp\/v2\/media\/8759"}],"wp:attachment":[{"href":"https:\/\/www.bookingkirkenes.no\/de\/wp-json\/wp\/v2\/media?parent=8179"}],"wp:term":[{"taxonomy":"product_brand","embeddable":true,"href":"https:\/\/www.bookingkirkenes.no\/de\/wp-json\/wp\/v2\/product_brand?post=8179"},{"taxonomy":"product_cat","embeddable":true,"href":"https:\/\/www.bookingkirkenes.no\/de\/wp-json\/wp\/v2\/product_cat?post=8179"},{"taxonomy":"product_tag","embeddable":true,"href":"https:\/\/www.bookingkirkenes.no\/de\/wp-json\/wp\/v2\/product_tag?post=8179"}],"curies":[{"name":"wp","href":"https:\/\/api.w.org\/{rel}","templated":true}]}}