{"id":8027,"date":"2024-06-12T12:48:15","date_gmt":"2024-06-12T10:48:15","guid":{"rendered":"https:\/\/www.bookingkirkenes.no\/?post_type=product&#038;p=8027"},"modified":"2026-04-15T10:30:19","modified_gmt":"2026-04-15T08:30:19","slug":"northern-lights-hunt-snowshoe","status":"publish","type":"product","link":"https:\/\/www.bookingkirkenes.no\/de\/produkt\/northern-lights-hunt-snowshoe\/","title":{"rendered":"Northern Lights Hunt Snowshoe (KI92N-pt)"},"content":{"rendered":"<p>Discover the magic of Arctic nights and starry skies on this guided snowshoe walk just outside Kirkenes.<\/p>\n<p>\ud83d\udcc5 <strong>Verf\u00fcgbar:<\/strong> 01.12 \u2013 31.03<br \/>\n\u23f0 <strong>Dauer:<\/strong> 2 Stunden<br \/>\n\ud83d\udd58 <strong>Abfahrtszeiten:<\/strong> 20:00 \u2013 22:00 <em>(other times available upon request)<\/em><\/p>\n<p>\ud83d\udcb0 <strong>Preis:<\/strong><br \/>\n\u2022 2,100 NOK per adult ( minimum 2 guests ) \/ \u2022 1,050 NOK per child<\/p>\n<p>\ud83d\ude90 <strong>Abholen:<\/strong> Hotels (Thon or Scandic or Snowhotel Kirkenes)<\/p>\n<p>\ud83e\udded <strong>Tour\u00fcbersicht<\/strong><\/p>\n<p>Step into a quiet winter landscape far from artificial lights on this <a href=\"https:\/\/www.tripadvisor.com\/Attraction_Review-g227953-d3529784-Reviews-Booking_Kirkenes-Kirkenes_Sor_Varanger_Municipality_Finnmark_Northern_Norway.html\" target=\"_blank\" rel=\"noopener\"><strong>beginner-friendly guided snowshoe walk<\/strong><\/a>. Just outside Kirkenes, enjoy the calm Arctic silence, crisp snow, and panoramic night views. With a short drive to a mountain viewpoint, your guide equips you and leads you through the snow at a relaxed pace \u2014 no stress, no rush.<\/p>\n<p>With some luck, the <a href=\"https:\/\/www.norway-lights.com\/destinations\/kirkenes\" target=\"_blank\" rel=\"noopener\"><strong>Nordlicht<\/strong><\/a> may dance across the sky, creating a truly unforgettable Arctic experience.<\/p>\n<p>\ud83d\udd0d <strong>Was Sie erleben werden<\/strong><\/p>\n<p><strong>Guided Night Snowshoe Tour:<\/strong><br \/>\nWalk through pristine Arctic landscapes with the snow crunching beneath your feet, guided by a local expert.<\/p>\n<p><strong>Stunning Views &amp; Aurora Possibilities:<\/strong><br \/>\nEnjoy panoramic views over the surrounding winter scenery and, if the sky is clear, a chance to witness the Northern Lights.<\/p>\n<p><strong>Hot Drink Break:<\/strong><br \/>\nStop for a short break to sip hot berry juice and capture memorable photos.<\/p>\n<p><strong>Small Group Experience:<\/strong><br \/>\nWith 1\u20138 guests, the tour is personal, relaxed, and adapted to your pace and the weather.<\/p>\n<p><strong>Bequemer Transport:<\/strong><br \/>\nHotel pick-up and drop-off ensure a seamless and cozy start and finish to your night adventure.<\/p>\n<p>\u2705 <strong>Details der Tour<\/strong><\/p>\n<ul>\n<li><strong>Verf\u00fcgbar:<\/strong> 01.12 \u2013 31.03<br \/>\n\u2022 <strong>Dauer:<\/strong> 2 Stunden<br \/>\n\u2022 <strong>Abfahrtszeiten:<\/strong> 20:00 \u2013 22:00 <em>(other times on request)<\/em><br \/>\n\u2022 <strong>Preis:<\/strong> 2100 NOK per person ( minimum 2 guests ) \/ \u2022 1,050 NOK per child<br \/>\n\u2022 <strong>Gruppengr\u00f6\u00dfe:<\/strong> 1\u20138 G\u00e4ste<br \/>\n\u2022 <strong>Ebene:<\/strong> Einfach \u2013 anf\u00e4ngerfreundlich<br \/>\n\u2022 <strong>Transport:<\/strong> Pickup and drop-off from hotels (Thon or Scandic or Snow Resort Kirkenes)<br \/>\n\u2022 <strong>Inbegriffen:<\/strong> Local guide, snowshoes and poles, warm boots if needed, hot drink<\/li>\n<\/ul>\n<p><strong>Private tours are available in English, German, French and Norwegian. <a href=\"https:\/\/www.bookingkirkenes.no\/de\/produkt\/aurora-hunting-on-snowshoes-kpi92n-pt\/\" target=\"_blank\" rel=\"noopener\">CLICK HERE<\/a><\/strong><\/p>\n<p>\ud83c\udf10 <strong>Language Options<\/strong><\/p>\n<p>Guiding is available in <strong>Englisch<\/strong>. Other languages can be arranged on request.<\/p>\n<p>\ud83d\uded2 <strong>Buchung &amp; Zahlung<\/strong><\/p>\n<ol>\n<li>Choose your date, time, number of guests, and pickup location<\/li>\n<li>Klicken <strong>\u201eJetzt buchen\u201c<\/strong> um die Tour in Ihren Warenkorb zu legen<\/li>\n<li>Go to your basket and proceed to checkout<\/li>\n<li>Enter your billing details and complete your booking<\/li>\n<li>Pay securely via Visa, MasterCard<\/li>\n<\/ol>\n<p>\u274c <strong>Stornierungsbedingungen<\/strong><\/p>\n<p>Please read full cancellation terms here: <a href=\"https:\/\/www.bookingkirkenes.no\/de\/about-us\/general-terms\/\">Allgemeine Gesch\u00e4ftsbedingungen<\/a><\/p>\n<p>\ud83d\udcde <strong>Ben\u00f6tigen Sie Hilfe?<\/strong><\/p>\n<p>\ud83d\udce7 E-Mail: info@bookingkirkenes.no<br \/>\n\ud83d\udcde Telefon: +47 78 99 50 80<\/p>\n<p>&nbsp;<\/p>","protected":false},"excerpt":{"rendered":"<p>Der beste Weg, um nach Nordlichtern zu suchen: <a href=\"https:\/\/www.tripadvisor.com\/Attraction_Review-g227953-d3529784-Reviews-Booking_Kirkenes-Kirkenes_Sor_Varanger_Municipality_Finnmark_Northern_Norway.html\" target=\"_blank\" rel=\"noopener\">Eine gef\u00fchrte Schneeschuhwanderung<\/a> in der wundersch\u00f6nen Winterlandschaft nahe <a href=\"https:\/\/www.youtube.com\/watch?v=2WAICJ8vm5E\" target=\"_blank\" rel=\"noopener\">Kirkenes<\/a>. Tour mit toller Aussicht. <span class=\"Y2IQFc\" lang=\"en\">Diese Tour ist sowohl f\u00fcr Anf\u00e4nger als auch f\u00fcr erfahrene Schneeschuhwanderer geeignet.<br \/>\n<\/span><\/p>","protected":false},"featured_media":11304,"comment_status":"closed","ping_status":"closed","template":"","meta":{"site-sidebar-layout":"default","site-content-layout":"default","ast-site-content-layout":"default","site-content-style":"default","site-sidebar-style":"default","ast-global-header-display":"","ast-banner-title-visibility":"","ast-main-header-display":"","ast-hfb-above-header-display":"","ast-hfb-below-header-display":"","ast-hfb-mobile-header-display":"","site-post-title":"","ast-breadcrumbs-content":"","ast-featured-img":"","footer-sml-layout":"","ast-disable-related-posts":"","theme-transparent-header-meta":"default","adv-header-id-meta":"","stick-header-meta":"","header-above-stick-meta":"","header-main-stick-meta":"","header-below-stick-meta":"","astra-migrate-meta-layouts":"set","ast-page-background-enabled":"default","ast-page-background-meta":{"desktop":{"background-color":"var(--ast-global-color-4)","background-image":"","background-repeat":"repeat","background-position":"center center","background-size":"auto","background-attachment":"scroll","background-type":"","background-media":"","overlay-type":"","overlay-color":"","overlay-opacity":"","overlay-gradient":""},"tablet":{"background-color":"","background-image":"","background-repeat":"repeat","background-position":"center center","background-size":"auto","background-attachment":"scroll","background-type":"","background-media":"","overlay-type":"","overlay-color":"","overlay-opacity":"","overlay-gradient":""},"mobile":{"background-color":"","background-image":"","background-repeat":"repeat","background-position":"center center","background-size":"auto","background-attachment":"scroll","background-type":"","background-media":"","overlay-type":"","overlay-color":"","overlay-opacity":"","overlay-gradient":""}},"ast-content-background-meta":{"desktop":{"background-color":"var(--ast-global-color-5)","background-image":"","background-repeat":"repeat","background-position":"center center","background-size":"auto","background-attachment":"scroll","background-type":"","background-media":"","overlay-type":"","overlay-color":"","overlay-opacity":"","overlay-gradient":""},"tablet":{"background-color":"var(--ast-global-color-5)","background-image":"","background-repeat":"repeat","background-position":"center center","background-size":"auto","background-attachment":"scroll","background-type":"","background-media":"","overlay-type":"","overlay-color":"","overlay-opacity":"","overlay-gradient":""},"mobile":{"background-color":"var(--ast-global-color-5)","background-image":"","background-repeat":"repeat","background-position":"center center","background-size":"auto","background-attachment":"scroll","background-type":"","background-media":"","overlay-type":"","overlay-color":"","overlay-opacity":"","overlay-gradient":""}}},"product_brand":[],"product_cat":[279,289,288,375],"product_tag":[353,332],"class_list":{"0":"post-8027","1":"product","2":"type-product","3":"status-publish","4":"has-post-thumbnail","6":"product_cat-hiking","7":"product_cat-northern-lights","8":"product_cat-snowshoe","9":"product_cat-winter-tours","10":"product_tag-nordlys","11":"product_tag-winter","12":"pa_month-januar","13":"pa_month-februar","14":"pa_month-mars","15":"pa_month-desember","16":"desktop-align-left","17":"tablet-align-left","18":"mobile-align-left","20":"first","21":"instock","22":"featured","23":"sold-individually","24":"taxable","25":"shipping-taxable","26":"purchasable","27":"product-type-phive_booking"},"aioseo_notices":[],"_links":{"self":[{"href":"https:\/\/www.bookingkirkenes.no\/de\/wp-json\/wp\/v2\/product\/8027","targetHints":{"allow":["GET"]}}],"collection":[{"href":"https:\/\/www.bookingkirkenes.no\/de\/wp-json\/wp\/v2\/product"}],"about":[{"href":"https:\/\/www.bookingkirkenes.no\/de\/wp-json\/wp\/v2\/types\/product"}],"replies":[{"embeddable":true,"href":"https:\/\/www.bookingkirkenes.no\/de\/wp-json\/wp\/v2\/comments?post=8027"}],"version-history":[{"count":23,"href":"https:\/\/www.bookingkirkenes.no\/de\/wp-json\/wp\/v2\/product\/8027\/revisions"}],"predecessor-version":[{"id":15391,"href":"https:\/\/www.bookingkirkenes.no\/de\/wp-json\/wp\/v2\/product\/8027\/revisions\/15391"}],"wp:featuredmedia":[{"embeddable":true,"href":"https:\/\/www.bookingkirkenes.no\/de\/wp-json\/wp\/v2\/media\/11304"}],"wp:attachment":[{"href":"https:\/\/www.bookingkirkenes.no\/de\/wp-json\/wp\/v2\/media?parent=8027"}],"wp:term":[{"taxonomy":"product_brand","embeddable":true,"href":"https:\/\/www.bookingkirkenes.no\/de\/wp-json\/wp\/v2\/product_brand?post=8027"},{"taxonomy":"product_cat","embeddable":true,"href":"https:\/\/www.bookingkirkenes.no\/de\/wp-json\/wp\/v2\/product_cat?post=8027"},{"taxonomy":"product_tag","embeddable":true,"href":"https:\/\/www.bookingkirkenes.no\/de\/wp-json\/wp\/v2\/product_tag?post=8027"}],"curies":[{"name":"wp","href":"https:\/\/api.w.org\/{rel}","templated":true}]}}