{"id":7595,"date":"2024-04-26T15:16:11","date_gmt":"2024-04-26T13:16:11","guid":{"rendered":"https:\/\/www.bookingkirkenes.no\/?post_type=product&#038;p=7595"},"modified":"2026-05-12T14:38:21","modified_gmt":"2026-05-12T12:38:21","slug":"borderland-winter-private-tour","status":"publish","type":"product","link":"https:\/\/www.bookingkirkenes.no\/de\/produkt\/borderland-winter-private-tour\/","title":{"rendered":"Borderland Winter Private Tour (HPW01-pt)"},"content":{"rendered":"<p><strong>Genie\u00dfen Sie eine personalisierte 2-st\u00fcndige Tour mit Ihrem eigenen ortskundigen Reiseleiter \u2013 keine anderen G\u00e4ste, nur Sie und Ihre Gruppe. Entdecken <a href=\"https:\/\/www.youtube.com\/watch?v=2WAICJ8vm5E\" target=\"_blank\" rel=\"noopener\">Kirkenes<\/a>\u201eGeschichte, Kultur und eine atemberaubende Umgebung in Komfort.<\/strong><\/p>\n<p>\ud83d\udcc5 <strong>Verf\u00fcgbar:<\/strong> 01 Dec &#8211; 30 April<br \/>\n\u23f0 <strong>Dauer:<\/strong> 2 Stunden<br \/>\n<strong data-start=\"128\" data-end=\"174\">Private Tour Price (up to 8 participants):<\/strong><br data-start=\"174\" data-end=\"177\" \/><strong>\u2022 5,940 NOK total for 1\u20134 guests<\/strong><br data-start=\"210\" data-end=\"213\" \/><strong>\u2022 From the 5th guest onwards: +1,485 NOK per additional guest<\/strong><br data-start=\"274\" data-end=\"277\" \/><strong>\u2022 Maximum of 8 participants per tour<\/strong><br \/>\n\ud83d\ude90 <strong>Abholen:<\/strong> Kirkenes town, Kirkenes Airport, Hurtigruten\/Havila pier, or Snow Resort<\/p>\n<p><strong>\ud83e\udded<\/strong><strong> Tour\u00fcbersicht<\/strong><\/p>\n<p>Das <strong>private F\u00fchrung<\/strong> bietet einen exklusiven, detaillierten Einblick in die faszinierende Geschichte von Kirkenes, das t\u00e4gliche Leben und die besondere Beziehung zu den Nachbarn Finnland und Russland. Ihr ortskundiger Reiseleiter erz\u00e4hlt Ihnen Geschichten \u00fcber das einzigartige Klima und die Kultur, w\u00e4hrend Sie die Stadt und die umliegenden Gebiete erkunden.<\/p>\n<p><strong>\ud83d\udd0d<\/strong><strong> Was Sie erleben werden<\/strong><\/p>\n<ul>\n<li><strong><a href=\"https:\/\/www.tripadvisor.com\/Attraction_Review-g227953-d3529784-Reviews-Booking_Kirkenes-Kirkenes_Sor_Varanger_Municipality_Finnmark_Northern_Norway.html\" target=\"_blank\" rel=\"noopener\">F\u00fchrung<\/a> von Kirkenes:<\/strong><br \/>\nErkunden Sie Kirkenes und seine Umgebung in Ihrem eigenen Tempo mit Ihrem sachkundigen Reiseleiter.<\/li>\n<li><strong>Besuchen Sie malerische Aussichtspunkte:<\/strong><br \/>\nHalten Sie an zwei wundersch\u00f6nen Aussichtspunkten, darunter dem ber\u00fchmten <strong>Aussichtspunkt Storfjell<\/strong>und bietet einen atemberaubenden Blick auf den Fjord.<\/li>\n<li><strong>Grenz- und Bergbaustadt:<\/strong><br \/>\nSehen Sie die norwegisch-russische Grenze und besuchen Sie die historische Bergbaustadt, w\u00e4hrend Sie etwas \u00fcber die Ver\u00e4nderungen der Region im Laufe der Zeit erfahren.<\/li>\n<li><strong>Fotom\u00f6glichkeiten:<\/strong><br \/>\nBei mehreren Fotostopps auf dem Weg k\u00f6nnen Sie die atemberaubende arktische Landschaft einfangen.<\/li>\n<li><strong>Bequemer Transport:<\/strong><br \/>\nReisen Sie in einem ger\u00e4umigen Mercedes-Minivan (max. 8 Sitze), Abholung von mehreren Orten in Kirkenes inbegriffen.<\/li>\n<li><strong>Flexibel f\u00fcr Bootsg\u00e4ste:<\/strong><br \/>\nDie Abfahrten am Morgen werden zeitlich so geplant, dass sie den G\u00e4sten entsprechen, die mit Hurtigruten- oder Havila-Kreuzfahrten ankommen oder abreisen.<\/li>\n<li><strong>Combine with Snow Resort Visit:<\/strong><br \/>\nThis tour can be easily combined with a visit to the Snow Resort, open year-round.<\/li>\n<\/ul>\n<p><strong>\u2705<\/strong><strong> Was<\/strong><strong>&#039;<\/strong><strong>s Inklusive<\/strong><\/p>\n<ul>\n<li>Privater lokaler Reiseleiter\/Fahrer (englisch-, deutsch-, franz\u00f6sisch- oder norwegischsprachig)<\/li>\n<li>Transport im komfortablen Minivan (Mercedes, max. 8 Sitze)<\/li>\n<li>Pickup from Kirkenes town, airport, Hurtigruten\/Havila pier, or Snow Resort<\/li>\n<\/ul>\n<p><strong>\ud83d\udccb<\/strong><strong> Buchung &amp; Zahlung<\/strong><\/p>\n<p>Die Buchung Ihrer privaten Tour ist ganz einfach:<\/p>\n<ol>\n<li>W\u00e4hlen Sie Ihre <strong>Datum<\/strong>, <strong>Abholzeit<\/strong>, <strong>Anzahl der G\u00e4ste<\/strong>, Und <strong>Abholort<\/strong><\/li>\n<li>Klicken <strong>\u201eJetzt buchen\u201c<\/strong> um die Tour in Ihren Warenkorb zu legen<\/li>\n<li>Gehen Sie zur Kasse und geben Sie Ihre Rechnungsdaten ein<\/li>\n<li>Erhalten Sie Ihre Buchungsbest\u00e4tigung per E-Mail<\/li>\n<\/ol>\n<p><strong>\u274c<\/strong><strong> Stornierungsbedingungen<\/strong><\/p>\n<p>Die vollst\u00e4ndigen Gesch\u00e4ftsbedingungen finden Sie hier:<br \/>\n<a href=\"https:\/\/www.bookingkirkenes.no\/de\/about-us\/general-terms\/\">Allgemeine Gesch\u00e4ftsbedingungen<\/a><\/p>\n<p><strong>\ud83d\udcde<\/strong><strong> Ben\u00f6tigen Sie Hilfe?<\/strong><\/p>\n<p>Wenn Sie Fragen haben oder Hilfe bei Ihrer Buchung ben\u00f6tigen, k\u00f6nnen Sie uns gerne kontaktieren:<\/p>\n<p>\ud83d\udce7 E-Mail: info@bookingkirkenes.no<br \/>\n\ud83d\udcde Telefon: +47 78 99 50 80<\/p>\n<p>&nbsp;<\/p>","protected":false},"excerpt":{"rendered":"<p>2-st\u00fcndige Privattour, keine anderen G\u00e4ste mit flexiblen Abfahrtszeiten. Diese Tour durch Kirkenes und das Grenzland zeigt Ihnen in nur 2 Stunden die interessantesten Fakten \u00fcber dieses Grenzland auf 69 Grad Nord. Auch f\u00fcr alle Reisenden mit Hurtigruten\/Havila-Boot geeignet. Abholung am Pier inklusive. Die Tour wird das ganze Jahr \u00fcber in englischer Sprache und auf Voranmeldung auch in deutscher, norwegischer und franz\u00f6sischer Sprache angeboten. F\u00fcr die Sommertour von April bis November bitte <a href=\"https:\/\/www.bookingkirkenes.no\/de\/produkt\/kirkenes-sightseeing-private-tour-hps01\/\">klicken Sie hier<\/a>.<\/p>","protected":false},"featured_media":5581,"comment_status":"closed","ping_status":"closed","template":"","meta":{"site-sidebar-layout":"default","site-content-layout":"default","ast-site-content-layout":"default","site-content-style":"default","site-sidebar-style":"default","ast-global-header-display":"","ast-banner-title-visibility":"","ast-main-header-display":"","ast-hfb-above-header-display":"","ast-hfb-below-header-display":"","ast-hfb-mobile-header-display":"","site-post-title":"","ast-breadcrumbs-content":"","ast-featured-img":"","footer-sml-layout":"","ast-disable-related-posts":"","theme-transparent-header-meta":"default","adv-header-id-meta":"","stick-header-meta":"","header-above-stick-meta":"","header-main-stick-meta":"","header-below-stick-meta":"","astra-migrate-meta-layouts":"set","ast-page-background-enabled":"default","ast-page-background-meta":{"desktop":{"background-color":"var(--ast-global-color-4)","background-image":"","background-repeat":"repeat","background-position":"center center","background-size":"auto","background-attachment":"scroll","background-type":"","background-media":"","overlay-type":"","overlay-color":"","overlay-opacity":"","overlay-gradient":""},"tablet":{"background-color":"","background-image":"","background-repeat":"repeat","background-position":"center center","background-size":"auto","background-attachment":"scroll","background-type":"","background-media":"","overlay-type":"","overlay-color":"","overlay-opacity":"","overlay-gradient":""},"mobile":{"background-color":"","background-image":"","background-repeat":"repeat","background-position":"center center","background-size":"auto","background-attachment":"scroll","background-type":"","background-media":"","overlay-type":"","overlay-color":"","overlay-opacity":"","overlay-gradient":""}},"ast-content-background-meta":{"desktop":{"background-color":"var(--ast-global-color-5)","background-image":"","background-repeat":"repeat","background-position":"center center","background-size":"auto","background-attachment":"scroll","background-type":"","background-media":"","overlay-type":"","overlay-color":"","overlay-opacity":"","overlay-gradient":""},"tablet":{"background-color":"var(--ast-global-color-5)","background-image":"","background-repeat":"repeat","background-position":"center center","background-size":"auto","background-attachment":"scroll","background-type":"","background-media":"","overlay-type":"","overlay-color":"","overlay-opacity":"","overlay-gradient":""},"mobile":{"background-color":"var(--ast-global-color-5)","background-image":"","background-repeat":"repeat","background-position":"center center","background-size":"auto","background-attachment":"scroll","background-type":"","background-media":"","overlay-type":"","overlay-color":"","overlay-opacity":"","overlay-gradient":""}}},"product_brand":[],"product_cat":[282,281,364,286,283],"product_tag":[342,363,332],"class_list":{"0":"post-7595","1":"product","2":"type-product","3":"status-publish","4":"has-post-thumbnail","6":"product_cat-kirkenes","7":"product_cat-local-guiding","8":"product_cat-private-tours","9":"product_cat-russian-border","10":"product_cat-sightseeing-by-bus","11":"product_tag-front-page","12":"product_tag-privatetour","13":"product_tag-winter","14":"pa_month-januar","15":"pa_month-februar","16":"pa_month-mars","17":"pa_month-april","18":"pa_month-desember","19":"desktop-align-left","20":"tablet-align-left","21":"mobile-align-left","23":"first","24":"instock","25":"virtual","26":"sold-individually","27":"taxable","28":"purchasable","29":"product-type-phive_booking"},"aioseo_notices":[],"_links":{"self":[{"href":"https:\/\/www.bookingkirkenes.no\/de\/wp-json\/wp\/v2\/product\/7595","targetHints":{"allow":["GET"]}}],"collection":[{"href":"https:\/\/www.bookingkirkenes.no\/de\/wp-json\/wp\/v2\/product"}],"about":[{"href":"https:\/\/www.bookingkirkenes.no\/de\/wp-json\/wp\/v2\/types\/product"}],"replies":[{"embeddable":true,"href":"https:\/\/www.bookingkirkenes.no\/de\/wp-json\/wp\/v2\/comments?post=7595"}],"version-history":[{"count":19,"href":"https:\/\/www.bookingkirkenes.no\/de\/wp-json\/wp\/v2\/product\/7595\/revisions"}],"predecessor-version":[{"id":8050,"href":"https:\/\/www.bookingkirkenes.no\/de\/wp-json\/wp\/v2\/product\/7595\/revisions\/8050"}],"wp:featuredmedia":[{"embeddable":true,"href":"https:\/\/www.bookingkirkenes.no\/de\/wp-json\/wp\/v2\/media\/5581"}],"wp:attachment":[{"href":"https:\/\/www.bookingkirkenes.no\/de\/wp-json\/wp\/v2\/media?parent=7595"}],"wp:term":[{"taxonomy":"product_brand","embeddable":true,"href":"https:\/\/www.bookingkirkenes.no\/de\/wp-json\/wp\/v2\/product_brand?post=7595"},{"taxonomy":"product_cat","embeddable":true,"href":"https:\/\/www.bookingkirkenes.no\/de\/wp-json\/wp\/v2\/product_cat?post=7595"},{"taxonomy":"product_tag","embeddable":true,"href":"https:\/\/www.bookingkirkenes.no\/de\/wp-json\/wp\/v2\/product_tag?post=7595"}],"curies":[{"name":"wp","href":"https:\/\/api.w.org\/{rel}","templated":true}]}}