{"id":7573,"date":"2024-04-26T10:18:00","date_gmt":"2024-04-26T08:18:00","guid":{"rendered":"https:\/\/www.bookingkirkenes.no\/?post_type=product&#038;p=7573"},"modified":"2026-05-13T09:41:53","modified_gmt":"2026-05-13T07:41:53","slug":"hw01pt","status":"publish","type":"product","link":"https:\/\/www.bookingkirkenes.no\/de\/produkt\/hw01pt\/","title":{"rendered":"Kirkenes Sightseeing &#038; Russian Border (HW01-pt)"},"content":{"rendered":"<p><strong>Entdecken <a href=\"https:\/\/www.youtube.com\/watch?v=2WAICJ8vm5E\" target=\"_blank\" rel=\"noopener\">Kirkenes<\/a>\u2019 history, culture, and stunning scenery in just 2 hours with this engaging guided tour.<\/strong><\/p>\n<p>\ud83d\udcc5 <strong>Verf\u00fcgbar:<\/strong> 1. Dezember \u2013 30. April<br \/>\n\u23f0 <strong>Dauer:<\/strong> 2 Stunden<br \/>\n\ud83d\udd58 <strong>Abfahrtszeiten:<\/strong><br \/>\n\u2022 Morning: 09:45 \u2013 11:45<br \/>\n\u2022 Afternoon: 13:30 \u2013 15:30<\/p>\n<p>\ud83d\udcb0 <strong>Preis:<\/strong><br \/>\n\u2022 990 NOK per adult (minimum 2 guests) on week days \/ 1550 NOK per adult on weekends ( Saturday-Sunday &amp; Holy Days 02.04 , 03.04, 06.04, 01.05, 25.05, 24,12, 25.12, 26.12, 27.12, 31.12.)<br \/>\n\u2022 495 NOK per child (ages 4-11)<br \/>\n\ud83d\ude90 <strong>Abholen:<\/strong> Hotels, Hurtigruten\/Havila pier, or Snowhotel<\/p>\n<p><strong>\ud83e\udded<\/strong><strong> Tour\u00fcbersicht<\/strong><\/p>\n<p>In just 2 hours, get an in-depth introduction to <strong>Kirkenes\u2019 fascinating history<\/strong>, daily life, and the region\u2019s unique relationship with Finland and Russia.<\/p>\n<p>This guided tour takes you through the heart of Kirkenes and its surroundings, offering a mix of <strong>cultural insights<\/strong> und <strong>breathtaking views<\/strong> of the Arctic landscape.<\/p>\n<p><strong>\ud83d\udd0d<\/strong><strong> Was Sie erleben werden<\/strong><\/p>\n<ul>\n<li><strong><a href=\"https:\/\/www.tripadvisor.com\/Attraction_Review-g227953-d3529784-Reviews-Booking_Kirkenes-Kirkenes_Sor_Varanger_Municipality_Finnmark_Northern_Norway.html\" target=\"_blank\" rel=\"noopener\">F\u00fchrung<\/a> Through Kirkenes:<\/strong><br \/>\nExplore the town\u2019s key landmarks while your guide shares stories about Kirkenes\u2019 unique heritage and everyday life.<\/li>\n<li><strong>Scenic Viewpoints:<\/strong><br \/>\nVisit two amazing viewpoints, including the famous <strong>Aussichtspunkt Storfjell<\/strong>, with panoramic fjord views perfect for photos.<\/li>\n<li><strong>Border and Mining Town:<\/strong><br \/>\nStop at the Norwegian-Russian border and the historic mining town, learning about the area\u2019s rich industrial past and its modern transformation.<\/li>\n<li><strong>Photo Stops:<\/strong><br \/>\nSeveral stops along the way let you capture the stunning beauty of the region\u2014ideal for photography lovers.<\/li>\n<li><strong>Bequemer Transport:<\/strong><br \/>\nTravel in a cozy minivan with up to 8 seats, ensuring a relaxed and personalized tour experience.<\/li>\n<\/ul>\n<p><strong>\u2705<\/strong><strong> Details der Tour<\/strong><\/p>\n<ul>\n<li><strong>Verf\u00fcgbar:<\/strong> 1. Dezember \u2013 30. April<\/li>\n<li><strong>Dauer:<\/strong> 2 Stunden<\/li>\n<li><strong>Abfahrtszeiten:<\/strong> 09:45 (morning) &amp; 13:30 (afternoon)<\/li>\n<li><strong>Preis:<\/strong> 990 NOK per adult, 495 NOK per child (ages 4\u201311)<\/li>\n<li><strong>Gruppengr\u00f6\u00dfe:<\/strong> Minimum 2 guests<\/li>\n<li><strong>Sprache:<\/strong> English (other languages available on private tours)<\/li>\n<li><strong>Transport:<\/strong> Mini-van with hotel or pier pickup included<\/li>\n<\/ul>\n<p><strong>\ud83d\udc65<\/strong><strong> Private Tour-Option<\/strong><\/p>\n<p>Want a private tour with no other guests? Please book the <strong><a href=\"https:\/\/www.bookingkirkenes.no\/de\/produkt\/kirkenes-and-borderland-sightseeing-with-a-local-private-tour-hpw01-pt\/\" target=\"_blank\" rel=\"noopener\">private tour option<\/a> (HPW01)<\/strong> for a fully personalized experience.<\/p>\n<p><strong>\ud83c\udf10<\/strong><strong> Language Options<\/strong><\/p>\n<p>The standard tour is offered in <strong>Englisch<\/strong>. For <strong>Deutsch, Franz\u00f6sisch oder Norwegisch<\/strong>, please book the private tour option.<\/p>\n<p><strong>\ud83d\uded2<\/strong><strong> Buchung &amp; Zahlung<\/strong><\/p>\n<p>Booking is simple:<\/p>\n<ol>\n<li>W\u00e4hlen Sie Ihre <strong>Datum<\/strong>, <strong>Abholzeit<\/strong>, <strong>Anzahl der G\u00e4ste<\/strong>, Und <strong>Abholort<\/strong><\/li>\n<li>Klicken <strong>\u201eJetzt buchen\u201c<\/strong> um die Tour in Ihren Warenkorb zu legen<\/li>\n<li>Proceed to checkout and enter your billing details<\/li>\n<li>Receive an email confirmation of your booking<\/li>\n<\/ol>\n<p><strong>\u274c<\/strong><strong> Stornierungsbedingungen<\/strong>s.<\/p>\n<p>Please read full cancellation terms here: <a href=\"https:\/\/www.bookingkirkenes.no\/de\/about-us\/general-terms\/\">Allgemeine Gesch\u00e4ftsbedingungen<\/a><\/p>\n<p><strong>\ud83d\udcde<\/strong><strong> Ben\u00f6tigen Sie Hilfe?<\/strong><\/p>\n<p>We\u2019re here to help with any questions or booking support:<\/p>\n<p>\ud83d\udce7 E-Mail: info@bookingkirkenes.no<br \/>\n\ud83d\udcde Telefon: +47 78 99 50 80<\/p>","protected":false},"excerpt":{"rendered":"<p data-start=\"644\" data-end=\"682\"><strong data-start=\"648\" data-end=\"682\">Entdecken Sie Kirkenes wie ein Einheimischer!<\/strong><\/p>\n<p data-start=\"683\" data-end=\"1007\">Begleiten Sie uns auf einer faszinierenden\u00a0<strong data-start=\"708\" data-end=\"723\">F\u00fchrung<\/strong>\u00a0Durch Kirkenes, gef\u00fchrt von einem ortskundigen Experten, der Ihnen Geschichten \u00fcber die Geschichte, Kultur und Beziehung der Stadt zu ihren Nachbarl\u00e4ndern Finnland und Russland erz\u00e4hlt. Sie besuchen die sch\u00f6nsten Aussichtspunkte, entdecken die verborgenen Sch\u00e4tze der Stadt und legen mehrere Stopps f\u00fcr fantastische Fotos ein.<\/p>\n<p data-start=\"59\" data-end=\"98\"><strong data-start=\"518\" data-end=\"552\">Perfekt f\u00fcr Kreuzfahrtpassagiere!<\/strong><br data-start=\"552\" data-end=\"555\" \/>Unser\u00a0<strong data-start=\"559\" data-end=\"575\">Morgentour<\/strong> (09:45 \u2013 11:45) is designed for <strong data-start=\"609\" data-end=\"631\">Hurtigruten\/Havila<\/strong> travelers , so you can easily join us right after disembarking. <strong data-start=\"703\" data-end=\"740\">Abholung vom Pier ist inklusive<\/strong>, sodass Sie Ihr Abenteuer m\u00fchelos beginnen k\u00f6nnen!<\/p>\n<p data-start=\"789\" data-end=\"1004\">Angeboten\u00a0<strong data-start=\"797\" data-end=\"811\">ganzj\u00e4hrig<\/strong>\u00a0In\u00a0<strong data-start=\"815\" data-end=\"826\">Englisch<\/strong>, diese Tour bietet Ihnen eine einzigartige M\u00f6glichkeit, Kirkenes zu erkunden. Bevorzugen Sie eine Tour in\u00a0<strong data-start=\"900\" data-end=\"932\">Deutsch, Franz\u00f6sisch oder Norwegisch<\/strong>? Kein Problem \u2013 buchen Sie einfach unser\u00a0<a href=\"https:\/\/www.bookingkirkenes.no\/de\/produkt\/kirkenes-and-borderland-sightseeing-with-a-local-private-tour-hpw01-pt\/\"><strong data-start=\"959\" data-end=\"975\">private F\u00fchrung<\/strong><\/a> f\u00fcr ein individuelles Erlebnis. F\u00fcr Informationen und Buchung \u00fcber die <a href=\"https:\/\/www.bookingkirkenes.no\/de\/produkt\/kirkenes-sightseeing-with-local-guide-h01\/\">Sommertour Mai \u2013 Nov. klicken Sie bitte hier.<\/a><\/p>","protected":false},"featured_media":13553,"comment_status":"closed","ping_status":"closed","template":"","meta":{"site-sidebar-layout":"default","site-content-layout":"default","ast-site-content-layout":"default","site-content-style":"default","site-sidebar-style":"default","ast-global-header-display":"","ast-banner-title-visibility":"","ast-main-header-display":"","ast-hfb-above-header-display":"","ast-hfb-below-header-display":"","ast-hfb-mobile-header-display":"","site-post-title":"","ast-breadcrumbs-content":"","ast-featured-img":"","footer-sml-layout":"","ast-disable-related-posts":"","theme-transparent-header-meta":"default","adv-header-id-meta":"","stick-header-meta":"","header-above-stick-meta":"","header-main-stick-meta":"","header-below-stick-meta":"","astra-migrate-meta-layouts":"set","ast-page-background-enabled":"default","ast-page-background-meta":{"desktop":{"background-color":"var(--ast-global-color-4)","background-image":"","background-repeat":"repeat","background-position":"center center","background-size":"auto","background-attachment":"scroll","background-type":"","background-media":"","overlay-type":"","overlay-color":"","overlay-opacity":"","overlay-gradient":""},"tablet":{"background-color":"","background-image":"","background-repeat":"repeat","background-position":"center center","background-size":"auto","background-attachment":"scroll","background-type":"","background-media":"","overlay-type":"","overlay-color":"","overlay-opacity":"","overlay-gradient":""},"mobile":{"background-color":"","background-image":"","background-repeat":"repeat","background-position":"center center","background-size":"auto","background-attachment":"scroll","background-type":"","background-media":"","overlay-type":"","overlay-color":"","overlay-opacity":"","overlay-gradient":""}},"ast-content-background-meta":{"desktop":{"background-color":"var(--ast-global-color-5)","background-image":"","background-repeat":"repeat","background-position":"center center","background-size":"auto","background-attachment":"scroll","background-type":"","background-media":"","overlay-type":"","overlay-color":"","overlay-opacity":"","overlay-gradient":""},"tablet":{"background-color":"var(--ast-global-color-5)","background-image":"","background-repeat":"repeat","background-position":"center center","background-size":"auto","background-attachment":"scroll","background-type":"","background-media":"","overlay-type":"","overlay-color":"","overlay-opacity":"","overlay-gradient":""},"mobile":{"background-color":"var(--ast-global-color-5)","background-image":"","background-repeat":"repeat","background-position":"center center","background-size":"auto","background-attachment":"scroll","background-type":"","background-media":"","overlay-type":"","overlay-color":"","overlay-opacity":"","overlay-gradient":""}}},"product_brand":[],"product_cat":[282,281,286,283,375],"product_tag":[342],"class_list":{"0":"post-7573","1":"product","2":"type-product","3":"status-publish","4":"has-post-thumbnail","6":"product_cat-kirkenes","7":"product_cat-local-guiding","8":"product_cat-russian-border","9":"product_cat-sightseeing-by-bus","10":"product_cat-winter-tours","11":"product_tag-front-page","12":"pa_month-januar","13":"pa_month-februar","14":"pa_month-mars","15":"pa_month-april","16":"pa_month-desember","17":"desktop-align-left","18":"tablet-align-left","19":"mobile-align-left","21":"first","22":"instock","23":"virtual","24":"sold-individually","25":"taxable","26":"purchasable","27":"product-type-phive_booking"},"aioseo_notices":[],"_links":{"self":[{"href":"https:\/\/www.bookingkirkenes.no\/de\/wp-json\/wp\/v2\/product\/7573","targetHints":{"allow":["GET"]}}],"collection":[{"href":"https:\/\/www.bookingkirkenes.no\/de\/wp-json\/wp\/v2\/product"}],"about":[{"href":"https:\/\/www.bookingkirkenes.no\/de\/wp-json\/wp\/v2\/types\/product"}],"replies":[{"embeddable":true,"href":"https:\/\/www.bookingkirkenes.no\/de\/wp-json\/wp\/v2\/comments?post=7573"}],"version-history":[{"count":38,"href":"https:\/\/www.bookingkirkenes.no\/de\/wp-json\/wp\/v2\/product\/7573\/revisions"}],"predecessor-version":[{"id":15560,"href":"https:\/\/www.bookingkirkenes.no\/de\/wp-json\/wp\/v2\/product\/7573\/revisions\/15560"}],"wp:featuredmedia":[{"embeddable":true,"href":"https:\/\/www.bookingkirkenes.no\/de\/wp-json\/wp\/v2\/media\/13553"}],"wp:attachment":[{"href":"https:\/\/www.bookingkirkenes.no\/de\/wp-json\/wp\/v2\/media?parent=7573"}],"wp:term":[{"taxonomy":"product_brand","embeddable":true,"href":"https:\/\/www.bookingkirkenes.no\/de\/wp-json\/wp\/v2\/product_brand?post=7573"},{"taxonomy":"product_cat","embeddable":true,"href":"https:\/\/www.bookingkirkenes.no\/de\/wp-json\/wp\/v2\/product_cat?post=7573"},{"taxonomy":"product_tag","embeddable":true,"href":"https:\/\/www.bookingkirkenes.no\/de\/wp-json\/wp\/v2\/product_tag?post=7573"}],"curies":[{"name":"wp","href":"https:\/\/api.w.org\/{rel}","templated":true}]}}