{"id":684,"date":"2021-10-25T11:24:02","date_gmt":"2021-10-25T09:24:02","guid":{"rendered":"https:\/\/www.bookingkirkenes.no\/?post_type=product&#038;p=684"},"modified":"2026-04-15T10:42:25","modified_gmt":"2026-04-15T08:42:25","slug":"pasvik-sightseeing-summer","status":"publish","type":"product","link":"https:\/\/www.bookingkirkenes.no\/de\/produkt\/pasvik-sightseeing-summer\/","title":{"rendered":"Visit Pasvik Valley &#038; National Park Visitor Centre (HS03-pt)"},"content":{"rendered":"<p>\ud83c\udf32 <strong>Pasvik Valley &amp; Borderland Sightseeing with a Local Guide<\/strong><\/p>\n<p>\ud83d\udcc5 <strong>Verf\u00fcgbar:<\/strong> Weekdays, 01.05 \u2013 30.11<br \/>\n\u23f0 <strong>Dauer:<\/strong> 3 Stunden<br \/>\n\ud83d\udd58 <strong>Abfahrtszeit:<\/strong> 13:00 \u2013 16:00 (other times on request)<\/p>\n<p>\ud83d\udcb0 <strong>Preis:<\/strong><br \/>\n\u2022 Adults: 1,900 NOK per person (minimum 2 guests)<br \/>\n\u2022 Children (4\u201311 years): 950 NOK<\/p>\n<p>\ud83d\ude90 <strong>Abholen:<\/strong> Hotels or Hurtigruten\/Havila pier<\/p>\n<p>\ud83e\udded <strong>Tour\u00fcbersicht<\/strong><\/p>\n<p>Experience one of Europe\u2019s last wilderness areas on a guided bus tour through the <strong>stunning Pasvik Valley<\/strong>. <a href=\"https:\/\/www.tripadvisor.com\/Attraction_Review-g227953-d3529784-Reviews-Booking_Kirkenes-Kirkenes_Sor_Varanger_Municipality_Finnmark_Northern_Norway.html\" target=\"_blank\" rel=\"noopener\">Travel in a comfortable minivan with a friendly local guide<\/a> who will share stories about the valley\u2019s unique wildlife, flora, and history.<\/p>\n<p>Follow the <strong>Pasvik-Fluss<\/strong>, Norway\u2019s natural border with Russia, all the way to Svanvik. Along the way, enjoy panoramic views, stop for photos, and learn about the cultural and historical significance of this remarkable region.<\/p>\n<p>Ein Besuch beim <a href=\"https:\/\/pasvik.no\/elementor-1408\/\" target=\"_blank\" rel=\"noopener\"><strong>National Park Visitor Centre<\/strong><\/a> is included, where you\u2019ll discover the valley\u2019s ecosystems and see the brown bear information exhibit. Optionally, enjoy a local lunch featuring traditional regional dishes.<\/p>\n<p>\ud83d\udd0d <strong>Was Sie erleben werden<\/strong><\/p>\n<p><strong>\ud83c\udf0a<\/strong><strong> Scenic Pasvik River &amp; Borderlands<\/strong><br \/>\n\u2022 Admire the border river and surrounding landscapes<br \/>\n\u2022 Spot local flora and fauna<br \/>\n\u2022 Catch glimpses of Russia across the river<\/p>\n<p><strong>\ud83d\udc3b<\/strong><strong> National Park Visitor Centre<\/strong><br \/>\n\u2022 Learn about the valley\u2019s wildlife and ecosystems<br \/>\n\u2022 Explore the brown bear exhibit<br \/>\n\u2022 Optional local lunch at the Visitor Centre<\/p>\n<p><strong>\ud83d\ude8c<\/strong><strong> Bequemer Transport<\/strong><br \/>\n\u2022 Small minivan group for a personalized experience<br \/>\n\u2022 Pick-up and drop-off included from hotels or Hurtigruten\/Havila pier<br \/>\n\u2022 Expert local guide sharing nature, history, and cultural stories<\/p>\n<p>\u2705 <strong>Tour Details \/ What\u2019s Included<\/strong><\/p>\n<ul>\n<li>Local guide\/driver (English-speaking; German, French, Norwegian on request for private tours)<br \/>\n\u2022 Comfortable minivan transportation<br \/>\n\u2022 Pick-up at hotels and Hurtigruten\/Havila pier<br \/>\n\u2022 Entrance fees<\/li>\n<\/ul>\n<p>\ud83d\uded2 <strong>Buchung &amp; Zahlung<\/strong><\/p>\n<ol>\n<li>Select your date, pick-up time, number of guests, and pick-up location<\/li>\n<li>Klicken <strong>Jetzt buchen<\/strong> \u2014 the tour will appear in your basket<\/li>\n<li>Go to the basket and proceed to checkout<\/li>\n<li>Rechnungsdetails eingeben und Zahlung abschlie\u00dfen<\/li>\n<\/ol>\n<p>\u274c <strong>Stornierungsbedingungen<\/strong><\/p>\n<p>\ud83d\udcc4 Please read full cancellation terms here: <a href=\"https:\/\/www.bookingkirkenes.no\/de\/about-us\/general-terms\/\">Allgemeine Gesch\u00e4ftsbedingungen<\/a><\/p>\n<p>\ud83d\udcde <strong>Ben\u00f6tigen Sie Hilfe?<\/strong><\/p>\n<p>\ud83d\udce7 E-Mail: info@bookingkirkenes.no<br \/>\n\ud83d\udcde Telefon: +47 78 99 50 80<\/p>\n<p>&nbsp;<\/p>","protected":false},"excerpt":{"rendered":"<p>Besuchen Sie mit uns das gr\u00fcne Pasviktal und erfahren Sie mehr \u00fcber den sibirischen Taigawald und die wilde Natur. Der Pasvik ist der zweitgr\u00f6\u00dfte Fluss Norwegens und bildet die Grenze zu Russland. <a href=\"https:\/\/pasvik.no\/elementor-1408\/\" target=\"_blank\" rel=\"noopener\">Besuch im Nationalparkzentrum inklusive<\/a>. Diese Tour findet das ganze Jahr \u00fcber statt. Weitere Informationen zu dieser Tour im Winter (von Dezember bis April) <a href=\"https:\/\/www.bookingkirkenes.no\/de\/produkt\/pasvik-sightseeing-and-tour-to-visitor-centre-ovre-pasvik-nationalpark-may-november-hw03-pt\/\">Bitte klicken Sie hier<\/a>.<\/p>","protected":false},"featured_media":8455,"comment_status":"closed","ping_status":"closed","template":"","meta":{"site-sidebar-layout":"default","site-content-layout":"default","ast-site-content-layout":"default","site-content-style":"default","site-sidebar-style":"default","ast-global-header-display":"","ast-banner-title-visibility":"","ast-main-header-display":"","ast-hfb-above-header-display":"","ast-hfb-below-header-display":"","ast-hfb-mobile-header-display":"","site-post-title":"","ast-breadcrumbs-content":"","ast-featured-img":"","footer-sml-layout":"","ast-disable-related-posts":"","theme-transparent-header-meta":"default","adv-header-id-meta":"","stick-header-meta":"","header-above-stick-meta":"","header-main-stick-meta":"","header-below-stick-meta":"","astra-migrate-meta-layouts":"set","ast-page-background-enabled":"default","ast-page-background-meta":{"desktop":{"background-color":"var(--ast-global-color-4)","background-image":"","background-repeat":"repeat","background-position":"center center","background-size":"auto","background-attachment":"scroll","background-type":"","background-media":"","overlay-type":"","overlay-color":"","overlay-opacity":"","overlay-gradient":""},"tablet":{"background-color":"","background-image":"","background-repeat":"repeat","background-position":"center center","background-size":"auto","background-attachment":"scroll","background-type":"","background-media":"","overlay-type":"","overlay-color":"","overlay-opacity":"","overlay-gradient":""},"mobile":{"background-color":"","background-image":"","background-repeat":"repeat","background-position":"center center","background-size":"auto","background-attachment":"scroll","background-type":"","background-media":"","overlay-type":"","overlay-color":"","overlay-opacity":"","overlay-gradient":""}},"ast-content-background-meta":{"desktop":{"background-color":"var(--ast-global-color-5)","background-image":"","background-repeat":"repeat","background-position":"center center","background-size":"auto","background-attachment":"scroll","background-type":"","background-media":"","overlay-type":"","overlay-color":"","overlay-opacity":"","overlay-gradient":""},"tablet":{"background-color":"var(--ast-global-color-5)","background-image":"","background-repeat":"repeat","background-position":"center center","background-size":"auto","background-attachment":"scroll","background-type":"","background-media":"","overlay-type":"","overlay-color":"","overlay-opacity":"","overlay-gradient":""},"mobile":{"background-color":"var(--ast-global-color-5)","background-image":"","background-repeat":"repeat","background-position":"center center","background-size":"auto","background-attachment":"scroll","background-type":"","background-media":"","overlay-type":"","overlay-color":"","overlay-opacity":"","overlay-gradient":""}}},"product_brand":[],"product_cat":[281,339,286,283,374],"product_tag":[342,341],"class_list":{"0":"post-684","1":"product","2":"type-product","3":"status-publish","4":"has-post-thumbnail","6":"product_cat-local-guiding","7":"product_cat-nationalpark","8":"product_cat-russian-border","9":"product_cat-sightseeing-by-bus","10":"product_cat-summer-autumn-tours","11":"product_tag-front-page","12":"product_tag-summer","13":"pa_month-mai","14":"pa_month-juni","15":"pa_month-juli","16":"pa_month-august","17":"pa_month-september","18":"pa_month-oktober","19":"pa_month-november","20":"desktop-align-left","21":"tablet-align-left","22":"mobile-align-left","24":"first","25":"instock","26":"sold-individually","27":"taxable","28":"shipping-taxable","29":"purchasable","30":"product-type-phive_booking"},"aioseo_notices":[],"_links":{"self":[{"href":"https:\/\/www.bookingkirkenes.no\/de\/wp-json\/wp\/v2\/product\/684","targetHints":{"allow":["GET"]}}],"collection":[{"href":"https:\/\/www.bookingkirkenes.no\/de\/wp-json\/wp\/v2\/product"}],"about":[{"href":"https:\/\/www.bookingkirkenes.no\/de\/wp-json\/wp\/v2\/types\/product"}],"replies":[{"embeddable":true,"href":"https:\/\/www.bookingkirkenes.no\/de\/wp-json\/wp\/v2\/comments?post=684"}],"version-history":[{"count":36,"href":"https:\/\/www.bookingkirkenes.no\/de\/wp-json\/wp\/v2\/product\/684\/revisions"}],"predecessor-version":[{"id":2543,"href":"https:\/\/www.bookingkirkenes.no\/de\/wp-json\/wp\/v2\/product\/684\/revisions\/2543"}],"wp:featuredmedia":[{"embeddable":true,"href":"https:\/\/www.bookingkirkenes.no\/de\/wp-json\/wp\/v2\/media\/8455"}],"wp:attachment":[{"href":"https:\/\/www.bookingkirkenes.no\/de\/wp-json\/wp\/v2\/media?parent=684"}],"wp:term":[{"taxonomy":"product_brand","embeddable":true,"href":"https:\/\/www.bookingkirkenes.no\/de\/wp-json\/wp\/v2\/product_brand?post=684"},{"taxonomy":"product_cat","embeddable":true,"href":"https:\/\/www.bookingkirkenes.no\/de\/wp-json\/wp\/v2\/product_cat?post=684"},{"taxonomy":"product_tag","embeddable":true,"href":"https:\/\/www.bookingkirkenes.no\/de\/wp-json\/wp\/v2\/product_tag?post=684"}],"curies":[{"name":"wp","href":"https:\/\/api.w.org\/{rel}","templated":true}]}}