{"id":5117,"date":"2023-06-02T13:48:24","date_gmt":"2023-06-02T11:48:24","guid":{"rendered":"https:\/\/www.bookingkirkenes.no\/?post_type=product&#038;p=5117"},"modified":"2025-12-03T13:18:39","modified_gmt":"2025-12-03T12:18:39","slug":"borderlandsightseeing-local-guide","status":"publish","type":"product","link":"https:\/\/www.bookingkirkenes.no\/de\/produkt\/borderlandsightseeing-local-guide\/","title":{"rendered":"Borderlandsightseeing &#038; Local Guide (GR3)"},"content":{"rendered":"<p>Discover Kirkenes\u2019 history, nature, and stunning scenery in just 2 hours with this engaging guided tour.<\/p>\n<p>\ud83d\udcc5 <strong>Verf\u00fcgbar:<\/strong> Das ganze Jahr \u00fcber<br \/>\n\u23f0 <strong>Dauer:<\/strong> 2 Stunden<\/p>\n<p>\ud83d\udcb0 <strong>Preis:<\/strong> For group prices and more information, please contact us<\/p>\n<p>\ud83d\ude90 <strong>Abholen:<\/strong> Hotels, Kirkenes Airport, or Hurtigruten\/Havila pier<\/p>\n<p>\ud83e\udded <strong>Tour\u00fcbersicht<\/strong><\/p>\n<p>In only 2 hours, this tour provides an interesting insight into the <strong>history, nature, climate, and modern life in <a href=\"https:\/\/www.youtube.com\/watch?v=VrUXtaNZFAk\" target=\"_blank\" rel=\"noopener\">Kirkenes<\/a><\/strong>. Travel with a <a href=\"https:\/\/www.tripadvisor.com\/Attraction_Review-g227953-d3529784-Reviews-Booking_Kirkenes-Kirkenes_Sor_Varanger_Municipality_Finnmark_Northern_Norway.html\" target=\"_blank\" rel=\"noopener\">lokaler Reisef\u00fchrer<\/a> through the town and surrounding areas, enjoying a combination of cultural insights and breathtaking viewpoints.<\/p>\n<p>\ud83d\udd0d <strong>Was Sie erleben werden<\/strong><\/p>\n<p><strong>Kirkenes &amp; Scenic Viewpoints:<\/strong><br \/>\nStop at the Kirkenes viewpoint to admire the city from above and the <strong>Aussichtspunkt Storfjell<\/strong> for panoramic views of the fjord and surrounding landscapes.<\/p>\n<p><strong>Russian Border &amp; Borderland Stories:<\/strong><br \/>\nBesuche den <strong>Russische Grenze<\/strong>, while your guide shares fascinating stories about the area\u2019s historical events and cross-border life.<\/p>\n<p><strong>Mining Town of Bj\u00f8rnevatn:<\/strong><br \/>\nExplore the historic mining village of Bj\u00f8rnevatn, learning about its transformation and the vast spoil banks that characterize the area.<\/p>\n<p><strong>Storfjellet Panoramic Views:<\/strong><br \/>\nDrive along the spoil banks to <strong>Storfjellet<\/strong>, enjoying breathtaking views of Langfjord and the Pasvik Valley.<\/p>\n<p><strong>Bequemer Transport:<\/strong><br \/>\nTravel in a bus or minivan with your local guide, ensuring a relaxed and informative sightseeing experience.<\/p>\n<p>\u2705 <strong>Details der Tour<\/strong><\/p>\n<ul>\n<li><strong>Verf\u00fcgbar:<\/strong> Das ganze Jahr \u00fcber<br \/>\n\u2022 <strong>Dauer:<\/strong> 2 Stunden<br \/>\n\u2022 <strong>Preis:<\/strong> Contact us for group pricing and more information<br \/>\n\u2022 <strong>Gruppengr\u00f6\u00dfe:<\/strong> Variable<br \/>\n\u2022 <strong>Sprache:<\/strong> Englisch, Deutsch, Franz\u00f6sisch oder Norwegisch<br \/>\n\u2022 <strong>Transport:<\/strong> Pickup and return from hotels, airport, or Hurtigruten\/Havila pier included<\/li>\n<\/ul>\n<p>\ud83d\udc65 <strong>Private Tour-Option<\/strong><\/p>\n<p>For a fully private experience, please contact us to arrange a personalized tour.<\/p>\n<p>\ud83c\udf10 <strong>Language Options<\/strong><\/p>\n<p>Guiding is available in <strong>Englisch, Deutsch, Franz\u00f6sisch oder Norwegisch<\/strong>. Please specify your preferred language when booking.<\/p>\n<p>\ud83d\uded2 <strong>Buchung &amp; Zahlung<\/strong><\/p>\n<ol>\n<li>Choose your date, pickup time, number of guests, and pickup place<\/li>\n<li>Contact us to confirm availability and pricing<\/li>\n<li>Provide your billing details if required<\/li>\n<li>Receive confirmation of your booking<\/li>\n<\/ol>\n<p>\u274c <strong>Stornierungsbedingungen<\/strong><\/p>\n<p>Please read full cancellation terms here: <a href=\"https:\/\/www.bookingkirkenes.no\/de\/about-us\/general-terms\/\">Allgemeine Gesch\u00e4ftsbedingungen<\/a><\/p>\n<p>\ud83d\udcde <strong>Ben\u00f6tigen Sie Hilfe?<\/strong><\/p>\n<p>\ud83d\udce7 E-Mail: info@bookingkirkenes.no<br \/>\n\ud83d\udcde Telefon: +47 78 99 50 80<\/p>\n<p>&nbsp;<\/p>","protected":false},"excerpt":{"rendered":"<p>In nur zwei Stunden bietet diese Tour einen interessanten Einblick in die Geschichte, Natur, das Klima und das moderne Kirkenes. Fotostopp an zwei Aussichtspunkten und an der russischen Grenze. Ihr Reisef\u00fchrer informiert Sie \u00fcber die verschiedenen historischen Ereignisse, die in dieser Gegend stattfanden. Alle unsere Guides sind ortsans\u00e4ssig und geben Ihnen \u201edie kleinen Extrainformationen\u201c zu dieser Tour.<\/p>","protected":false},"featured_media":13553,"comment_status":"closed","ping_status":"closed","template":"","meta":{"site-sidebar-layout":"default","site-content-layout":"default","ast-site-content-layout":"default","site-content-style":"default","site-sidebar-style":"default","ast-global-header-display":"","ast-banner-title-visibility":"","ast-main-header-display":"","ast-hfb-above-header-display":"","ast-hfb-below-header-display":"","ast-hfb-mobile-header-display":"","site-post-title":"","ast-breadcrumbs-content":"","ast-featured-img":"","footer-sml-layout":"","ast-disable-related-posts":"","theme-transparent-header-meta":"default","adv-header-id-meta":"","stick-header-meta":"","header-above-stick-meta":"","header-main-stick-meta":"","header-below-stick-meta":"","astra-migrate-meta-layouts":"set","ast-page-background-enabled":"default","ast-page-background-meta":{"desktop":{"background-color":"var(--ast-global-color-4)","background-image":"","background-repeat":"repeat","background-position":"center center","background-size":"auto","background-attachment":"scroll","background-type":"","background-media":"","overlay-type":"","overlay-color":"","overlay-opacity":"","overlay-gradient":""},"tablet":{"background-color":"","background-image":"","background-repeat":"repeat","background-position":"center center","background-size":"auto","background-attachment":"scroll","background-type":"","background-media":"","overlay-type":"","overlay-color":"","overlay-opacity":"","overlay-gradient":""},"mobile":{"background-color":"","background-image":"","background-repeat":"repeat","background-position":"center center","background-size":"auto","background-attachment":"scroll","background-type":"","background-media":"","overlay-type":"","overlay-color":"","overlay-opacity":"","overlay-gradient":""}},"ast-content-background-meta":{"desktop":{"background-color":"var(--ast-global-color-5)","background-image":"","background-repeat":"repeat","background-position":"center center","background-size":"auto","background-attachment":"scroll","background-type":"","background-media":"","overlay-type":"","overlay-color":"","overlay-opacity":"","overlay-gradient":""},"tablet":{"background-color":"var(--ast-global-color-5)","background-image":"","background-repeat":"repeat","background-position":"center center","background-size":"auto","background-attachment":"scroll","background-type":"","background-media":"","overlay-type":"","overlay-color":"","overlay-opacity":"","overlay-gradient":""},"mobile":{"background-color":"var(--ast-global-color-5)","background-image":"","background-repeat":"repeat","background-position":"center center","background-size":"auto","background-attachment":"scroll","background-type":"","background-media":"","overlay-type":"","overlay-color":"","overlay-opacity":"","overlay-gradient":""}}},"product_brand":[],"product_cat":[355],"product_tag":[],"class_list":{"0":"post-5117","1":"product","2":"type-product","3":"status-publish","4":"has-post-thumbnail","6":"product_cat-group-tours","7":"desktop-align-left","8":"tablet-align-left","9":"mobile-align-left","11":"first","12":"instock","13":"taxable","14":"shipping-taxable","15":"purchasable","16":"product-type-simple"},"aioseo_notices":[],"_links":{"self":[{"href":"https:\/\/www.bookingkirkenes.no\/de\/wp-json\/wp\/v2\/product\/5117","targetHints":{"allow":["GET"]}}],"collection":[{"href":"https:\/\/www.bookingkirkenes.no\/de\/wp-json\/wp\/v2\/product"}],"about":[{"href":"https:\/\/www.bookingkirkenes.no\/de\/wp-json\/wp\/v2\/types\/product"}],"replies":[{"embeddable":true,"href":"https:\/\/www.bookingkirkenes.no\/de\/wp-json\/wp\/v2\/comments?post=5117"}],"version-history":[{"count":13,"href":"https:\/\/www.bookingkirkenes.no\/de\/wp-json\/wp\/v2\/product\/5117\/revisions"}],"predecessor-version":[{"id":8009,"href":"https:\/\/www.bookingkirkenes.no\/de\/wp-json\/wp\/v2\/product\/5117\/revisions\/8009"}],"wp:featuredmedia":[{"embeddable":true,"href":"https:\/\/www.bookingkirkenes.no\/de\/wp-json\/wp\/v2\/media\/13553"}],"wp:attachment":[{"href":"https:\/\/www.bookingkirkenes.no\/de\/wp-json\/wp\/v2\/media?parent=5117"}],"wp:term":[{"taxonomy":"product_brand","embeddable":true,"href":"https:\/\/www.bookingkirkenes.no\/de\/wp-json\/wp\/v2\/product_brand?post=5117"},{"taxonomy":"product_cat","embeddable":true,"href":"https:\/\/www.bookingkirkenes.no\/de\/wp-json\/wp\/v2\/product_cat?post=5117"},{"taxonomy":"product_tag","embeddable":true,"href":"https:\/\/www.bookingkirkenes.no\/de\/wp-json\/wp\/v2\/product_tag?post=5117"}],"curies":[{"name":"wp","href":"https:\/\/api.w.org\/{rel}","templated":true}]}}